{"id":7867,"date":"2015-09-25T19:57:09","date_gmt":"2015-09-25T17:57:09","guid":{"rendered":"http:\/\/nmf.nu\/museum\/?post_type=product&#038;p=7867"},"modified":"2023-10-19T08:31:09","modified_gmt":"2023-10-19T06:31:09","slug":"torshammer-3","status":"publish","type":"product","link":"https:\/\/nmf.nu\/museum\/funn\/gjenstander\/gjenstander-for-1537\/torshammer-3\/","title":{"rendered":"Torshammer"},"content":{"rendered":"<p>\u2013<br \/>\nEt sjeldent funn s\u00e5 spesielt, en Torshammer funnet i Porsgrunn.<br \/>\n_<br \/>\nHammeren den med navnet Mj\u00f8lner, det historisk mest kjente bilde p\u00e5 jernalderens norr\u00f8ne trosretning.<br \/>\nMj\u00f8lner ble smidd av dvergene Sindre og Brokk, og var en gave til Tor i fra Loke.<br \/>\nTor han var tordenguden, og med sitt kraftigste v\u00e5pen mot Jotnene var nettopp hammeren Mj\u00f8lner.<br \/>\nOdin den mektigste av de norr\u00f8ne guder var far til Tor.<br \/>\n\u2013<br \/>\nTorshammeren av s\u00f8lv som er funnet -frem i lyset-frem fra glemselen-<br \/>\nHammersmykket vil trolig ha hengt i en snor eller et kjede rundt halsen p\u00e5 en person.<br \/>\nGjenstanden er gjennomhullet helt \u00f8verst i skaftets ende.<br \/>\n\u2013<br \/>\nSmykket vil helt typisk v\u00e6re n\u00e6rmere bestemt tilh\u00f8rende i fra vikingtid,<br \/>\n-men merovingertiden skal her selvf\u00f8lgelig ogs\u00e5 bare v\u00e6re nevnt.<br \/>\n\u2013<\/p>\n<p>&nbsp;<\/p>\n","protected":false},"excerpt":{"rendered":"<p>\u2013 Et sjeldent funn s\u00e5 spesielt, en Torshammer funnet i Porsgrunn. _ Hammeren den med navnet Mj\u00f8lner, det historisk mest kjente bilde p\u00e5 jernalderens norr\u00f8ne trosretning. Mj\u00f8lner ble smidd av dvergene Sindre og Brokk, og var en gave til Tor i fra Loke. Tor han var tordenguden, og med sitt kraftigste v\u00e5pen mot Jotnene var [&hellip;]<\/p>\n","protected":false},"featured_media":21372,"comment_status":"open","ping_status":"closed","template":"","meta":{"_acf_changed":false,"_et_pb_use_builder":"","_et_pb_old_content":"","_et_gb_content_width":""},"product_brand":[],"product_cat":[56,13,15,175,32,147],"product_tag":[],"class_list":{"0":"post-7867","1":"product","2":"type-product","3":"status-publish","4":"has-post-thumbnail","6":"product_cat-alle-gjenstander","7":"product_cat-gjenstander","8":"product_cat-gjenstander-for-1537","9":"product_cat-smykker-for-1537","10":"product_cat-vikingtid-793-1066","11":"product_cat-yngre-jernalder-550-1066","13":"first","14":"instock","15":"shipping-taxable","16":"product-type-simple"},"acf":[],"yoast_head":"<!-- This site is optimized with the Yoast SEO plugin v27.4 - https:\/\/yoast.com\/product\/yoast-seo-wordpress\/ -->\n<title>Torshammer - Norges Metalls\u00f8kerforening | Museum<\/title>\n<meta name=\"robots\" content=\"index, follow, max-snippet:-1, max-image-preview:large, max-video-preview:-1\" \/>\n<link rel=\"canonical\" href=\"https:\/\/nmf.nu\/museum\/funn\/gjenstander\/gjenstander-for-1537\/torshammer-3\/\" \/>\n<meta property=\"og:locale\" content=\"nb_NO\" \/>\n<meta property=\"og:type\" content=\"article\" \/>\n<meta property=\"og:title\" content=\"Torshammer - Norges Metalls\u00f8kerforening | Museum\" \/>\n<meta property=\"og:description\" content=\"\u2013 Et sjeldent funn s\u00e5 spesielt, en Torshammer funnet i Porsgrunn. _ Hammeren den med navnet Mj\u00f8lner, det historisk mest kjente bilde p\u00e5 jernalderens norr\u00f8ne trosretning. Mj\u00f8lner ble smidd av dvergene Sindre og Brokk, og var en gave til Tor i fra Loke. Tor han var tordenguden, og med sitt kraftigste v\u00e5pen mot Jotnene var [&hellip;]\" \/>\n<meta property=\"og:url\" content=\"https:\/\/nmf.nu\/museum\/funn\/gjenstander\/gjenstander-for-1537\/torshammer-3\/\" \/>\n<meta property=\"og:site_name\" content=\"Norges Metalls\u00f8kerforening | Museum\" \/>\n<meta property=\"article:publisher\" content=\"https:\/\/www.facebook.com\/groups\/480204098827134\/\" \/>\n<meta property=\"article:modified_time\" content=\"2023-10-19T06:31:09+00:00\" \/>\n<meta property=\"og:image\" content=\"https:\/\/nmf.nu\/museum\/wp-content\/uploads\/2015\/09\/torshammer-thors-hammer.jpg\" \/>\n\t<meta property=\"og:image:width\" content=\"1200\" \/>\n\t<meta property=\"og:image:height\" content=\"1200\" \/>\n\t<meta property=\"og:image:type\" content=\"image\/jpeg\" \/>\n<meta name=\"twitter:card\" content=\"summary_large_image\" \/>\n<meta name=\"twitter:label1\" content=\"Ansl. lesetid\" \/>\n\t<meta name=\"twitter:data1\" content=\"1 minutt\" \/>\n<script type=\"application\/ld+json\" class=\"yoast-schema-graph\">{\"@context\":\"https:\\\/\\\/schema.org\",\"@graph\":[{\"@type\":\"WebPage\",\"@id\":\"https:\\\/\\\/nmf.nu\\\/museum\\\/funn\\\/gjenstander\\\/gjenstander-for-1537\\\/torshammer-3\\\/\",\"url\":\"https:\\\/\\\/nmf.nu\\\/museum\\\/funn\\\/gjenstander\\\/gjenstander-for-1537\\\/torshammer-3\\\/\",\"name\":\"Torshammer - Norges Metalls\u00f8kerforening | Museum\",\"isPartOf\":{\"@id\":\"https:\\\/\\\/nmf.nu\\\/museum\\\/#website\"},\"primaryImageOfPage\":{\"@id\":\"https:\\\/\\\/nmf.nu\\\/museum\\\/funn\\\/gjenstander\\\/gjenstander-for-1537\\\/torshammer-3\\\/#primaryimage\"},\"image\":{\"@id\":\"https:\\\/\\\/nmf.nu\\\/museum\\\/funn\\\/gjenstander\\\/gjenstander-for-1537\\\/torshammer-3\\\/#primaryimage\"},\"thumbnailUrl\":\"https:\\\/\\\/nmf.nu\\\/museum\\\/wp-content\\\/uploads\\\/2015\\\/09\\\/torshammer-thors-hammer.jpg\",\"datePublished\":\"2015-09-25T17:57:09+00:00\",\"dateModified\":\"2023-10-19T06:31:09+00:00\",\"breadcrumb\":{\"@id\":\"https:\\\/\\\/nmf.nu\\\/museum\\\/funn\\\/gjenstander\\\/gjenstander-for-1537\\\/torshammer-3\\\/#breadcrumb\"},\"inLanguage\":\"nb-NO\",\"potentialAction\":[{\"@type\":\"ReadAction\",\"target\":[\"https:\\\/\\\/nmf.nu\\\/museum\\\/funn\\\/gjenstander\\\/gjenstander-for-1537\\\/torshammer-3\\\/\"]}]},{\"@type\":\"ImageObject\",\"inLanguage\":\"nb-NO\",\"@id\":\"https:\\\/\\\/nmf.nu\\\/museum\\\/funn\\\/gjenstander\\\/gjenstander-for-1537\\\/torshammer-3\\\/#primaryimage\",\"url\":\"https:\\\/\\\/nmf.nu\\\/museum\\\/wp-content\\\/uploads\\\/2015\\\/09\\\/torshammer-thors-hammer.jpg\",\"contentUrl\":\"https:\\\/\\\/nmf.nu\\\/museum\\\/wp-content\\\/uploads\\\/2015\\\/09\\\/torshammer-thors-hammer.jpg\",\"width\":1200,\"height\":1200,\"caption\":\"torshammer - thor`s hammer pendant\"},{\"@type\":\"BreadcrumbList\",\"@id\":\"https:\\\/\\\/nmf.nu\\\/museum\\\/funn\\\/gjenstander\\\/gjenstander-for-1537\\\/torshammer-3\\\/#breadcrumb\",\"itemListElement\":[{\"@type\":\"ListItem\",\"position\":1,\"name\":\"Hjem\",\"item\":\"https:\\\/\\\/nmf.nu\\\/museum\\\/\"},{\"@type\":\"ListItem\",\"position\":2,\"name\":\"Funn\",\"item\":\"https:\\\/\\\/nmf.nu\\\/museum\\\/shop\\\/\"},{\"@type\":\"ListItem\",\"position\":3,\"name\":\"Torshammer\"}]},{\"@type\":\"WebSite\",\"@id\":\"https:\\\/\\\/nmf.nu\\\/museum\\\/#website\",\"url\":\"https:\\\/\\\/nmf.nu\\\/museum\\\/\",\"name\":\"Norges Metalls\u00f8kerforening | Museum\",\"description\":\"Kulturvern med metalls\u00f8ker\",\"potentialAction\":[{\"@type\":\"SearchAction\",\"target\":{\"@type\":\"EntryPoint\",\"urlTemplate\":\"https:\\\/\\\/nmf.nu\\\/museum\\\/?s={search_term_string}\"},\"query-input\":{\"@type\":\"PropertyValueSpecification\",\"valueRequired\":true,\"valueName\":\"search_term_string\"}}],\"inLanguage\":\"nb-NO\"}]}<\/script>\n<!-- \/ Yoast SEO plugin. -->","yoast_head_json":{"title":"Torshammer - Norges Metalls\u00f8kerforening | Museum","robots":{"index":"index","follow":"follow","max-snippet":"max-snippet:-1","max-image-preview":"max-image-preview:large","max-video-preview":"max-video-preview:-1"},"canonical":"https:\/\/nmf.nu\/museum\/funn\/gjenstander\/gjenstander-for-1537\/torshammer-3\/","og_locale":"nb_NO","og_type":"article","og_title":"Torshammer - Norges Metalls\u00f8kerforening | Museum","og_description":"\u2013 Et sjeldent funn s\u00e5 spesielt, en Torshammer funnet i Porsgrunn. _ Hammeren den med navnet Mj\u00f8lner, det historisk mest kjente bilde p\u00e5 jernalderens norr\u00f8ne trosretning. Mj\u00f8lner ble smidd av dvergene Sindre og Brokk, og var en gave til Tor i fra Loke. Tor han var tordenguden, og med sitt kraftigste v\u00e5pen mot Jotnene var [&hellip;]","og_url":"https:\/\/nmf.nu\/museum\/funn\/gjenstander\/gjenstander-for-1537\/torshammer-3\/","og_site_name":"Norges Metalls\u00f8kerforening | Museum","article_publisher":"https:\/\/www.facebook.com\/groups\/480204098827134\/","article_modified_time":"2023-10-19T06:31:09+00:00","og_image":[{"width":1200,"height":1200,"url":"https:\/\/nmf.nu\/museum\/wp-content\/uploads\/2015\/09\/torshammer-thors-hammer.jpg","type":"image\/jpeg"}],"twitter_card":"summary_large_image","twitter_misc":{"Ansl. lesetid":"1 minutt"},"schema":{"@context":"https:\/\/schema.org","@graph":[{"@type":"WebPage","@id":"https:\/\/nmf.nu\/museum\/funn\/gjenstander\/gjenstander-for-1537\/torshammer-3\/","url":"https:\/\/nmf.nu\/museum\/funn\/gjenstander\/gjenstander-for-1537\/torshammer-3\/","name":"Torshammer - Norges Metalls\u00f8kerforening | Museum","isPartOf":{"@id":"https:\/\/nmf.nu\/museum\/#website"},"primaryImageOfPage":{"@id":"https:\/\/nmf.nu\/museum\/funn\/gjenstander\/gjenstander-for-1537\/torshammer-3\/#primaryimage"},"image":{"@id":"https:\/\/nmf.nu\/museum\/funn\/gjenstander\/gjenstander-for-1537\/torshammer-3\/#primaryimage"},"thumbnailUrl":"https:\/\/nmf.nu\/museum\/wp-content\/uploads\/2015\/09\/torshammer-thors-hammer.jpg","datePublished":"2015-09-25T17:57:09+00:00","dateModified":"2023-10-19T06:31:09+00:00","breadcrumb":{"@id":"https:\/\/nmf.nu\/museum\/funn\/gjenstander\/gjenstander-for-1537\/torshammer-3\/#breadcrumb"},"inLanguage":"nb-NO","potentialAction":[{"@type":"ReadAction","target":["https:\/\/nmf.nu\/museum\/funn\/gjenstander\/gjenstander-for-1537\/torshammer-3\/"]}]},{"@type":"ImageObject","inLanguage":"nb-NO","@id":"https:\/\/nmf.nu\/museum\/funn\/gjenstander\/gjenstander-for-1537\/torshammer-3\/#primaryimage","url":"https:\/\/nmf.nu\/museum\/wp-content\/uploads\/2015\/09\/torshammer-thors-hammer.jpg","contentUrl":"https:\/\/nmf.nu\/museum\/wp-content\/uploads\/2015\/09\/torshammer-thors-hammer.jpg","width":1200,"height":1200,"caption":"torshammer - thor`s hammer pendant"},{"@type":"BreadcrumbList","@id":"https:\/\/nmf.nu\/museum\/funn\/gjenstander\/gjenstander-for-1537\/torshammer-3\/#breadcrumb","itemListElement":[{"@type":"ListItem","position":1,"name":"Hjem","item":"https:\/\/nmf.nu\/museum\/"},{"@type":"ListItem","position":2,"name":"Funn","item":"https:\/\/nmf.nu\/museum\/shop\/"},{"@type":"ListItem","position":3,"name":"Torshammer"}]},{"@type":"WebSite","@id":"https:\/\/nmf.nu\/museum\/#website","url":"https:\/\/nmf.nu\/museum\/","name":"Norges Metalls\u00f8kerforening | Museum","description":"Kulturvern med metalls\u00f8ker","potentialAction":[{"@type":"SearchAction","target":{"@type":"EntryPoint","urlTemplate":"https:\/\/nmf.nu\/museum\/?s={search_term_string}"},"query-input":{"@type":"PropertyValueSpecification","valueRequired":true,"valueName":"search_term_string"}}],"inLanguage":"nb-NO"}]}},"_links":{"self":[{"href":"https:\/\/nmf.nu\/museum\/wp-json\/wp\/v2\/product\/7867","targetHints":{"allow":["GET"]}}],"collection":[{"href":"https:\/\/nmf.nu\/museum\/wp-json\/wp\/v2\/product"}],"about":[{"href":"https:\/\/nmf.nu\/museum\/wp-json\/wp\/v2\/types\/product"}],"replies":[{"embeddable":true,"href":"https:\/\/nmf.nu\/museum\/wp-json\/wp\/v2\/comments?post=7867"}],"wp:featuredmedia":[{"embeddable":true,"href":"https:\/\/nmf.nu\/museum\/wp-json\/wp\/v2\/media\/21372"}],"wp:attachment":[{"href":"https:\/\/nmf.nu\/museum\/wp-json\/wp\/v2\/media?parent=7867"}],"wp:term":[{"taxonomy":"product_brand","embeddable":true,"href":"https:\/\/nmf.nu\/museum\/wp-json\/wp\/v2\/product_brand?post=7867"},{"taxonomy":"product_cat","embeddable":true,"href":"https:\/\/nmf.nu\/museum\/wp-json\/wp\/v2\/product_cat?post=7867"},{"taxonomy":"product_tag","embeddable":true,"href":"https:\/\/nmf.nu\/museum\/wp-json\/wp\/v2\/product_tag?post=7867"}],"curies":[{"name":"wp","href":"https:\/\/api.w.org\/{rel}","templated":true}]}}