{"id":7841,"date":"2015-09-21T14:56:53","date_gmt":"2015-09-21T12:56:53","guid":{"rendered":"http:\/\/nmf.nu\/museum\/?post_type=product&#038;p=7841"},"modified":"2025-03-02T12:42:46","modified_gmt":"2025-03-02T11:42:46","slug":"myntvektlodd-dukat","status":"publish","type":"product","link":"https:\/\/nmf.nu\/museum\/funn\/gjenstander\/alle-gjenstander\/myntvektlodd-dukat\/","title":{"rendered":"Myntvektlodd Dukat"},"content":{"rendered":"<p>Vektlodd eksperten Steen Ole Jensen forteller:<br \/>\nLoddet kunne fint v\u00e6re et m\u00f8ntlod til en ungarsk dukat [<b>I V<\/b>] (1 Vng. dukat) der skelnes ikke mellem U og V. V\u00e6gten passer jo ogs\u00e5 meget godt skulle veje ca. 3,43 g s\u00e5 det er vel OK.<\/p>\n<p>Her er nogle lignende lodder: K\u00fcnker Auktion 117, Nr. 6394, K\u00fcnker Auktion 85, Nr. 857 [<b>2 U<\/b>] og [<b>1 U<\/b>]<br \/>\nDet er nok lidt vel frisk at s\u00e6tte en producent p\u00e5 dette noget slidte lod; men tidsm\u00e6ssigt passer det med Johan Gabriel Siegler, N\u00fcrnberg i slutningen af 1700-tallet.<\/p>\n<p>St\u00f8dte lige tilf\u00e6ldigvis p\u00e5 en m\u00f8ntv\u00e6gt fra midten af 1700-tallet med et lod, der ligner.<\/p>\n<p><a href=\"http:\/\/shop.historische-apotheke.de\/out\/pictures\/generated\/product\/1\/665_665_75\/mw1mangold_a.jpg\" target=\"_blank\" rel=\"noopener\">http:\/\/shop.historische-apotheke.de\/out\/pictures\/generated\/product\/1\/665_665_75\/mw1mangold_a.jpg<\/a><\/p>\n<p><a href=\"http:\/\/shop.historische-apotheke.de\/Muenzwaagen\/Muenzwaage-von-Mangold-Nuernberg.html\" target=\"_blank\" rel=\"noopener\">http:\/\/shop.historische-apotheke.de\/Muenzwaagen\/Muenzwaage-von-Mangold-Nuernberg.html<\/a><\/p>\n<p>Det giver et godt indtryk af disse m\u00f8ntv\u00e6gte\/lodder.<\/p>\n","protected":false},"excerpt":{"rendered":"<p>Vektlodd eksperten Steen Ole Jensen forteller: Loddet kunne fint v\u00e6re et m\u00f8ntlod til en ungarsk dukat [I V] (1 Vng. dukat) der skelnes ikke mellem U og V. V\u00e6gten passer jo ogs\u00e5 meget godt skulle veje ca. 3,43 g s\u00e5 det er vel OK. Her er nogle lignende lodder: K\u00fcnker Auktion 117, Nr. 6394, K\u00fcnker [&hellip;]<\/p>\n","protected":false},"featured_media":7843,"comment_status":"open","ping_status":"closed","template":"","meta":{"_acf_changed":false,"_et_pb_use_builder":"","_et_pb_old_content":"","_et_gb_content_width":""},"product_brand":[],"product_cat":[56,13,117,208],"product_tag":[],"class_list":{"0":"post-7841","1":"product","2":"type-product","3":"status-publish","4":"has-post-thumbnail","6":"product_cat-alle-gjenstander","7":"product_cat-gjenstander","8":"product_cat-gjenstander-1537-1814","9":"product_cat-myntvektlodd","11":"first","12":"instock","13":"shipping-taxable","14":"product-type-simple"},"acf":[],"yoast_head":"<!-- This site is optimized with the Yoast SEO plugin v27.4 - https:\/\/yoast.com\/product\/yoast-seo-wordpress\/ -->\n<title>Myntvektlodd Dukat - Norges Metalls\u00f8kerforening | Museum<\/title>\n<meta name=\"robots\" content=\"index, follow, max-snippet:-1, max-image-preview:large, max-video-preview:-1\" \/>\n<link rel=\"canonical\" href=\"https:\/\/nmf.nu\/museum\/funn\/gjenstander\/alle-gjenstander\/myntvektlodd-dukat\/\" \/>\n<meta property=\"og:locale\" content=\"nb_NO\" \/>\n<meta property=\"og:type\" content=\"article\" \/>\n<meta property=\"og:title\" content=\"Myntvektlodd Dukat - Norges Metalls\u00f8kerforening | Museum\" \/>\n<meta property=\"og:description\" content=\"Vektlodd eksperten Steen Ole Jensen forteller: Loddet kunne fint v\u00e6re et m\u00f8ntlod til en ungarsk dukat [I V] (1 Vng. dukat) der skelnes ikke mellem U og V. V\u00e6gten passer jo ogs\u00e5 meget godt skulle veje ca. 3,43 g s\u00e5 det er vel OK. Her er nogle lignende lodder: K\u00fcnker Auktion 117, Nr. 6394, K\u00fcnker [&hellip;]\" \/>\n<meta property=\"og:url\" content=\"https:\/\/nmf.nu\/museum\/funn\/gjenstander\/alle-gjenstander\/myntvektlodd-dukat\/\" \/>\n<meta property=\"og:site_name\" content=\"Norges Metalls\u00f8kerforening | Museum\" \/>\n<meta property=\"article:publisher\" content=\"https:\/\/www.facebook.com\/groups\/480204098827134\/\" \/>\n<meta property=\"article:modified_time\" content=\"2025-03-02T11:42:46+00:00\" \/>\n<meta property=\"og:image\" content=\"https:\/\/nmf.nu\/museum\/wp-content\/uploads\/2015\/09\/myntvektlodd-1-Ungarsk-Dukat.jpg\" \/>\n\t<meta property=\"og:image:width\" content=\"1200\" \/>\n\t<meta property=\"og:image:height\" content=\"1197\" \/>\n\t<meta property=\"og:image:type\" content=\"image\/jpeg\" \/>\n<meta name=\"twitter:card\" content=\"summary_large_image\" \/>\n<meta name=\"twitter:label1\" content=\"Ansl. lesetid\" \/>\n\t<meta name=\"twitter:data1\" content=\"1 minutt\" \/>\n<script type=\"application\/ld+json\" class=\"yoast-schema-graph\">{\"@context\":\"https:\\\/\\\/schema.org\",\"@graph\":[{\"@type\":\"WebPage\",\"@id\":\"https:\\\/\\\/nmf.nu\\\/museum\\\/funn\\\/gjenstander\\\/alle-gjenstander\\\/myntvektlodd-dukat\\\/\",\"url\":\"https:\\\/\\\/nmf.nu\\\/museum\\\/funn\\\/gjenstander\\\/alle-gjenstander\\\/myntvektlodd-dukat\\\/\",\"name\":\"Myntvektlodd Dukat - Norges Metalls\u00f8kerforening | Museum\",\"isPartOf\":{\"@id\":\"https:\\\/\\\/nmf.nu\\\/museum\\\/#website\"},\"primaryImageOfPage\":{\"@id\":\"https:\\\/\\\/nmf.nu\\\/museum\\\/funn\\\/gjenstander\\\/alle-gjenstander\\\/myntvektlodd-dukat\\\/#primaryimage\"},\"image\":{\"@id\":\"https:\\\/\\\/nmf.nu\\\/museum\\\/funn\\\/gjenstander\\\/alle-gjenstander\\\/myntvektlodd-dukat\\\/#primaryimage\"},\"thumbnailUrl\":\"https:\\\/\\\/nmf.nu\\\/museum\\\/wp-content\\\/uploads\\\/2015\\\/09\\\/myntvektlodd-1-Ungarsk-Dukat.jpg\",\"datePublished\":\"2015-09-21T12:56:53+00:00\",\"dateModified\":\"2025-03-02T11:42:46+00:00\",\"breadcrumb\":{\"@id\":\"https:\\\/\\\/nmf.nu\\\/museum\\\/funn\\\/gjenstander\\\/alle-gjenstander\\\/myntvektlodd-dukat\\\/#breadcrumb\"},\"inLanguage\":\"nb-NO\",\"potentialAction\":[{\"@type\":\"ReadAction\",\"target\":[\"https:\\\/\\\/nmf.nu\\\/museum\\\/funn\\\/gjenstander\\\/alle-gjenstander\\\/myntvektlodd-dukat\\\/\"]}]},{\"@type\":\"ImageObject\",\"inLanguage\":\"nb-NO\",\"@id\":\"https:\\\/\\\/nmf.nu\\\/museum\\\/funn\\\/gjenstander\\\/alle-gjenstander\\\/myntvektlodd-dukat\\\/#primaryimage\",\"url\":\"https:\\\/\\\/nmf.nu\\\/museum\\\/wp-content\\\/uploads\\\/2015\\\/09\\\/myntvektlodd-1-Ungarsk-Dukat.jpg\",\"contentUrl\":\"https:\\\/\\\/nmf.nu\\\/museum\\\/wp-content\\\/uploads\\\/2015\\\/09\\\/myntvektlodd-1-Ungarsk-Dukat.jpg\",\"width\":1200,\"height\":1197},{\"@type\":\"BreadcrumbList\",\"@id\":\"https:\\\/\\\/nmf.nu\\\/museum\\\/funn\\\/gjenstander\\\/alle-gjenstander\\\/myntvektlodd-dukat\\\/#breadcrumb\",\"itemListElement\":[{\"@type\":\"ListItem\",\"position\":1,\"name\":\"Hjem\",\"item\":\"https:\\\/\\\/nmf.nu\\\/museum\\\/\"},{\"@type\":\"ListItem\",\"position\":2,\"name\":\"Funn\",\"item\":\"https:\\\/\\\/nmf.nu\\\/museum\\\/shop\\\/\"},{\"@type\":\"ListItem\",\"position\":3,\"name\":\"Myntvektlodd Dukat\"}]},{\"@type\":\"WebSite\",\"@id\":\"https:\\\/\\\/nmf.nu\\\/museum\\\/#website\",\"url\":\"https:\\\/\\\/nmf.nu\\\/museum\\\/\",\"name\":\"Norges Metalls\u00f8kerforening | Museum\",\"description\":\"Kulturvern med metalls\u00f8ker\",\"potentialAction\":[{\"@type\":\"SearchAction\",\"target\":{\"@type\":\"EntryPoint\",\"urlTemplate\":\"https:\\\/\\\/nmf.nu\\\/museum\\\/?s={search_term_string}\"},\"query-input\":{\"@type\":\"PropertyValueSpecification\",\"valueRequired\":true,\"valueName\":\"search_term_string\"}}],\"inLanguage\":\"nb-NO\"}]}<\/script>\n<!-- \/ Yoast SEO plugin. -->","yoast_head_json":{"title":"Myntvektlodd Dukat - Norges Metalls\u00f8kerforening | Museum","robots":{"index":"index","follow":"follow","max-snippet":"max-snippet:-1","max-image-preview":"max-image-preview:large","max-video-preview":"max-video-preview:-1"},"canonical":"https:\/\/nmf.nu\/museum\/funn\/gjenstander\/alle-gjenstander\/myntvektlodd-dukat\/","og_locale":"nb_NO","og_type":"article","og_title":"Myntvektlodd Dukat - Norges Metalls\u00f8kerforening | Museum","og_description":"Vektlodd eksperten Steen Ole Jensen forteller: Loddet kunne fint v\u00e6re et m\u00f8ntlod til en ungarsk dukat [I V] (1 Vng. dukat) der skelnes ikke mellem U og V. V\u00e6gten passer jo ogs\u00e5 meget godt skulle veje ca. 3,43 g s\u00e5 det er vel OK. Her er nogle lignende lodder: K\u00fcnker Auktion 117, Nr. 6394, K\u00fcnker [&hellip;]","og_url":"https:\/\/nmf.nu\/museum\/funn\/gjenstander\/alle-gjenstander\/myntvektlodd-dukat\/","og_site_name":"Norges Metalls\u00f8kerforening | Museum","article_publisher":"https:\/\/www.facebook.com\/groups\/480204098827134\/","article_modified_time":"2025-03-02T11:42:46+00:00","og_image":[{"width":1200,"height":1197,"url":"https:\/\/nmf.nu\/museum\/wp-content\/uploads\/2015\/09\/myntvektlodd-1-Ungarsk-Dukat.jpg","type":"image\/jpeg"}],"twitter_card":"summary_large_image","twitter_misc":{"Ansl. lesetid":"1 minutt"},"schema":{"@context":"https:\/\/schema.org","@graph":[{"@type":"WebPage","@id":"https:\/\/nmf.nu\/museum\/funn\/gjenstander\/alle-gjenstander\/myntvektlodd-dukat\/","url":"https:\/\/nmf.nu\/museum\/funn\/gjenstander\/alle-gjenstander\/myntvektlodd-dukat\/","name":"Myntvektlodd Dukat - Norges Metalls\u00f8kerforening | Museum","isPartOf":{"@id":"https:\/\/nmf.nu\/museum\/#website"},"primaryImageOfPage":{"@id":"https:\/\/nmf.nu\/museum\/funn\/gjenstander\/alle-gjenstander\/myntvektlodd-dukat\/#primaryimage"},"image":{"@id":"https:\/\/nmf.nu\/museum\/funn\/gjenstander\/alle-gjenstander\/myntvektlodd-dukat\/#primaryimage"},"thumbnailUrl":"https:\/\/nmf.nu\/museum\/wp-content\/uploads\/2015\/09\/myntvektlodd-1-Ungarsk-Dukat.jpg","datePublished":"2015-09-21T12:56:53+00:00","dateModified":"2025-03-02T11:42:46+00:00","breadcrumb":{"@id":"https:\/\/nmf.nu\/museum\/funn\/gjenstander\/alle-gjenstander\/myntvektlodd-dukat\/#breadcrumb"},"inLanguage":"nb-NO","potentialAction":[{"@type":"ReadAction","target":["https:\/\/nmf.nu\/museum\/funn\/gjenstander\/alle-gjenstander\/myntvektlodd-dukat\/"]}]},{"@type":"ImageObject","inLanguage":"nb-NO","@id":"https:\/\/nmf.nu\/museum\/funn\/gjenstander\/alle-gjenstander\/myntvektlodd-dukat\/#primaryimage","url":"https:\/\/nmf.nu\/museum\/wp-content\/uploads\/2015\/09\/myntvektlodd-1-Ungarsk-Dukat.jpg","contentUrl":"https:\/\/nmf.nu\/museum\/wp-content\/uploads\/2015\/09\/myntvektlodd-1-Ungarsk-Dukat.jpg","width":1200,"height":1197},{"@type":"BreadcrumbList","@id":"https:\/\/nmf.nu\/museum\/funn\/gjenstander\/alle-gjenstander\/myntvektlodd-dukat\/#breadcrumb","itemListElement":[{"@type":"ListItem","position":1,"name":"Hjem","item":"https:\/\/nmf.nu\/museum\/"},{"@type":"ListItem","position":2,"name":"Funn","item":"https:\/\/nmf.nu\/museum\/shop\/"},{"@type":"ListItem","position":3,"name":"Myntvektlodd Dukat"}]},{"@type":"WebSite","@id":"https:\/\/nmf.nu\/museum\/#website","url":"https:\/\/nmf.nu\/museum\/","name":"Norges Metalls\u00f8kerforening | Museum","description":"Kulturvern med metalls\u00f8ker","potentialAction":[{"@type":"SearchAction","target":{"@type":"EntryPoint","urlTemplate":"https:\/\/nmf.nu\/museum\/?s={search_term_string}"},"query-input":{"@type":"PropertyValueSpecification","valueRequired":true,"valueName":"search_term_string"}}],"inLanguage":"nb-NO"}]}},"_links":{"self":[{"href":"https:\/\/nmf.nu\/museum\/wp-json\/wp\/v2\/product\/7841","targetHints":{"allow":["GET"]}}],"collection":[{"href":"https:\/\/nmf.nu\/museum\/wp-json\/wp\/v2\/product"}],"about":[{"href":"https:\/\/nmf.nu\/museum\/wp-json\/wp\/v2\/types\/product"}],"replies":[{"embeddable":true,"href":"https:\/\/nmf.nu\/museum\/wp-json\/wp\/v2\/comments?post=7841"}],"wp:featuredmedia":[{"embeddable":true,"href":"https:\/\/nmf.nu\/museum\/wp-json\/wp\/v2\/media\/7843"}],"wp:attachment":[{"href":"https:\/\/nmf.nu\/museum\/wp-json\/wp\/v2\/media?parent=7841"}],"wp:term":[{"taxonomy":"product_brand","embeddable":true,"href":"https:\/\/nmf.nu\/museum\/wp-json\/wp\/v2\/product_brand?post=7841"},{"taxonomy":"product_cat","embeddable":true,"href":"https:\/\/nmf.nu\/museum\/wp-json\/wp\/v2\/product_cat?post=7841"},{"taxonomy":"product_tag","embeddable":true,"href":"https:\/\/nmf.nu\/museum\/wp-json\/wp\/v2\/product_tag?post=7841"}],"curies":[{"name":"wp","href":"https:\/\/api.w.org\/{rel}","templated":true}]}}