{"id":5717,"date":"2014-11-19T15:49:17","date_gmt":"2014-11-19T14:49:17","guid":{"rendered":"http:\/\/nmf.nu\/museum\/?post_type=product&#038;p=5717"},"modified":"2026-03-15T12:32:48","modified_gmt":"2026-03-15T11:32:48","slug":"signetring-av-gull","status":"publish","type":"product","link":"https:\/\/nmf.nu\/museum\/funn\/gjenstander\/gjenstander-for-1537\/signetring-av-gull\/","title":{"rendered":"Signetring av gull"},"content":{"rendered":"<p>Fingerring fra middelalder<br \/>\nFantastiske for en godbit \u00a0&#8211; en signetring av gull &#8211;<br \/>\n&#8211; 6,54 gram p\u00e5 vekta &#8211;<\/p>\n<p>&#8211; Middelalderlig type &#8211; Geistlig &#8211; Rein kloster &#8211;<\/p>\n<p>Hva ser vi p\u00e5 signeten:<br \/>\nI kvadratens sentrum en 4 blad-blomst &#8211; et kors i hvert hj\u00f8rne &#8211; en bokstav p\u00e5 hver langside &#8211;<\/p>\n<p>&#8211; I &#8211; V &#8211; A &#8211; N &#8211; \u00a0 \u00a0 \u00a0 \u00a0 \u00a0 \u00a0 \u00a0( i s\u00e5 fall leses A opp ned i forhold til de andre tre bokstaver)<br \/>\n( N er speilvendt som den skal)<br \/>\n&#8230;. om det st\u00e5r H-V-I-N-\u00a0 &#8230;<\/p>\n<p>&#8211;<br \/>\n<a href=\"http:\/\/reinskloster.no\/historie\/\" target=\"_blank\" rel=\"noopener\">http:\/\/reinskloster.no\/historie\/<\/a><\/p>\n<p>&#8211;<br \/>\nEn helt spesiell signetring av gull, nok fra middelalderen, &#8211; funnet ved Rein kloster i Rissa<br \/>\nsignet-flaten viser bokstavene IVAN &#8211; eller HVIN &#8230;<br \/>\nIkke bare er ringen spesiell for funnstedet, og som en signet,<br \/>\nmen den er ogs\u00e5 s\u00e6rs s\u00e5 spesiell for sin oppbygning i seg selv.<\/p>\n<p>Signetens flate med firblad-blomst,<br \/>\nden omkranset av de fire kors hvorav et ute i hvert hj\u00f8rne av den kvadratiske flaten,<br \/>\nmens hver l\u00f8pe-side viser en bokstav.<br \/>\nDen kvadratiske flate som jo er en gull pyramides bunn,<br \/>\nvakkert fremtredende hvor den st\u00e5r fullstendig s\u00e5 perfekt diagonalt og hodestups rett ned, og inn i en ring av gull.<\/p>\n<p>&#8211;<br \/>\n<a href=\"http:\/\/no.wikipedia.org\/wiki\/Rein_kloster\" target=\"_blank\" rel=\"noopener\">http:\/\/no.wikipedia.org\/wiki\/Rein_kloster<\/a><br \/>\n&#8211;<br \/>\n<a href=\"http:\/\/no.wikipedia.org\/wiki\/Inger_Ottesdotter_R%C3%B8mer\" target=\"_blank\" rel=\"noopener\">http:\/\/no.wikipedia.org\/wiki\/Inger_Ottesdotter_R%C3%B8mer<\/a><\/p>\n<p>&#8211;<\/p>\n<p>&#8211;<\/p>\n<p>-\u00a4-<\/p>\n<p>&nbsp;<\/p>\n","protected":false},"excerpt":{"rendered":"<p>Fingerring fra middelalder Fantastiske for en godbit \u00a0&#8211; en signetring av gull &#8211; &#8211; 6,54 gram p\u00e5 vekta &#8211; &#8211; Middelalderlig type &#8211; Geistlig &#8211; Rein kloster &#8211; Hva ser vi p\u00e5 signeten: I kvadratens sentrum en 4 blad-blomst &#8211; et kors i hvert hj\u00f8rne &#8211; en bokstav p\u00e5 hver langside &#8211; &#8211; I &#8211; [&hellip;]<\/p>\n","protected":false},"featured_media":5722,"comment_status":"open","ping_status":"closed","template":"","meta":{"_acf_changed":false,"_et_pb_use_builder":"","_et_pb_old_content":"","_et_gb_content_width":""},"product_brand":[],"product_cat":[56,13,15,26,125,175],"product_tag":[],"class_list":{"0":"post-5717","1":"product","2":"type-product","3":"status-publish","4":"has-post-thumbnail","6":"product_cat-alle-gjenstander","7":"product_cat-gjenstander","8":"product_cat-gjenstander-for-1537","9":"product_cat-middelalder-1066-1537","10":"product_cat-signeter","11":"product_cat-smykker-for-1537","13":"first","14":"instock","15":"shipping-taxable","16":"product-type-simple"},"acf":[],"yoast_head":"<!-- This site is optimized with the Yoast SEO plugin v27.6 - https:\/\/yoast.com\/product\/yoast-seo-wordpress\/ -->\n<title>Signetring av gull - Norges Metalls\u00f8kerforening | Museum<\/title>\n<meta name=\"robots\" content=\"index, follow, max-snippet:-1, max-image-preview:large, max-video-preview:-1\" \/>\n<link rel=\"canonical\" href=\"https:\/\/nmf.nu\/museum\/funn\/gjenstander\/gjenstander-for-1537\/signetring-av-gull\/\" \/>\n<meta property=\"og:locale\" content=\"nb_NO\" \/>\n<meta property=\"og:type\" content=\"article\" \/>\n<meta property=\"og:title\" content=\"Signetring av gull - Norges Metalls\u00f8kerforening | Museum\" \/>\n<meta property=\"og:description\" content=\"Fingerring fra middelalder Fantastiske for en godbit \u00a0&#8211; en signetring av gull &#8211; &#8211; 6,54 gram p\u00e5 vekta &#8211; &#8211; Middelalderlig type &#8211; Geistlig &#8211; Rein kloster &#8211; Hva ser vi p\u00e5 signeten: I kvadratens sentrum en 4 blad-blomst &#8211; et kors i hvert hj\u00f8rne &#8211; en bokstav p\u00e5 hver langside &#8211; &#8211; I &#8211; [&hellip;]\" \/>\n<meta property=\"og:url\" content=\"https:\/\/nmf.nu\/museum\/funn\/gjenstander\/gjenstander-for-1537\/signetring-av-gull\/\" \/>\n<meta property=\"og:site_name\" content=\"Norges Metalls\u00f8kerforening | Museum\" \/>\n<meta property=\"article:publisher\" content=\"https:\/\/www.facebook.com\/groups\/480204098827134\/\" \/>\n<meta property=\"article:modified_time\" content=\"2026-03-15T11:32:48+00:00\" \/>\n<meta property=\"og:image\" content=\"https:\/\/nmf.nu\/museum\/wp-content\/uploads\/2014\/11\/magnifier_20141116_182016-...jpg\" \/>\n\t<meta property=\"og:image:width\" content=\"888\" \/>\n\t<meta property=\"og:image:height\" content=\"973\" \/>\n\t<meta property=\"og:image:type\" content=\"image\/jpeg\" \/>\n<meta name=\"twitter:card\" content=\"summary_large_image\" \/>\n<meta name=\"twitter:label1\" content=\"Ansl. lesetid\" \/>\n\t<meta name=\"twitter:data1\" content=\"2 minutter\" \/>\n<script type=\"application\/ld+json\" class=\"yoast-schema-graph\">{\"@context\":\"https:\\\/\\\/schema.org\",\"@graph\":[{\"@type\":\"WebPage\",\"@id\":\"https:\\\/\\\/nmf.nu\\\/museum\\\/funn\\\/gjenstander\\\/gjenstander-for-1537\\\/signetring-av-gull\\\/\",\"url\":\"https:\\\/\\\/nmf.nu\\\/museum\\\/funn\\\/gjenstander\\\/gjenstander-for-1537\\\/signetring-av-gull\\\/\",\"name\":\"Signetring av gull - Norges Metalls\u00f8kerforening | Museum\",\"isPartOf\":{\"@id\":\"https:\\\/\\\/nmf.nu\\\/museum\\\/#website\"},\"primaryImageOfPage\":{\"@id\":\"https:\\\/\\\/nmf.nu\\\/museum\\\/funn\\\/gjenstander\\\/gjenstander-for-1537\\\/signetring-av-gull\\\/#primaryimage\"},\"image\":{\"@id\":\"https:\\\/\\\/nmf.nu\\\/museum\\\/funn\\\/gjenstander\\\/gjenstander-for-1537\\\/signetring-av-gull\\\/#primaryimage\"},\"thumbnailUrl\":\"https:\\\/\\\/nmf.nu\\\/museum\\\/wp-content\\\/uploads\\\/2014\\\/11\\\/magnifier_20141116_182016-...jpg\",\"datePublished\":\"2014-11-19T14:49:17+00:00\",\"dateModified\":\"2026-03-15T11:32:48+00:00\",\"breadcrumb\":{\"@id\":\"https:\\\/\\\/nmf.nu\\\/museum\\\/funn\\\/gjenstander\\\/gjenstander-for-1537\\\/signetring-av-gull\\\/#breadcrumb\"},\"inLanguage\":\"nb-NO\",\"potentialAction\":[{\"@type\":\"ReadAction\",\"target\":[\"https:\\\/\\\/nmf.nu\\\/museum\\\/funn\\\/gjenstander\\\/gjenstander-for-1537\\\/signetring-av-gull\\\/\"]}]},{\"@type\":\"ImageObject\",\"inLanguage\":\"nb-NO\",\"@id\":\"https:\\\/\\\/nmf.nu\\\/museum\\\/funn\\\/gjenstander\\\/gjenstander-for-1537\\\/signetring-av-gull\\\/#primaryimage\",\"url\":\"https:\\\/\\\/nmf.nu\\\/museum\\\/wp-content\\\/uploads\\\/2014\\\/11\\\/magnifier_20141116_182016-...jpg\",\"contentUrl\":\"https:\\\/\\\/nmf.nu\\\/museum\\\/wp-content\\\/uploads\\\/2014\\\/11\\\/magnifier_20141116_182016-...jpg\",\"width\":888,\"height\":973},{\"@type\":\"BreadcrumbList\",\"@id\":\"https:\\\/\\\/nmf.nu\\\/museum\\\/funn\\\/gjenstander\\\/gjenstander-for-1537\\\/signetring-av-gull\\\/#breadcrumb\",\"itemListElement\":[{\"@type\":\"ListItem\",\"position\":1,\"name\":\"Hjem\",\"item\":\"https:\\\/\\\/nmf.nu\\\/museum\\\/\"},{\"@type\":\"ListItem\",\"position\":2,\"name\":\"Funn\",\"item\":\"https:\\\/\\\/nmf.nu\\\/museum\\\/shop\\\/\"},{\"@type\":\"ListItem\",\"position\":3,\"name\":\"Signetring av gull\"}]},{\"@type\":\"WebSite\",\"@id\":\"https:\\\/\\\/nmf.nu\\\/museum\\\/#website\",\"url\":\"https:\\\/\\\/nmf.nu\\\/museum\\\/\",\"name\":\"Norges Metalls\u00f8kerforening | Museum\",\"description\":\"Kulturvern med metalls\u00f8ker\",\"potentialAction\":[{\"@type\":\"SearchAction\",\"target\":{\"@type\":\"EntryPoint\",\"urlTemplate\":\"https:\\\/\\\/nmf.nu\\\/museum\\\/?s={search_term_string}\"},\"query-input\":{\"@type\":\"PropertyValueSpecification\",\"valueRequired\":true,\"valueName\":\"search_term_string\"}}],\"inLanguage\":\"nb-NO\"}]}<\/script>\n<!-- \/ Yoast SEO plugin. -->","yoast_head_json":{"title":"Signetring av gull - Norges Metalls\u00f8kerforening | Museum","robots":{"index":"index","follow":"follow","max-snippet":"max-snippet:-1","max-image-preview":"max-image-preview:large","max-video-preview":"max-video-preview:-1"},"canonical":"https:\/\/nmf.nu\/museum\/funn\/gjenstander\/gjenstander-for-1537\/signetring-av-gull\/","og_locale":"nb_NO","og_type":"article","og_title":"Signetring av gull - Norges Metalls\u00f8kerforening | Museum","og_description":"Fingerring fra middelalder Fantastiske for en godbit \u00a0&#8211; en signetring av gull &#8211; &#8211; 6,54 gram p\u00e5 vekta &#8211; &#8211; Middelalderlig type &#8211; Geistlig &#8211; Rein kloster &#8211; Hva ser vi p\u00e5 signeten: I kvadratens sentrum en 4 blad-blomst &#8211; et kors i hvert hj\u00f8rne &#8211; en bokstav p\u00e5 hver langside &#8211; &#8211; I &#8211; [&hellip;]","og_url":"https:\/\/nmf.nu\/museum\/funn\/gjenstander\/gjenstander-for-1537\/signetring-av-gull\/","og_site_name":"Norges Metalls\u00f8kerforening | Museum","article_publisher":"https:\/\/www.facebook.com\/groups\/480204098827134\/","article_modified_time":"2026-03-15T11:32:48+00:00","og_image":[{"width":888,"height":973,"url":"https:\/\/nmf.nu\/museum\/wp-content\/uploads\/2014\/11\/magnifier_20141116_182016-...jpg","type":"image\/jpeg"}],"twitter_card":"summary_large_image","twitter_misc":{"Ansl. lesetid":"2 minutter"},"schema":{"@context":"https:\/\/schema.org","@graph":[{"@type":"WebPage","@id":"https:\/\/nmf.nu\/museum\/funn\/gjenstander\/gjenstander-for-1537\/signetring-av-gull\/","url":"https:\/\/nmf.nu\/museum\/funn\/gjenstander\/gjenstander-for-1537\/signetring-av-gull\/","name":"Signetring av gull - Norges Metalls\u00f8kerforening | Museum","isPartOf":{"@id":"https:\/\/nmf.nu\/museum\/#website"},"primaryImageOfPage":{"@id":"https:\/\/nmf.nu\/museum\/funn\/gjenstander\/gjenstander-for-1537\/signetring-av-gull\/#primaryimage"},"image":{"@id":"https:\/\/nmf.nu\/museum\/funn\/gjenstander\/gjenstander-for-1537\/signetring-av-gull\/#primaryimage"},"thumbnailUrl":"https:\/\/nmf.nu\/museum\/wp-content\/uploads\/2014\/11\/magnifier_20141116_182016-...jpg","datePublished":"2014-11-19T14:49:17+00:00","dateModified":"2026-03-15T11:32:48+00:00","breadcrumb":{"@id":"https:\/\/nmf.nu\/museum\/funn\/gjenstander\/gjenstander-for-1537\/signetring-av-gull\/#breadcrumb"},"inLanguage":"nb-NO","potentialAction":[{"@type":"ReadAction","target":["https:\/\/nmf.nu\/museum\/funn\/gjenstander\/gjenstander-for-1537\/signetring-av-gull\/"]}]},{"@type":"ImageObject","inLanguage":"nb-NO","@id":"https:\/\/nmf.nu\/museum\/funn\/gjenstander\/gjenstander-for-1537\/signetring-av-gull\/#primaryimage","url":"https:\/\/nmf.nu\/museum\/wp-content\/uploads\/2014\/11\/magnifier_20141116_182016-...jpg","contentUrl":"https:\/\/nmf.nu\/museum\/wp-content\/uploads\/2014\/11\/magnifier_20141116_182016-...jpg","width":888,"height":973},{"@type":"BreadcrumbList","@id":"https:\/\/nmf.nu\/museum\/funn\/gjenstander\/gjenstander-for-1537\/signetring-av-gull\/#breadcrumb","itemListElement":[{"@type":"ListItem","position":1,"name":"Hjem","item":"https:\/\/nmf.nu\/museum\/"},{"@type":"ListItem","position":2,"name":"Funn","item":"https:\/\/nmf.nu\/museum\/shop\/"},{"@type":"ListItem","position":3,"name":"Signetring av gull"}]},{"@type":"WebSite","@id":"https:\/\/nmf.nu\/museum\/#website","url":"https:\/\/nmf.nu\/museum\/","name":"Norges Metalls\u00f8kerforening | Museum","description":"Kulturvern med metalls\u00f8ker","potentialAction":[{"@type":"SearchAction","target":{"@type":"EntryPoint","urlTemplate":"https:\/\/nmf.nu\/museum\/?s={search_term_string}"},"query-input":{"@type":"PropertyValueSpecification","valueRequired":true,"valueName":"search_term_string"}}],"inLanguage":"nb-NO"}]}},"_links":{"self":[{"href":"https:\/\/nmf.nu\/museum\/wp-json\/wp\/v2\/product\/5717","targetHints":{"allow":["GET"]}}],"collection":[{"href":"https:\/\/nmf.nu\/museum\/wp-json\/wp\/v2\/product"}],"about":[{"href":"https:\/\/nmf.nu\/museum\/wp-json\/wp\/v2\/types\/product"}],"replies":[{"embeddable":true,"href":"https:\/\/nmf.nu\/museum\/wp-json\/wp\/v2\/comments?post=5717"}],"wp:featuredmedia":[{"embeddable":true,"href":"https:\/\/nmf.nu\/museum\/wp-json\/wp\/v2\/media\/5722"}],"wp:attachment":[{"href":"https:\/\/nmf.nu\/museum\/wp-json\/wp\/v2\/media?parent=5717"}],"wp:term":[{"taxonomy":"product_brand","embeddable":true,"href":"https:\/\/nmf.nu\/museum\/wp-json\/wp\/v2\/product_brand?post=5717"},{"taxonomy":"product_cat","embeddable":true,"href":"https:\/\/nmf.nu\/museum\/wp-json\/wp\/v2\/product_cat?post=5717"},{"taxonomy":"product_tag","embeddable":true,"href":"https:\/\/nmf.nu\/museum\/wp-json\/wp\/v2\/product_tag?post=5717"}],"curies":[{"name":"wp","href":"https:\/\/api.w.org\/{rel}","templated":true}]}}