{"id":5182,"date":"2014-07-31T21:52:33","date_gmt":"2014-07-31T19:52:33","guid":{"rendered":"http:\/\/nmf.nu\/museum\/?post_type=product&#038;p=5182"},"modified":"2023-11-04T21:26:01","modified_gmt":"2023-11-04T20:26:01","slug":"fredsmarsjen-1945-2","status":"publish","type":"product","link":"https:\/\/nmf.nu\/museum\/funn\/gjenstander\/norske-merker-og-medaljer\/idrettsmerker\/fredsmarsjen-1945-2\/","title":{"rendered":"Fredsmarsjen 1945"},"content":{"rendered":"<p><a href=\"http:\/\/www.digitaltmuseum.no\/things\/nl-fredsmarsjen-1945\/LI\/LI-1484\" target=\"_blank\" rel=\"noopener noreferrer\">http:\/\/www.digitaltmuseum.no\/things\/nl-fredsmarsjen-1945\/LI\/LI-1484<\/a><\/p>\n<h2>Kravene<\/h2>\n<p>Distansen var 10 kilometer for menn med en maksimaltid p\u00e5 90 minutter, 5 kilometer for kvinner, eldre menn og gutter fra 14 til 17 \u00e5r med 45 minutter som maksimaltid, 2,5 kilometer for barn med en maksimaltid p\u00e5 25 minutter.<\/p>\n<p>Damene starter p\u00e5 S\u00e6ter, g\u00e5r ned Nordstrandsveien til Solveien, svinger bort denne til h\u00f8yre og g\u00e5r til Torsborgveien hvor en tar av til h\u00f8yre fram til Holtveien. En tar til h\u00f8yre igjen til Cappelens vei som f\u00f8lges til Kastellet. Herfra g\u00e5r en Ekebergveien fram til S\u00e6ter<\/p>\n<p>Ved innkomsten kan en straks l\u00f8se fredsmerket som kostet kr. 1,50 til inntekt for gjenoppbygging av norsk idrett.<\/p>\n","protected":false},"excerpt":{"rendered":"<p>http:\/\/www.digitaltmuseum.no\/things\/nl-fredsmarsjen-1945\/LI\/LI-1484 Kravene Distansen var 10 kilometer for menn med en maksimaltid p\u00e5 90 minutter, 5 kilometer for kvinner, eldre menn og gutter fra 14 til 17 \u00e5r med 45 minutter som maksimaltid, 2,5 kilometer for barn med en maksimaltid p\u00e5 25 minutter. Damene starter p\u00e5 S\u00e6ter, g\u00e5r ned Nordstrandsveien til Solveien, svinger bort denne til [&hellip;]<\/p>\n","protected":false},"featured_media":5183,"comment_status":"open","ping_status":"closed","template":"","meta":{"_acf_changed":false,"_et_pb_use_builder":"","_et_pb_old_content":"","_et_gb_content_width":""},"product_brand":[],"product_cat":[56,13,40,219,213],"product_tag":[],"class_list":{"0":"post-5182","1":"product","2":"type-product","3":"status-publish","4":"has-post-thumbnail","6":"product_cat-alle-gjenstander","7":"product_cat-gjenstander","8":"product_cat-gjenstander-1905-d-d","9":"product_cat-idrettsmerker","10":"product_cat-norske-merker-og-medaljer","12":"first","13":"instock","14":"shipping-taxable","15":"product-type-simple"},"acf":[],"yoast_head":"<!-- This site is optimized with the Yoast SEO plugin v27.4 - https:\/\/yoast.com\/product\/yoast-seo-wordpress\/ -->\n<title>Fredsmarsjen 1945 - Norges Metalls\u00f8kerforening | Museum<\/title>\n<meta name=\"robots\" content=\"index, follow, max-snippet:-1, max-image-preview:large, max-video-preview:-1\" \/>\n<link rel=\"canonical\" href=\"https:\/\/nmf.nu\/museum\/funn\/gjenstander\/norske-merker-og-medaljer\/idrettsmerker\/fredsmarsjen-1945-2\/\" \/>\n<meta property=\"og:locale\" content=\"nb_NO\" \/>\n<meta property=\"og:type\" content=\"article\" \/>\n<meta property=\"og:title\" content=\"Fredsmarsjen 1945 - Norges Metalls\u00f8kerforening | Museum\" \/>\n<meta property=\"og:description\" content=\"http:\/\/www.digitaltmuseum.no\/things\/nl-fredsmarsjen-1945\/LI\/LI-1484 Kravene Distansen var 10 kilometer for menn med en maksimaltid p\u00e5 90 minutter, 5 kilometer for kvinner, eldre menn og gutter fra 14 til 17 \u00e5r med 45 minutter som maksimaltid, 2,5 kilometer for barn med en maksimaltid p\u00e5 25 minutter. Damene starter p\u00e5 S\u00e6ter, g\u00e5r ned Nordstrandsveien til Solveien, svinger bort denne til [&hellip;]\" \/>\n<meta property=\"og:url\" content=\"https:\/\/nmf.nu\/museum\/funn\/gjenstander\/norske-merker-og-medaljer\/idrettsmerker\/fredsmarsjen-1945-2\/\" \/>\n<meta property=\"og:site_name\" content=\"Norges Metalls\u00f8kerforening | Museum\" \/>\n<meta property=\"article:publisher\" content=\"https:\/\/www.facebook.com\/groups\/480204098827134\/\" \/>\n<meta property=\"article:modified_time\" content=\"2023-11-04T20:26:01+00:00\" \/>\n<meta property=\"og:image\" content=\"https:\/\/nmf.nu\/museum\/wp-content\/uploads\/2014\/07\/353_27_03_11_11_47_10.jpg\" \/>\n\t<meta property=\"og:image:width\" content=\"725\" \/>\n\t<meta property=\"og:image:height\" content=\"725\" \/>\n\t<meta property=\"og:image:type\" content=\"image\/jpeg\" \/>\n<meta name=\"twitter:card\" content=\"summary_large_image\" \/>\n<meta name=\"twitter:label1\" content=\"Ansl. lesetid\" \/>\n\t<meta name=\"twitter:data1\" content=\"1 minutt\" \/>\n<script type=\"application\/ld+json\" class=\"yoast-schema-graph\">{\"@context\":\"https:\\\/\\\/schema.org\",\"@graph\":[{\"@type\":\"WebPage\",\"@id\":\"https:\\\/\\\/nmf.nu\\\/museum\\\/funn\\\/gjenstander\\\/norske-merker-og-medaljer\\\/idrettsmerker\\\/fredsmarsjen-1945-2\\\/\",\"url\":\"https:\\\/\\\/nmf.nu\\\/museum\\\/funn\\\/gjenstander\\\/norske-merker-og-medaljer\\\/idrettsmerker\\\/fredsmarsjen-1945-2\\\/\",\"name\":\"Fredsmarsjen 1945 - Norges Metalls\u00f8kerforening | Museum\",\"isPartOf\":{\"@id\":\"https:\\\/\\\/nmf.nu\\\/museum\\\/#website\"},\"primaryImageOfPage\":{\"@id\":\"https:\\\/\\\/nmf.nu\\\/museum\\\/funn\\\/gjenstander\\\/norske-merker-og-medaljer\\\/idrettsmerker\\\/fredsmarsjen-1945-2\\\/#primaryimage\"},\"image\":{\"@id\":\"https:\\\/\\\/nmf.nu\\\/museum\\\/funn\\\/gjenstander\\\/norske-merker-og-medaljer\\\/idrettsmerker\\\/fredsmarsjen-1945-2\\\/#primaryimage\"},\"thumbnailUrl\":\"https:\\\/\\\/nmf.nu\\\/museum\\\/wp-content\\\/uploads\\\/2014\\\/07\\\/353_27_03_11_11_47_10.jpg\",\"datePublished\":\"2014-07-31T19:52:33+00:00\",\"dateModified\":\"2023-11-04T20:26:01+00:00\",\"breadcrumb\":{\"@id\":\"https:\\\/\\\/nmf.nu\\\/museum\\\/funn\\\/gjenstander\\\/norske-merker-og-medaljer\\\/idrettsmerker\\\/fredsmarsjen-1945-2\\\/#breadcrumb\"},\"inLanguage\":\"nb-NO\",\"potentialAction\":[{\"@type\":\"ReadAction\",\"target\":[\"https:\\\/\\\/nmf.nu\\\/museum\\\/funn\\\/gjenstander\\\/norske-merker-og-medaljer\\\/idrettsmerker\\\/fredsmarsjen-1945-2\\\/\"]}]},{\"@type\":\"ImageObject\",\"inLanguage\":\"nb-NO\",\"@id\":\"https:\\\/\\\/nmf.nu\\\/museum\\\/funn\\\/gjenstander\\\/norske-merker-og-medaljer\\\/idrettsmerker\\\/fredsmarsjen-1945-2\\\/#primaryimage\",\"url\":\"https:\\\/\\\/nmf.nu\\\/museum\\\/wp-content\\\/uploads\\\/2014\\\/07\\\/353_27_03_11_11_47_10.jpg\",\"contentUrl\":\"https:\\\/\\\/nmf.nu\\\/museum\\\/wp-content\\\/uploads\\\/2014\\\/07\\\/353_27_03_11_11_47_10.jpg\",\"width\":725,\"height\":725},{\"@type\":\"BreadcrumbList\",\"@id\":\"https:\\\/\\\/nmf.nu\\\/museum\\\/funn\\\/gjenstander\\\/norske-merker-og-medaljer\\\/idrettsmerker\\\/fredsmarsjen-1945-2\\\/#breadcrumb\",\"itemListElement\":[{\"@type\":\"ListItem\",\"position\":1,\"name\":\"Hjem\",\"item\":\"https:\\\/\\\/nmf.nu\\\/museum\\\/\"},{\"@type\":\"ListItem\",\"position\":2,\"name\":\"Funn\",\"item\":\"https:\\\/\\\/nmf.nu\\\/museum\\\/shop\\\/\"},{\"@type\":\"ListItem\",\"position\":3,\"name\":\"Fredsmarsjen 1945\"}]},{\"@type\":\"WebSite\",\"@id\":\"https:\\\/\\\/nmf.nu\\\/museum\\\/#website\",\"url\":\"https:\\\/\\\/nmf.nu\\\/museum\\\/\",\"name\":\"Norges Metalls\u00f8kerforening | Museum\",\"description\":\"Kulturvern med metalls\u00f8ker\",\"potentialAction\":[{\"@type\":\"SearchAction\",\"target\":{\"@type\":\"EntryPoint\",\"urlTemplate\":\"https:\\\/\\\/nmf.nu\\\/museum\\\/?s={search_term_string}\"},\"query-input\":{\"@type\":\"PropertyValueSpecification\",\"valueRequired\":true,\"valueName\":\"search_term_string\"}}],\"inLanguage\":\"nb-NO\"}]}<\/script>\n<!-- \/ Yoast SEO plugin. -->","yoast_head_json":{"title":"Fredsmarsjen 1945 - Norges Metalls\u00f8kerforening | Museum","robots":{"index":"index","follow":"follow","max-snippet":"max-snippet:-1","max-image-preview":"max-image-preview:large","max-video-preview":"max-video-preview:-1"},"canonical":"https:\/\/nmf.nu\/museum\/funn\/gjenstander\/norske-merker-og-medaljer\/idrettsmerker\/fredsmarsjen-1945-2\/","og_locale":"nb_NO","og_type":"article","og_title":"Fredsmarsjen 1945 - Norges Metalls\u00f8kerforening | Museum","og_description":"http:\/\/www.digitaltmuseum.no\/things\/nl-fredsmarsjen-1945\/LI\/LI-1484 Kravene Distansen var 10 kilometer for menn med en maksimaltid p\u00e5 90 minutter, 5 kilometer for kvinner, eldre menn og gutter fra 14 til 17 \u00e5r med 45 minutter som maksimaltid, 2,5 kilometer for barn med en maksimaltid p\u00e5 25 minutter. Damene starter p\u00e5 S\u00e6ter, g\u00e5r ned Nordstrandsveien til Solveien, svinger bort denne til [&hellip;]","og_url":"https:\/\/nmf.nu\/museum\/funn\/gjenstander\/norske-merker-og-medaljer\/idrettsmerker\/fredsmarsjen-1945-2\/","og_site_name":"Norges Metalls\u00f8kerforening | Museum","article_publisher":"https:\/\/www.facebook.com\/groups\/480204098827134\/","article_modified_time":"2023-11-04T20:26:01+00:00","og_image":[{"width":725,"height":725,"url":"https:\/\/nmf.nu\/museum\/wp-content\/uploads\/2014\/07\/353_27_03_11_11_47_10.jpg","type":"image\/jpeg"}],"twitter_card":"summary_large_image","twitter_misc":{"Ansl. lesetid":"1 minutt"},"schema":{"@context":"https:\/\/schema.org","@graph":[{"@type":"WebPage","@id":"https:\/\/nmf.nu\/museum\/funn\/gjenstander\/norske-merker-og-medaljer\/idrettsmerker\/fredsmarsjen-1945-2\/","url":"https:\/\/nmf.nu\/museum\/funn\/gjenstander\/norske-merker-og-medaljer\/idrettsmerker\/fredsmarsjen-1945-2\/","name":"Fredsmarsjen 1945 - Norges Metalls\u00f8kerforening | Museum","isPartOf":{"@id":"https:\/\/nmf.nu\/museum\/#website"},"primaryImageOfPage":{"@id":"https:\/\/nmf.nu\/museum\/funn\/gjenstander\/norske-merker-og-medaljer\/idrettsmerker\/fredsmarsjen-1945-2\/#primaryimage"},"image":{"@id":"https:\/\/nmf.nu\/museum\/funn\/gjenstander\/norske-merker-og-medaljer\/idrettsmerker\/fredsmarsjen-1945-2\/#primaryimage"},"thumbnailUrl":"https:\/\/nmf.nu\/museum\/wp-content\/uploads\/2014\/07\/353_27_03_11_11_47_10.jpg","datePublished":"2014-07-31T19:52:33+00:00","dateModified":"2023-11-04T20:26:01+00:00","breadcrumb":{"@id":"https:\/\/nmf.nu\/museum\/funn\/gjenstander\/norske-merker-og-medaljer\/idrettsmerker\/fredsmarsjen-1945-2\/#breadcrumb"},"inLanguage":"nb-NO","potentialAction":[{"@type":"ReadAction","target":["https:\/\/nmf.nu\/museum\/funn\/gjenstander\/norske-merker-og-medaljer\/idrettsmerker\/fredsmarsjen-1945-2\/"]}]},{"@type":"ImageObject","inLanguage":"nb-NO","@id":"https:\/\/nmf.nu\/museum\/funn\/gjenstander\/norske-merker-og-medaljer\/idrettsmerker\/fredsmarsjen-1945-2\/#primaryimage","url":"https:\/\/nmf.nu\/museum\/wp-content\/uploads\/2014\/07\/353_27_03_11_11_47_10.jpg","contentUrl":"https:\/\/nmf.nu\/museum\/wp-content\/uploads\/2014\/07\/353_27_03_11_11_47_10.jpg","width":725,"height":725},{"@type":"BreadcrumbList","@id":"https:\/\/nmf.nu\/museum\/funn\/gjenstander\/norske-merker-og-medaljer\/idrettsmerker\/fredsmarsjen-1945-2\/#breadcrumb","itemListElement":[{"@type":"ListItem","position":1,"name":"Hjem","item":"https:\/\/nmf.nu\/museum\/"},{"@type":"ListItem","position":2,"name":"Funn","item":"https:\/\/nmf.nu\/museum\/shop\/"},{"@type":"ListItem","position":3,"name":"Fredsmarsjen 1945"}]},{"@type":"WebSite","@id":"https:\/\/nmf.nu\/museum\/#website","url":"https:\/\/nmf.nu\/museum\/","name":"Norges Metalls\u00f8kerforening | Museum","description":"Kulturvern med metalls\u00f8ker","potentialAction":[{"@type":"SearchAction","target":{"@type":"EntryPoint","urlTemplate":"https:\/\/nmf.nu\/museum\/?s={search_term_string}"},"query-input":{"@type":"PropertyValueSpecification","valueRequired":true,"valueName":"search_term_string"}}],"inLanguage":"nb-NO"}]}},"_links":{"self":[{"href":"https:\/\/nmf.nu\/museum\/wp-json\/wp\/v2\/product\/5182","targetHints":{"allow":["GET"]}}],"collection":[{"href":"https:\/\/nmf.nu\/museum\/wp-json\/wp\/v2\/product"}],"about":[{"href":"https:\/\/nmf.nu\/museum\/wp-json\/wp\/v2\/types\/product"}],"replies":[{"embeddable":true,"href":"https:\/\/nmf.nu\/museum\/wp-json\/wp\/v2\/comments?post=5182"}],"wp:featuredmedia":[{"embeddable":true,"href":"https:\/\/nmf.nu\/museum\/wp-json\/wp\/v2\/media\/5183"}],"wp:attachment":[{"href":"https:\/\/nmf.nu\/museum\/wp-json\/wp\/v2\/media?parent=5182"}],"wp:term":[{"taxonomy":"product_brand","embeddable":true,"href":"https:\/\/nmf.nu\/museum\/wp-json\/wp\/v2\/product_brand?post=5182"},{"taxonomy":"product_cat","embeddable":true,"href":"https:\/\/nmf.nu\/museum\/wp-json\/wp\/v2\/product_cat?post=5182"},{"taxonomy":"product_tag","embeddable":true,"href":"https:\/\/nmf.nu\/museum\/wp-json\/wp\/v2\/product_tag?post=5182"}],"curies":[{"name":"wp","href":"https:\/\/api.w.org\/{rel}","templated":true}]}}