{"id":494,"date":"2014-01-28T21:08:03","date_gmt":"2014-01-28T20:08:03","guid":{"rendered":"http:\/\/nmf.nu\/museum\/?post_type=product&#038;p=494"},"modified":"2023-11-10T22:22:31","modified_gmt":"2023-11-10T21:22:31","slug":"penning-1275-1279-magnus-lagabote","status":"publish","type":"product","link":"https:\/\/nmf.nu\/museum\/funn\/mynter\/norske-mynter\/magnus-lagabote-1263-1280\/penning-1275-1279-magnus-lagabote\/","title":{"rendered":"Penning 1275-1279 Magnus Lagab\u00f8te (\u0274\u1d0d1)"},"content":{"rendered":"<p><img decoding=\"async\" src=\"https:\/\/nmf.nu\/museum\/wp-content\/uploads\/2014\/01\/ix-6.png\" alt=\"&quot;\" \/><\/p>\n<p><a href=\"https:\/\/www.khm.uio.no\/forskning\/samlingene\/gjenstandskalender-og-funn\/2011\/magnus-lagabote-pa-eidsvold.html\" target=\"_blank\" rel=\"noopener\">Magnus Lagab\u00f8te p\u00e5 Eidsvold &#8211; Kulturhistorisk museum (uio.no)<\/a><\/p>\n<p><a href=\"http:\/\/www.myntsamleren.no\/Norges%20Mynter\/1263-1280%20Magnus%20Lagab\u00f8te.htm\" target=\"_blank\" rel=\"noopener noreferrer\">http:\/\/www.myntsamleren.no\/Norges%20Mynter\/1263-1280%20Magnus%20Lagab\u00f8te.htm<\/a><\/p>\n","protected":false},"excerpt":{"rendered":"<p>Magnus Lagab\u00f8te p\u00e5 Eidsvold &#8211; Kulturhistorisk museum (uio.no) http:\/\/www.myntsamleren.no\/Norges%20Mynter\/1263-1280%20Magnus%20Lagab\u00f8te.htm<\/p>\n","protected":false},"featured_media":21549,"comment_status":"open","ping_status":"closed","template":"","meta":{"_acf_changed":false,"_et_pb_use_builder":"","_et_pb_old_content":"","_et_gb_content_width":""},"product_brand":[],"product_cat":[58,312,14,215],"product_tag":[],"class_list":{"0":"post-494","1":"product","2":"type-product","3":"status-publish","4":"has-post-thumbnail","6":"product_cat-alle-mynter","7":"product_cat-magnus-lagabote-1263-1280","8":"product_cat-mynter","9":"product_cat-norske-mynter","11":"first","12":"instock","13":"shipping-taxable","14":"product-type-simple"},"acf":[],"yoast_head":"<!-- This site is optimized with the Yoast SEO plugin v27.5 - https:\/\/yoast.com\/product\/yoast-seo-wordpress\/ -->\n<title>Penning 1275-1279 Magnus Lagab\u00f8te (\u0274\u1d0d1) - Norges Metalls\u00f8kerforening | Museum<\/title>\n<meta name=\"robots\" content=\"index, follow, max-snippet:-1, max-image-preview:large, max-video-preview:-1\" \/>\n<link rel=\"canonical\" href=\"https:\/\/nmf.nu\/museum\/funn\/mynter\/norske-mynter\/magnus-lagabote-1263-1280\/penning-1275-1279-magnus-lagabote\/\" \/>\n<meta property=\"og:locale\" content=\"nb_NO\" \/>\n<meta property=\"og:type\" content=\"article\" \/>\n<meta property=\"og:title\" content=\"Penning 1275-1279 Magnus Lagab\u00f8te (\u0274\u1d0d1) - Norges Metalls\u00f8kerforening | Museum\" \/>\n<meta property=\"og:description\" content=\"Magnus Lagab\u00f8te p\u00e5 Eidsvold &#8211; Kulturhistorisk museum (uio.no) http:\/\/www.myntsamleren.no\/Norges%20Mynter\/1263-1280%20Magnus%20Lagab\u00f8te.htm\" \/>\n<meta property=\"og:url\" content=\"https:\/\/nmf.nu\/museum\/funn\/mynter\/norske-mynter\/magnus-lagabote-1263-1280\/penning-1275-1279-magnus-lagabote\/\" \/>\n<meta property=\"og:site_name\" content=\"Norges Metalls\u00f8kerforening | Museum\" \/>\n<meta property=\"article:publisher\" content=\"https:\/\/www.facebook.com\/groups\/480204098827134\/\" \/>\n<meta property=\"article:modified_time\" content=\"2023-11-10T21:22:31+00:00\" \/>\n<meta property=\"og:image\" content=\"https:\/\/nmf.nu\/museum\/wp-content\/uploads\/2014\/01\/Lagab\u00f8te-th1.jpg\" \/>\n\t<meta property=\"og:image:width\" content=\"800\" \/>\n\t<meta property=\"og:image:height\" content=\"800\" \/>\n\t<meta property=\"og:image:type\" content=\"image\/jpeg\" \/>\n<meta name=\"twitter:card\" content=\"summary_large_image\" \/>\n<meta name=\"twitter:label1\" content=\"Ansl. lesetid\" \/>\n\t<meta name=\"twitter:data1\" content=\"1 minutt\" \/>\n<script type=\"application\/ld+json\" class=\"yoast-schema-graph\">{\"@context\":\"https:\\\/\\\/schema.org\",\"@graph\":[{\"@type\":\"WebPage\",\"@id\":\"https:\\\/\\\/nmf.nu\\\/museum\\\/funn\\\/mynter\\\/norske-mynter\\\/magnus-lagabote-1263-1280\\\/penning-1275-1279-magnus-lagabote\\\/\",\"url\":\"https:\\\/\\\/nmf.nu\\\/museum\\\/funn\\\/mynter\\\/norske-mynter\\\/magnus-lagabote-1263-1280\\\/penning-1275-1279-magnus-lagabote\\\/\",\"name\":\"Penning 1275-1279 Magnus Lagab\u00f8te (\u0274\u1d0d1) - Norges Metalls\u00f8kerforening | Museum\",\"isPartOf\":{\"@id\":\"https:\\\/\\\/nmf.nu\\\/museum\\\/#website\"},\"primaryImageOfPage\":{\"@id\":\"https:\\\/\\\/nmf.nu\\\/museum\\\/funn\\\/mynter\\\/norske-mynter\\\/magnus-lagabote-1263-1280\\\/penning-1275-1279-magnus-lagabote\\\/#primaryimage\"},\"image\":{\"@id\":\"https:\\\/\\\/nmf.nu\\\/museum\\\/funn\\\/mynter\\\/norske-mynter\\\/magnus-lagabote-1263-1280\\\/penning-1275-1279-magnus-lagabote\\\/#primaryimage\"},\"thumbnailUrl\":\"https:\\\/\\\/nmf.nu\\\/museum\\\/wp-content\\\/uploads\\\/2014\\\/01\\\/Lagab\u00f8te-th1.jpg\",\"datePublished\":\"2014-01-28T20:08:03+00:00\",\"dateModified\":\"2023-11-10T21:22:31+00:00\",\"breadcrumb\":{\"@id\":\"https:\\\/\\\/nmf.nu\\\/museum\\\/funn\\\/mynter\\\/norske-mynter\\\/magnus-lagabote-1263-1280\\\/penning-1275-1279-magnus-lagabote\\\/#breadcrumb\"},\"inLanguage\":\"nb-NO\",\"potentialAction\":[{\"@type\":\"ReadAction\",\"target\":[\"https:\\\/\\\/nmf.nu\\\/museum\\\/funn\\\/mynter\\\/norske-mynter\\\/magnus-lagabote-1263-1280\\\/penning-1275-1279-magnus-lagabote\\\/\"]}]},{\"@type\":\"ImageObject\",\"inLanguage\":\"nb-NO\",\"@id\":\"https:\\\/\\\/nmf.nu\\\/museum\\\/funn\\\/mynter\\\/norske-mynter\\\/magnus-lagabote-1263-1280\\\/penning-1275-1279-magnus-lagabote\\\/#primaryimage\",\"url\":\"https:\\\/\\\/nmf.nu\\\/museum\\\/wp-content\\\/uploads\\\/2014\\\/01\\\/Lagab\u00f8te-th1.jpg\",\"contentUrl\":\"https:\\\/\\\/nmf.nu\\\/museum\\\/wp-content\\\/uploads\\\/2014\\\/01\\\/Lagab\u00f8te-th1.jpg\",\"width\":800,\"height\":800},{\"@type\":\"BreadcrumbList\",\"@id\":\"https:\\\/\\\/nmf.nu\\\/museum\\\/funn\\\/mynter\\\/norske-mynter\\\/magnus-lagabote-1263-1280\\\/penning-1275-1279-magnus-lagabote\\\/#breadcrumb\",\"itemListElement\":[{\"@type\":\"ListItem\",\"position\":1,\"name\":\"Hjem\",\"item\":\"https:\\\/\\\/nmf.nu\\\/museum\\\/\"},{\"@type\":\"ListItem\",\"position\":2,\"name\":\"Funn\",\"item\":\"https:\\\/\\\/nmf.nu\\\/museum\\\/shop\\\/\"},{\"@type\":\"ListItem\",\"position\":3,\"name\":\"Penning 1275-1279 Magnus Lagab\u00f8te (\u0274\u1d0d1)\"}]},{\"@type\":\"WebSite\",\"@id\":\"https:\\\/\\\/nmf.nu\\\/museum\\\/#website\",\"url\":\"https:\\\/\\\/nmf.nu\\\/museum\\\/\",\"name\":\"Norges Metalls\u00f8kerforening | Museum\",\"description\":\"Kulturvern med metalls\u00f8ker\",\"potentialAction\":[{\"@type\":\"SearchAction\",\"target\":{\"@type\":\"EntryPoint\",\"urlTemplate\":\"https:\\\/\\\/nmf.nu\\\/museum\\\/?s={search_term_string}\"},\"query-input\":{\"@type\":\"PropertyValueSpecification\",\"valueRequired\":true,\"valueName\":\"search_term_string\"}}],\"inLanguage\":\"nb-NO\"}]}<\/script>\n<!-- \/ Yoast SEO plugin. -->","yoast_head_json":{"title":"Penning 1275-1279 Magnus Lagab\u00f8te (\u0274\u1d0d1) - Norges Metalls\u00f8kerforening | Museum","robots":{"index":"index","follow":"follow","max-snippet":"max-snippet:-1","max-image-preview":"max-image-preview:large","max-video-preview":"max-video-preview:-1"},"canonical":"https:\/\/nmf.nu\/museum\/funn\/mynter\/norske-mynter\/magnus-lagabote-1263-1280\/penning-1275-1279-magnus-lagabote\/","og_locale":"nb_NO","og_type":"article","og_title":"Penning 1275-1279 Magnus Lagab\u00f8te (\u0274\u1d0d1) - Norges Metalls\u00f8kerforening | Museum","og_description":"Magnus Lagab\u00f8te p\u00e5 Eidsvold &#8211; Kulturhistorisk museum (uio.no) http:\/\/www.myntsamleren.no\/Norges%20Mynter\/1263-1280%20Magnus%20Lagab\u00f8te.htm","og_url":"https:\/\/nmf.nu\/museum\/funn\/mynter\/norske-mynter\/magnus-lagabote-1263-1280\/penning-1275-1279-magnus-lagabote\/","og_site_name":"Norges Metalls\u00f8kerforening | Museum","article_publisher":"https:\/\/www.facebook.com\/groups\/480204098827134\/","article_modified_time":"2023-11-10T21:22:31+00:00","og_image":[{"width":800,"height":800,"url":"https:\/\/nmf.nu\/museum\/wp-content\/uploads\/2014\/01\/Lagab\u00f8te-th1.jpg","type":"image\/jpeg"}],"twitter_card":"summary_large_image","twitter_misc":{"Ansl. lesetid":"1 minutt"},"schema":{"@context":"https:\/\/schema.org","@graph":[{"@type":"WebPage","@id":"https:\/\/nmf.nu\/museum\/funn\/mynter\/norske-mynter\/magnus-lagabote-1263-1280\/penning-1275-1279-magnus-lagabote\/","url":"https:\/\/nmf.nu\/museum\/funn\/mynter\/norske-mynter\/magnus-lagabote-1263-1280\/penning-1275-1279-magnus-lagabote\/","name":"Penning 1275-1279 Magnus Lagab\u00f8te (\u0274\u1d0d1) - Norges Metalls\u00f8kerforening | Museum","isPartOf":{"@id":"https:\/\/nmf.nu\/museum\/#website"},"primaryImageOfPage":{"@id":"https:\/\/nmf.nu\/museum\/funn\/mynter\/norske-mynter\/magnus-lagabote-1263-1280\/penning-1275-1279-magnus-lagabote\/#primaryimage"},"image":{"@id":"https:\/\/nmf.nu\/museum\/funn\/mynter\/norske-mynter\/magnus-lagabote-1263-1280\/penning-1275-1279-magnus-lagabote\/#primaryimage"},"thumbnailUrl":"https:\/\/nmf.nu\/museum\/wp-content\/uploads\/2014\/01\/Lagab\u00f8te-th1.jpg","datePublished":"2014-01-28T20:08:03+00:00","dateModified":"2023-11-10T21:22:31+00:00","breadcrumb":{"@id":"https:\/\/nmf.nu\/museum\/funn\/mynter\/norske-mynter\/magnus-lagabote-1263-1280\/penning-1275-1279-magnus-lagabote\/#breadcrumb"},"inLanguage":"nb-NO","potentialAction":[{"@type":"ReadAction","target":["https:\/\/nmf.nu\/museum\/funn\/mynter\/norske-mynter\/magnus-lagabote-1263-1280\/penning-1275-1279-magnus-lagabote\/"]}]},{"@type":"ImageObject","inLanguage":"nb-NO","@id":"https:\/\/nmf.nu\/museum\/funn\/mynter\/norske-mynter\/magnus-lagabote-1263-1280\/penning-1275-1279-magnus-lagabote\/#primaryimage","url":"https:\/\/nmf.nu\/museum\/wp-content\/uploads\/2014\/01\/Lagab\u00f8te-th1.jpg","contentUrl":"https:\/\/nmf.nu\/museum\/wp-content\/uploads\/2014\/01\/Lagab\u00f8te-th1.jpg","width":800,"height":800},{"@type":"BreadcrumbList","@id":"https:\/\/nmf.nu\/museum\/funn\/mynter\/norske-mynter\/magnus-lagabote-1263-1280\/penning-1275-1279-magnus-lagabote\/#breadcrumb","itemListElement":[{"@type":"ListItem","position":1,"name":"Hjem","item":"https:\/\/nmf.nu\/museum\/"},{"@type":"ListItem","position":2,"name":"Funn","item":"https:\/\/nmf.nu\/museum\/shop\/"},{"@type":"ListItem","position":3,"name":"Penning 1275-1279 Magnus Lagab\u00f8te (\u0274\u1d0d1)"}]},{"@type":"WebSite","@id":"https:\/\/nmf.nu\/museum\/#website","url":"https:\/\/nmf.nu\/museum\/","name":"Norges Metalls\u00f8kerforening | Museum","description":"Kulturvern med metalls\u00f8ker","potentialAction":[{"@type":"SearchAction","target":{"@type":"EntryPoint","urlTemplate":"https:\/\/nmf.nu\/museum\/?s={search_term_string}"},"query-input":{"@type":"PropertyValueSpecification","valueRequired":true,"valueName":"search_term_string"}}],"inLanguage":"nb-NO"}]}},"_links":{"self":[{"href":"https:\/\/nmf.nu\/museum\/wp-json\/wp\/v2\/product\/494","targetHints":{"allow":["GET"]}}],"collection":[{"href":"https:\/\/nmf.nu\/museum\/wp-json\/wp\/v2\/product"}],"about":[{"href":"https:\/\/nmf.nu\/museum\/wp-json\/wp\/v2\/types\/product"}],"replies":[{"embeddable":true,"href":"https:\/\/nmf.nu\/museum\/wp-json\/wp\/v2\/comments?post=494"}],"wp:featuredmedia":[{"embeddable":true,"href":"https:\/\/nmf.nu\/museum\/wp-json\/wp\/v2\/media\/21549"}],"wp:attachment":[{"href":"https:\/\/nmf.nu\/museum\/wp-json\/wp\/v2\/media?parent=494"}],"wp:term":[{"taxonomy":"product_brand","embeddable":true,"href":"https:\/\/nmf.nu\/museum\/wp-json\/wp\/v2\/product_brand?post=494"},{"taxonomy":"product_cat","embeddable":true,"href":"https:\/\/nmf.nu\/museum\/wp-json\/wp\/v2\/product_cat?post=494"},{"taxonomy":"product_tag","embeddable":true,"href":"https:\/\/nmf.nu\/museum\/wp-json\/wp\/v2\/product_tag?post=494"}],"curies":[{"name":"wp","href":"https:\/\/api.w.org\/{rel}","templated":true}]}}