{"id":4846,"date":"2014-07-11T19:29:25","date_gmt":"2014-07-11T17:29:25","guid":{"rendered":"http:\/\/nmf.nu\/museum\/?post_type=product&#038;p=4846"},"modified":"2024-11-06T13:03:33","modified_gmt":"2024-11-06T12:03:33","slug":"gullormen-en-perle-fra-oldtiden","status":"publish","type":"product","link":"https:\/\/nmf.nu\/museum\/funn\/gjenstander\/gjenstander-for-1537\/gullormen-en-perle-fra-oldtiden\/","title":{"rendered":"Gullperle"},"content":{"rendered":"<p>Gullormen en perle fra Oldtiden<\/p>\n<p>Funnet av en liten orm, n\u00e6rmest som en liten omrullet larve laget i gull, detaljert, s\u00e5 vakkert laget.<br \/>\nDen ble funnet med metalldetektor midt ute p\u00e5 et potetjorde, der i Ullensaker et sted.<br \/>\nOg der skulle den liksom bare ligge,&#8230;<br \/>\n-men endelig nei, for etter noe rundt 15 hundrede \u00e5r eller s\u00e5, da ble forbarmelsen over den for stor,<br \/>\nog den ble plukket opp med nennsom h\u00e5nd,<br \/>\nlagt pent ned i en pose med de p\u00e5f\u00f8rte data og kart referanser,<br \/>\nslik at arkologene skulle f\u00e5 det hele servert pent, akkurat slik de \u00f8nsker, -takk og pris, for vi vil det gjerne slik.<br \/>\n&#8211;<br \/>\nOrmen<br \/>\nTvunnet rundt i sirkler &#8211; to hele, f\u00f8r den ender i to halve, i hver sin ende lik,<br \/>\normende slynget rundt med die fine ringer omspunnet og innspunnet i de smaae ender, -die som lignende sm\u00e5 ormerumper.<br \/>\nDen er slett ikke stOr &#8211; om det er det du tror,<br \/>\n-men hvem trenger \u00e5 v\u00e6re stOr, &#8211; n\u00e5r man er s\u00e5, \u00a0-pent vakker, og ven.<br \/>\n&#8211;<br \/>\n-Dets hele &#8211; med maal og v\u00e6gt-<br \/>\nVekten forteller om noe, ca die 2 gram med hele sin tyngde.<br \/>\nmaalt i sin diemeters tykkelse vil den knapt v\u00e6re, &#8211; 6 mm over livet -die de diameter \u00d8.<br \/>\nog i sin h\u00f8yde tar den det hele slett ikke igjen, &#8211; for den er da kun 5 mm h\u00f8y.<br \/>\n_<\/p>\n<p>Slik perlende fin er den.<br \/>\nDen ville hele tiden ha v\u00e6rt en del av noe mer,<br \/>\nav noe h\u00f8ytidlig mye mer,<br \/>\n-p\u00e5 ett smykke, &#8211; vakkert s\u00e5 perlende fint.<br \/>\nDen vil kunne kalles en perle, &#8211; nok av slikt noe, &#8211; nok som tredd paa en traad.<br \/>\n_<\/p>\n<p>Dens funnomstendigheter og det hele,<br \/>\nder ute i den m\u00f8rke mold, for\u00a0en plassering, -for ett sted,<br \/>\n-men likevel-<br \/>\n-dets funnsteds omr\u00e5de gir voldsomt inntrykk av rikdom og velmaktshager,<br \/>\nslik det &#8211; som det dengang var, &#8211; i kong Raknes dager.<br \/>\n_<\/p>\n<p>Omr\u00e5dene rundt har gitt slike funn, -die saa lignende tidsriktig like,<br \/>\nfor fort,<br \/>\n-vi tenker p\u00e5 gullfunnet der p\u00e5 Stavi, \u00a0-det gjort under gr\u00f8fting der i 1882.<br \/>\nDer var det ormende betalingsringer og brakteater,<br \/>\n-der de kom som i triumf, &#8211; helt tilbake i fra folkevandringstiden,<br \/>\nja -slik som det da &#8211; der i g\u00e5rden tutet og pep,<br \/>\nja -der de n\u00e6rmest tj\u00f8t &#8211; slik som ett tog ut av bakken.<\/p>\n<p>Slike ting blir ikke s\u00e5 fort glemt,<\/p>\n<p>-slik er det bare &#8211; med slike ting.<\/p>\n<p>&#8211; naar gullet kommer saa seiersrikt, -r\u00f8dmende oldtidsgl\u00f8d, -sitt elde-<\/p>\n<p>-\u00a4-<\/p>\n<p>&nbsp;<\/p>\n","protected":false},"excerpt":{"rendered":"<p>Gullormen en perle fra Oldtiden Funnet av en liten orm, n\u00e6rmest som en liten omrullet larve laget i gull, detaljert, s\u00e5 vakkert laget. Den ble funnet med metalldetektor midt ute p\u00e5 et potetjorde, der i Ullensaker et sted. Og der skulle den liksom bare ligge,&#8230; -men endelig nei, for etter noe rundt 15 hundrede \u00e5r [&hellip;]<\/p>\n","protected":false},"featured_media":4852,"comment_status":"open","ping_status":"closed","template":"","meta":{"_acf_changed":false,"_et_pb_use_builder":"","_et_pb_old_content":"","_et_gb_content_width":""},"product_brand":[],"product_cat":[56,24,133,13,15,99,184,175],"product_tag":[],"class_list":{"0":"post-4846","1":"product","2":"type-product","3":"status-publish","4":"has-post-thumbnail","6":"product_cat-alle-gjenstander","7":"product_cat-eldre-jernalder-500-f-kr-550-e-kr","8":"product_cat-folkevandringstid-400-550","9":"product_cat-gjenstander","10":"product_cat-gjenstander-for-1537","11":"product_cat-oldtidsgull","12":"product_cat-perler","13":"product_cat-smykker-for-1537","15":"first","16":"instock","17":"shipping-taxable","18":"product-type-simple"},"acf":[],"yoast_head":"<!-- This site is optimized with the Yoast SEO plugin v27.4 - https:\/\/yoast.com\/product\/yoast-seo-wordpress\/ -->\n<title>Gullperle - Norges Metalls\u00f8kerforening | Museum<\/title>\n<meta name=\"robots\" content=\"index, follow, max-snippet:-1, max-image-preview:large, max-video-preview:-1\" \/>\n<link rel=\"canonical\" href=\"https:\/\/nmf.nu\/museum\/funn\/gjenstander\/gjenstander-for-1537\/gullormen-en-perle-fra-oldtiden\/\" \/>\n<meta property=\"og:locale\" content=\"nb_NO\" \/>\n<meta property=\"og:type\" content=\"article\" \/>\n<meta property=\"og:title\" content=\"Gullperle - Norges Metalls\u00f8kerforening | Museum\" \/>\n<meta property=\"og:description\" content=\"Gullormen en perle fra Oldtiden Funnet av en liten orm, n\u00e6rmest som en liten omrullet larve laget i gull, detaljert, s\u00e5 vakkert laget. Den ble funnet med metalldetektor midt ute p\u00e5 et potetjorde, der i Ullensaker et sted. Og der skulle den liksom bare ligge,&#8230; -men endelig nei, for etter noe rundt 15 hundrede \u00e5r [&hellip;]\" \/>\n<meta property=\"og:url\" content=\"https:\/\/nmf.nu\/museum\/funn\/gjenstander\/gjenstander-for-1537\/gullormen-en-perle-fra-oldtiden\/\" \/>\n<meta property=\"og:site_name\" content=\"Norges Metalls\u00f8kerforening | Museum\" \/>\n<meta property=\"article:publisher\" content=\"https:\/\/www.facebook.com\/groups\/480204098827134\/\" \/>\n<meta property=\"article:modified_time\" content=\"2024-11-06T12:03:33+00:00\" \/>\n<meta property=\"og:image\" content=\"https:\/\/nmf.nu\/museum\/wp-content\/uploads\/2014\/07\/Ormeringperlegull-CAF....1.jpg\" \/>\n\t<meta property=\"og:image:width\" content=\"1200\" \/>\n\t<meta property=\"og:image:height\" content=\"1200\" \/>\n\t<meta property=\"og:image:type\" content=\"image\/jpeg\" \/>\n<meta name=\"twitter:card\" content=\"summary_large_image\" \/>\n<meta name=\"twitter:label1\" content=\"Ansl. lesetid\" \/>\n\t<meta name=\"twitter:data1\" content=\"3 minutter\" \/>\n<script type=\"application\/ld+json\" class=\"yoast-schema-graph\">{\"@context\":\"https:\\\/\\\/schema.org\",\"@graph\":[{\"@type\":\"WebPage\",\"@id\":\"https:\\\/\\\/nmf.nu\\\/museum\\\/funn\\\/gjenstander\\\/gjenstander-for-1537\\\/gullormen-en-perle-fra-oldtiden\\\/\",\"url\":\"https:\\\/\\\/nmf.nu\\\/museum\\\/funn\\\/gjenstander\\\/gjenstander-for-1537\\\/gullormen-en-perle-fra-oldtiden\\\/\",\"name\":\"Gullperle - Norges Metalls\u00f8kerforening | Museum\",\"isPartOf\":{\"@id\":\"https:\\\/\\\/nmf.nu\\\/museum\\\/#website\"},\"primaryImageOfPage\":{\"@id\":\"https:\\\/\\\/nmf.nu\\\/museum\\\/funn\\\/gjenstander\\\/gjenstander-for-1537\\\/gullormen-en-perle-fra-oldtiden\\\/#primaryimage\"},\"image\":{\"@id\":\"https:\\\/\\\/nmf.nu\\\/museum\\\/funn\\\/gjenstander\\\/gjenstander-for-1537\\\/gullormen-en-perle-fra-oldtiden\\\/#primaryimage\"},\"thumbnailUrl\":\"https:\\\/\\\/nmf.nu\\\/museum\\\/wp-content\\\/uploads\\\/2014\\\/07\\\/Ormeringperlegull-CAF....1.jpg\",\"datePublished\":\"2014-07-11T17:29:25+00:00\",\"dateModified\":\"2024-11-06T12:03:33+00:00\",\"breadcrumb\":{\"@id\":\"https:\\\/\\\/nmf.nu\\\/museum\\\/funn\\\/gjenstander\\\/gjenstander-for-1537\\\/gullormen-en-perle-fra-oldtiden\\\/#breadcrumb\"},\"inLanguage\":\"nb-NO\",\"potentialAction\":[{\"@type\":\"ReadAction\",\"target\":[\"https:\\\/\\\/nmf.nu\\\/museum\\\/funn\\\/gjenstander\\\/gjenstander-for-1537\\\/gullormen-en-perle-fra-oldtiden\\\/\"]}]},{\"@type\":\"ImageObject\",\"inLanguage\":\"nb-NO\",\"@id\":\"https:\\\/\\\/nmf.nu\\\/museum\\\/funn\\\/gjenstander\\\/gjenstander-for-1537\\\/gullormen-en-perle-fra-oldtiden\\\/#primaryimage\",\"url\":\"https:\\\/\\\/nmf.nu\\\/museum\\\/wp-content\\\/uploads\\\/2014\\\/07\\\/Ormeringperlegull-CAF....1.jpg\",\"contentUrl\":\"https:\\\/\\\/nmf.nu\\\/museum\\\/wp-content\\\/uploads\\\/2014\\\/07\\\/Ormeringperlegull-CAF....1.jpg\",\"width\":1200,\"height\":1200},{\"@type\":\"BreadcrumbList\",\"@id\":\"https:\\\/\\\/nmf.nu\\\/museum\\\/funn\\\/gjenstander\\\/gjenstander-for-1537\\\/gullormen-en-perle-fra-oldtiden\\\/#breadcrumb\",\"itemListElement\":[{\"@type\":\"ListItem\",\"position\":1,\"name\":\"Hjem\",\"item\":\"https:\\\/\\\/nmf.nu\\\/museum\\\/\"},{\"@type\":\"ListItem\",\"position\":2,\"name\":\"Funn\",\"item\":\"https:\\\/\\\/nmf.nu\\\/museum\\\/shop\\\/\"},{\"@type\":\"ListItem\",\"position\":3,\"name\":\"Gullperle\"}]},{\"@type\":\"WebSite\",\"@id\":\"https:\\\/\\\/nmf.nu\\\/museum\\\/#website\",\"url\":\"https:\\\/\\\/nmf.nu\\\/museum\\\/\",\"name\":\"Norges Metalls\u00f8kerforening | Museum\",\"description\":\"Kulturvern med metalls\u00f8ker\",\"potentialAction\":[{\"@type\":\"SearchAction\",\"target\":{\"@type\":\"EntryPoint\",\"urlTemplate\":\"https:\\\/\\\/nmf.nu\\\/museum\\\/?s={search_term_string}\"},\"query-input\":{\"@type\":\"PropertyValueSpecification\",\"valueRequired\":true,\"valueName\":\"search_term_string\"}}],\"inLanguage\":\"nb-NO\"}]}<\/script>\n<!-- \/ Yoast SEO plugin. -->","yoast_head_json":{"title":"Gullperle - Norges Metalls\u00f8kerforening | Museum","robots":{"index":"index","follow":"follow","max-snippet":"max-snippet:-1","max-image-preview":"max-image-preview:large","max-video-preview":"max-video-preview:-1"},"canonical":"https:\/\/nmf.nu\/museum\/funn\/gjenstander\/gjenstander-for-1537\/gullormen-en-perle-fra-oldtiden\/","og_locale":"nb_NO","og_type":"article","og_title":"Gullperle - Norges Metalls\u00f8kerforening | Museum","og_description":"Gullormen en perle fra Oldtiden Funnet av en liten orm, n\u00e6rmest som en liten omrullet larve laget i gull, detaljert, s\u00e5 vakkert laget. Den ble funnet med metalldetektor midt ute p\u00e5 et potetjorde, der i Ullensaker et sted. Og der skulle den liksom bare ligge,&#8230; -men endelig nei, for etter noe rundt 15 hundrede \u00e5r [&hellip;]","og_url":"https:\/\/nmf.nu\/museum\/funn\/gjenstander\/gjenstander-for-1537\/gullormen-en-perle-fra-oldtiden\/","og_site_name":"Norges Metalls\u00f8kerforening | Museum","article_publisher":"https:\/\/www.facebook.com\/groups\/480204098827134\/","article_modified_time":"2024-11-06T12:03:33+00:00","og_image":[{"width":1200,"height":1200,"url":"https:\/\/nmf.nu\/museum\/wp-content\/uploads\/2014\/07\/Ormeringperlegull-CAF....1.jpg","type":"image\/jpeg"}],"twitter_card":"summary_large_image","twitter_misc":{"Ansl. lesetid":"3 minutter"},"schema":{"@context":"https:\/\/schema.org","@graph":[{"@type":"WebPage","@id":"https:\/\/nmf.nu\/museum\/funn\/gjenstander\/gjenstander-for-1537\/gullormen-en-perle-fra-oldtiden\/","url":"https:\/\/nmf.nu\/museum\/funn\/gjenstander\/gjenstander-for-1537\/gullormen-en-perle-fra-oldtiden\/","name":"Gullperle - Norges Metalls\u00f8kerforening | Museum","isPartOf":{"@id":"https:\/\/nmf.nu\/museum\/#website"},"primaryImageOfPage":{"@id":"https:\/\/nmf.nu\/museum\/funn\/gjenstander\/gjenstander-for-1537\/gullormen-en-perle-fra-oldtiden\/#primaryimage"},"image":{"@id":"https:\/\/nmf.nu\/museum\/funn\/gjenstander\/gjenstander-for-1537\/gullormen-en-perle-fra-oldtiden\/#primaryimage"},"thumbnailUrl":"https:\/\/nmf.nu\/museum\/wp-content\/uploads\/2014\/07\/Ormeringperlegull-CAF....1.jpg","datePublished":"2014-07-11T17:29:25+00:00","dateModified":"2024-11-06T12:03:33+00:00","breadcrumb":{"@id":"https:\/\/nmf.nu\/museum\/funn\/gjenstander\/gjenstander-for-1537\/gullormen-en-perle-fra-oldtiden\/#breadcrumb"},"inLanguage":"nb-NO","potentialAction":[{"@type":"ReadAction","target":["https:\/\/nmf.nu\/museum\/funn\/gjenstander\/gjenstander-for-1537\/gullormen-en-perle-fra-oldtiden\/"]}]},{"@type":"ImageObject","inLanguage":"nb-NO","@id":"https:\/\/nmf.nu\/museum\/funn\/gjenstander\/gjenstander-for-1537\/gullormen-en-perle-fra-oldtiden\/#primaryimage","url":"https:\/\/nmf.nu\/museum\/wp-content\/uploads\/2014\/07\/Ormeringperlegull-CAF....1.jpg","contentUrl":"https:\/\/nmf.nu\/museum\/wp-content\/uploads\/2014\/07\/Ormeringperlegull-CAF....1.jpg","width":1200,"height":1200},{"@type":"BreadcrumbList","@id":"https:\/\/nmf.nu\/museum\/funn\/gjenstander\/gjenstander-for-1537\/gullormen-en-perle-fra-oldtiden\/#breadcrumb","itemListElement":[{"@type":"ListItem","position":1,"name":"Hjem","item":"https:\/\/nmf.nu\/museum\/"},{"@type":"ListItem","position":2,"name":"Funn","item":"https:\/\/nmf.nu\/museum\/shop\/"},{"@type":"ListItem","position":3,"name":"Gullperle"}]},{"@type":"WebSite","@id":"https:\/\/nmf.nu\/museum\/#website","url":"https:\/\/nmf.nu\/museum\/","name":"Norges Metalls\u00f8kerforening | Museum","description":"Kulturvern med metalls\u00f8ker","potentialAction":[{"@type":"SearchAction","target":{"@type":"EntryPoint","urlTemplate":"https:\/\/nmf.nu\/museum\/?s={search_term_string}"},"query-input":{"@type":"PropertyValueSpecification","valueRequired":true,"valueName":"search_term_string"}}],"inLanguage":"nb-NO"}]}},"_links":{"self":[{"href":"https:\/\/nmf.nu\/museum\/wp-json\/wp\/v2\/product\/4846","targetHints":{"allow":["GET"]}}],"collection":[{"href":"https:\/\/nmf.nu\/museum\/wp-json\/wp\/v2\/product"}],"about":[{"href":"https:\/\/nmf.nu\/museum\/wp-json\/wp\/v2\/types\/product"}],"replies":[{"embeddable":true,"href":"https:\/\/nmf.nu\/museum\/wp-json\/wp\/v2\/comments?post=4846"}],"wp:featuredmedia":[{"embeddable":true,"href":"https:\/\/nmf.nu\/museum\/wp-json\/wp\/v2\/media\/4852"}],"wp:attachment":[{"href":"https:\/\/nmf.nu\/museum\/wp-json\/wp\/v2\/media?parent=4846"}],"wp:term":[{"taxonomy":"product_brand","embeddable":true,"href":"https:\/\/nmf.nu\/museum\/wp-json\/wp\/v2\/product_brand?post=4846"},{"taxonomy":"product_cat","embeddable":true,"href":"https:\/\/nmf.nu\/museum\/wp-json\/wp\/v2\/product_cat?post=4846"},{"taxonomy":"product_tag","embeddable":true,"href":"https:\/\/nmf.nu\/museum\/wp-json\/wp\/v2\/product_tag?post=4846"}],"curies":[{"name":"wp","href":"https:\/\/api.w.org\/{rel}","templated":true}]}}