{"id":41139,"date":"2024-10-01T21:03:19","date_gmt":"2024-10-01T19:03:19","guid":{"rendered":"https:\/\/nmf.nu\/museum\/?post_type=product&#038;p=41139"},"modified":"2024-10-01T21:06:06","modified_gmt":"2024-10-01T19:06:06","slug":"2-skilling-1531-1532-christian-ii-5","status":"publish","type":"product","link":"https:\/\/nmf.nu\/museum\/funn\/mynter\/norske-mynter\/christian-ii-1513-1523-og-1531-1532\/2-skilling-1531-1532-christian-ii-5\/","title":{"rendered":"2 Skilling 1531-1532 Christian II (\u0274\u1d0d\u1d056)"},"content":{"rendered":"<p><a href=\"http:\/\/www.myntsamleren.no\/Norges%20Mynter\/1513-1523%20Christian%202.htm\" target=\"_blank\" rel=\"noopener\">myntsamleren.no \u2013 Christian 2 (1513-1523 og 1531-1532)<\/a><\/p>\n<p><a href=\"https:\/\/domkirkeodden.no\/kong-christian-iis-klipping\" target=\"_blank\" rel=\"noopener noreferrer\">https:\/\/domkirkeodden.no\/kong-christian-iis-klipping<\/a><\/p>\n<p>Utmyntet under beleiringen av Akershus festning vinteren 1531-1532. Finnes i flere varianter.<\/p>\n<p>Etter \u00e5 ha r\u00f8mt til Nederland \u00e5tte \u00e5r tidligere, fors\u00f8kte\u00a0Christian II\u00a0\u00e5 gjenvinne sitt arverike Norge med en h\u00e6r av leiesoldater vinteren 1531-1532. Leietroppene tok Oslo og beleiret Akershus festning. Beleiringen varte og rakk, og Christian kom i pengevansker. Da fikk han l\u00e5ne\u00a0myntmester\u00a0og myntredskap fra motstanderen, lensherre Mogens Gyldenstjerne p\u00e5 Akershus. Slik myntet Christian II\u00a0klippinger.<\/p>\n<p>Christian fikk metall fra erkebiskopen og andre norske biskoper. Her gjaldt det \u00e5 forsvare b\u00e5de den katolske tro og den nasjonale politikken. Det var mye kirkes\u00f8lv som n\u00e5 gikk til myntmetall. Det gikk s\u00e5 langt at myntmesteren pr\u00f8vde s\u00f8lvet i St. Halvardskrinet i Oslo. Om det er denne helligdommen vi ser igjen i Christians klippinger, er uvisst. I alle fall er disse myntene sjeldent gode i metallet. De er m\u00e5lt til over 97 % s\u00f8lv.<\/p>\n<p>UIO<\/p>\n<p><b>Angrepet p\u00e5 Akershus festning<\/b><\/p>\n<p>Med flere sterke st\u00f8ttespillere, blant dem den katolske Keiser Karl 5. (hans svoger) gjennomf\u00f8rte Christian II i november 1531 et angrep mot Norge og Akershus festning, i et fors\u00f8k p\u00e5 \u00e5 f\u00e5 tilbake kongemakten.<\/p>\n<p>Angrepsstyrken bestod av 15 skip og 5000 landsknekter, under ledelse av jyllandh\u00f8vdingen \u201dSkipper Clement\u201d, som var en av Christians trofaste st\u00f8ttespillere. P\u00e5 grunn av uv\u00e6r mistet fl\u00e5ten flere skip. Akershus festning holdt dermed stand mot angrepet, men ble beleiret. (Flere av de norske riksr\u00e5dene st\u00f8ttet Christian, men Mogens Gyldenstjerne var tro mot Kong Frederik og holdt stand p\u00e5 Akershus). Christian II beleiret Akershus festning og dette ledet f\u00f8rst til en v\u00e5penstillstand 23. november 1531.<\/p>\n<p>I mars \u00e5ret etter utrustet Frederik I en fl\u00e5testyrke med landtropper som skulle komme Akershus festning til unnsetning. Den var ledet av Tile Giseler og Peder Skram. Den var ogs\u00e5 st\u00f8ttet av L\u00fcbeck, som fryktet Christians eventuelle tilbakekomst. Underveis erobret de fem av Christians skip, og utenfor Akershus festning hadde de spredde kamper mot Christians styrker. En forsterkningsstyrke ble sendt fra K\u00f8benhavn 2. mai, ledet av Knud Gyldenstjerne (bror til Mogens p\u00e5 Akershus). 8-9 mai 1532 var det trefninger mot- og p\u00e5 land. Christian ba om forhandlinger og 1. juli 1532 gjorde Christian avtale om at han kunne ta med seg 200 mann og reise til K\u00f8benhavn for \u00e5 forhandle direkte med Frederik. Dette l\u00f8fte om \u201dfritt leide\u201d, underskrevet av 27 betrodde menn, ble straks brutt. Christian II ble sendt i fengsel p\u00e5 S\u00f8nderborg Slott, der han satt i 17 \u00e5r.<\/p>\n","protected":false},"excerpt":{"rendered":"<p>myntsamleren.no \u2013 Christian 2 (1513-1523 og 1531-1532) https:\/\/domkirkeodden.no\/kong-christian-iis-klipping Utmyntet under beleiringen av Akershus festning vinteren 1531-1532. Finnes i flere varianter. Etter \u00e5 ha r\u00f8mt til Nederland \u00e5tte \u00e5r tidligere, fors\u00f8kte\u00a0Christian II\u00a0\u00e5 gjenvinne sitt arverike Norge med en h\u00e6r av leiesoldater vinteren 1531-1532. Leietroppene tok Oslo og beleiret Akershus festning. Beleiringen varte og rakk, og Christian [&hellip;]<\/p>\n","protected":false},"featured_media":41141,"comment_status":"open","ping_status":"closed","template":"","meta":{"_acf_changed":false,"_et_pb_use_builder":"","_et_pb_old_content":"","_et_gb_content_width":""},"product_brand":[],"product_cat":[58,272,14,215],"product_tag":[],"class_list":{"0":"post-41139","1":"product","2":"type-product","3":"status-publish","4":"has-post-thumbnail","6":"product_cat-alle-mynter","7":"product_cat-christian-ii-1513-1523-og-1531-1532","8":"product_cat-mynter","9":"product_cat-norske-mynter","11":"first","12":"instock","13":"shipping-taxable","14":"product-type-simple"},"acf":[],"yoast_head":"<!-- This site is optimized with the Yoast SEO plugin v27.4 - https:\/\/yoast.com\/product\/yoast-seo-wordpress\/ -->\n<title>2 Skilling 1531-1532 Christian II (\u0274\u1d0d\u1d056) - Norges Metalls\u00f8kerforening | Museum<\/title>\n<meta name=\"robots\" content=\"index, follow, max-snippet:-1, max-image-preview:large, max-video-preview:-1\" \/>\n<link rel=\"canonical\" href=\"https:\/\/nmf.nu\/museum\/funn\/mynter\/norske-mynter\/christian-ii-1513-1523-og-1531-1532\/2-skilling-1531-1532-christian-ii-5\/\" \/>\n<meta property=\"og:locale\" content=\"nb_NO\" \/>\n<meta property=\"og:type\" content=\"article\" \/>\n<meta property=\"og:title\" content=\"2 Skilling 1531-1532 Christian II (\u0274\u1d0d\u1d056) - Norges Metalls\u00f8kerforening | Museum\" \/>\n<meta property=\"og:description\" content=\"myntsamleren.no \u2013 Christian 2 (1513-1523 og 1531-1532) https:\/\/domkirkeodden.no\/kong-christian-iis-klipping Utmyntet under beleiringen av Akershus festning vinteren 1531-1532. Finnes i flere varianter. Etter \u00e5 ha r\u00f8mt til Nederland \u00e5tte \u00e5r tidligere, fors\u00f8kte\u00a0Christian II\u00a0\u00e5 gjenvinne sitt arverike Norge med en h\u00e6r av leiesoldater vinteren 1531-1532. Leietroppene tok Oslo og beleiret Akershus festning. Beleiringen varte og rakk, og Christian [&hellip;]\" \/>\n<meta property=\"og:url\" content=\"https:\/\/nmf.nu\/museum\/funn\/mynter\/norske-mynter\/christian-ii-1513-1523-og-1531-1532\/2-skilling-1531-1532-christian-ii-5\/\" \/>\n<meta property=\"og:site_name\" content=\"Norges Metalls\u00f8kerforening | Museum\" \/>\n<meta property=\"article:publisher\" content=\"https:\/\/www.facebook.com\/groups\/480204098827134\/\" \/>\n<meta property=\"article:modified_time\" content=\"2024-10-01T19:06:06+00:00\" \/>\n<meta property=\"og:image\" content=\"https:\/\/nmf.nu\/museum\/wp-content\/uploads\/2024\/10\/1531-1532-vhl-1.jpg\" \/>\n\t<meta property=\"og:image:width\" content=\"1000\" \/>\n\t<meta property=\"og:image:height\" content=\"1000\" \/>\n\t<meta property=\"og:image:type\" content=\"image\/jpeg\" \/>\n<meta name=\"twitter:card\" content=\"summary_large_image\" \/>\n<meta name=\"twitter:label1\" content=\"Ansl. lesetid\" \/>\n\t<meta name=\"twitter:data1\" content=\"3 minutter\" \/>\n<script type=\"application\/ld+json\" class=\"yoast-schema-graph\">{\"@context\":\"https:\\\/\\\/schema.org\",\"@graph\":[{\"@type\":\"WebPage\",\"@id\":\"https:\\\/\\\/nmf.nu\\\/museum\\\/funn\\\/mynter\\\/norske-mynter\\\/christian-ii-1513-1523-og-1531-1532\\\/2-skilling-1531-1532-christian-ii-5\\\/\",\"url\":\"https:\\\/\\\/nmf.nu\\\/museum\\\/funn\\\/mynter\\\/norske-mynter\\\/christian-ii-1513-1523-og-1531-1532\\\/2-skilling-1531-1532-christian-ii-5\\\/\",\"name\":\"2 Skilling 1531-1532 Christian II (\u0274\u1d0d\u1d056) - Norges Metalls\u00f8kerforening | Museum\",\"isPartOf\":{\"@id\":\"https:\\\/\\\/nmf.nu\\\/museum\\\/#website\"},\"primaryImageOfPage\":{\"@id\":\"https:\\\/\\\/nmf.nu\\\/museum\\\/funn\\\/mynter\\\/norske-mynter\\\/christian-ii-1513-1523-og-1531-1532\\\/2-skilling-1531-1532-christian-ii-5\\\/#primaryimage\"},\"image\":{\"@id\":\"https:\\\/\\\/nmf.nu\\\/museum\\\/funn\\\/mynter\\\/norske-mynter\\\/christian-ii-1513-1523-og-1531-1532\\\/2-skilling-1531-1532-christian-ii-5\\\/#primaryimage\"},\"thumbnailUrl\":\"https:\\\/\\\/nmf.nu\\\/museum\\\/wp-content\\\/uploads\\\/2024\\\/10\\\/1531-1532-vhl-1.jpg\",\"datePublished\":\"2024-10-01T19:03:19+00:00\",\"dateModified\":\"2024-10-01T19:06:06+00:00\",\"breadcrumb\":{\"@id\":\"https:\\\/\\\/nmf.nu\\\/museum\\\/funn\\\/mynter\\\/norske-mynter\\\/christian-ii-1513-1523-og-1531-1532\\\/2-skilling-1531-1532-christian-ii-5\\\/#breadcrumb\"},\"inLanguage\":\"nb-NO\",\"potentialAction\":[{\"@type\":\"ReadAction\",\"target\":[\"https:\\\/\\\/nmf.nu\\\/museum\\\/funn\\\/mynter\\\/norske-mynter\\\/christian-ii-1513-1523-og-1531-1532\\\/2-skilling-1531-1532-christian-ii-5\\\/\"]}]},{\"@type\":\"ImageObject\",\"inLanguage\":\"nb-NO\",\"@id\":\"https:\\\/\\\/nmf.nu\\\/museum\\\/funn\\\/mynter\\\/norske-mynter\\\/christian-ii-1513-1523-og-1531-1532\\\/2-skilling-1531-1532-christian-ii-5\\\/#primaryimage\",\"url\":\"https:\\\/\\\/nmf.nu\\\/museum\\\/wp-content\\\/uploads\\\/2024\\\/10\\\/1531-1532-vhl-1.jpg\",\"contentUrl\":\"https:\\\/\\\/nmf.nu\\\/museum\\\/wp-content\\\/uploads\\\/2024\\\/10\\\/1531-1532-vhl-1.jpg\",\"width\":1000,\"height\":1000},{\"@type\":\"BreadcrumbList\",\"@id\":\"https:\\\/\\\/nmf.nu\\\/museum\\\/funn\\\/mynter\\\/norske-mynter\\\/christian-ii-1513-1523-og-1531-1532\\\/2-skilling-1531-1532-christian-ii-5\\\/#breadcrumb\",\"itemListElement\":[{\"@type\":\"ListItem\",\"position\":1,\"name\":\"Hjem\",\"item\":\"https:\\\/\\\/nmf.nu\\\/museum\\\/\"},{\"@type\":\"ListItem\",\"position\":2,\"name\":\"Funn\",\"item\":\"https:\\\/\\\/nmf.nu\\\/museum\\\/shop\\\/\"},{\"@type\":\"ListItem\",\"position\":3,\"name\":\"2 Skilling 1531-1532 Christian II (\u0274\u1d0d\u1d056)\"}]},{\"@type\":\"WebSite\",\"@id\":\"https:\\\/\\\/nmf.nu\\\/museum\\\/#website\",\"url\":\"https:\\\/\\\/nmf.nu\\\/museum\\\/\",\"name\":\"Norges Metalls\u00f8kerforening | Museum\",\"description\":\"Kulturvern med metalls\u00f8ker\",\"potentialAction\":[{\"@type\":\"SearchAction\",\"target\":{\"@type\":\"EntryPoint\",\"urlTemplate\":\"https:\\\/\\\/nmf.nu\\\/museum\\\/?s={search_term_string}\"},\"query-input\":{\"@type\":\"PropertyValueSpecification\",\"valueRequired\":true,\"valueName\":\"search_term_string\"}}],\"inLanguage\":\"nb-NO\"}]}<\/script>\n<!-- \/ Yoast SEO plugin. -->","yoast_head_json":{"title":"2 Skilling 1531-1532 Christian II (\u0274\u1d0d\u1d056) - Norges Metalls\u00f8kerforening | Museum","robots":{"index":"index","follow":"follow","max-snippet":"max-snippet:-1","max-image-preview":"max-image-preview:large","max-video-preview":"max-video-preview:-1"},"canonical":"https:\/\/nmf.nu\/museum\/funn\/mynter\/norske-mynter\/christian-ii-1513-1523-og-1531-1532\/2-skilling-1531-1532-christian-ii-5\/","og_locale":"nb_NO","og_type":"article","og_title":"2 Skilling 1531-1532 Christian II (\u0274\u1d0d\u1d056) - Norges Metalls\u00f8kerforening | Museum","og_description":"myntsamleren.no \u2013 Christian 2 (1513-1523 og 1531-1532) https:\/\/domkirkeodden.no\/kong-christian-iis-klipping Utmyntet under beleiringen av Akershus festning vinteren 1531-1532. Finnes i flere varianter. Etter \u00e5 ha r\u00f8mt til Nederland \u00e5tte \u00e5r tidligere, fors\u00f8kte\u00a0Christian II\u00a0\u00e5 gjenvinne sitt arverike Norge med en h\u00e6r av leiesoldater vinteren 1531-1532. Leietroppene tok Oslo og beleiret Akershus festning. Beleiringen varte og rakk, og Christian [&hellip;]","og_url":"https:\/\/nmf.nu\/museum\/funn\/mynter\/norske-mynter\/christian-ii-1513-1523-og-1531-1532\/2-skilling-1531-1532-christian-ii-5\/","og_site_name":"Norges Metalls\u00f8kerforening | Museum","article_publisher":"https:\/\/www.facebook.com\/groups\/480204098827134\/","article_modified_time":"2024-10-01T19:06:06+00:00","og_image":[{"width":1000,"height":1000,"url":"https:\/\/nmf.nu\/museum\/wp-content\/uploads\/2024\/10\/1531-1532-vhl-1.jpg","type":"image\/jpeg"}],"twitter_card":"summary_large_image","twitter_misc":{"Ansl. lesetid":"3 minutter"},"schema":{"@context":"https:\/\/schema.org","@graph":[{"@type":"WebPage","@id":"https:\/\/nmf.nu\/museum\/funn\/mynter\/norske-mynter\/christian-ii-1513-1523-og-1531-1532\/2-skilling-1531-1532-christian-ii-5\/","url":"https:\/\/nmf.nu\/museum\/funn\/mynter\/norske-mynter\/christian-ii-1513-1523-og-1531-1532\/2-skilling-1531-1532-christian-ii-5\/","name":"2 Skilling 1531-1532 Christian II (\u0274\u1d0d\u1d056) - Norges Metalls\u00f8kerforening | Museum","isPartOf":{"@id":"https:\/\/nmf.nu\/museum\/#website"},"primaryImageOfPage":{"@id":"https:\/\/nmf.nu\/museum\/funn\/mynter\/norske-mynter\/christian-ii-1513-1523-og-1531-1532\/2-skilling-1531-1532-christian-ii-5\/#primaryimage"},"image":{"@id":"https:\/\/nmf.nu\/museum\/funn\/mynter\/norske-mynter\/christian-ii-1513-1523-og-1531-1532\/2-skilling-1531-1532-christian-ii-5\/#primaryimage"},"thumbnailUrl":"https:\/\/nmf.nu\/museum\/wp-content\/uploads\/2024\/10\/1531-1532-vhl-1.jpg","datePublished":"2024-10-01T19:03:19+00:00","dateModified":"2024-10-01T19:06:06+00:00","breadcrumb":{"@id":"https:\/\/nmf.nu\/museum\/funn\/mynter\/norske-mynter\/christian-ii-1513-1523-og-1531-1532\/2-skilling-1531-1532-christian-ii-5\/#breadcrumb"},"inLanguage":"nb-NO","potentialAction":[{"@type":"ReadAction","target":["https:\/\/nmf.nu\/museum\/funn\/mynter\/norske-mynter\/christian-ii-1513-1523-og-1531-1532\/2-skilling-1531-1532-christian-ii-5\/"]}]},{"@type":"ImageObject","inLanguage":"nb-NO","@id":"https:\/\/nmf.nu\/museum\/funn\/mynter\/norske-mynter\/christian-ii-1513-1523-og-1531-1532\/2-skilling-1531-1532-christian-ii-5\/#primaryimage","url":"https:\/\/nmf.nu\/museum\/wp-content\/uploads\/2024\/10\/1531-1532-vhl-1.jpg","contentUrl":"https:\/\/nmf.nu\/museum\/wp-content\/uploads\/2024\/10\/1531-1532-vhl-1.jpg","width":1000,"height":1000},{"@type":"BreadcrumbList","@id":"https:\/\/nmf.nu\/museum\/funn\/mynter\/norske-mynter\/christian-ii-1513-1523-og-1531-1532\/2-skilling-1531-1532-christian-ii-5\/#breadcrumb","itemListElement":[{"@type":"ListItem","position":1,"name":"Hjem","item":"https:\/\/nmf.nu\/museum\/"},{"@type":"ListItem","position":2,"name":"Funn","item":"https:\/\/nmf.nu\/museum\/shop\/"},{"@type":"ListItem","position":3,"name":"2 Skilling 1531-1532 Christian II (\u0274\u1d0d\u1d056)"}]},{"@type":"WebSite","@id":"https:\/\/nmf.nu\/museum\/#website","url":"https:\/\/nmf.nu\/museum\/","name":"Norges Metalls\u00f8kerforening | Museum","description":"Kulturvern med metalls\u00f8ker","potentialAction":[{"@type":"SearchAction","target":{"@type":"EntryPoint","urlTemplate":"https:\/\/nmf.nu\/museum\/?s={search_term_string}"},"query-input":{"@type":"PropertyValueSpecification","valueRequired":true,"valueName":"search_term_string"}}],"inLanguage":"nb-NO"}]}},"_links":{"self":[{"href":"https:\/\/nmf.nu\/museum\/wp-json\/wp\/v2\/product\/41139","targetHints":{"allow":["GET"]}}],"collection":[{"href":"https:\/\/nmf.nu\/museum\/wp-json\/wp\/v2\/product"}],"about":[{"href":"https:\/\/nmf.nu\/museum\/wp-json\/wp\/v2\/types\/product"}],"replies":[{"embeddable":true,"href":"https:\/\/nmf.nu\/museum\/wp-json\/wp\/v2\/comments?post=41139"}],"wp:featuredmedia":[{"embeddable":true,"href":"https:\/\/nmf.nu\/museum\/wp-json\/wp\/v2\/media\/41141"}],"wp:attachment":[{"href":"https:\/\/nmf.nu\/museum\/wp-json\/wp\/v2\/media?parent=41139"}],"wp:term":[{"taxonomy":"product_brand","embeddable":true,"href":"https:\/\/nmf.nu\/museum\/wp-json\/wp\/v2\/product_brand?post=41139"},{"taxonomy":"product_cat","embeddable":true,"href":"https:\/\/nmf.nu\/museum\/wp-json\/wp\/v2\/product_cat?post=41139"},{"taxonomy":"product_tag","embeddable":true,"href":"https:\/\/nmf.nu\/museum\/wp-json\/wp\/v2\/product_tag?post=41139"}],"curies":[{"name":"wp","href":"https:\/\/api.w.org\/{rel}","templated":true}]}}