{"id":34479,"date":"2023-03-09T20:26:57","date_gmt":"2023-03-09T19:26:57","guid":{"rendered":"https:\/\/nmf.nu\/museum\/?post_type=product&#038;p=34479"},"modified":"2025-01-01T22:51:56","modified_gmt":"2025-01-01T21:51:56","slug":"sterling-1313-1322-gaucher-de-chatillon-3","status":"publish","type":"product","link":"https:\/\/nmf.nu\/museum\/funn\/mynter\/nederland\/nederlandene\/nederlandene-for-1384\/sterling-1313-1322-gaucher-de-chatillon-3\/","title":{"rendered":"Sterling 1313-1322 Gaucher de Ch\u00e2tillon"},"content":{"rendered":"<p>Gaucher of Ch\u00e2tillon was lord of Ch\u00e2tillon, Count of Porcien and Constable of France.<\/p>\n<p>Gaucher de Ch\u00e2tillon ruled Florennes in right of his wife, Isabelle de Rumigny, and operated a mint at Yves, within the territory of the fief.<\/p>\n<p>LORDSHIP OF FLORENNES<\/p>\n<p>Date of reign: AD 1313-AD 1322<\/p>\n<p>Preget i Yves som ligger i grevskapet Namur, (Nederlandene) i det tysk-romerske riket.<\/p>\n<p><a href=\"https:\/\/numismatik.se\/2artiklar\/Gaucher-de-Chatillon\/GdeC.php\" target=\"_blank\" rel=\"noopener noreferrer\">https:\/\/numismatik.se\/2artiklar\/Gaucher-de-Chatillon\/GdeC.php<\/a><\/p>\n<p><a href=\"http:\/\/www.sterlingimitations.com\/gaucherofchatillon.html\" target=\"_blank\" rel=\"noopener noreferrer\">http:\/\/www.sterlingimitations.com\/gaucherofchatillon.html<\/a><\/p>\n<h4>Crockards &amp; Pollards<\/h4>\n<p>The Edwardian sterlings can be devided into 3 types: the crowned type, the uncrowned type and the ones with a bust wearing a chaplet of roses.<\/p>\n<p>In the late 13th century you see that foreign merchants take the English money overseas rather than spend it on English goods. The silver went to the continental mints and into the production of sterling imitations of inferior weight and fineness for use in the wool trade.<br \/>\nThese crockards and pollards soon began to find their way to England in large quantities. Around 1300 Edward started to devaluate and finally forbid these imitations. Crockards and pollards are not seen after 1300 and you see that the crowned imitations, which look almost identical to the English penny, take their place.<\/p>\n<p>Crockard<br \/>\nThe type where a crown is replaced by a chaplet of roses is the so called \u00abdenarius rosades\u00bb. A less flattering name was \u00abcrocardus\u00bb or \u00abcocodonis\u00bb (translated from French as fashion doll or dandy).<\/p>\n<p>Pollard<br \/>\nThis variaty with a bare-headed bust facing, is called a \u00abpollard\u00bb. In English it means a cow without horns.<\/p>\n","protected":false},"excerpt":{"rendered":"<p>Gaucher of Ch\u00e2tillon was lord of Ch\u00e2tillon, Count of Porcien and Constable of France. Gaucher de Ch\u00e2tillon ruled Florennes in right of his wife, Isabelle de Rumigny, and operated a mint at Yves, within the territory of the fief. LORDSHIP OF FLORENNES Date of reign: AD 1313-AD 1322 Preget i Yves som ligger i grevskapet [&hellip;]<\/p>\n","protected":false},"featured_media":34481,"comment_status":"open","ping_status":"closed","template":"","meta":{"_acf_changed":false,"_et_pb_use_builder":"","_et_pb_old_content":"","_et_gb_content_width":""},"product_brand":[],"product_cat":[58,511,480,14,156,405,383,388],"product_tag":[],"class_list":{"0":"post-34479","1":"product","2":"type-product","3":"status-publish","4":"has-post-thumbnail","6":"product_cat-alle-mynter","7":"product_cat-florennes","8":"product_cat-kontinentale-sterling-imitasjoner","9":"product_cat-mynter","10":"product_cat-nederland","11":"product_cat-nederlandene","12":"product_cat-nederlandene-provinser","13":"product_cat-nederlandene-for-1384","15":"first","16":"instock","17":"shipping-taxable","18":"product-type-simple"},"acf":[],"yoast_head":"<!-- This site is optimized with the Yoast SEO plugin v27.5 - https:\/\/yoast.com\/product\/yoast-seo-wordpress\/ -->\n<title>Sterling 1313-1322 Gaucher de Ch\u00e2tillon - Norges Metalls\u00f8kerforening | Museum<\/title>\n<meta name=\"robots\" content=\"index, follow, max-snippet:-1, max-image-preview:large, max-video-preview:-1\" \/>\n<link rel=\"canonical\" href=\"https:\/\/nmf.nu\/museum\/funn\/mynter\/nederland\/nederlandene\/nederlandene-for-1384\/sterling-1313-1322-gaucher-de-chatillon-3\/\" \/>\n<meta property=\"og:locale\" content=\"nb_NO\" \/>\n<meta property=\"og:type\" content=\"article\" \/>\n<meta property=\"og:title\" content=\"Sterling 1313-1322 Gaucher de Ch\u00e2tillon - Norges Metalls\u00f8kerforening | Museum\" \/>\n<meta property=\"og:description\" content=\"Gaucher of Ch\u00e2tillon was lord of Ch\u00e2tillon, Count of Porcien and Constable of France. Gaucher de Ch\u00e2tillon ruled Florennes in right of his wife, Isabelle de Rumigny, and operated a mint at Yves, within the territory of the fief. LORDSHIP OF FLORENNES Date of reign: AD 1313-AD 1322 Preget i Yves som ligger i grevskapet [&hellip;]\" \/>\n<meta property=\"og:url\" content=\"https:\/\/nmf.nu\/museum\/funn\/mynter\/nederland\/nederlandene\/nederlandene-for-1384\/sterling-1313-1322-gaucher-de-chatillon-3\/\" \/>\n<meta property=\"og:site_name\" content=\"Norges Metalls\u00f8kerforening | Museum\" \/>\n<meta property=\"article:publisher\" content=\"https:\/\/www.facebook.com\/groups\/480204098827134\/\" \/>\n<meta property=\"article:modified_time\" content=\"2025-01-01T21:51:56+00:00\" \/>\n<meta property=\"og:image\" content=\"https:\/\/nmf.nu\/museum\/wp-content\/uploads\/2023\/03\/1313-1322-mc.jpg\" \/>\n\t<meta property=\"og:image:width\" content=\"1200\" \/>\n\t<meta property=\"og:image:height\" content=\"1200\" \/>\n\t<meta property=\"og:image:type\" content=\"image\/jpeg\" \/>\n<meta name=\"twitter:card\" content=\"summary_large_image\" \/>\n<meta name=\"twitter:label1\" content=\"Ansl. lesetid\" \/>\n\t<meta name=\"twitter:data1\" content=\"2 minutter\" \/>\n<script type=\"application\/ld+json\" class=\"yoast-schema-graph\">{\"@context\":\"https:\\\/\\\/schema.org\",\"@graph\":[{\"@type\":\"WebPage\",\"@id\":\"https:\\\/\\\/nmf.nu\\\/museum\\\/funn\\\/mynter\\\/nederland\\\/nederlandene\\\/nederlandene-for-1384\\\/sterling-1313-1322-gaucher-de-chatillon-3\\\/\",\"url\":\"https:\\\/\\\/nmf.nu\\\/museum\\\/funn\\\/mynter\\\/nederland\\\/nederlandene\\\/nederlandene-for-1384\\\/sterling-1313-1322-gaucher-de-chatillon-3\\\/\",\"name\":\"Sterling 1313-1322 Gaucher de Ch\u00e2tillon - Norges Metalls\u00f8kerforening | Museum\",\"isPartOf\":{\"@id\":\"https:\\\/\\\/nmf.nu\\\/museum\\\/#website\"},\"primaryImageOfPage\":{\"@id\":\"https:\\\/\\\/nmf.nu\\\/museum\\\/funn\\\/mynter\\\/nederland\\\/nederlandene\\\/nederlandene-for-1384\\\/sterling-1313-1322-gaucher-de-chatillon-3\\\/#primaryimage\"},\"image\":{\"@id\":\"https:\\\/\\\/nmf.nu\\\/museum\\\/funn\\\/mynter\\\/nederland\\\/nederlandene\\\/nederlandene-for-1384\\\/sterling-1313-1322-gaucher-de-chatillon-3\\\/#primaryimage\"},\"thumbnailUrl\":\"https:\\\/\\\/nmf.nu\\\/museum\\\/wp-content\\\/uploads\\\/2023\\\/03\\\/1313-1322-mc.jpg\",\"datePublished\":\"2023-03-09T19:26:57+00:00\",\"dateModified\":\"2025-01-01T21:51:56+00:00\",\"breadcrumb\":{\"@id\":\"https:\\\/\\\/nmf.nu\\\/museum\\\/funn\\\/mynter\\\/nederland\\\/nederlandene\\\/nederlandene-for-1384\\\/sterling-1313-1322-gaucher-de-chatillon-3\\\/#breadcrumb\"},\"inLanguage\":\"nb-NO\",\"potentialAction\":[{\"@type\":\"ReadAction\",\"target\":[\"https:\\\/\\\/nmf.nu\\\/museum\\\/funn\\\/mynter\\\/nederland\\\/nederlandene\\\/nederlandene-for-1384\\\/sterling-1313-1322-gaucher-de-chatillon-3\\\/\"]}]},{\"@type\":\"ImageObject\",\"inLanguage\":\"nb-NO\",\"@id\":\"https:\\\/\\\/nmf.nu\\\/museum\\\/funn\\\/mynter\\\/nederland\\\/nederlandene\\\/nederlandene-for-1384\\\/sterling-1313-1322-gaucher-de-chatillon-3\\\/#primaryimage\",\"url\":\"https:\\\/\\\/nmf.nu\\\/museum\\\/wp-content\\\/uploads\\\/2023\\\/03\\\/1313-1322-mc.jpg\",\"contentUrl\":\"https:\\\/\\\/nmf.nu\\\/museum\\\/wp-content\\\/uploads\\\/2023\\\/03\\\/1313-1322-mc.jpg\",\"width\":1200,\"height\":1200},{\"@type\":\"BreadcrumbList\",\"@id\":\"https:\\\/\\\/nmf.nu\\\/museum\\\/funn\\\/mynter\\\/nederland\\\/nederlandene\\\/nederlandene-for-1384\\\/sterling-1313-1322-gaucher-de-chatillon-3\\\/#breadcrumb\",\"itemListElement\":[{\"@type\":\"ListItem\",\"position\":1,\"name\":\"Hjem\",\"item\":\"https:\\\/\\\/nmf.nu\\\/museum\\\/\"},{\"@type\":\"ListItem\",\"position\":2,\"name\":\"Funn\",\"item\":\"https:\\\/\\\/nmf.nu\\\/museum\\\/shop\\\/\"},{\"@type\":\"ListItem\",\"position\":3,\"name\":\"Sterling 1313-1322 Gaucher de Ch\u00e2tillon\"}]},{\"@type\":\"WebSite\",\"@id\":\"https:\\\/\\\/nmf.nu\\\/museum\\\/#website\",\"url\":\"https:\\\/\\\/nmf.nu\\\/museum\\\/\",\"name\":\"Norges Metalls\u00f8kerforening | Museum\",\"description\":\"Kulturvern med metalls\u00f8ker\",\"potentialAction\":[{\"@type\":\"SearchAction\",\"target\":{\"@type\":\"EntryPoint\",\"urlTemplate\":\"https:\\\/\\\/nmf.nu\\\/museum\\\/?s={search_term_string}\"},\"query-input\":{\"@type\":\"PropertyValueSpecification\",\"valueRequired\":true,\"valueName\":\"search_term_string\"}}],\"inLanguage\":\"nb-NO\"}]}<\/script>\n<!-- \/ Yoast SEO plugin. -->","yoast_head_json":{"title":"Sterling 1313-1322 Gaucher de Ch\u00e2tillon - Norges Metalls\u00f8kerforening | Museum","robots":{"index":"index","follow":"follow","max-snippet":"max-snippet:-1","max-image-preview":"max-image-preview:large","max-video-preview":"max-video-preview:-1"},"canonical":"https:\/\/nmf.nu\/museum\/funn\/mynter\/nederland\/nederlandene\/nederlandene-for-1384\/sterling-1313-1322-gaucher-de-chatillon-3\/","og_locale":"nb_NO","og_type":"article","og_title":"Sterling 1313-1322 Gaucher de Ch\u00e2tillon - Norges Metalls\u00f8kerforening | Museum","og_description":"Gaucher of Ch\u00e2tillon was lord of Ch\u00e2tillon, Count of Porcien and Constable of France. Gaucher de Ch\u00e2tillon ruled Florennes in right of his wife, Isabelle de Rumigny, and operated a mint at Yves, within the territory of the fief. LORDSHIP OF FLORENNES Date of reign: AD 1313-AD 1322 Preget i Yves som ligger i grevskapet [&hellip;]","og_url":"https:\/\/nmf.nu\/museum\/funn\/mynter\/nederland\/nederlandene\/nederlandene-for-1384\/sterling-1313-1322-gaucher-de-chatillon-3\/","og_site_name":"Norges Metalls\u00f8kerforening | Museum","article_publisher":"https:\/\/www.facebook.com\/groups\/480204098827134\/","article_modified_time":"2025-01-01T21:51:56+00:00","og_image":[{"width":1200,"height":1200,"url":"https:\/\/nmf.nu\/museum\/wp-content\/uploads\/2023\/03\/1313-1322-mc.jpg","type":"image\/jpeg"}],"twitter_card":"summary_large_image","twitter_misc":{"Ansl. lesetid":"2 minutter"},"schema":{"@context":"https:\/\/schema.org","@graph":[{"@type":"WebPage","@id":"https:\/\/nmf.nu\/museum\/funn\/mynter\/nederland\/nederlandene\/nederlandene-for-1384\/sterling-1313-1322-gaucher-de-chatillon-3\/","url":"https:\/\/nmf.nu\/museum\/funn\/mynter\/nederland\/nederlandene\/nederlandene-for-1384\/sterling-1313-1322-gaucher-de-chatillon-3\/","name":"Sterling 1313-1322 Gaucher de Ch\u00e2tillon - Norges Metalls\u00f8kerforening | Museum","isPartOf":{"@id":"https:\/\/nmf.nu\/museum\/#website"},"primaryImageOfPage":{"@id":"https:\/\/nmf.nu\/museum\/funn\/mynter\/nederland\/nederlandene\/nederlandene-for-1384\/sterling-1313-1322-gaucher-de-chatillon-3\/#primaryimage"},"image":{"@id":"https:\/\/nmf.nu\/museum\/funn\/mynter\/nederland\/nederlandene\/nederlandene-for-1384\/sterling-1313-1322-gaucher-de-chatillon-3\/#primaryimage"},"thumbnailUrl":"https:\/\/nmf.nu\/museum\/wp-content\/uploads\/2023\/03\/1313-1322-mc.jpg","datePublished":"2023-03-09T19:26:57+00:00","dateModified":"2025-01-01T21:51:56+00:00","breadcrumb":{"@id":"https:\/\/nmf.nu\/museum\/funn\/mynter\/nederland\/nederlandene\/nederlandene-for-1384\/sterling-1313-1322-gaucher-de-chatillon-3\/#breadcrumb"},"inLanguage":"nb-NO","potentialAction":[{"@type":"ReadAction","target":["https:\/\/nmf.nu\/museum\/funn\/mynter\/nederland\/nederlandene\/nederlandene-for-1384\/sterling-1313-1322-gaucher-de-chatillon-3\/"]}]},{"@type":"ImageObject","inLanguage":"nb-NO","@id":"https:\/\/nmf.nu\/museum\/funn\/mynter\/nederland\/nederlandene\/nederlandene-for-1384\/sterling-1313-1322-gaucher-de-chatillon-3\/#primaryimage","url":"https:\/\/nmf.nu\/museum\/wp-content\/uploads\/2023\/03\/1313-1322-mc.jpg","contentUrl":"https:\/\/nmf.nu\/museum\/wp-content\/uploads\/2023\/03\/1313-1322-mc.jpg","width":1200,"height":1200},{"@type":"BreadcrumbList","@id":"https:\/\/nmf.nu\/museum\/funn\/mynter\/nederland\/nederlandene\/nederlandene-for-1384\/sterling-1313-1322-gaucher-de-chatillon-3\/#breadcrumb","itemListElement":[{"@type":"ListItem","position":1,"name":"Hjem","item":"https:\/\/nmf.nu\/museum\/"},{"@type":"ListItem","position":2,"name":"Funn","item":"https:\/\/nmf.nu\/museum\/shop\/"},{"@type":"ListItem","position":3,"name":"Sterling 1313-1322 Gaucher de Ch\u00e2tillon"}]},{"@type":"WebSite","@id":"https:\/\/nmf.nu\/museum\/#website","url":"https:\/\/nmf.nu\/museum\/","name":"Norges Metalls\u00f8kerforening | Museum","description":"Kulturvern med metalls\u00f8ker","potentialAction":[{"@type":"SearchAction","target":{"@type":"EntryPoint","urlTemplate":"https:\/\/nmf.nu\/museum\/?s={search_term_string}"},"query-input":{"@type":"PropertyValueSpecification","valueRequired":true,"valueName":"search_term_string"}}],"inLanguage":"nb-NO"}]}},"_links":{"self":[{"href":"https:\/\/nmf.nu\/museum\/wp-json\/wp\/v2\/product\/34479","targetHints":{"allow":["GET"]}}],"collection":[{"href":"https:\/\/nmf.nu\/museum\/wp-json\/wp\/v2\/product"}],"about":[{"href":"https:\/\/nmf.nu\/museum\/wp-json\/wp\/v2\/types\/product"}],"replies":[{"embeddable":true,"href":"https:\/\/nmf.nu\/museum\/wp-json\/wp\/v2\/comments?post=34479"}],"wp:featuredmedia":[{"embeddable":true,"href":"https:\/\/nmf.nu\/museum\/wp-json\/wp\/v2\/media\/34481"}],"wp:attachment":[{"href":"https:\/\/nmf.nu\/museum\/wp-json\/wp\/v2\/media?parent=34479"}],"wp:term":[{"taxonomy":"product_brand","embeddable":true,"href":"https:\/\/nmf.nu\/museum\/wp-json\/wp\/v2\/product_brand?post=34479"},{"taxonomy":"product_cat","embeddable":true,"href":"https:\/\/nmf.nu\/museum\/wp-json\/wp\/v2\/product_cat?post=34479"},{"taxonomy":"product_tag","embeddable":true,"href":"https:\/\/nmf.nu\/museum\/wp-json\/wp\/v2\/product_tag?post=34479"}],"curies":[{"name":"wp","href":"https:\/\/api.w.org\/{rel}","templated":true}]}}