{"id":31022,"date":"2022-05-22T13:34:48","date_gmt":"2022-05-22T11:34:48","guid":{"rendered":"https:\/\/nmf.nu\/museum\/?post_type=product&#038;p=31022"},"modified":"2022-05-23T09:27:09","modified_gmt":"2022-05-23T07:27:09","slug":"berbisk-sukkerhammer","status":"publish","type":"product","link":"https:\/\/nmf.nu\/museum\/funn\/gjenstander\/redskap-og-verktoy\/berbisk-sukkerhammer\/","title":{"rendered":"Berbisk sukkerhammer"},"content":{"rendered":"<div dir=\"auto\">I Nord-Afrika og andre steder hvor de elsker sukkerklumper og te, hvor man m\u00e5 hakke opp steinharde sukkerklumper for ha s\u00f8tningsstoff i teen og de har laget slike hammer redskaper i mange lange \u00e5r, og s\u00e5 vakkert dekorerte s\u00e5, ja s\u00e5 underfundige vakre og slikt som alt annet blir vel med hjem som handelsvarer og andre suvenir &#8230;<\/div>\n<div dir=\"auto\">Old Tuareg hammer Sugar &#8211; Moroccan handcrafted.<br \/>\n<a href=\"https:\/\/www.catawiki.com\/no\/l\/34535423-jewish-moroccan-artist-judaica-antikk-marokkansk-berber-taureg-messing-etset-sukkerhammer-lignende-i-museumskatalog-bronse\" target=\"_blank\" rel=\"noopener\">Se om &#8211; Antikk Marokkansk &#8211; Berber Tuareg &#8211; Sukkerhammer &#8211;<\/a><br \/>\n&#8211;<br \/>\nSukkerhammere og sukkersakser &#8211;<br \/>\n&#8211;<br \/>\n<a href=\"https:\/\/no.wikipedia.org\/wiki\/Sukkersaks\" target=\"_blank\" rel=\"noopener\">Se mer om norsk\u00a0 &#8211; Sukkersaks &#8211;<\/a><\/div>\n<p>&#8211;<\/p>\n<p>&#8211;<\/p>\n<p>&nbsp;<\/p>\n<p>&#8211;<\/p>\n<p>&#8211;<\/p>\n<p>&nbsp;<\/p>\n","protected":false},"excerpt":{"rendered":"<p>I Nord-Afrika og andre steder hvor de elsker sukkerklumper og te, hvor man m\u00e5 hakke opp steinharde sukkerklumper for ha s\u00f8tningsstoff i teen og de har laget slike hammer redskaper i mange lange \u00e5r, og s\u00e5 vakkert dekorerte s\u00e5, ja s\u00e5 underfundige vakre og slikt som alt annet blir vel med hjem som handelsvarer og [&hellip;]<\/p>\n","protected":false},"featured_media":31026,"comment_status":"open","ping_status":"closed","template":"","meta":{"_acf_changed":false,"_et_pb_use_builder":"","_et_pb_old_content":"","_et_gb_content_width":""},"product_brand":[],"product_cat":[56,13,103,46],"product_tag":[],"class_list":{"0":"post-31022","1":"product","2":"type-product","3":"status-publish","4":"has-post-thumbnail","6":"product_cat-alle-gjenstander","7":"product_cat-gjenstander","8":"product_cat-gjenstander-1814-1905","9":"product_cat-redskap-og-verktoy","11":"first","12":"instock","13":"shipping-taxable","14":"product-type-simple"},"acf":[],"yoast_head":"<!-- This site is optimized with the Yoast SEO plugin v27.5 - https:\/\/yoast.com\/product\/yoast-seo-wordpress\/ -->\n<title>Berbisk sukkerhammer - Norges Metalls\u00f8kerforening | Museum<\/title>\n<meta name=\"robots\" content=\"index, follow, max-snippet:-1, max-image-preview:large, max-video-preview:-1\" \/>\n<link rel=\"canonical\" href=\"https:\/\/nmf.nu\/museum\/funn\/gjenstander\/redskap-og-verktoy\/berbisk-sukkerhammer\/\" \/>\n<meta property=\"og:locale\" content=\"nb_NO\" \/>\n<meta property=\"og:type\" content=\"article\" \/>\n<meta property=\"og:title\" content=\"Berbisk sukkerhammer - Norges Metalls\u00f8kerforening | Museum\" \/>\n<meta property=\"og:description\" content=\"I Nord-Afrika og andre steder hvor de elsker sukkerklumper og te, hvor man m\u00e5 hakke opp steinharde sukkerklumper for ha s\u00f8tningsstoff i teen og de har laget slike hammer redskaper i mange lange \u00e5r, og s\u00e5 vakkert dekorerte s\u00e5, ja s\u00e5 underfundige vakre og slikt som alt annet blir vel med hjem som handelsvarer og [&hellip;]\" \/>\n<meta property=\"og:url\" content=\"https:\/\/nmf.nu\/museum\/funn\/gjenstander\/redskap-og-verktoy\/berbisk-sukkerhammer\/\" \/>\n<meta property=\"og:site_name\" content=\"Norges Metalls\u00f8kerforening | Museum\" \/>\n<meta property=\"article:publisher\" content=\"https:\/\/www.facebook.com\/groups\/480204098827134\/\" \/>\n<meta property=\"article:modified_time\" content=\"2022-05-23T07:27:09+00:00\" \/>\n<meta property=\"og:image\" content=\"https:\/\/nmf.nu\/museum\/wp-content\/uploads\/2022\/05\/2a-6.jpg\" \/>\n\t<meta property=\"og:image:width\" content=\"1200\" \/>\n\t<meta property=\"og:image:height\" content=\"1200\" \/>\n\t<meta property=\"og:image:type\" content=\"image\/jpeg\" \/>\n<meta name=\"twitter:card\" content=\"summary_large_image\" \/>\n<meta name=\"twitter:label1\" content=\"Ansl. lesetid\" \/>\n\t<meta name=\"twitter:data1\" content=\"1 minutt\" \/>\n<script type=\"application\/ld+json\" class=\"yoast-schema-graph\">{\"@context\":\"https:\\\/\\\/schema.org\",\"@graph\":[{\"@type\":\"WebPage\",\"@id\":\"https:\\\/\\\/nmf.nu\\\/museum\\\/funn\\\/gjenstander\\\/redskap-og-verktoy\\\/berbisk-sukkerhammer\\\/\",\"url\":\"https:\\\/\\\/nmf.nu\\\/museum\\\/funn\\\/gjenstander\\\/redskap-og-verktoy\\\/berbisk-sukkerhammer\\\/\",\"name\":\"Berbisk sukkerhammer - Norges Metalls\u00f8kerforening | Museum\",\"isPartOf\":{\"@id\":\"https:\\\/\\\/nmf.nu\\\/museum\\\/#website\"},\"primaryImageOfPage\":{\"@id\":\"https:\\\/\\\/nmf.nu\\\/museum\\\/funn\\\/gjenstander\\\/redskap-og-verktoy\\\/berbisk-sukkerhammer\\\/#primaryimage\"},\"image\":{\"@id\":\"https:\\\/\\\/nmf.nu\\\/museum\\\/funn\\\/gjenstander\\\/redskap-og-verktoy\\\/berbisk-sukkerhammer\\\/#primaryimage\"},\"thumbnailUrl\":\"https:\\\/\\\/nmf.nu\\\/museum\\\/wp-content\\\/uploads\\\/2022\\\/05\\\/2a-6.jpg\",\"datePublished\":\"2022-05-22T11:34:48+00:00\",\"dateModified\":\"2022-05-23T07:27:09+00:00\",\"breadcrumb\":{\"@id\":\"https:\\\/\\\/nmf.nu\\\/museum\\\/funn\\\/gjenstander\\\/redskap-og-verktoy\\\/berbisk-sukkerhammer\\\/#breadcrumb\"},\"inLanguage\":\"nb-NO\",\"potentialAction\":[{\"@type\":\"ReadAction\",\"target\":[\"https:\\\/\\\/nmf.nu\\\/museum\\\/funn\\\/gjenstander\\\/redskap-og-verktoy\\\/berbisk-sukkerhammer\\\/\"]}]},{\"@type\":\"ImageObject\",\"inLanguage\":\"nb-NO\",\"@id\":\"https:\\\/\\\/nmf.nu\\\/museum\\\/funn\\\/gjenstander\\\/redskap-og-verktoy\\\/berbisk-sukkerhammer\\\/#primaryimage\",\"url\":\"https:\\\/\\\/nmf.nu\\\/museum\\\/wp-content\\\/uploads\\\/2022\\\/05\\\/2a-6.jpg\",\"contentUrl\":\"https:\\\/\\\/nmf.nu\\\/museum\\\/wp-content\\\/uploads\\\/2022\\\/05\\\/2a-6.jpg\",\"width\":1200,\"height\":1200,\"caption\":\"Berbisk sukkerhammer\"},{\"@type\":\"BreadcrumbList\",\"@id\":\"https:\\\/\\\/nmf.nu\\\/museum\\\/funn\\\/gjenstander\\\/redskap-og-verktoy\\\/berbisk-sukkerhammer\\\/#breadcrumb\",\"itemListElement\":[{\"@type\":\"ListItem\",\"position\":1,\"name\":\"Hjem\",\"item\":\"https:\\\/\\\/nmf.nu\\\/museum\\\/\"},{\"@type\":\"ListItem\",\"position\":2,\"name\":\"Funn\",\"item\":\"https:\\\/\\\/nmf.nu\\\/museum\\\/shop\\\/\"},{\"@type\":\"ListItem\",\"position\":3,\"name\":\"Berbisk sukkerhammer\"}]},{\"@type\":\"WebSite\",\"@id\":\"https:\\\/\\\/nmf.nu\\\/museum\\\/#website\",\"url\":\"https:\\\/\\\/nmf.nu\\\/museum\\\/\",\"name\":\"Norges Metalls\u00f8kerforening | Museum\",\"description\":\"Kulturvern med metalls\u00f8ker\",\"potentialAction\":[{\"@type\":\"SearchAction\",\"target\":{\"@type\":\"EntryPoint\",\"urlTemplate\":\"https:\\\/\\\/nmf.nu\\\/museum\\\/?s={search_term_string}\"},\"query-input\":{\"@type\":\"PropertyValueSpecification\",\"valueRequired\":true,\"valueName\":\"search_term_string\"}}],\"inLanguage\":\"nb-NO\"}]}<\/script>\n<!-- \/ Yoast SEO plugin. -->","yoast_head_json":{"title":"Berbisk sukkerhammer - Norges Metalls\u00f8kerforening | Museum","robots":{"index":"index","follow":"follow","max-snippet":"max-snippet:-1","max-image-preview":"max-image-preview:large","max-video-preview":"max-video-preview:-1"},"canonical":"https:\/\/nmf.nu\/museum\/funn\/gjenstander\/redskap-og-verktoy\/berbisk-sukkerhammer\/","og_locale":"nb_NO","og_type":"article","og_title":"Berbisk sukkerhammer - Norges Metalls\u00f8kerforening | Museum","og_description":"I Nord-Afrika og andre steder hvor de elsker sukkerklumper og te, hvor man m\u00e5 hakke opp steinharde sukkerklumper for ha s\u00f8tningsstoff i teen og de har laget slike hammer redskaper i mange lange \u00e5r, og s\u00e5 vakkert dekorerte s\u00e5, ja s\u00e5 underfundige vakre og slikt som alt annet blir vel med hjem som handelsvarer og [&hellip;]","og_url":"https:\/\/nmf.nu\/museum\/funn\/gjenstander\/redskap-og-verktoy\/berbisk-sukkerhammer\/","og_site_name":"Norges Metalls\u00f8kerforening | Museum","article_publisher":"https:\/\/www.facebook.com\/groups\/480204098827134\/","article_modified_time":"2022-05-23T07:27:09+00:00","og_image":[{"width":1200,"height":1200,"url":"https:\/\/nmf.nu\/museum\/wp-content\/uploads\/2022\/05\/2a-6.jpg","type":"image\/jpeg"}],"twitter_card":"summary_large_image","twitter_misc":{"Ansl. lesetid":"1 minutt"},"schema":{"@context":"https:\/\/schema.org","@graph":[{"@type":"WebPage","@id":"https:\/\/nmf.nu\/museum\/funn\/gjenstander\/redskap-og-verktoy\/berbisk-sukkerhammer\/","url":"https:\/\/nmf.nu\/museum\/funn\/gjenstander\/redskap-og-verktoy\/berbisk-sukkerhammer\/","name":"Berbisk sukkerhammer - Norges Metalls\u00f8kerforening | Museum","isPartOf":{"@id":"https:\/\/nmf.nu\/museum\/#website"},"primaryImageOfPage":{"@id":"https:\/\/nmf.nu\/museum\/funn\/gjenstander\/redskap-og-verktoy\/berbisk-sukkerhammer\/#primaryimage"},"image":{"@id":"https:\/\/nmf.nu\/museum\/funn\/gjenstander\/redskap-og-verktoy\/berbisk-sukkerhammer\/#primaryimage"},"thumbnailUrl":"https:\/\/nmf.nu\/museum\/wp-content\/uploads\/2022\/05\/2a-6.jpg","datePublished":"2022-05-22T11:34:48+00:00","dateModified":"2022-05-23T07:27:09+00:00","breadcrumb":{"@id":"https:\/\/nmf.nu\/museum\/funn\/gjenstander\/redskap-og-verktoy\/berbisk-sukkerhammer\/#breadcrumb"},"inLanguage":"nb-NO","potentialAction":[{"@type":"ReadAction","target":["https:\/\/nmf.nu\/museum\/funn\/gjenstander\/redskap-og-verktoy\/berbisk-sukkerhammer\/"]}]},{"@type":"ImageObject","inLanguage":"nb-NO","@id":"https:\/\/nmf.nu\/museum\/funn\/gjenstander\/redskap-og-verktoy\/berbisk-sukkerhammer\/#primaryimage","url":"https:\/\/nmf.nu\/museum\/wp-content\/uploads\/2022\/05\/2a-6.jpg","contentUrl":"https:\/\/nmf.nu\/museum\/wp-content\/uploads\/2022\/05\/2a-6.jpg","width":1200,"height":1200,"caption":"Berbisk sukkerhammer"},{"@type":"BreadcrumbList","@id":"https:\/\/nmf.nu\/museum\/funn\/gjenstander\/redskap-og-verktoy\/berbisk-sukkerhammer\/#breadcrumb","itemListElement":[{"@type":"ListItem","position":1,"name":"Hjem","item":"https:\/\/nmf.nu\/museum\/"},{"@type":"ListItem","position":2,"name":"Funn","item":"https:\/\/nmf.nu\/museum\/shop\/"},{"@type":"ListItem","position":3,"name":"Berbisk sukkerhammer"}]},{"@type":"WebSite","@id":"https:\/\/nmf.nu\/museum\/#website","url":"https:\/\/nmf.nu\/museum\/","name":"Norges Metalls\u00f8kerforening | Museum","description":"Kulturvern med metalls\u00f8ker","potentialAction":[{"@type":"SearchAction","target":{"@type":"EntryPoint","urlTemplate":"https:\/\/nmf.nu\/museum\/?s={search_term_string}"},"query-input":{"@type":"PropertyValueSpecification","valueRequired":true,"valueName":"search_term_string"}}],"inLanguage":"nb-NO"}]}},"_links":{"self":[{"href":"https:\/\/nmf.nu\/museum\/wp-json\/wp\/v2\/product\/31022","targetHints":{"allow":["GET"]}}],"collection":[{"href":"https:\/\/nmf.nu\/museum\/wp-json\/wp\/v2\/product"}],"about":[{"href":"https:\/\/nmf.nu\/museum\/wp-json\/wp\/v2\/types\/product"}],"replies":[{"embeddable":true,"href":"https:\/\/nmf.nu\/museum\/wp-json\/wp\/v2\/comments?post=31022"}],"wp:featuredmedia":[{"embeddable":true,"href":"https:\/\/nmf.nu\/museum\/wp-json\/wp\/v2\/media\/31026"}],"wp:attachment":[{"href":"https:\/\/nmf.nu\/museum\/wp-json\/wp\/v2\/media?parent=31022"}],"wp:term":[{"taxonomy":"product_brand","embeddable":true,"href":"https:\/\/nmf.nu\/museum\/wp-json\/wp\/v2\/product_brand?post=31022"},{"taxonomy":"product_cat","embeddable":true,"href":"https:\/\/nmf.nu\/museum\/wp-json\/wp\/v2\/product_cat?post=31022"},{"taxonomy":"product_tag","embeddable":true,"href":"https:\/\/nmf.nu\/museum\/wp-json\/wp\/v2\/product_tag?post=31022"}],"curies":[{"name":"wp","href":"https:\/\/api.w.org\/{rel}","templated":true}]}}