{"id":30561,"date":"2022-04-30T09:01:58","date_gmt":"2022-04-30T07:01:58","guid":{"rendered":"https:\/\/nmf.nu\/museum\/?post_type=product&#038;p=30561"},"modified":"2024-06-25T17:21:48","modified_gmt":"2024-06-25T15:21:48","slug":"draktsmykke","status":"publish","type":"product","link":"https:\/\/nmf.nu\/museum\/funn\/gjenstander\/gjenstander-for-1537\/draktsmykke\/","title":{"rendered":"Draktspenne"},"content":{"rendered":"<p>Se lignende lik:<br \/>\n<a href=\"https:\/\/www.nb.no\/items\/89cbca434b073588fd6ddedf4d665112?page=175&amp;searchText=norske%20oldsager\" target=\"_blank\" rel=\"noopener\">N\u00e6rmest som 667 i Norske Oldsager\u00a0 &#8211; Oluf Rygh<\/a>.<br \/>\n&#8211;<br \/>\n<a href=\"https:\/\/www.unimus.no\/portal\/#\/things\/8abcfe27-f1cf-4e9e-9e64-b07d58a7ca38\" target=\"_blank\" rel=\"noopener\">S\u00f8lvspenne Eigersund C761<\/a><br \/>\nGjenstandsbeskrivelse:<br \/>\nEn skaalformet, cirkelrund Sp\u00e6nde af S\u00f8lv; n\u00e6sten 2 Tr. i Gjennemsnit;<br \/>\npaa Overfladen temmelig st\u00e6rkt oph\u00f8iede Snirkelzirater,<br \/>\nomgivende af en Rand af Udseende som en dobbelt Fletning;<br \/>\npaa Bagsiden en tilloddet Hempe, samt Indretning til at f\u00e6ste Naalen,<br \/>\nog Spor efter B\u00f8ile til at l\u00e6gge den under; selve Naalen er borte.<br \/>\n(Avbildet i Holmboes beskrivelse over fundet pl. IV 108 og R. 667.<\/p>\n<p>&#8211;<br \/>\n<a href=\"https:\/\/digitaltmuseum.org\/0210113934991\/rund-solvspenne-fra-arstad-eigersund\" target=\"_blank\" rel=\"noopener\">S\u00f8lvspenne fra \u00c5rstadfunnet<\/a> i Egersund, s\u00f8lvskatt fra ca \u00e5r 1030 &#8211; funnet i 1836.<\/p>\n<p>&#8211;<br \/>\n<a href=\"https:\/\/www.dalanefolke.museum.no\/leksikon\/arstadskatten\" target=\"_blank\" rel=\"noopener\">\u00c5rstadskatten funnet i februar 1836<\/a><br \/>\n1849 mynter &#8211; S\u00f8lv Brosje &#8211; andre gjenstander av s\u00f8lv &#8211; 2,3 kilo.<\/p>\n<p>&#8211;<br \/>\n<a href=\"https:\/\/da.wikipedia.org\/wiki\/S%C3%B8lvskatten_fra_Terslev\" target=\"_blank\" rel=\"noopener\">Terslevskatten et depotfunn fra vikingtiden.<\/a><\/p>\n<p>&#8211;<br \/>\n<a href=\"https:\/\/natmus.dk\/historisk-viden\/danmark\/oldtid-indtil-aar-1050\/vikingetiden-800-1050\/vikingernes-soelvskatte\/soelvskatten-fra-terslev\/\" target=\"_blank\" rel=\"noopener\">Natmus.dk. &#8211; S\u00f8lvsmykker fra vikingetiden &#8211; S\u00f8lvskatten fra Terslev &#8211;<\/a><\/p>\n<p>&nbsp;<\/p>\n<p>&#8211;<\/p>\n<p>&#8211;<\/p>\n<p>&nbsp;<\/p>\n","protected":false},"excerpt":{"rendered":"<p>Se lignende lik: N\u00e6rmest som 667 i Norske Oldsager\u00a0 &#8211; Oluf Rygh. &#8211; S\u00f8lvspenne Eigersund C761 Gjenstandsbeskrivelse: En skaalformet, cirkelrund Sp\u00e6nde af S\u00f8lv; n\u00e6sten 2 Tr. i Gjennemsnit; paa Overfladen temmelig st\u00e6rkt oph\u00f8iede Snirkelzirater, omgivende af en Rand af Udseende som en dobbelt Fletning; paa Bagsiden en tilloddet Hempe, samt Indretning til at f\u00e6ste Naalen, [&hellip;]<\/p>\n","protected":false},"featured_media":30562,"comment_status":"open","ping_status":"closed","template":"","meta":{"_acf_changed":false,"_et_pb_use_builder":"","_et_pb_old_content":"","_et_gb_content_width":""},"product_brand":[],"product_cat":[56,53,13,15,175,32,147],"product_tag":[],"class_list":{"0":"post-30561","1":"product","2":"type-product","3":"status-publish","4":"has-post-thumbnail","6":"product_cat-alle-gjenstander","7":"product_cat-fibulaer","8":"product_cat-gjenstander","9":"product_cat-gjenstander-for-1537","10":"product_cat-smykker-for-1537","11":"product_cat-vikingtid-793-1066","12":"product_cat-yngre-jernalder-550-1066","14":"first","15":"instock","16":"shipping-taxable","17":"product-type-simple"},"acf":[],"yoast_head":"<!-- This site is optimized with the Yoast SEO plugin v27.4 - https:\/\/yoast.com\/product\/yoast-seo-wordpress\/ -->\n<title>Draktspenne - Norges Metalls\u00f8kerforening | Museum<\/title>\n<meta name=\"robots\" content=\"index, follow, max-snippet:-1, max-image-preview:large, max-video-preview:-1\" \/>\n<link rel=\"canonical\" href=\"https:\/\/nmf.nu\/museum\/funn\/gjenstander\/gjenstander-for-1537\/draktsmykke\/\" \/>\n<meta property=\"og:locale\" content=\"nb_NO\" \/>\n<meta property=\"og:type\" content=\"article\" \/>\n<meta property=\"og:title\" content=\"Draktspenne - Norges Metalls\u00f8kerforening | Museum\" \/>\n<meta property=\"og:description\" content=\"Se lignende lik: N\u00e6rmest som 667 i Norske Oldsager\u00a0 &#8211; Oluf Rygh. &#8211; S\u00f8lvspenne Eigersund C761 Gjenstandsbeskrivelse: En skaalformet, cirkelrund Sp\u00e6nde af S\u00f8lv; n\u00e6sten 2 Tr. i Gjennemsnit; paa Overfladen temmelig st\u00e6rkt oph\u00f8iede Snirkelzirater, omgivende af en Rand af Udseende som en dobbelt Fletning; paa Bagsiden en tilloddet Hempe, samt Indretning til at f\u00e6ste Naalen, [&hellip;]\" \/>\n<meta property=\"og:url\" content=\"https:\/\/nmf.nu\/museum\/funn\/gjenstander\/gjenstander-for-1537\/draktsmykke\/\" \/>\n<meta property=\"og:site_name\" content=\"Norges Metalls\u00f8kerforening | Museum\" \/>\n<meta property=\"article:publisher\" content=\"https:\/\/www.facebook.com\/groups\/480204098827134\/\" \/>\n<meta property=\"article:modified_time\" content=\"2024-06-25T15:21:48+00:00\" \/>\n<meta property=\"og:image\" content=\"https:\/\/nmf.nu\/museum\/wp-content\/uploads\/2022\/04\/1-27.jpg\" \/>\n\t<meta property=\"og:image:width\" content=\"1199\" \/>\n\t<meta property=\"og:image:height\" content=\"1199\" \/>\n\t<meta property=\"og:image:type\" content=\"image\/jpeg\" \/>\n<meta name=\"twitter:card\" content=\"summary_large_image\" \/>\n<meta name=\"twitter:label1\" content=\"Ansl. lesetid\" \/>\n\t<meta name=\"twitter:data1\" content=\"1 minutt\" \/>\n<script type=\"application\/ld+json\" class=\"yoast-schema-graph\">{\"@context\":\"https:\\\/\\\/schema.org\",\"@graph\":[{\"@type\":\"WebPage\",\"@id\":\"https:\\\/\\\/nmf.nu\\\/museum\\\/funn\\\/gjenstander\\\/gjenstander-for-1537\\\/draktsmykke\\\/\",\"url\":\"https:\\\/\\\/nmf.nu\\\/museum\\\/funn\\\/gjenstander\\\/gjenstander-for-1537\\\/draktsmykke\\\/\",\"name\":\"Draktspenne - Norges Metalls\u00f8kerforening | Museum\",\"isPartOf\":{\"@id\":\"https:\\\/\\\/nmf.nu\\\/museum\\\/#website\"},\"primaryImageOfPage\":{\"@id\":\"https:\\\/\\\/nmf.nu\\\/museum\\\/funn\\\/gjenstander\\\/gjenstander-for-1537\\\/draktsmykke\\\/#primaryimage\"},\"image\":{\"@id\":\"https:\\\/\\\/nmf.nu\\\/museum\\\/funn\\\/gjenstander\\\/gjenstander-for-1537\\\/draktsmykke\\\/#primaryimage\"},\"thumbnailUrl\":\"https:\\\/\\\/nmf.nu\\\/museum\\\/wp-content\\\/uploads\\\/2022\\\/04\\\/1-27.jpg\",\"datePublished\":\"2022-04-30T07:01:58+00:00\",\"dateModified\":\"2024-06-25T15:21:48+00:00\",\"breadcrumb\":{\"@id\":\"https:\\\/\\\/nmf.nu\\\/museum\\\/funn\\\/gjenstander\\\/gjenstander-for-1537\\\/draktsmykke\\\/#breadcrumb\"},\"inLanguage\":\"nb-NO\",\"potentialAction\":[{\"@type\":\"ReadAction\",\"target\":[\"https:\\\/\\\/nmf.nu\\\/museum\\\/funn\\\/gjenstander\\\/gjenstander-for-1537\\\/draktsmykke\\\/\"]}]},{\"@type\":\"ImageObject\",\"inLanguage\":\"nb-NO\",\"@id\":\"https:\\\/\\\/nmf.nu\\\/museum\\\/funn\\\/gjenstander\\\/gjenstander-for-1537\\\/draktsmykke\\\/#primaryimage\",\"url\":\"https:\\\/\\\/nmf.nu\\\/museum\\\/wp-content\\\/uploads\\\/2022\\\/04\\\/1-27.jpg\",\"contentUrl\":\"https:\\\/\\\/nmf.nu\\\/museum\\\/wp-content\\\/uploads\\\/2022\\\/04\\\/1-27.jpg\",\"width\":1199,\"height\":1199,\"caption\":\"Draktsmykke - S\u00f8lvspenne i Terslevstil.\"},{\"@type\":\"BreadcrumbList\",\"@id\":\"https:\\\/\\\/nmf.nu\\\/museum\\\/funn\\\/gjenstander\\\/gjenstander-for-1537\\\/draktsmykke\\\/#breadcrumb\",\"itemListElement\":[{\"@type\":\"ListItem\",\"position\":1,\"name\":\"Hjem\",\"item\":\"https:\\\/\\\/nmf.nu\\\/museum\\\/\"},{\"@type\":\"ListItem\",\"position\":2,\"name\":\"Funn\",\"item\":\"https:\\\/\\\/nmf.nu\\\/museum\\\/shop\\\/\"},{\"@type\":\"ListItem\",\"position\":3,\"name\":\"Draktspenne\"}]},{\"@type\":\"WebSite\",\"@id\":\"https:\\\/\\\/nmf.nu\\\/museum\\\/#website\",\"url\":\"https:\\\/\\\/nmf.nu\\\/museum\\\/\",\"name\":\"Norges Metalls\u00f8kerforening | Museum\",\"description\":\"Kulturvern med metalls\u00f8ker\",\"potentialAction\":[{\"@type\":\"SearchAction\",\"target\":{\"@type\":\"EntryPoint\",\"urlTemplate\":\"https:\\\/\\\/nmf.nu\\\/museum\\\/?s={search_term_string}\"},\"query-input\":{\"@type\":\"PropertyValueSpecification\",\"valueRequired\":true,\"valueName\":\"search_term_string\"}}],\"inLanguage\":\"nb-NO\"}]}<\/script>\n<!-- \/ Yoast SEO plugin. -->","yoast_head_json":{"title":"Draktspenne - Norges Metalls\u00f8kerforening | Museum","robots":{"index":"index","follow":"follow","max-snippet":"max-snippet:-1","max-image-preview":"max-image-preview:large","max-video-preview":"max-video-preview:-1"},"canonical":"https:\/\/nmf.nu\/museum\/funn\/gjenstander\/gjenstander-for-1537\/draktsmykke\/","og_locale":"nb_NO","og_type":"article","og_title":"Draktspenne - Norges Metalls\u00f8kerforening | Museum","og_description":"Se lignende lik: N\u00e6rmest som 667 i Norske Oldsager\u00a0 &#8211; Oluf Rygh. &#8211; S\u00f8lvspenne Eigersund C761 Gjenstandsbeskrivelse: En skaalformet, cirkelrund Sp\u00e6nde af S\u00f8lv; n\u00e6sten 2 Tr. i Gjennemsnit; paa Overfladen temmelig st\u00e6rkt oph\u00f8iede Snirkelzirater, omgivende af en Rand af Udseende som en dobbelt Fletning; paa Bagsiden en tilloddet Hempe, samt Indretning til at f\u00e6ste Naalen, [&hellip;]","og_url":"https:\/\/nmf.nu\/museum\/funn\/gjenstander\/gjenstander-for-1537\/draktsmykke\/","og_site_name":"Norges Metalls\u00f8kerforening | Museum","article_publisher":"https:\/\/www.facebook.com\/groups\/480204098827134\/","article_modified_time":"2024-06-25T15:21:48+00:00","og_image":[{"width":1199,"height":1199,"url":"https:\/\/nmf.nu\/museum\/wp-content\/uploads\/2022\/04\/1-27.jpg","type":"image\/jpeg"}],"twitter_card":"summary_large_image","twitter_misc":{"Ansl. lesetid":"1 minutt"},"schema":{"@context":"https:\/\/schema.org","@graph":[{"@type":"WebPage","@id":"https:\/\/nmf.nu\/museum\/funn\/gjenstander\/gjenstander-for-1537\/draktsmykke\/","url":"https:\/\/nmf.nu\/museum\/funn\/gjenstander\/gjenstander-for-1537\/draktsmykke\/","name":"Draktspenne - Norges Metalls\u00f8kerforening | Museum","isPartOf":{"@id":"https:\/\/nmf.nu\/museum\/#website"},"primaryImageOfPage":{"@id":"https:\/\/nmf.nu\/museum\/funn\/gjenstander\/gjenstander-for-1537\/draktsmykke\/#primaryimage"},"image":{"@id":"https:\/\/nmf.nu\/museum\/funn\/gjenstander\/gjenstander-for-1537\/draktsmykke\/#primaryimage"},"thumbnailUrl":"https:\/\/nmf.nu\/museum\/wp-content\/uploads\/2022\/04\/1-27.jpg","datePublished":"2022-04-30T07:01:58+00:00","dateModified":"2024-06-25T15:21:48+00:00","breadcrumb":{"@id":"https:\/\/nmf.nu\/museum\/funn\/gjenstander\/gjenstander-for-1537\/draktsmykke\/#breadcrumb"},"inLanguage":"nb-NO","potentialAction":[{"@type":"ReadAction","target":["https:\/\/nmf.nu\/museum\/funn\/gjenstander\/gjenstander-for-1537\/draktsmykke\/"]}]},{"@type":"ImageObject","inLanguage":"nb-NO","@id":"https:\/\/nmf.nu\/museum\/funn\/gjenstander\/gjenstander-for-1537\/draktsmykke\/#primaryimage","url":"https:\/\/nmf.nu\/museum\/wp-content\/uploads\/2022\/04\/1-27.jpg","contentUrl":"https:\/\/nmf.nu\/museum\/wp-content\/uploads\/2022\/04\/1-27.jpg","width":1199,"height":1199,"caption":"Draktsmykke - S\u00f8lvspenne i Terslevstil."},{"@type":"BreadcrumbList","@id":"https:\/\/nmf.nu\/museum\/funn\/gjenstander\/gjenstander-for-1537\/draktsmykke\/#breadcrumb","itemListElement":[{"@type":"ListItem","position":1,"name":"Hjem","item":"https:\/\/nmf.nu\/museum\/"},{"@type":"ListItem","position":2,"name":"Funn","item":"https:\/\/nmf.nu\/museum\/shop\/"},{"@type":"ListItem","position":3,"name":"Draktspenne"}]},{"@type":"WebSite","@id":"https:\/\/nmf.nu\/museum\/#website","url":"https:\/\/nmf.nu\/museum\/","name":"Norges Metalls\u00f8kerforening | Museum","description":"Kulturvern med metalls\u00f8ker","potentialAction":[{"@type":"SearchAction","target":{"@type":"EntryPoint","urlTemplate":"https:\/\/nmf.nu\/museum\/?s={search_term_string}"},"query-input":{"@type":"PropertyValueSpecification","valueRequired":true,"valueName":"search_term_string"}}],"inLanguage":"nb-NO"}]}},"_links":{"self":[{"href":"https:\/\/nmf.nu\/museum\/wp-json\/wp\/v2\/product\/30561","targetHints":{"allow":["GET"]}}],"collection":[{"href":"https:\/\/nmf.nu\/museum\/wp-json\/wp\/v2\/product"}],"about":[{"href":"https:\/\/nmf.nu\/museum\/wp-json\/wp\/v2\/types\/product"}],"replies":[{"embeddable":true,"href":"https:\/\/nmf.nu\/museum\/wp-json\/wp\/v2\/comments?post=30561"}],"wp:featuredmedia":[{"embeddable":true,"href":"https:\/\/nmf.nu\/museum\/wp-json\/wp\/v2\/media\/30562"}],"wp:attachment":[{"href":"https:\/\/nmf.nu\/museum\/wp-json\/wp\/v2\/media?parent=30561"}],"wp:term":[{"taxonomy":"product_brand","embeddable":true,"href":"https:\/\/nmf.nu\/museum\/wp-json\/wp\/v2\/product_brand?post=30561"},{"taxonomy":"product_cat","embeddable":true,"href":"https:\/\/nmf.nu\/museum\/wp-json\/wp\/v2\/product_cat?post=30561"},{"taxonomy":"product_tag","embeddable":true,"href":"https:\/\/nmf.nu\/museum\/wp-json\/wp\/v2\/product_tag?post=30561"}],"curies":[{"name":"wp","href":"https:\/\/api.w.org\/{rel}","templated":true}]}}