{"id":3001,"date":"2014-02-27T09:56:21","date_gmt":"2014-02-27T08:56:21","guid":{"rendered":"http:\/\/nmf.nu\/museum\/?post_type=product&#038;p=3001"},"modified":"2022-05-17T21:23:13","modified_gmt":"2022-05-17T19:23:13","slug":"skalfibula","status":"publish","type":"product","link":"https:\/\/nmf.nu\/museum\/funn\/gjenstander\/gjenstander-for-1537\/skalfibula\/","title":{"rendered":"Sk\u00e5lfibel \u2013 Krypdyrspenne"},"content":{"rendered":"<p>Fragmentet av en oval sk\u00e5lfibel.<br \/>\nDen viser tidens mote, med dekorasjoner av dyreornamentikken fra typiske merovingertiden 550-800 e.kr.<br \/>\nN\u00e6rmere bestemt til 700 \u00e5rene.<\/p>\n<p>-merovingertidsfunn,<\/p>\n<p>Vi ser bilder -av ett fragment,- av en oval sk\u00e5lspenne laget i bronse.<br \/>\nEt praktsmykke for kvinnen, hun ville skinne lang vei, -forgylling og fors\u00f8lving var velkjente metoder i metallkunsten.<br \/>\nFunnet m\u00e5ler ca 4cm lengde.<br \/>\n-med stilisert ett slags -dyr- se av den kan ligne -krypdyr-<\/p>\n<p>Et fabeldyr-<br \/>\n-med sine magiske krefter.<br \/>\n<span style=\"line-height: 1.5em\">Ligner nesten som om ett kaffedyr-skrukketroll aktig-<br \/>\n<\/span><span style=\"line-height: 1.5em\">&#8211; eller som en trilobitt, de som vi kjenner i fra funn av fossiler,<br \/>\n<\/span><span style=\"line-height: 1.5em\">og se der har vi jo noe av bille formen ogs\u00e5, den ovale -sk\u00e5lform-<br \/>\n<\/span><span style=\"line-height: 1.5em\">uten at det er bevist kjent hvor ideen om dens design er hentet i fra,<br \/>\n<\/span><span style=\"line-height: 1.5em\">&#8211; kun for \u00e5 sammenligne med noe kjent jordisk.<br \/>\n<\/span><span style=\"line-height: 1.5em\">&#8211;<br \/>\n<\/span><span style=\"line-height: 1.5em\">Disse spenner var fra begynnelsen sm\u00e5,<br \/>\n<\/span><span style=\"line-height: 1.5em\">kjent helt ned i 2-3 cm lengde, og under 2cm bredde.<br \/>\n<\/span><span style=\"line-height: 1.5em\">I 700 \u00e5rene p\u00e5 vei mot vikingtiden -hvor utviklingen gikk videre i detalj av disse spennene, hvor de ble st\u00f8rre, og dekoren forandret seg til andre design-moter.<br \/>\n<\/span><span style=\"line-height: 1.5em\">&#8211;<br \/>\n<\/span><span style=\"line-height: 1.5em\">I begynnelsen av 700 \u00e5rene kom disse sm\u00e5 ovale sk\u00e5lspenner med eller uten en stilisert dekor, de var tynne i skallet,<\/span><span style=\"line-height: 1.5em\">men videre ut i perioden mot 750 og oppover blir de tykkere i skallet og stadig ogs\u00e5 st\u00f8rre i omfang av st\u00f8rrelse.<br \/>\n<\/span><span style=\"line-height: 1.5em\">&#8211;<br \/>\n<\/span><span style=\"line-height: 1.5em\">I gravfunn fra kvinnegraver blir disse ovale sk\u00e5lspenner som regel funnet parvis, av hvor de ble brukt p\u00e5 kvinnedrakten over hvert bryst,- opp mot skulderpartiet.<br \/>\n<\/span><span style=\"line-height: 1.5em\">&#8211;<br \/>\n<\/span><span style=\"line-height: 1.5em\">Bakside bilde, -viser et n\u00e5lefeste.<br \/>\n<\/span><span style=\"line-height: 1.5em\">&#8211;<br \/>\nMerovingertiden-550-70- til n\u00e6rmere 800 \u00e5rene &#8211; som jo er perioden i mellom Folkevandringstid og Vikingtid.<br \/>\n<\/span><span style=\"line-height: 1.5em\">En fantastisk s\u00e5 spennende periode, &#8211;<\/span><span style=\"line-height: 1.5em\">se hvor den er gitt med sin egen form og design som sin tidsmote,<br \/>\n<\/span><span style=\"line-height: 1.5em\">av hvor kunstneren gir av sine preg p\u00e5 gjenstandene.<br \/>\n<\/span><span style=\"line-height: 1.5em\">Betydningene av dekorasjonene, -de kan vel spille p\u00e5 alt i fra fri fantasi &#8211; til religi\u00f8se motiver, det vet vi ikke.<br \/>\n<\/span><span style=\"line-height: 1.5em\">&#8211;<br \/>\n<\/span><span style=\"line-height: 1.5em\">Gjenstanden b\u00e6rer preg av \u00e5 ha levd et gruelig t\u00f8ft liv der ute i det omrotede pl\u00f8yelaget,<br \/>\n<\/span><span style=\"line-height: 1.5em\">&#8211; se hvor detektoristen har n\u00f8ye m\u00e5lt inn funnet med GPS,<br \/>\n<\/span><span style=\"line-height: 1.5em\">&#8211; han har n\u00f8ye fylt ut sin funnrapport,<br \/>\n<\/span><span style=\"line-height: 1.5em\">&#8211; og meldt funnet inn til sin fylkesarkeolog,<br \/>\n<\/span><span style=\"line-height: 1.5em\">&#8211; han gjorde hva han kunne, -til det beste for kulturarven.<br \/>\n<\/span><span style=\"line-height: 1.5em\">-\u00a4-<\/span><\/p>\n","protected":false},"excerpt":{"rendered":"<p>Fragmentet av en oval sk\u00e5lfibel. Den viser tidens mote, med dekorasjoner av dyreornamentikken fra typiske merovingertiden 550-800 e.kr. N\u00e6rmere bestemt til 700 \u00e5rene. -merovingertidsfunn, Vi ser bilder -av ett fragment,- av en oval sk\u00e5lspenne laget i bronse. Et praktsmykke for kvinnen, hun ville skinne lang vei, -forgylling og fors\u00f8lving var velkjente metoder i metallkunsten. Funnet [&hellip;]<\/p>\n","protected":false},"featured_media":3008,"comment_status":"open","ping_status":"closed","template":"","meta":{"_acf_changed":false,"_et_pb_use_builder":"","_et_pb_old_content":"","_et_gb_content_width":""},"product_brand":[],"product_cat":[56,53,13,15,31,147],"product_tag":[],"class_list":{"0":"post-3001","1":"product","2":"type-product","3":"status-publish","4":"has-post-thumbnail","6":"product_cat-alle-gjenstander","7":"product_cat-fibulaer","8":"product_cat-gjenstander","9":"product_cat-gjenstander-for-1537","10":"product_cat-merovingertid-550-793","11":"product_cat-yngre-jernalder-550-1066","13":"first","14":"instock","15":"shipping-taxable","16":"product-type-simple"},"acf":[],"yoast_head":"<!-- This site is optimized with the Yoast SEO plugin v27.5 - https:\/\/yoast.com\/product\/yoast-seo-wordpress\/ -->\n<title>Sk\u00e5lfibel \u2013 Krypdyrspenne - Norges Metalls\u00f8kerforening | Museum<\/title>\n<meta name=\"robots\" content=\"index, follow, max-snippet:-1, max-image-preview:large, max-video-preview:-1\" \/>\n<link rel=\"canonical\" href=\"https:\/\/nmf.nu\/museum\/funn\/gjenstander\/gjenstander-for-1537\/skalfibula\/\" \/>\n<meta property=\"og:locale\" content=\"nb_NO\" \/>\n<meta property=\"og:type\" content=\"article\" \/>\n<meta property=\"og:title\" content=\"Sk\u00e5lfibel \u2013 Krypdyrspenne - Norges Metalls\u00f8kerforening | Museum\" \/>\n<meta property=\"og:description\" content=\"Fragmentet av en oval sk\u00e5lfibel. Den viser tidens mote, med dekorasjoner av dyreornamentikken fra typiske merovingertiden 550-800 e.kr. N\u00e6rmere bestemt til 700 \u00e5rene. -merovingertidsfunn, Vi ser bilder -av ett fragment,- av en oval sk\u00e5lspenne laget i bronse. Et praktsmykke for kvinnen, hun ville skinne lang vei, -forgylling og fors\u00f8lving var velkjente metoder i metallkunsten. Funnet [&hellip;]\" \/>\n<meta property=\"og:url\" content=\"https:\/\/nmf.nu\/museum\/funn\/gjenstander\/gjenstander-for-1537\/skalfibula\/\" \/>\n<meta property=\"og:site_name\" content=\"Norges Metalls\u00f8kerforening | Museum\" \/>\n<meta property=\"article:publisher\" content=\"https:\/\/www.facebook.com\/groups\/480204098827134\/\" \/>\n<meta property=\"article:modified_time\" content=\"2022-05-17T19:23:13+00:00\" \/>\n<meta property=\"og:image\" content=\"https:\/\/nmf.nu\/museum\/wp-content\/uploads\/2014\/02\/034-Elvestad-2-2.jpg\" \/>\n\t<meta property=\"og:image:width\" content=\"600\" \/>\n\t<meta property=\"og:image:height\" content=\"600\" \/>\n\t<meta property=\"og:image:type\" content=\"image\/jpeg\" \/>\n<meta name=\"twitter:card\" content=\"summary_large_image\" \/>\n<meta name=\"twitter:label1\" content=\"Ansl. lesetid\" \/>\n\t<meta name=\"twitter:data1\" content=\"2 minutter\" \/>\n<script type=\"application\/ld+json\" class=\"yoast-schema-graph\">{\"@context\":\"https:\\\/\\\/schema.org\",\"@graph\":[{\"@type\":\"WebPage\",\"@id\":\"https:\\\/\\\/nmf.nu\\\/museum\\\/funn\\\/gjenstander\\\/gjenstander-for-1537\\\/skalfibula\\\/\",\"url\":\"https:\\\/\\\/nmf.nu\\\/museum\\\/funn\\\/gjenstander\\\/gjenstander-for-1537\\\/skalfibula\\\/\",\"name\":\"Sk\u00e5lfibel \u2013 Krypdyrspenne - Norges Metalls\u00f8kerforening | Museum\",\"isPartOf\":{\"@id\":\"https:\\\/\\\/nmf.nu\\\/museum\\\/#website\"},\"primaryImageOfPage\":{\"@id\":\"https:\\\/\\\/nmf.nu\\\/museum\\\/funn\\\/gjenstander\\\/gjenstander-for-1537\\\/skalfibula\\\/#primaryimage\"},\"image\":{\"@id\":\"https:\\\/\\\/nmf.nu\\\/museum\\\/funn\\\/gjenstander\\\/gjenstander-for-1537\\\/skalfibula\\\/#primaryimage\"},\"thumbnailUrl\":\"https:\\\/\\\/nmf.nu\\\/museum\\\/wp-content\\\/uploads\\\/2014\\\/02\\\/034-Elvestad-2-2.jpg\",\"datePublished\":\"2014-02-27T08:56:21+00:00\",\"dateModified\":\"2022-05-17T19:23:13+00:00\",\"breadcrumb\":{\"@id\":\"https:\\\/\\\/nmf.nu\\\/museum\\\/funn\\\/gjenstander\\\/gjenstander-for-1537\\\/skalfibula\\\/#breadcrumb\"},\"inLanguage\":\"nb-NO\",\"potentialAction\":[{\"@type\":\"ReadAction\",\"target\":[\"https:\\\/\\\/nmf.nu\\\/museum\\\/funn\\\/gjenstander\\\/gjenstander-for-1537\\\/skalfibula\\\/\"]}]},{\"@type\":\"ImageObject\",\"inLanguage\":\"nb-NO\",\"@id\":\"https:\\\/\\\/nmf.nu\\\/museum\\\/funn\\\/gjenstander\\\/gjenstander-for-1537\\\/skalfibula\\\/#primaryimage\",\"url\":\"https:\\\/\\\/nmf.nu\\\/museum\\\/wp-content\\\/uploads\\\/2014\\\/02\\\/034-Elvestad-2-2.jpg\",\"contentUrl\":\"https:\\\/\\\/nmf.nu\\\/museum\\\/wp-content\\\/uploads\\\/2014\\\/02\\\/034-Elvestad-2-2.jpg\",\"width\":600,\"height\":600,\"caption\":\".\"},{\"@type\":\"BreadcrumbList\",\"@id\":\"https:\\\/\\\/nmf.nu\\\/museum\\\/funn\\\/gjenstander\\\/gjenstander-for-1537\\\/skalfibula\\\/#breadcrumb\",\"itemListElement\":[{\"@type\":\"ListItem\",\"position\":1,\"name\":\"Hjem\",\"item\":\"https:\\\/\\\/nmf.nu\\\/museum\\\/\"},{\"@type\":\"ListItem\",\"position\":2,\"name\":\"Funn\",\"item\":\"https:\\\/\\\/nmf.nu\\\/museum\\\/shop\\\/\"},{\"@type\":\"ListItem\",\"position\":3,\"name\":\"Sk\u00e5lfibel \u2013 Krypdyrspenne\"}]},{\"@type\":\"WebSite\",\"@id\":\"https:\\\/\\\/nmf.nu\\\/museum\\\/#website\",\"url\":\"https:\\\/\\\/nmf.nu\\\/museum\\\/\",\"name\":\"Norges Metalls\u00f8kerforening | Museum\",\"description\":\"Kulturvern med metalls\u00f8ker\",\"potentialAction\":[{\"@type\":\"SearchAction\",\"target\":{\"@type\":\"EntryPoint\",\"urlTemplate\":\"https:\\\/\\\/nmf.nu\\\/museum\\\/?s={search_term_string}\"},\"query-input\":{\"@type\":\"PropertyValueSpecification\",\"valueRequired\":true,\"valueName\":\"search_term_string\"}}],\"inLanguage\":\"nb-NO\"}]}<\/script>\n<!-- \/ Yoast SEO plugin. -->","yoast_head_json":{"title":"Sk\u00e5lfibel \u2013 Krypdyrspenne - Norges Metalls\u00f8kerforening | Museum","robots":{"index":"index","follow":"follow","max-snippet":"max-snippet:-1","max-image-preview":"max-image-preview:large","max-video-preview":"max-video-preview:-1"},"canonical":"https:\/\/nmf.nu\/museum\/funn\/gjenstander\/gjenstander-for-1537\/skalfibula\/","og_locale":"nb_NO","og_type":"article","og_title":"Sk\u00e5lfibel \u2013 Krypdyrspenne - Norges Metalls\u00f8kerforening | Museum","og_description":"Fragmentet av en oval sk\u00e5lfibel. Den viser tidens mote, med dekorasjoner av dyreornamentikken fra typiske merovingertiden 550-800 e.kr. N\u00e6rmere bestemt til 700 \u00e5rene. -merovingertidsfunn, Vi ser bilder -av ett fragment,- av en oval sk\u00e5lspenne laget i bronse. Et praktsmykke for kvinnen, hun ville skinne lang vei, -forgylling og fors\u00f8lving var velkjente metoder i metallkunsten. Funnet [&hellip;]","og_url":"https:\/\/nmf.nu\/museum\/funn\/gjenstander\/gjenstander-for-1537\/skalfibula\/","og_site_name":"Norges Metalls\u00f8kerforening | Museum","article_publisher":"https:\/\/www.facebook.com\/groups\/480204098827134\/","article_modified_time":"2022-05-17T19:23:13+00:00","og_image":[{"width":600,"height":600,"url":"https:\/\/nmf.nu\/museum\/wp-content\/uploads\/2014\/02\/034-Elvestad-2-2.jpg","type":"image\/jpeg"}],"twitter_card":"summary_large_image","twitter_misc":{"Ansl. lesetid":"2 minutter"},"schema":{"@context":"https:\/\/schema.org","@graph":[{"@type":"WebPage","@id":"https:\/\/nmf.nu\/museum\/funn\/gjenstander\/gjenstander-for-1537\/skalfibula\/","url":"https:\/\/nmf.nu\/museum\/funn\/gjenstander\/gjenstander-for-1537\/skalfibula\/","name":"Sk\u00e5lfibel \u2013 Krypdyrspenne - Norges Metalls\u00f8kerforening | Museum","isPartOf":{"@id":"https:\/\/nmf.nu\/museum\/#website"},"primaryImageOfPage":{"@id":"https:\/\/nmf.nu\/museum\/funn\/gjenstander\/gjenstander-for-1537\/skalfibula\/#primaryimage"},"image":{"@id":"https:\/\/nmf.nu\/museum\/funn\/gjenstander\/gjenstander-for-1537\/skalfibula\/#primaryimage"},"thumbnailUrl":"https:\/\/nmf.nu\/museum\/wp-content\/uploads\/2014\/02\/034-Elvestad-2-2.jpg","datePublished":"2014-02-27T08:56:21+00:00","dateModified":"2022-05-17T19:23:13+00:00","breadcrumb":{"@id":"https:\/\/nmf.nu\/museum\/funn\/gjenstander\/gjenstander-for-1537\/skalfibula\/#breadcrumb"},"inLanguage":"nb-NO","potentialAction":[{"@type":"ReadAction","target":["https:\/\/nmf.nu\/museum\/funn\/gjenstander\/gjenstander-for-1537\/skalfibula\/"]}]},{"@type":"ImageObject","inLanguage":"nb-NO","@id":"https:\/\/nmf.nu\/museum\/funn\/gjenstander\/gjenstander-for-1537\/skalfibula\/#primaryimage","url":"https:\/\/nmf.nu\/museum\/wp-content\/uploads\/2014\/02\/034-Elvestad-2-2.jpg","contentUrl":"https:\/\/nmf.nu\/museum\/wp-content\/uploads\/2014\/02\/034-Elvestad-2-2.jpg","width":600,"height":600,"caption":"."},{"@type":"BreadcrumbList","@id":"https:\/\/nmf.nu\/museum\/funn\/gjenstander\/gjenstander-for-1537\/skalfibula\/#breadcrumb","itemListElement":[{"@type":"ListItem","position":1,"name":"Hjem","item":"https:\/\/nmf.nu\/museum\/"},{"@type":"ListItem","position":2,"name":"Funn","item":"https:\/\/nmf.nu\/museum\/shop\/"},{"@type":"ListItem","position":3,"name":"Sk\u00e5lfibel \u2013 Krypdyrspenne"}]},{"@type":"WebSite","@id":"https:\/\/nmf.nu\/museum\/#website","url":"https:\/\/nmf.nu\/museum\/","name":"Norges Metalls\u00f8kerforening | Museum","description":"Kulturvern med metalls\u00f8ker","potentialAction":[{"@type":"SearchAction","target":{"@type":"EntryPoint","urlTemplate":"https:\/\/nmf.nu\/museum\/?s={search_term_string}"},"query-input":{"@type":"PropertyValueSpecification","valueRequired":true,"valueName":"search_term_string"}}],"inLanguage":"nb-NO"}]}},"_links":{"self":[{"href":"https:\/\/nmf.nu\/museum\/wp-json\/wp\/v2\/product\/3001","targetHints":{"allow":["GET"]}}],"collection":[{"href":"https:\/\/nmf.nu\/museum\/wp-json\/wp\/v2\/product"}],"about":[{"href":"https:\/\/nmf.nu\/museum\/wp-json\/wp\/v2\/types\/product"}],"replies":[{"embeddable":true,"href":"https:\/\/nmf.nu\/museum\/wp-json\/wp\/v2\/comments?post=3001"}],"wp:featuredmedia":[{"embeddable":true,"href":"https:\/\/nmf.nu\/museum\/wp-json\/wp\/v2\/media\/3008"}],"wp:attachment":[{"href":"https:\/\/nmf.nu\/museum\/wp-json\/wp\/v2\/media?parent=3001"}],"wp:term":[{"taxonomy":"product_brand","embeddable":true,"href":"https:\/\/nmf.nu\/museum\/wp-json\/wp\/v2\/product_brand?post=3001"},{"taxonomy":"product_cat","embeddable":true,"href":"https:\/\/nmf.nu\/museum\/wp-json\/wp\/v2\/product_cat?post=3001"},{"taxonomy":"product_tag","embeddable":true,"href":"https:\/\/nmf.nu\/museum\/wp-json\/wp\/v2\/product_tag?post=3001"}],"curies":[{"name":"wp","href":"https:\/\/api.w.org\/{rel}","templated":true}]}}