{"id":24488,"date":"2020-09-11T16:20:35","date_gmt":"2020-09-11T14:20:35","guid":{"rendered":"https:\/\/nmf.nu\/museum\/?post_type=product&#038;p=24488"},"modified":"2021-08-26T09:27:12","modified_gmt":"2021-08-26T07:27:12","slug":"insulaert-korsformet-beslag-6","status":"publish","type":"product","link":"https:\/\/nmf.nu\/museum\/funn\/gjenstander\/gjenstander-for-1537\/insulaert-korsformet-beslag-6\/","title":{"rendered":"Insul\u00e6rt korsformet beslag"},"content":{"rendered":"<p>\u2013<br \/>\nEt korsformet beslag fra vikingtid \u2013<\/p>\n<p>Stilen er Irsk, s\u00e5 nok et insul\u00e6rt korsformet beslag som har v\u00e6rt forgylt eller ogs\u00e5 emaljert.<br \/>\nDet kan nok ha blitt r\u00f8vet med hjem fra et herjingstokt, eller ogs\u00e5 ved en \u00e6rlig handel p\u00e5 \u00f8yene rundt i de engelske farvann,<br \/>\nSlike like og lignende like beslag ble produsert der ute rundt i klostrene av smykkesmeder med stor erfaring.<br \/>\nDe pyntene beslag p\u00e5 relikvieskrin, b\u00f8ker, kors og annet, slik ble skrellet av og tatt med hjem som h\u00e6rfang,<br \/>\nn\u00e5ler ble montert og fester ble omgjort, for \u00e5 pynte kvinner og hester,<br \/>\nslik er de blitt funnet i Norge flere steder fra gravfunn,<br \/>\nspesielt nevner vi Gausel i Rogaland.<br \/>\n\u2013 her hjemme i Norge har det blitt gjort mange insul\u00e6re funn fra vikingtid,<br \/>\nfra arkeologiske unders\u00f8kelser av gamle gravsteder er det gjort en hel rekke funn.<br \/>\nbl.a.<br \/>\nGausel, Stavanger, Rogaland<br \/>\nGiske i M\u00f8re og Romsdal<br \/>\nGloppen i Sogn og Fjordane<br \/>\nMarnadal i Vest-Agder<br \/>\nBerdal i Sogn og Fjordane<br \/>\n\u2013<br \/>\nSe mer om i\u00a0<a href=\"http:\/\/www.nb.no\/nbsok\/nb\/89cbca434b073588fd6ddedf4d665112?lang=no#162\">Oluf Ryghs Norske Oldsager<\/a><\/p>\n<p>\u2013<\/p>\n<p>\u2013<\/p>\n<p>&nbsp;<\/p>\n","protected":false},"excerpt":{"rendered":"<p>\u2013 Et korsformet beslag fra vikingtid \u2013 Stilen er Irsk, s\u00e5 nok et insul\u00e6rt korsformet beslag som har v\u00e6rt forgylt eller ogs\u00e5 emaljert. Det kan nok ha blitt r\u00f8vet med hjem fra et herjingstokt, eller ogs\u00e5 ved en \u00e6rlig handel p\u00e5 \u00f8yene rundt i de engelske farvann, Slike like og lignende like beslag ble produsert [&hellip;]<\/p>\n","protected":false},"featured_media":24490,"comment_status":"open","ping_status":"closed","template":"","meta":{"_acf_changed":false,"_et_pb_use_builder":"","_et_pb_old_content":"","_et_gb_content_width":""},"product_brand":[],"product_cat":[56,13,15,373,186,32,147],"product_tag":[],"class_list":{"0":"post-24488","1":"product","2":"type-product","3":"status-publish","4":"has-post-thumbnail","6":"product_cat-alle-gjenstander","7":"product_cat-gjenstander","8":"product_cat-gjenstander-for-1537","9":"product_cat-insulaer-stil","10":"product_cat-kors","11":"product_cat-vikingtid-793-1066","12":"product_cat-yngre-jernalder-550-1066","14":"first","15":"instock","16":"shipping-taxable","17":"product-type-simple"},"acf":[],"yoast_head":"<!-- This site is optimized with the Yoast SEO plugin v27.5 - https:\/\/yoast.com\/product\/yoast-seo-wordpress\/ -->\n<title>Insul\u00e6rt korsformet beslag - Norges Metalls\u00f8kerforening | Museum<\/title>\n<meta name=\"robots\" content=\"index, follow, max-snippet:-1, max-image-preview:large, max-video-preview:-1\" \/>\n<link rel=\"canonical\" href=\"https:\/\/nmf.nu\/museum\/funn\/gjenstander\/gjenstander-for-1537\/insulaert-korsformet-beslag-6\/\" \/>\n<meta property=\"og:locale\" content=\"nb_NO\" \/>\n<meta property=\"og:type\" content=\"article\" \/>\n<meta property=\"og:title\" content=\"Insul\u00e6rt korsformet beslag - Norges Metalls\u00f8kerforening | Museum\" \/>\n<meta property=\"og:description\" content=\"\u2013 Et korsformet beslag fra vikingtid \u2013 Stilen er Irsk, s\u00e5 nok et insul\u00e6rt korsformet beslag som har v\u00e6rt forgylt eller ogs\u00e5 emaljert. Det kan nok ha blitt r\u00f8vet med hjem fra et herjingstokt, eller ogs\u00e5 ved en \u00e6rlig handel p\u00e5 \u00f8yene rundt i de engelske farvann, Slike like og lignende like beslag ble produsert [&hellip;]\" \/>\n<meta property=\"og:url\" content=\"https:\/\/nmf.nu\/museum\/funn\/gjenstander\/gjenstander-for-1537\/insulaert-korsformet-beslag-6\/\" \/>\n<meta property=\"og:site_name\" content=\"Norges Metalls\u00f8kerforening | Museum\" \/>\n<meta property=\"article:publisher\" content=\"https:\/\/www.facebook.com\/groups\/480204098827134\/\" \/>\n<meta property=\"article:modified_time\" content=\"2021-08-26T07:27:12+00:00\" \/>\n<meta property=\"og:image\" content=\"https:\/\/nmf.nu\/museum\/wp-content\/uploads\/2020\/09\/K-O.jpg\" \/>\n\t<meta property=\"og:image:width\" content=\"1056\" \/>\n\t<meta property=\"og:image:height\" content=\"1056\" \/>\n\t<meta property=\"og:image:type\" content=\"image\/jpeg\" \/>\n<meta name=\"twitter:card\" content=\"summary_large_image\" \/>\n<meta name=\"twitter:label1\" content=\"Ansl. lesetid\" \/>\n\t<meta name=\"twitter:data1\" content=\"1 minutt\" \/>\n<script type=\"application\/ld+json\" class=\"yoast-schema-graph\">{\"@context\":\"https:\\\/\\\/schema.org\",\"@graph\":[{\"@type\":\"WebPage\",\"@id\":\"https:\\\/\\\/nmf.nu\\\/museum\\\/funn\\\/gjenstander\\\/gjenstander-for-1537\\\/insulaert-korsformet-beslag-6\\\/\",\"url\":\"https:\\\/\\\/nmf.nu\\\/museum\\\/funn\\\/gjenstander\\\/gjenstander-for-1537\\\/insulaert-korsformet-beslag-6\\\/\",\"name\":\"Insul\u00e6rt korsformet beslag - Norges Metalls\u00f8kerforening | Museum\",\"isPartOf\":{\"@id\":\"https:\\\/\\\/nmf.nu\\\/museum\\\/#website\"},\"primaryImageOfPage\":{\"@id\":\"https:\\\/\\\/nmf.nu\\\/museum\\\/funn\\\/gjenstander\\\/gjenstander-for-1537\\\/insulaert-korsformet-beslag-6\\\/#primaryimage\"},\"image\":{\"@id\":\"https:\\\/\\\/nmf.nu\\\/museum\\\/funn\\\/gjenstander\\\/gjenstander-for-1537\\\/insulaert-korsformet-beslag-6\\\/#primaryimage\"},\"thumbnailUrl\":\"https:\\\/\\\/nmf.nu\\\/museum\\\/wp-content\\\/uploads\\\/2020\\\/09\\\/K-O.jpg\",\"datePublished\":\"2020-09-11T14:20:35+00:00\",\"dateModified\":\"2021-08-26T07:27:12+00:00\",\"breadcrumb\":{\"@id\":\"https:\\\/\\\/nmf.nu\\\/museum\\\/funn\\\/gjenstander\\\/gjenstander-for-1537\\\/insulaert-korsformet-beslag-6\\\/#breadcrumb\"},\"inLanguage\":\"nb-NO\",\"potentialAction\":[{\"@type\":\"ReadAction\",\"target\":[\"https:\\\/\\\/nmf.nu\\\/museum\\\/funn\\\/gjenstander\\\/gjenstander-for-1537\\\/insulaert-korsformet-beslag-6\\\/\"]}]},{\"@type\":\"ImageObject\",\"inLanguage\":\"nb-NO\",\"@id\":\"https:\\\/\\\/nmf.nu\\\/museum\\\/funn\\\/gjenstander\\\/gjenstander-for-1537\\\/insulaert-korsformet-beslag-6\\\/#primaryimage\",\"url\":\"https:\\\/\\\/nmf.nu\\\/museum\\\/wp-content\\\/uploads\\\/2020\\\/09\\\/K-O.jpg\",\"contentUrl\":\"https:\\\/\\\/nmf.nu\\\/museum\\\/wp-content\\\/uploads\\\/2020\\\/09\\\/K-O.jpg\",\"width\":1056,\"height\":1056,\"caption\":\"Korsformet insul\u00e6rt beslag\"},{\"@type\":\"BreadcrumbList\",\"@id\":\"https:\\\/\\\/nmf.nu\\\/museum\\\/funn\\\/gjenstander\\\/gjenstander-for-1537\\\/insulaert-korsformet-beslag-6\\\/#breadcrumb\",\"itemListElement\":[{\"@type\":\"ListItem\",\"position\":1,\"name\":\"Hjem\",\"item\":\"https:\\\/\\\/nmf.nu\\\/museum\\\/\"},{\"@type\":\"ListItem\",\"position\":2,\"name\":\"Funn\",\"item\":\"https:\\\/\\\/nmf.nu\\\/museum\\\/shop\\\/\"},{\"@type\":\"ListItem\",\"position\":3,\"name\":\"Insul\u00e6rt korsformet beslag\"}]},{\"@type\":\"WebSite\",\"@id\":\"https:\\\/\\\/nmf.nu\\\/museum\\\/#website\",\"url\":\"https:\\\/\\\/nmf.nu\\\/museum\\\/\",\"name\":\"Norges Metalls\u00f8kerforening | Museum\",\"description\":\"Kulturvern med metalls\u00f8ker\",\"potentialAction\":[{\"@type\":\"SearchAction\",\"target\":{\"@type\":\"EntryPoint\",\"urlTemplate\":\"https:\\\/\\\/nmf.nu\\\/museum\\\/?s={search_term_string}\"},\"query-input\":{\"@type\":\"PropertyValueSpecification\",\"valueRequired\":true,\"valueName\":\"search_term_string\"}}],\"inLanguage\":\"nb-NO\"}]}<\/script>\n<!-- \/ Yoast SEO plugin. -->","yoast_head_json":{"title":"Insul\u00e6rt korsformet beslag - Norges Metalls\u00f8kerforening | Museum","robots":{"index":"index","follow":"follow","max-snippet":"max-snippet:-1","max-image-preview":"max-image-preview:large","max-video-preview":"max-video-preview:-1"},"canonical":"https:\/\/nmf.nu\/museum\/funn\/gjenstander\/gjenstander-for-1537\/insulaert-korsformet-beslag-6\/","og_locale":"nb_NO","og_type":"article","og_title":"Insul\u00e6rt korsformet beslag - Norges Metalls\u00f8kerforening | Museum","og_description":"\u2013 Et korsformet beslag fra vikingtid \u2013 Stilen er Irsk, s\u00e5 nok et insul\u00e6rt korsformet beslag som har v\u00e6rt forgylt eller ogs\u00e5 emaljert. Det kan nok ha blitt r\u00f8vet med hjem fra et herjingstokt, eller ogs\u00e5 ved en \u00e6rlig handel p\u00e5 \u00f8yene rundt i de engelske farvann, Slike like og lignende like beslag ble produsert [&hellip;]","og_url":"https:\/\/nmf.nu\/museum\/funn\/gjenstander\/gjenstander-for-1537\/insulaert-korsformet-beslag-6\/","og_site_name":"Norges Metalls\u00f8kerforening | Museum","article_publisher":"https:\/\/www.facebook.com\/groups\/480204098827134\/","article_modified_time":"2021-08-26T07:27:12+00:00","og_image":[{"width":1056,"height":1056,"url":"https:\/\/nmf.nu\/museum\/wp-content\/uploads\/2020\/09\/K-O.jpg","type":"image\/jpeg"}],"twitter_card":"summary_large_image","twitter_misc":{"Ansl. lesetid":"1 minutt"},"schema":{"@context":"https:\/\/schema.org","@graph":[{"@type":"WebPage","@id":"https:\/\/nmf.nu\/museum\/funn\/gjenstander\/gjenstander-for-1537\/insulaert-korsformet-beslag-6\/","url":"https:\/\/nmf.nu\/museum\/funn\/gjenstander\/gjenstander-for-1537\/insulaert-korsformet-beslag-6\/","name":"Insul\u00e6rt korsformet beslag - Norges Metalls\u00f8kerforening | Museum","isPartOf":{"@id":"https:\/\/nmf.nu\/museum\/#website"},"primaryImageOfPage":{"@id":"https:\/\/nmf.nu\/museum\/funn\/gjenstander\/gjenstander-for-1537\/insulaert-korsformet-beslag-6\/#primaryimage"},"image":{"@id":"https:\/\/nmf.nu\/museum\/funn\/gjenstander\/gjenstander-for-1537\/insulaert-korsformet-beslag-6\/#primaryimage"},"thumbnailUrl":"https:\/\/nmf.nu\/museum\/wp-content\/uploads\/2020\/09\/K-O.jpg","datePublished":"2020-09-11T14:20:35+00:00","dateModified":"2021-08-26T07:27:12+00:00","breadcrumb":{"@id":"https:\/\/nmf.nu\/museum\/funn\/gjenstander\/gjenstander-for-1537\/insulaert-korsformet-beslag-6\/#breadcrumb"},"inLanguage":"nb-NO","potentialAction":[{"@type":"ReadAction","target":["https:\/\/nmf.nu\/museum\/funn\/gjenstander\/gjenstander-for-1537\/insulaert-korsformet-beslag-6\/"]}]},{"@type":"ImageObject","inLanguage":"nb-NO","@id":"https:\/\/nmf.nu\/museum\/funn\/gjenstander\/gjenstander-for-1537\/insulaert-korsformet-beslag-6\/#primaryimage","url":"https:\/\/nmf.nu\/museum\/wp-content\/uploads\/2020\/09\/K-O.jpg","contentUrl":"https:\/\/nmf.nu\/museum\/wp-content\/uploads\/2020\/09\/K-O.jpg","width":1056,"height":1056,"caption":"Korsformet insul\u00e6rt beslag"},{"@type":"BreadcrumbList","@id":"https:\/\/nmf.nu\/museum\/funn\/gjenstander\/gjenstander-for-1537\/insulaert-korsformet-beslag-6\/#breadcrumb","itemListElement":[{"@type":"ListItem","position":1,"name":"Hjem","item":"https:\/\/nmf.nu\/museum\/"},{"@type":"ListItem","position":2,"name":"Funn","item":"https:\/\/nmf.nu\/museum\/shop\/"},{"@type":"ListItem","position":3,"name":"Insul\u00e6rt korsformet beslag"}]},{"@type":"WebSite","@id":"https:\/\/nmf.nu\/museum\/#website","url":"https:\/\/nmf.nu\/museum\/","name":"Norges Metalls\u00f8kerforening | Museum","description":"Kulturvern med metalls\u00f8ker","potentialAction":[{"@type":"SearchAction","target":{"@type":"EntryPoint","urlTemplate":"https:\/\/nmf.nu\/museum\/?s={search_term_string}"},"query-input":{"@type":"PropertyValueSpecification","valueRequired":true,"valueName":"search_term_string"}}],"inLanguage":"nb-NO"}]}},"_links":{"self":[{"href":"https:\/\/nmf.nu\/museum\/wp-json\/wp\/v2\/product\/24488","targetHints":{"allow":["GET"]}}],"collection":[{"href":"https:\/\/nmf.nu\/museum\/wp-json\/wp\/v2\/product"}],"about":[{"href":"https:\/\/nmf.nu\/museum\/wp-json\/wp\/v2\/types\/product"}],"replies":[{"embeddable":true,"href":"https:\/\/nmf.nu\/museum\/wp-json\/wp\/v2\/comments?post=24488"}],"wp:featuredmedia":[{"embeddable":true,"href":"https:\/\/nmf.nu\/museum\/wp-json\/wp\/v2\/media\/24490"}],"wp:attachment":[{"href":"https:\/\/nmf.nu\/museum\/wp-json\/wp\/v2\/media?parent=24488"}],"wp:term":[{"taxonomy":"product_brand","embeddable":true,"href":"https:\/\/nmf.nu\/museum\/wp-json\/wp\/v2\/product_brand?post=24488"},{"taxonomy":"product_cat","embeddable":true,"href":"https:\/\/nmf.nu\/museum\/wp-json\/wp\/v2\/product_cat?post=24488"},{"taxonomy":"product_tag","embeddable":true,"href":"https:\/\/nmf.nu\/museum\/wp-json\/wp\/v2\/product_tag?post=24488"}],"curies":[{"name":"wp","href":"https:\/\/api.w.org\/{rel}","templated":true}]}}