{"id":2151,"date":"2014-02-13T08:34:38","date_gmt":"2014-02-13T07:34:38","guid":{"rendered":"http:\/\/nmf.nu\/museum\/?post_type=product&#038;p=2151"},"modified":"2022-08-14T18:04:03","modified_gmt":"2022-08-14T16:04:03","slug":"bokbeslag-2","status":"publish","type":"product","link":"https:\/\/nmf.nu\/museum\/funn\/gjenstander\/alle-gjenstander\/bokbeslag-2\/","title":{"rendered":"Bokbeslag"},"content":{"rendered":"<p>-Bokbeslag &#8211; bokspenner &#8211; bokl\u00e5ser &#8211; \u00a0pyntebeslag og hekter p\u00e5 gamle b\u00f8ker &#8211; gjerne gamle skinninnbindinger &#8211; med l\u00e5se klips og slikt p\u00e5 Bibler &#8211; Salmeb\u00f8ker &#8211; huspostiller &#8211; lovb\u00f8ker &#8211;<\/p>\n<p>&#8211;<\/p>\n<p>Bokl\u00e5sbeslaget fra Sjoa, \u00a0&#8211; ble funnet bak huset til finneren.<\/p>\n<p>Den synes n\u00e6rmest \u00e5 ligne p\u00e5 <a href=\"https:\/\/nmf.nu\/museum\/?post_type=product&amp;p=2196&amp;preview=true\">bokl\u00e5sbeslaget fra Rosnesjordet<\/a> i Moss.<\/p>\n<p>Bakplata mangler &#8211; ellers synes gjenstanden \u00e5 v\u00e6re i god stand.<\/p>\n<p>&#8211;<\/p>\n<p>&nbsp;<\/p>\n<p>&#8211;<\/p>\n<p>&nbsp;<\/p>\n","protected":false},"excerpt":{"rendered":"<p>-Bokbeslag &#8211; bokspenner &#8211; bokl\u00e5ser &#8211; \u00a0pyntebeslag og hekter p\u00e5 gamle b\u00f8ker &#8211; gjerne gamle skinninnbindinger &#8211; med l\u00e5se klips og slikt p\u00e5 Bibler &#8211; Salmeb\u00f8ker &#8211; huspostiller &#8211; lovb\u00f8ker &#8211; &#8211; Bokl\u00e5sbeslaget fra Sjoa, \u00a0&#8211; ble funnet bak huset til finneren. Den synes n\u00e6rmest \u00e5 ligne p\u00e5 bokl\u00e5sbeslaget fra Rosnesjordet i Moss. Bakplata mangler [&hellip;]<\/p>\n","protected":false},"featured_media":2186,"comment_status":"open","ping_status":"closed","template":"","meta":{"_acf_changed":false,"_et_pb_use_builder":"","_et_pb_old_content":"","_et_gb_content_width":""},"product_brand":[],"product_cat":[56,129,13,117],"product_tag":[],"class_list":{"0":"post-2151","1":"product","2":"type-product","3":"status-publish","4":"has-post-thumbnail","6":"product_cat-alle-gjenstander","7":"product_cat-bokbeslag","8":"product_cat-gjenstander","9":"product_cat-gjenstander-1537-1814","11":"first","12":"instock","13":"shipping-taxable","14":"product-type-simple"},"acf":[],"yoast_head":"<!-- This site is optimized with the Yoast SEO plugin v27.4 - https:\/\/yoast.com\/product\/yoast-seo-wordpress\/ -->\n<title>Bokbeslag - Norges Metalls\u00f8kerforening | Museum<\/title>\n<meta name=\"robots\" content=\"index, follow, max-snippet:-1, max-image-preview:large, max-video-preview:-1\" \/>\n<link rel=\"canonical\" href=\"https:\/\/nmf.nu\/museum\/funn\/gjenstander\/alle-gjenstander\/bokbeslag-2\/\" \/>\n<meta property=\"og:locale\" content=\"nb_NO\" \/>\n<meta property=\"og:type\" content=\"article\" \/>\n<meta property=\"og:title\" content=\"Bokbeslag - Norges Metalls\u00f8kerforening | Museum\" \/>\n<meta property=\"og:description\" content=\"-Bokbeslag &#8211; bokspenner &#8211; bokl\u00e5ser &#8211; \u00a0pyntebeslag og hekter p\u00e5 gamle b\u00f8ker &#8211; gjerne gamle skinninnbindinger &#8211; med l\u00e5se klips og slikt p\u00e5 Bibler &#8211; Salmeb\u00f8ker &#8211; huspostiller &#8211; lovb\u00f8ker &#8211; &#8211; Bokl\u00e5sbeslaget fra Sjoa, \u00a0&#8211; ble funnet bak huset til finneren. Den synes n\u00e6rmest \u00e5 ligne p\u00e5 bokl\u00e5sbeslaget fra Rosnesjordet i Moss. Bakplata mangler [&hellip;]\" \/>\n<meta property=\"og:url\" content=\"https:\/\/nmf.nu\/museum\/funn\/gjenstander\/alle-gjenstander\/bokbeslag-2\/\" \/>\n<meta property=\"og:site_name\" content=\"Norges Metalls\u00f8kerforening | Museum\" \/>\n<meta property=\"article:publisher\" content=\"https:\/\/www.facebook.com\/groups\/480204098827134\/\" \/>\n<meta property=\"article:modified_time\" content=\"2022-08-14T16:04:03+00:00\" \/>\n<meta property=\"og:image\" content=\"https:\/\/nmf.nu\/museum\/wp-content\/uploads\/2014\/02\/265_08_11_13_8_21_50-747x1024-2.jpg\" \/>\n\t<meta property=\"og:image:width\" content=\"600\" \/>\n\t<meta property=\"og:image:height\" content=\"599\" \/>\n\t<meta property=\"og:image:type\" content=\"image\/jpeg\" \/>\n<meta name=\"twitter:card\" content=\"summary_large_image\" \/>\n<meta name=\"twitter:label1\" content=\"Ansl. lesetid\" \/>\n\t<meta name=\"twitter:data1\" content=\"1 minutt\" \/>\n<script type=\"application\/ld+json\" class=\"yoast-schema-graph\">{\"@context\":\"https:\\\/\\\/schema.org\",\"@graph\":[{\"@type\":\"WebPage\",\"@id\":\"https:\\\/\\\/nmf.nu\\\/museum\\\/funn\\\/gjenstander\\\/alle-gjenstander\\\/bokbeslag-2\\\/\",\"url\":\"https:\\\/\\\/nmf.nu\\\/museum\\\/funn\\\/gjenstander\\\/alle-gjenstander\\\/bokbeslag-2\\\/\",\"name\":\"Bokbeslag - Norges Metalls\u00f8kerforening | Museum\",\"isPartOf\":{\"@id\":\"https:\\\/\\\/nmf.nu\\\/museum\\\/#website\"},\"primaryImageOfPage\":{\"@id\":\"https:\\\/\\\/nmf.nu\\\/museum\\\/funn\\\/gjenstander\\\/alle-gjenstander\\\/bokbeslag-2\\\/#primaryimage\"},\"image\":{\"@id\":\"https:\\\/\\\/nmf.nu\\\/museum\\\/funn\\\/gjenstander\\\/alle-gjenstander\\\/bokbeslag-2\\\/#primaryimage\"},\"thumbnailUrl\":\"https:\\\/\\\/nmf.nu\\\/museum\\\/wp-content\\\/uploads\\\/2014\\\/02\\\/265_08_11_13_8_21_50-747x1024-2.jpg\",\"datePublished\":\"2014-02-13T07:34:38+00:00\",\"dateModified\":\"2022-08-14T16:04:03+00:00\",\"breadcrumb\":{\"@id\":\"https:\\\/\\\/nmf.nu\\\/museum\\\/funn\\\/gjenstander\\\/alle-gjenstander\\\/bokbeslag-2\\\/#breadcrumb\"},\"inLanguage\":\"nb-NO\",\"potentialAction\":[{\"@type\":\"ReadAction\",\"target\":[\"https:\\\/\\\/nmf.nu\\\/museum\\\/funn\\\/gjenstander\\\/alle-gjenstander\\\/bokbeslag-2\\\/\"]}]},{\"@type\":\"ImageObject\",\"inLanguage\":\"nb-NO\",\"@id\":\"https:\\\/\\\/nmf.nu\\\/museum\\\/funn\\\/gjenstander\\\/alle-gjenstander\\\/bokbeslag-2\\\/#primaryimage\",\"url\":\"https:\\\/\\\/nmf.nu\\\/museum\\\/wp-content\\\/uploads\\\/2014\\\/02\\\/265_08_11_13_8_21_50-747x1024-2.jpg\",\"contentUrl\":\"https:\\\/\\\/nmf.nu\\\/museum\\\/wp-content\\\/uploads\\\/2014\\\/02\\\/265_08_11_13_8_21_50-747x1024-2.jpg\",\"width\":600,\"height\":599,\"caption\":\".\"},{\"@type\":\"BreadcrumbList\",\"@id\":\"https:\\\/\\\/nmf.nu\\\/museum\\\/funn\\\/gjenstander\\\/alle-gjenstander\\\/bokbeslag-2\\\/#breadcrumb\",\"itemListElement\":[{\"@type\":\"ListItem\",\"position\":1,\"name\":\"Hjem\",\"item\":\"https:\\\/\\\/nmf.nu\\\/museum\\\/\"},{\"@type\":\"ListItem\",\"position\":2,\"name\":\"Funn\",\"item\":\"https:\\\/\\\/nmf.nu\\\/museum\\\/shop\\\/\"},{\"@type\":\"ListItem\",\"position\":3,\"name\":\"Bokbeslag\"}]},{\"@type\":\"WebSite\",\"@id\":\"https:\\\/\\\/nmf.nu\\\/museum\\\/#website\",\"url\":\"https:\\\/\\\/nmf.nu\\\/museum\\\/\",\"name\":\"Norges Metalls\u00f8kerforening | Museum\",\"description\":\"Kulturvern med metalls\u00f8ker\",\"potentialAction\":[{\"@type\":\"SearchAction\",\"target\":{\"@type\":\"EntryPoint\",\"urlTemplate\":\"https:\\\/\\\/nmf.nu\\\/museum\\\/?s={search_term_string}\"},\"query-input\":{\"@type\":\"PropertyValueSpecification\",\"valueRequired\":true,\"valueName\":\"search_term_string\"}}],\"inLanguage\":\"nb-NO\"}]}<\/script>\n<!-- \/ Yoast SEO plugin. -->","yoast_head_json":{"title":"Bokbeslag - Norges Metalls\u00f8kerforening | Museum","robots":{"index":"index","follow":"follow","max-snippet":"max-snippet:-1","max-image-preview":"max-image-preview:large","max-video-preview":"max-video-preview:-1"},"canonical":"https:\/\/nmf.nu\/museum\/funn\/gjenstander\/alle-gjenstander\/bokbeslag-2\/","og_locale":"nb_NO","og_type":"article","og_title":"Bokbeslag - Norges Metalls\u00f8kerforening | Museum","og_description":"-Bokbeslag &#8211; bokspenner &#8211; bokl\u00e5ser &#8211; \u00a0pyntebeslag og hekter p\u00e5 gamle b\u00f8ker &#8211; gjerne gamle skinninnbindinger &#8211; med l\u00e5se klips og slikt p\u00e5 Bibler &#8211; Salmeb\u00f8ker &#8211; huspostiller &#8211; lovb\u00f8ker &#8211; &#8211; Bokl\u00e5sbeslaget fra Sjoa, \u00a0&#8211; ble funnet bak huset til finneren. Den synes n\u00e6rmest \u00e5 ligne p\u00e5 bokl\u00e5sbeslaget fra Rosnesjordet i Moss. Bakplata mangler [&hellip;]","og_url":"https:\/\/nmf.nu\/museum\/funn\/gjenstander\/alle-gjenstander\/bokbeslag-2\/","og_site_name":"Norges Metalls\u00f8kerforening | Museum","article_publisher":"https:\/\/www.facebook.com\/groups\/480204098827134\/","article_modified_time":"2022-08-14T16:04:03+00:00","og_image":[{"width":600,"height":599,"url":"https:\/\/nmf.nu\/museum\/wp-content\/uploads\/2014\/02\/265_08_11_13_8_21_50-747x1024-2.jpg","type":"image\/jpeg"}],"twitter_card":"summary_large_image","twitter_misc":{"Ansl. lesetid":"1 minutt"},"schema":{"@context":"https:\/\/schema.org","@graph":[{"@type":"WebPage","@id":"https:\/\/nmf.nu\/museum\/funn\/gjenstander\/alle-gjenstander\/bokbeslag-2\/","url":"https:\/\/nmf.nu\/museum\/funn\/gjenstander\/alle-gjenstander\/bokbeslag-2\/","name":"Bokbeslag - Norges Metalls\u00f8kerforening | Museum","isPartOf":{"@id":"https:\/\/nmf.nu\/museum\/#website"},"primaryImageOfPage":{"@id":"https:\/\/nmf.nu\/museum\/funn\/gjenstander\/alle-gjenstander\/bokbeslag-2\/#primaryimage"},"image":{"@id":"https:\/\/nmf.nu\/museum\/funn\/gjenstander\/alle-gjenstander\/bokbeslag-2\/#primaryimage"},"thumbnailUrl":"https:\/\/nmf.nu\/museum\/wp-content\/uploads\/2014\/02\/265_08_11_13_8_21_50-747x1024-2.jpg","datePublished":"2014-02-13T07:34:38+00:00","dateModified":"2022-08-14T16:04:03+00:00","breadcrumb":{"@id":"https:\/\/nmf.nu\/museum\/funn\/gjenstander\/alle-gjenstander\/bokbeslag-2\/#breadcrumb"},"inLanguage":"nb-NO","potentialAction":[{"@type":"ReadAction","target":["https:\/\/nmf.nu\/museum\/funn\/gjenstander\/alle-gjenstander\/bokbeslag-2\/"]}]},{"@type":"ImageObject","inLanguage":"nb-NO","@id":"https:\/\/nmf.nu\/museum\/funn\/gjenstander\/alle-gjenstander\/bokbeslag-2\/#primaryimage","url":"https:\/\/nmf.nu\/museum\/wp-content\/uploads\/2014\/02\/265_08_11_13_8_21_50-747x1024-2.jpg","contentUrl":"https:\/\/nmf.nu\/museum\/wp-content\/uploads\/2014\/02\/265_08_11_13_8_21_50-747x1024-2.jpg","width":600,"height":599,"caption":"."},{"@type":"BreadcrumbList","@id":"https:\/\/nmf.nu\/museum\/funn\/gjenstander\/alle-gjenstander\/bokbeslag-2\/#breadcrumb","itemListElement":[{"@type":"ListItem","position":1,"name":"Hjem","item":"https:\/\/nmf.nu\/museum\/"},{"@type":"ListItem","position":2,"name":"Funn","item":"https:\/\/nmf.nu\/museum\/shop\/"},{"@type":"ListItem","position":3,"name":"Bokbeslag"}]},{"@type":"WebSite","@id":"https:\/\/nmf.nu\/museum\/#website","url":"https:\/\/nmf.nu\/museum\/","name":"Norges Metalls\u00f8kerforening | Museum","description":"Kulturvern med metalls\u00f8ker","potentialAction":[{"@type":"SearchAction","target":{"@type":"EntryPoint","urlTemplate":"https:\/\/nmf.nu\/museum\/?s={search_term_string}"},"query-input":{"@type":"PropertyValueSpecification","valueRequired":true,"valueName":"search_term_string"}}],"inLanguage":"nb-NO"}]}},"_links":{"self":[{"href":"https:\/\/nmf.nu\/museum\/wp-json\/wp\/v2\/product\/2151","targetHints":{"allow":["GET"]}}],"collection":[{"href":"https:\/\/nmf.nu\/museum\/wp-json\/wp\/v2\/product"}],"about":[{"href":"https:\/\/nmf.nu\/museum\/wp-json\/wp\/v2\/types\/product"}],"replies":[{"embeddable":true,"href":"https:\/\/nmf.nu\/museum\/wp-json\/wp\/v2\/comments?post=2151"}],"wp:featuredmedia":[{"embeddable":true,"href":"https:\/\/nmf.nu\/museum\/wp-json\/wp\/v2\/media\/2186"}],"wp:attachment":[{"href":"https:\/\/nmf.nu\/museum\/wp-json\/wp\/v2\/media?parent=2151"}],"wp:term":[{"taxonomy":"product_brand","embeddable":true,"href":"https:\/\/nmf.nu\/museum\/wp-json\/wp\/v2\/product_brand?post=2151"},{"taxonomy":"product_cat","embeddable":true,"href":"https:\/\/nmf.nu\/museum\/wp-json\/wp\/v2\/product_cat?post=2151"},{"taxonomy":"product_tag","embeddable":true,"href":"https:\/\/nmf.nu\/museum\/wp-json\/wp\/v2\/product_tag?post=2151"}],"curies":[{"name":"wp","href":"https:\/\/api.w.org\/{rel}","templated":true}]}}