{"id":21207,"date":"2019-10-23T14:36:36","date_gmt":"2019-10-23T12:36:36","guid":{"rendered":"http:\/\/nmf.nu\/museum\/?post_type=product&#038;p=21207"},"modified":"2022-05-19T23:04:33","modified_gmt":"2022-05-19T21:04:33","slug":"vektlodd-plateformet-10","status":"publish","type":"product","link":"https:\/\/nmf.nu\/museum\/funn\/gjenstander\/gjenstander-for-1537\/vektlodd-plateformet-10\/","title":{"rendered":"Vektlodd plateformet"},"content":{"rendered":"<p>Plateformete vektlodd i fra middelalder, med mange lignende like eksemplarer,<br \/>\nspesielt m\u00e5 vi trekke frem de som er funnet p\u00e5 Domkirkeodden \u2013 Hamar kaupangen,<br \/>\n<a href=\"http:\/\/digitaltmuseum.no\/search?query=plateformet%20vektlodd\">Se her<\/a><\/p>\n<p>&nbsp;<\/p>\n<p>Vektlodd med plateform;<br \/>\nde fremst\u00e5r jo med sine forskjellige st\u00f8rrelser og vekt,<br \/>\nmen ogs\u00e5 spesielt med sine serier, som viser punkt-prikker, synes som flest av de med 5 og 10 punkt, noen med 3 og\u00a0 4 punkt.<br \/>\nS\u00e5 er det flere varianter av stempler med \u2013 Krone \u2013 minuskel h \u2013 oval ellipseformet O \u2013 hammer \u2013\u00a0 majuskel bokstav E &#8211; N &#8211; andre &#8211; og som dette med en krone p\u00e5 stett &#8211; eller om andre veien en ambolt.<br \/>\n\u2013<\/p>\n<p>\u2013<\/p>\n<p>&nbsp;<\/p>\n<p>\u2013<\/p>\n<p>&nbsp;<\/p>\n","protected":false},"excerpt":{"rendered":"<p>Plateformete vektlodd i fra middelalder, med mange lignende like eksemplarer, spesielt m\u00e5 vi trekke frem de som er funnet p\u00e5 Domkirkeodden \u2013 Hamar kaupangen, Se her &nbsp; Vektlodd med plateform; de fremst\u00e5r jo med sine forskjellige st\u00f8rrelser og vekt, men ogs\u00e5 spesielt med sine serier, som viser punkt-prikker, synes som flest av de med 5 [&hellip;]<\/p>\n","protected":false},"featured_media":21209,"comment_status":"open","ping_status":"closed","template":"","meta":{"_acf_changed":false,"_et_pb_use_builder":"","_et_pb_old_content":"","_et_gb_content_width":""},"product_brand":[],"product_cat":[56,13,15,26,54],"product_tag":[],"class_list":{"0":"post-21207","1":"product","2":"type-product","3":"status-publish","4":"has-post-thumbnail","6":"product_cat-alle-gjenstander","7":"product_cat-gjenstander","8":"product_cat-gjenstander-for-1537","9":"product_cat-middelalder-1066-1537","10":"product_cat-vektlodd","12":"first","13":"instock","14":"shipping-taxable","15":"product-type-simple"},"acf":[],"yoast_head":"<!-- This site is optimized with the Yoast SEO plugin v27.5 - https:\/\/yoast.com\/product\/yoast-seo-wordpress\/ -->\n<title>Vektlodd plateformet - Norges Metalls\u00f8kerforening | Museum<\/title>\n<meta name=\"robots\" content=\"index, follow, max-snippet:-1, max-image-preview:large, max-video-preview:-1\" \/>\n<link rel=\"canonical\" href=\"https:\/\/nmf.nu\/museum\/funn\/gjenstander\/gjenstander-for-1537\/vektlodd-plateformet-10\/\" \/>\n<meta property=\"og:locale\" content=\"nb_NO\" \/>\n<meta property=\"og:type\" content=\"article\" \/>\n<meta property=\"og:title\" content=\"Vektlodd plateformet - Norges Metalls\u00f8kerforening | Museum\" \/>\n<meta property=\"og:description\" content=\"Plateformete vektlodd i fra middelalder, med mange lignende like eksemplarer, spesielt m\u00e5 vi trekke frem de som er funnet p\u00e5 Domkirkeodden \u2013 Hamar kaupangen, Se her &nbsp; Vektlodd med plateform; de fremst\u00e5r jo med sine forskjellige st\u00f8rrelser og vekt, men ogs\u00e5 spesielt med sine serier, som viser punkt-prikker, synes som flest av de med 5 [&hellip;]\" \/>\n<meta property=\"og:url\" content=\"https:\/\/nmf.nu\/museum\/funn\/gjenstander\/gjenstander-for-1537\/vektlodd-plateformet-10\/\" \/>\n<meta property=\"og:site_name\" content=\"Norges Metalls\u00f8kerforening | Museum\" \/>\n<meta property=\"article:publisher\" content=\"https:\/\/www.facebook.com\/groups\/480204098827134\/\" \/>\n<meta property=\"article:modified_time\" content=\"2022-05-19T21:04:33+00:00\" \/>\n<meta property=\"og:image\" content=\"https:\/\/nmf.nu\/museum\/wp-content\/uploads\/2019\/10\/g-4.jpg\" \/>\n\t<meta property=\"og:image:width\" content=\"800\" \/>\n\t<meta property=\"og:image:height\" content=\"800\" \/>\n\t<meta property=\"og:image:type\" content=\"image\/jpeg\" \/>\n<meta name=\"twitter:card\" content=\"summary_large_image\" \/>\n<meta name=\"twitter:label1\" content=\"Ansl. lesetid\" \/>\n\t<meta name=\"twitter:data1\" content=\"1 minutt\" \/>\n<script type=\"application\/ld+json\" class=\"yoast-schema-graph\">{\"@context\":\"https:\\\/\\\/schema.org\",\"@graph\":[{\"@type\":\"WebPage\",\"@id\":\"https:\\\/\\\/nmf.nu\\\/museum\\\/funn\\\/gjenstander\\\/gjenstander-for-1537\\\/vektlodd-plateformet-10\\\/\",\"url\":\"https:\\\/\\\/nmf.nu\\\/museum\\\/funn\\\/gjenstander\\\/gjenstander-for-1537\\\/vektlodd-plateformet-10\\\/\",\"name\":\"Vektlodd plateformet - Norges Metalls\u00f8kerforening | Museum\",\"isPartOf\":{\"@id\":\"https:\\\/\\\/nmf.nu\\\/museum\\\/#website\"},\"primaryImageOfPage\":{\"@id\":\"https:\\\/\\\/nmf.nu\\\/museum\\\/funn\\\/gjenstander\\\/gjenstander-for-1537\\\/vektlodd-plateformet-10\\\/#primaryimage\"},\"image\":{\"@id\":\"https:\\\/\\\/nmf.nu\\\/museum\\\/funn\\\/gjenstander\\\/gjenstander-for-1537\\\/vektlodd-plateformet-10\\\/#primaryimage\"},\"thumbnailUrl\":\"https:\\\/\\\/nmf.nu\\\/museum\\\/wp-content\\\/uploads\\\/2019\\\/10\\\/g-4.jpg\",\"datePublished\":\"2019-10-23T12:36:36+00:00\",\"dateModified\":\"2022-05-19T21:04:33+00:00\",\"breadcrumb\":{\"@id\":\"https:\\\/\\\/nmf.nu\\\/museum\\\/funn\\\/gjenstander\\\/gjenstander-for-1537\\\/vektlodd-plateformet-10\\\/#breadcrumb\"},\"inLanguage\":\"nb-NO\",\"potentialAction\":[{\"@type\":\"ReadAction\",\"target\":[\"https:\\\/\\\/nmf.nu\\\/museum\\\/funn\\\/gjenstander\\\/gjenstander-for-1537\\\/vektlodd-plateformet-10\\\/\"]}]},{\"@type\":\"ImageObject\",\"inLanguage\":\"nb-NO\",\"@id\":\"https:\\\/\\\/nmf.nu\\\/museum\\\/funn\\\/gjenstander\\\/gjenstander-for-1537\\\/vektlodd-plateformet-10\\\/#primaryimage\",\"url\":\"https:\\\/\\\/nmf.nu\\\/museum\\\/wp-content\\\/uploads\\\/2019\\\/10\\\/g-4.jpg\",\"contentUrl\":\"https:\\\/\\\/nmf.nu\\\/museum\\\/wp-content\\\/uploads\\\/2019\\\/10\\\/g-4.jpg\",\"width\":800,\"height\":800,\"caption\":\"Vektlodd plateformet med stempel krone p\u00e5 en stift, eller om en kalk\"},{\"@type\":\"BreadcrumbList\",\"@id\":\"https:\\\/\\\/nmf.nu\\\/museum\\\/funn\\\/gjenstander\\\/gjenstander-for-1537\\\/vektlodd-plateformet-10\\\/#breadcrumb\",\"itemListElement\":[{\"@type\":\"ListItem\",\"position\":1,\"name\":\"Hjem\",\"item\":\"https:\\\/\\\/nmf.nu\\\/museum\\\/\"},{\"@type\":\"ListItem\",\"position\":2,\"name\":\"Funn\",\"item\":\"https:\\\/\\\/nmf.nu\\\/museum\\\/shop\\\/\"},{\"@type\":\"ListItem\",\"position\":3,\"name\":\"Vektlodd plateformet\"}]},{\"@type\":\"WebSite\",\"@id\":\"https:\\\/\\\/nmf.nu\\\/museum\\\/#website\",\"url\":\"https:\\\/\\\/nmf.nu\\\/museum\\\/\",\"name\":\"Norges Metalls\u00f8kerforening | Museum\",\"description\":\"Kulturvern med metalls\u00f8ker\",\"potentialAction\":[{\"@type\":\"SearchAction\",\"target\":{\"@type\":\"EntryPoint\",\"urlTemplate\":\"https:\\\/\\\/nmf.nu\\\/museum\\\/?s={search_term_string}\"},\"query-input\":{\"@type\":\"PropertyValueSpecification\",\"valueRequired\":true,\"valueName\":\"search_term_string\"}}],\"inLanguage\":\"nb-NO\"}]}<\/script>\n<!-- \/ Yoast SEO plugin. -->","yoast_head_json":{"title":"Vektlodd plateformet - Norges Metalls\u00f8kerforening | Museum","robots":{"index":"index","follow":"follow","max-snippet":"max-snippet:-1","max-image-preview":"max-image-preview:large","max-video-preview":"max-video-preview:-1"},"canonical":"https:\/\/nmf.nu\/museum\/funn\/gjenstander\/gjenstander-for-1537\/vektlodd-plateformet-10\/","og_locale":"nb_NO","og_type":"article","og_title":"Vektlodd plateformet - Norges Metalls\u00f8kerforening | Museum","og_description":"Plateformete vektlodd i fra middelalder, med mange lignende like eksemplarer, spesielt m\u00e5 vi trekke frem de som er funnet p\u00e5 Domkirkeodden \u2013 Hamar kaupangen, Se her &nbsp; Vektlodd med plateform; de fremst\u00e5r jo med sine forskjellige st\u00f8rrelser og vekt, men ogs\u00e5 spesielt med sine serier, som viser punkt-prikker, synes som flest av de med 5 [&hellip;]","og_url":"https:\/\/nmf.nu\/museum\/funn\/gjenstander\/gjenstander-for-1537\/vektlodd-plateformet-10\/","og_site_name":"Norges Metalls\u00f8kerforening | Museum","article_publisher":"https:\/\/www.facebook.com\/groups\/480204098827134\/","article_modified_time":"2022-05-19T21:04:33+00:00","og_image":[{"width":800,"height":800,"url":"https:\/\/nmf.nu\/museum\/wp-content\/uploads\/2019\/10\/g-4.jpg","type":"image\/jpeg"}],"twitter_card":"summary_large_image","twitter_misc":{"Ansl. lesetid":"1 minutt"},"schema":{"@context":"https:\/\/schema.org","@graph":[{"@type":"WebPage","@id":"https:\/\/nmf.nu\/museum\/funn\/gjenstander\/gjenstander-for-1537\/vektlodd-plateformet-10\/","url":"https:\/\/nmf.nu\/museum\/funn\/gjenstander\/gjenstander-for-1537\/vektlodd-plateformet-10\/","name":"Vektlodd plateformet - Norges Metalls\u00f8kerforening | Museum","isPartOf":{"@id":"https:\/\/nmf.nu\/museum\/#website"},"primaryImageOfPage":{"@id":"https:\/\/nmf.nu\/museum\/funn\/gjenstander\/gjenstander-for-1537\/vektlodd-plateformet-10\/#primaryimage"},"image":{"@id":"https:\/\/nmf.nu\/museum\/funn\/gjenstander\/gjenstander-for-1537\/vektlodd-plateformet-10\/#primaryimage"},"thumbnailUrl":"https:\/\/nmf.nu\/museum\/wp-content\/uploads\/2019\/10\/g-4.jpg","datePublished":"2019-10-23T12:36:36+00:00","dateModified":"2022-05-19T21:04:33+00:00","breadcrumb":{"@id":"https:\/\/nmf.nu\/museum\/funn\/gjenstander\/gjenstander-for-1537\/vektlodd-plateformet-10\/#breadcrumb"},"inLanguage":"nb-NO","potentialAction":[{"@type":"ReadAction","target":["https:\/\/nmf.nu\/museum\/funn\/gjenstander\/gjenstander-for-1537\/vektlodd-plateformet-10\/"]}]},{"@type":"ImageObject","inLanguage":"nb-NO","@id":"https:\/\/nmf.nu\/museum\/funn\/gjenstander\/gjenstander-for-1537\/vektlodd-plateformet-10\/#primaryimage","url":"https:\/\/nmf.nu\/museum\/wp-content\/uploads\/2019\/10\/g-4.jpg","contentUrl":"https:\/\/nmf.nu\/museum\/wp-content\/uploads\/2019\/10\/g-4.jpg","width":800,"height":800,"caption":"Vektlodd plateformet med stempel krone p\u00e5 en stift, eller om en kalk"},{"@type":"BreadcrumbList","@id":"https:\/\/nmf.nu\/museum\/funn\/gjenstander\/gjenstander-for-1537\/vektlodd-plateformet-10\/#breadcrumb","itemListElement":[{"@type":"ListItem","position":1,"name":"Hjem","item":"https:\/\/nmf.nu\/museum\/"},{"@type":"ListItem","position":2,"name":"Funn","item":"https:\/\/nmf.nu\/museum\/shop\/"},{"@type":"ListItem","position":3,"name":"Vektlodd plateformet"}]},{"@type":"WebSite","@id":"https:\/\/nmf.nu\/museum\/#website","url":"https:\/\/nmf.nu\/museum\/","name":"Norges Metalls\u00f8kerforening | Museum","description":"Kulturvern med metalls\u00f8ker","potentialAction":[{"@type":"SearchAction","target":{"@type":"EntryPoint","urlTemplate":"https:\/\/nmf.nu\/museum\/?s={search_term_string}"},"query-input":{"@type":"PropertyValueSpecification","valueRequired":true,"valueName":"search_term_string"}}],"inLanguage":"nb-NO"}]}},"_links":{"self":[{"href":"https:\/\/nmf.nu\/museum\/wp-json\/wp\/v2\/product\/21207","targetHints":{"allow":["GET"]}}],"collection":[{"href":"https:\/\/nmf.nu\/museum\/wp-json\/wp\/v2\/product"}],"about":[{"href":"https:\/\/nmf.nu\/museum\/wp-json\/wp\/v2\/types\/product"}],"replies":[{"embeddable":true,"href":"https:\/\/nmf.nu\/museum\/wp-json\/wp\/v2\/comments?post=21207"}],"wp:featuredmedia":[{"embeddable":true,"href":"https:\/\/nmf.nu\/museum\/wp-json\/wp\/v2\/media\/21209"}],"wp:attachment":[{"href":"https:\/\/nmf.nu\/museum\/wp-json\/wp\/v2\/media?parent=21207"}],"wp:term":[{"taxonomy":"product_brand","embeddable":true,"href":"https:\/\/nmf.nu\/museum\/wp-json\/wp\/v2\/product_brand?post=21207"},{"taxonomy":"product_cat","embeddable":true,"href":"https:\/\/nmf.nu\/museum\/wp-json\/wp\/v2\/product_cat?post=21207"},{"taxonomy":"product_tag","embeddable":true,"href":"https:\/\/nmf.nu\/museum\/wp-json\/wp\/v2\/product_tag?post=21207"}],"curies":[{"name":"wp","href":"https:\/\/api.w.org\/{rel}","templated":true}]}}