{"id":21103,"date":"2019-10-19T18:32:17","date_gmt":"2019-10-19T16:32:17","guid":{"rendered":"http:\/\/nmf.nu\/museum\/?post_type=product&#038;p=21103"},"modified":"2019-10-19T20:55:31","modified_gmt":"2019-10-19T18:55:31","slug":"insulaert-beslag-7","status":"publish","type":"product","link":"https:\/\/nmf.nu\/museum\/funn\/gjenstander\/gjenstander-for-1537\/insulaert-beslag-7\/","title":{"rendered":"Insul\u00e6rt beslag"},"content":{"rendered":"<p>Forgylt beslag fra vikingtid \u2013<br \/>\nDet kan nok ha blitt r\u00f8vet med hjem fra et herjingstokt, eller ogs\u00e5 ved en \u00e6rlig handel p\u00e5 \u00f8yene rundt i det britiske farvann,<br \/>\nSlike like, og lignende like beslag ble produsert der ute rundt i klostrene av smykkesmeder med stor erfaring.<br \/>\nDe pyntene beslag p\u00e5 relikvieskrin, b\u00f8ker, kors og annet, slik ble skrellet av og tatt med hjem som h\u00e6rfang,<br \/>\nn\u00e5ler ble montert og fester ble omgjort, for \u00e5 pynte kvinner og hester,<br \/>\nslik er de blitt funnet i Norge flere steder fra gravfunn,<br \/>\nspesielt nevner vi Gausel i Rogaland.<br \/>\n\u2013 her hjemme i Norge har det blitt gjort mange insul\u00e6re funn fra vikingtid,<br \/>\nfra arkeologiske unders\u00f8kelser av gamle gravsteder er det gjort en hel rekke funn.<br \/>\nbl.a.<br \/>\nGausel, Stavanger, Rogaland<br \/>\nGiske i M\u00f8re og Romsdal<br \/>\nGloppen i Sogn og Fjordane<br \/>\nMarnadal i Vest-Agder<br \/>\nBerdal i Sogn og Fjordane<br \/>\n\u2013<br \/>\nSe mer om i\u00a0<a href=\"http:\/\/www.nb.no\/nbsok\/nb\/89cbca434b073588fd6ddedf4d665112?lang=no#162\">Oluf Ryghs Norske Oldsager<\/a><\/p>\n<p>\u2013<\/p>\n<p><a href=\"https:\/\/snl.no\/insul%C3%A6r_stil\" target=\"_blank\" rel=\"noopener noreferrer\">Insul\u00e6r stil<\/a><\/p>\n<p>\u2013<\/p>\n<p>&#8211;<\/p>\n<p>&nbsp;<\/p>\n<p>&#8211;<\/p>\n<p>&nbsp;<\/p>\n","protected":false},"excerpt":{"rendered":"<p>Forgylt beslag fra vikingtid \u2013 Det kan nok ha blitt r\u00f8vet med hjem fra et herjingstokt, eller ogs\u00e5 ved en \u00e6rlig handel p\u00e5 \u00f8yene rundt i det britiske farvann, Slike like, og lignende like beslag ble produsert der ute rundt i klostrene av smykkesmeder med stor erfaring. De pyntene beslag p\u00e5 relikvieskrin, b\u00f8ker, kors og [&hellip;]<\/p>\n","protected":false},"featured_media":21104,"comment_status":"open","ping_status":"closed","template":"","meta":{"_acf_changed":false,"_et_pb_use_builder":"","_et_pb_old_content":"","_et_gb_content_width":""},"product_brand":[],"product_cat":[56,13,15,373,32,147],"product_tag":[],"class_list":{"0":"post-21103","1":"product","2":"type-product","3":"status-publish","4":"has-post-thumbnail","6":"product_cat-alle-gjenstander","7":"product_cat-gjenstander","8":"product_cat-gjenstander-for-1537","9":"product_cat-insulaer-stil","10":"product_cat-vikingtid-793-1066","11":"product_cat-yngre-jernalder-550-1066","13":"first","14":"instock","15":"shipping-taxable","16":"product-type-simple"},"acf":[],"yoast_head":"<!-- This site is optimized with the Yoast SEO plugin v27.5 - https:\/\/yoast.com\/product\/yoast-seo-wordpress\/ -->\n<title>Insul\u00e6rt beslag - Norges Metalls\u00f8kerforening | Museum<\/title>\n<meta name=\"robots\" content=\"index, follow, max-snippet:-1, max-image-preview:large, max-video-preview:-1\" \/>\n<link rel=\"canonical\" href=\"https:\/\/nmf.nu\/museum\/funn\/gjenstander\/gjenstander-for-1537\/insulaert-beslag-7\/\" \/>\n<meta property=\"og:locale\" content=\"nb_NO\" \/>\n<meta property=\"og:type\" content=\"article\" \/>\n<meta property=\"og:title\" content=\"Insul\u00e6rt beslag - Norges Metalls\u00f8kerforening | Museum\" \/>\n<meta property=\"og:description\" content=\"Forgylt beslag fra vikingtid \u2013 Det kan nok ha blitt r\u00f8vet med hjem fra et herjingstokt, eller ogs\u00e5 ved en \u00e6rlig handel p\u00e5 \u00f8yene rundt i det britiske farvann, Slike like, og lignende like beslag ble produsert der ute rundt i klostrene av smykkesmeder med stor erfaring. De pyntene beslag p\u00e5 relikvieskrin, b\u00f8ker, kors og [&hellip;]\" \/>\n<meta property=\"og:url\" content=\"https:\/\/nmf.nu\/museum\/funn\/gjenstander\/gjenstander-for-1537\/insulaert-beslag-7\/\" \/>\n<meta property=\"og:site_name\" content=\"Norges Metalls\u00f8kerforening | Museum\" \/>\n<meta property=\"article:publisher\" content=\"https:\/\/www.facebook.com\/groups\/480204098827134\/\" \/>\n<meta property=\"article:modified_time\" content=\"2019-10-19T18:55:31+00:00\" \/>\n<meta property=\"og:image\" content=\"https:\/\/nmf.nu\/museum\/wp-content\/uploads\/2019\/10\/1-5.jpg\" \/>\n\t<meta property=\"og:image:width\" content=\"900\" \/>\n\t<meta property=\"og:image:height\" content=\"900\" \/>\n\t<meta property=\"og:image:type\" content=\"image\/jpeg\" \/>\n<meta name=\"twitter:card\" content=\"summary_large_image\" \/>\n<meta name=\"twitter:label1\" content=\"Ansl. lesetid\" \/>\n\t<meta name=\"twitter:data1\" content=\"1 minutt\" \/>\n<script type=\"application\/ld+json\" class=\"yoast-schema-graph\">{\"@context\":\"https:\\\/\\\/schema.org\",\"@graph\":[{\"@type\":\"WebPage\",\"@id\":\"https:\\\/\\\/nmf.nu\\\/museum\\\/funn\\\/gjenstander\\\/gjenstander-for-1537\\\/insulaert-beslag-7\\\/\",\"url\":\"https:\\\/\\\/nmf.nu\\\/museum\\\/funn\\\/gjenstander\\\/gjenstander-for-1537\\\/insulaert-beslag-7\\\/\",\"name\":\"Insul\u00e6rt beslag - Norges Metalls\u00f8kerforening | Museum\",\"isPartOf\":{\"@id\":\"https:\\\/\\\/nmf.nu\\\/museum\\\/#website\"},\"primaryImageOfPage\":{\"@id\":\"https:\\\/\\\/nmf.nu\\\/museum\\\/funn\\\/gjenstander\\\/gjenstander-for-1537\\\/insulaert-beslag-7\\\/#primaryimage\"},\"image\":{\"@id\":\"https:\\\/\\\/nmf.nu\\\/museum\\\/funn\\\/gjenstander\\\/gjenstander-for-1537\\\/insulaert-beslag-7\\\/#primaryimage\"},\"thumbnailUrl\":\"https:\\\/\\\/nmf.nu\\\/museum\\\/wp-content\\\/uploads\\\/2019\\\/10\\\/1-5.jpg\",\"datePublished\":\"2019-10-19T16:32:17+00:00\",\"dateModified\":\"2019-10-19T18:55:31+00:00\",\"breadcrumb\":{\"@id\":\"https:\\\/\\\/nmf.nu\\\/museum\\\/funn\\\/gjenstander\\\/gjenstander-for-1537\\\/insulaert-beslag-7\\\/#breadcrumb\"},\"inLanguage\":\"nb-NO\",\"potentialAction\":[{\"@type\":\"ReadAction\",\"target\":[\"https:\\\/\\\/nmf.nu\\\/museum\\\/funn\\\/gjenstander\\\/gjenstander-for-1537\\\/insulaert-beslag-7\\\/\"]}]},{\"@type\":\"ImageObject\",\"inLanguage\":\"nb-NO\",\"@id\":\"https:\\\/\\\/nmf.nu\\\/museum\\\/funn\\\/gjenstander\\\/gjenstander-for-1537\\\/insulaert-beslag-7\\\/#primaryimage\",\"url\":\"https:\\\/\\\/nmf.nu\\\/museum\\\/wp-content\\\/uploads\\\/2019\\\/10\\\/1-5.jpg\",\"contentUrl\":\"https:\\\/\\\/nmf.nu\\\/museum\\\/wp-content\\\/uploads\\\/2019\\\/10\\\/1-5.jpg\",\"width\":900,\"height\":900,\"caption\":\"Insul\u00e6r stil\"},{\"@type\":\"BreadcrumbList\",\"@id\":\"https:\\\/\\\/nmf.nu\\\/museum\\\/funn\\\/gjenstander\\\/gjenstander-for-1537\\\/insulaert-beslag-7\\\/#breadcrumb\",\"itemListElement\":[{\"@type\":\"ListItem\",\"position\":1,\"name\":\"Hjem\",\"item\":\"https:\\\/\\\/nmf.nu\\\/museum\\\/\"},{\"@type\":\"ListItem\",\"position\":2,\"name\":\"Funn\",\"item\":\"https:\\\/\\\/nmf.nu\\\/museum\\\/shop\\\/\"},{\"@type\":\"ListItem\",\"position\":3,\"name\":\"Insul\u00e6rt beslag\"}]},{\"@type\":\"WebSite\",\"@id\":\"https:\\\/\\\/nmf.nu\\\/museum\\\/#website\",\"url\":\"https:\\\/\\\/nmf.nu\\\/museum\\\/\",\"name\":\"Norges Metalls\u00f8kerforening | Museum\",\"description\":\"Kulturvern med metalls\u00f8ker\",\"potentialAction\":[{\"@type\":\"SearchAction\",\"target\":{\"@type\":\"EntryPoint\",\"urlTemplate\":\"https:\\\/\\\/nmf.nu\\\/museum\\\/?s={search_term_string}\"},\"query-input\":{\"@type\":\"PropertyValueSpecification\",\"valueRequired\":true,\"valueName\":\"search_term_string\"}}],\"inLanguage\":\"nb-NO\"}]}<\/script>\n<!-- \/ Yoast SEO plugin. -->","yoast_head_json":{"title":"Insul\u00e6rt beslag - Norges Metalls\u00f8kerforening | Museum","robots":{"index":"index","follow":"follow","max-snippet":"max-snippet:-1","max-image-preview":"max-image-preview:large","max-video-preview":"max-video-preview:-1"},"canonical":"https:\/\/nmf.nu\/museum\/funn\/gjenstander\/gjenstander-for-1537\/insulaert-beslag-7\/","og_locale":"nb_NO","og_type":"article","og_title":"Insul\u00e6rt beslag - Norges Metalls\u00f8kerforening | Museum","og_description":"Forgylt beslag fra vikingtid \u2013 Det kan nok ha blitt r\u00f8vet med hjem fra et herjingstokt, eller ogs\u00e5 ved en \u00e6rlig handel p\u00e5 \u00f8yene rundt i det britiske farvann, Slike like, og lignende like beslag ble produsert der ute rundt i klostrene av smykkesmeder med stor erfaring. De pyntene beslag p\u00e5 relikvieskrin, b\u00f8ker, kors og [&hellip;]","og_url":"https:\/\/nmf.nu\/museum\/funn\/gjenstander\/gjenstander-for-1537\/insulaert-beslag-7\/","og_site_name":"Norges Metalls\u00f8kerforening | Museum","article_publisher":"https:\/\/www.facebook.com\/groups\/480204098827134\/","article_modified_time":"2019-10-19T18:55:31+00:00","og_image":[{"width":900,"height":900,"url":"https:\/\/nmf.nu\/museum\/wp-content\/uploads\/2019\/10\/1-5.jpg","type":"image\/jpeg"}],"twitter_card":"summary_large_image","twitter_misc":{"Ansl. lesetid":"1 minutt"},"schema":{"@context":"https:\/\/schema.org","@graph":[{"@type":"WebPage","@id":"https:\/\/nmf.nu\/museum\/funn\/gjenstander\/gjenstander-for-1537\/insulaert-beslag-7\/","url":"https:\/\/nmf.nu\/museum\/funn\/gjenstander\/gjenstander-for-1537\/insulaert-beslag-7\/","name":"Insul\u00e6rt beslag - Norges Metalls\u00f8kerforening | Museum","isPartOf":{"@id":"https:\/\/nmf.nu\/museum\/#website"},"primaryImageOfPage":{"@id":"https:\/\/nmf.nu\/museum\/funn\/gjenstander\/gjenstander-for-1537\/insulaert-beslag-7\/#primaryimage"},"image":{"@id":"https:\/\/nmf.nu\/museum\/funn\/gjenstander\/gjenstander-for-1537\/insulaert-beslag-7\/#primaryimage"},"thumbnailUrl":"https:\/\/nmf.nu\/museum\/wp-content\/uploads\/2019\/10\/1-5.jpg","datePublished":"2019-10-19T16:32:17+00:00","dateModified":"2019-10-19T18:55:31+00:00","breadcrumb":{"@id":"https:\/\/nmf.nu\/museum\/funn\/gjenstander\/gjenstander-for-1537\/insulaert-beslag-7\/#breadcrumb"},"inLanguage":"nb-NO","potentialAction":[{"@type":"ReadAction","target":["https:\/\/nmf.nu\/museum\/funn\/gjenstander\/gjenstander-for-1537\/insulaert-beslag-7\/"]}]},{"@type":"ImageObject","inLanguage":"nb-NO","@id":"https:\/\/nmf.nu\/museum\/funn\/gjenstander\/gjenstander-for-1537\/insulaert-beslag-7\/#primaryimage","url":"https:\/\/nmf.nu\/museum\/wp-content\/uploads\/2019\/10\/1-5.jpg","contentUrl":"https:\/\/nmf.nu\/museum\/wp-content\/uploads\/2019\/10\/1-5.jpg","width":900,"height":900,"caption":"Insul\u00e6r stil"},{"@type":"BreadcrumbList","@id":"https:\/\/nmf.nu\/museum\/funn\/gjenstander\/gjenstander-for-1537\/insulaert-beslag-7\/#breadcrumb","itemListElement":[{"@type":"ListItem","position":1,"name":"Hjem","item":"https:\/\/nmf.nu\/museum\/"},{"@type":"ListItem","position":2,"name":"Funn","item":"https:\/\/nmf.nu\/museum\/shop\/"},{"@type":"ListItem","position":3,"name":"Insul\u00e6rt beslag"}]},{"@type":"WebSite","@id":"https:\/\/nmf.nu\/museum\/#website","url":"https:\/\/nmf.nu\/museum\/","name":"Norges Metalls\u00f8kerforening | Museum","description":"Kulturvern med metalls\u00f8ker","potentialAction":[{"@type":"SearchAction","target":{"@type":"EntryPoint","urlTemplate":"https:\/\/nmf.nu\/museum\/?s={search_term_string}"},"query-input":{"@type":"PropertyValueSpecification","valueRequired":true,"valueName":"search_term_string"}}],"inLanguage":"nb-NO"}]}},"_links":{"self":[{"href":"https:\/\/nmf.nu\/museum\/wp-json\/wp\/v2\/product\/21103","targetHints":{"allow":["GET"]}}],"collection":[{"href":"https:\/\/nmf.nu\/museum\/wp-json\/wp\/v2\/product"}],"about":[{"href":"https:\/\/nmf.nu\/museum\/wp-json\/wp\/v2\/types\/product"}],"replies":[{"embeddable":true,"href":"https:\/\/nmf.nu\/museum\/wp-json\/wp\/v2\/comments?post=21103"}],"wp:featuredmedia":[{"embeddable":true,"href":"https:\/\/nmf.nu\/museum\/wp-json\/wp\/v2\/media\/21104"}],"wp:attachment":[{"href":"https:\/\/nmf.nu\/museum\/wp-json\/wp\/v2\/media?parent=21103"}],"wp:term":[{"taxonomy":"product_brand","embeddable":true,"href":"https:\/\/nmf.nu\/museum\/wp-json\/wp\/v2\/product_brand?post=21103"},{"taxonomy":"product_cat","embeddable":true,"href":"https:\/\/nmf.nu\/museum\/wp-json\/wp\/v2\/product_cat?post=21103"},{"taxonomy":"product_tag","embeddable":true,"href":"https:\/\/nmf.nu\/museum\/wp-json\/wp\/v2\/product_tag?post=21103"}],"curies":[{"name":"wp","href":"https:\/\/api.w.org\/{rel}","templated":true}]}}