{"id":18507,"date":"2018-11-11T00:06:26","date_gmt":"2018-11-10T23:06:26","guid":{"rendered":"http:\/\/nmf.nu\/museum\/?post_type=product&#038;p=18507"},"modified":"2023-04-19T16:28:07","modified_gmt":"2023-04-19T14:28:07","slug":"1-gyllen-1528","status":"publish","type":"product","link":"https:\/\/nmf.nu\/museum\/funn\/gjenstander\/utenlandske-merker-og-medaljer\/svenske\/1-gyllen-1528\/","title":{"rendered":"1 Gyllen 1528"},"content":{"rendered":"<p><a href=\"http:\/\/myntbloggen.se\/tag\/gustav-vasas-provmynt-1528\/\" target=\"_blank\" rel=\"noopener noreferrer\">http:\/\/myntbloggen.se\/tag\/gustav-vasas-provmynt-1528\/<\/a><\/p>\n<p><em><strong>Provmynt 1528 \u2013 eller utst\u00e4llningsjetong 1897 \u2026?<\/strong><\/em><\/p>\n<p>F\u00f6r att \u00e5terknyta till g\u00e5rdagens blogginl\u00e4gg t\u00e4nkte jag idag ta upp ett exempel p\u00e5 hur \u00e4ven \u201dde stora elefanterna\u201d kan trampa i klaveret ibland. <img decoding=\"async\" class=\"wp-smiley\" src=\"http:\/\/myntbloggen.se\/wp-includes\/images\/smilies\/icon_wink.gif\" alt=\";)\" \/><\/p>\n<p>I den d\u00e5 ledande numismatiska tidskriften Skandinavisk Numismatik \u2013 Mynt &amp; Medaljer<br \/>\nnr 3-1982, skrev <strong>Kenneth Jonsson<\/strong> (idag Sveriges enda professor i numismatik!) en artikel med titeln: <strong><em>Ett \u2018provmynt\u2019 f\u00f6r 1 \u00f6re slaget till Gustav Vasas kr\u00f6ning 1528?<\/em><\/strong> \u2026 d\u00e4r han presenterade\u00a0ett korroderat\u00a0jordfynd fr\u00e5n Dalarna som hittats\u00a0av tv\u00e5 grabbar utanf\u00f6r Ludvika i september 1981.<\/p>\n<p>Detta \u201dkopparmynt\u201d inl\u00f6stes av Kungliga Myntkabinettet i Stockholm, genom s.k. hembud, d\u00e5 det r\u00f6rde sig om ett nyfunnet jordfynd utan \u00e4gare som kunde antas vara \u00e4ldre \u00e4n 100 \u00e5r gammalt. Priset fastslogs till 3.000 kr (n\u00e4rmare 8.000 kr i dagens penningv\u00e4rde), vilket kan betraktas som ett verkligt \u201dfyndpris\u201d <img decoding=\"async\" class=\"wp-smiley\" src=\"http:\/\/myntbloggen.se\/wp-includes\/images\/smilies\/icon_wink.gif\" alt=\";)\" \/> \u2026 f\u00f6r ett unikt (prov)mynt fr\u00e5n 1528? Nedanst\u00e5ende gyllen 1528 s\u00e5ldes i Tyskland 2011 f\u00f6r motsvarande 2.133.000 kr.<\/p>\n<p>Professor Jonsson tycker att \u201dprovmyntet\u201d har stora likheter med 1528 \u00e5rs stormynt, slaget till Gustav Vasas kr\u00f6ning (se Mynttidningen 3\/4-1994), och framf\u00f6r teorin om att det kan r\u00f6ra sig om ett provmynt\u00a0till ett \u201dkr\u00f6nings\u00f6re\u201d 1528. En kopparminiatyr av gyllen. Diametern \u00e4r \u00d8 28,4 mm och vikten 5,20 gram f\u00f6re konservering och 5,05 gram efter.<\/p>\n<p>N\u00e5gra \u00e5r senare (1988-1989) framf\u00f6r skribentparet Yngve Almer och Ingemar Carlsson en sensationell teori om att bland annat 1528 \u00e5rs gyllen (stormynt) skulle vara en antikvitetsf\u00f6rfalskning, tillverkad av n\u00e5gon ok\u00e4nd f\u00f6rm\u00e5ga p\u00e5 1670-talet i syfte att lura samlare!? Almer\/Carlsson inst\u00e4mmer f\u00f6r \u00f6vrigt\u00a0i Jonssons omd\u00f6me att <em>\u201dlikheten mellan miniatyren och gyllen \u00e4r anm\u00e4rkningsv\u00e4rt stor\u201d.<\/em> Man omn\u00e4mner\u00a0miniatyren, men m\u00e4rkligt nog inte andra k\u00e4nda gamla gyllenkopior. KMK:s Ian Wis\u00e9hn beskriver fyndmyntet 1990 (i \u201dMyntfynd fr\u00e5n Dalarna\u201d, \u00a0med sparsmakade: <em>\u201dStockholm, 1528, koppar, falskt\u201d<\/em> \u2026 men utan vare sig motivering, bild,\u00a0storlek eller vikt.<\/p>\n<p>Undertecknad omn\u00e4mner miniatyren i f\u00f6rbig\u00e5ende i artikeln \u201d1528 \u00e5rs stormynt \u2013 ett fantasimynt?\u201d, Mynttidningen 3\/4-1994, sidorna 18-23. Betr\u00e4ffande de p\u00e5st\u00e5dda likheterna med 1528 \u00e5rs stormynt skriver jag bl.a. <em>\u201dEnligt min uppfattning finns inga som helst\u00a0stillikheter mellan miniatyren och 1528 \u00e5rs mynt. Denna pr\u00e4gling anknyter vare sig till Appelgrens stil 4 eller stil 3\/5\u2033.<\/em>\u00a0Dessutom h\u00e4vdar jag best\u00e4mt att gyllen 1528 \u00e4r \u00e4kta!<\/p>\n<p>Och n\u00e4r\u00a0Svenska Numismatiska F\u00f6reningens \u201dNM XL, Myntningen i Sverige 995-1995\u2033, utkom \u00e5ret d\u00e4rp\u00e5, fick jag medh\u00e5ll av sj\u00e4lvaste Lars O. Lagerqvist! \u2026 d\u00e4r han bl.a. n\u00e4mner <em>\u201den debattartikel med utf\u00f6rliga motargument; f\u00f6rfattare till denna \u00e4r U. Ottoson\u201d<\/em> samt att\u00a0<em>\u201dF\u00f6rf. h\u00f6r till dem som av m\u00e5nga sk\u00e4l bed\u00f6mt gyllenmyntet som en samtida pr\u00e4gling och ansluter sig till Ottosson\u201d. <\/em>Ang\u00e5ende miniatyren f\u00e5r vi samtidigt veta att man funnit ytterligare ett ex. (i S\u00f6dermanland) med bevarad f\u00f6rsilvring! En metallanalys hade dessutom givit vid handen att s\u00e5v\u00e4l legeringen som f\u00f6rsilvringen var modern och att det allts\u00e5 inte r\u00f6rde sig om ett samtida\u00a0provmynt, utan om en senare minnesjetong<\/p>\n<p>N\u00e4sta ledtr\u00e5d kom tio \u00e5r senare, 2005, efter att Bengt Hemmingsson tipsat Fr\u00e9d\u00e9ric Elfver om en skrift om Allm\u00e4nna konst- och industriutst\u00e4llningen i Stockholm 1897 \u2026 med en illustration av gyllen 1528 \u2026 och den i sammanhanget intressanta bildtexten: <em>\u201dGustaf I:s \u00f6re 1528\u2033.<\/em> <img decoding=\"async\" class=\"wp-smiley\" src=\"http:\/\/myntbloggen.se\/wp-includes\/images\/smilies\/icon_wink.gif\" alt=\";)\" \/> Detta utmynnade i artikeln: <em>\u201dOm \u2018provmyntet\u2019 till Gustav I:s kr\u00f6ning 1528 \u2013 en dementi\u201d\u00a0 <\/em>(SNT 3-2005, sidorna 62-63).<\/p>\n<p>Och det finns faktiskt mycket som talar f\u00f6r Bengt Hemmingssons id\u00e9. Det r\u00e5kar n\u00e4mligen finnas en liten minnesjetong, pr\u00e4glad p\u00e5 industri-utst\u00e4llningen 1897, som har EXAKT samma diameter som \u201dminiatyr-gyllen 1528\u2033\u2026 \u00d8 28,4 mm! Denna jetong (\u00f6verst p\u00e5 bilden t.h.) \u00e4r graverad av August H\u00f6gel och slagen av Petterssons Knappmakeri i Stockholm. Den \u00e4r som synes f\u00f6rsedd med en b\u00e4r\u00f6gla kl. 12 \u2013 liknande den som finns p\u00e5 ett par av de idag\u00a0k\u00e4nda exemplaren av gyllen-imitationen\u00a0\u2026 \u00f6vriga 5-6 ex. har sp\u00e5r av en \u00f6gla kl. 12. Samtliga har likv\u00e4nda sidor och vikt mellan 5,05 \u2013 6,56 gram.<\/p>\n<p>I januari 1896 gick firmans grundare Mathias Pettersson (1824-1896) ur tiden och r\u00f6relsen \u00f6vertogs av\u00a0\u00e4ldste sonen Carl Gustaf Pettersson (1853-1940). P\u00e5 bilden ovan skymtar han fram, bakom \u201d1897 \u00e5rs jetonger\u201d, p\u00e5 en medalj tillskriven Sven Kulle 1903. I Lars O. Lagerqvists utm\u00e4rkta lilla bok om Petterssons Knappmakeri (1981) f\u00e5r vi veta att Gustaf bl.a.\u00a0utbildat sig i Paris \u2013\u00a0och att han var s\u00e4rskilt skicklig inom f\u00f6rgyllning!<\/p>\n<p>P\u00e5 denna artikels f\u00f6rsta bild ser vi en kartskiss \u00f6ver \u201dGamla Stockholm\u201d under Industri-utst\u00e4llningen 1897 \u2026 med s\u00e5v\u00e4l \u201dMyntm\u00e4starens hus\u201d (1) som \u201dSlottsporten\u201d<\/p>\n<p>Sensmoralen av det hela \u00e4r v\u00e4l att allting kanske inte \u00e4r fullt s\u00e5 enkelt som det f\u00f6rst ser ut. Till och med en myntprofessor kan feldatera ett \u201dmynt\u201d med 369 \u00e5r \u2026 och med hull och h\u00e5r \u201dk\u00f6pa\u201d en turistkopia \/ souvenir, som en g\u00e5ng i tiden medvetet f\u00f6rminskats, just f\u00f6r att undvika all\u00a0sammanblandning med originalen. \u2013 Allt \u00e4r enkelt n\u00e4r man kan det!<\/p>\n<p><strong>P.S.<\/strong>\u00a0 Tur f\u00f6r KMK att man feldaterade \u201dmynttypen\u201d, annars hade man inte haft n\u00e5got laglig r\u00e4tt att l\u00f6sa in de tv\u00e5 f\u00f6rst funna slantarna \u2026 som ju b\u00e5da var yngre \u00e4n 100 \u00e5r. <img decoding=\"async\" class=\"wp-smiley\" src=\"http:\/\/myntbloggen.se\/wp-includes\/images\/smilies\/icon_wink.gif\" alt=\";)\" \/><\/p>\n<p>&nbsp;<\/p>\n<p>Kilde: <a title=\"Myntbloggen.se\" href=\"http:\/\/myntbloggen.se\/\" target=\"_blank\" rel=\"home noopener\">Myntbloggen.se<\/a><\/p>\n<p>&nbsp;<\/p>\n<p>&nbsp;<\/p>\n","protected":false},"excerpt":{"rendered":"<p>http:\/\/myntbloggen.se\/tag\/gustav-vasas-provmynt-1528\/ Provmynt 1528 \u2013 eller utst\u00e4llningsjetong 1897 \u2026? F\u00f6r att \u00e5terknyta till g\u00e5rdagens blogginl\u00e4gg t\u00e4nkte jag idag ta upp ett exempel p\u00e5 hur \u00e4ven \u201dde stora elefanterna\u201d kan trampa i klaveret ibland. I den d\u00e5 ledande numismatiska tidskriften Skandinavisk Numismatik \u2013 Mynt &amp; Medaljer nr 3-1982, skrev Kenneth Jonsson (idag Sveriges enda professor i numismatik!) [&hellip;]<\/p>\n","protected":false},"featured_media":18509,"comment_status":"open","ping_status":"closed","template":"","meta":{"_acf_changed":false,"_et_pb_use_builder":"","_et_pb_old_content":"","_et_gb_content_width":""},"product_brand":[],"product_cat":[56,13,103,464,49],"product_tag":[],"class_list":{"0":"post-18507","1":"product","2":"type-product","3":"status-publish","4":"has-post-thumbnail","6":"product_cat-alle-gjenstander","7":"product_cat-gjenstander","8":"product_cat-gjenstander-1814-1905","9":"product_cat-svenske","10":"product_cat-utenlandske-merker-og-medaljer","12":"first","13":"instock","14":"shipping-taxable","15":"product-type-simple"},"acf":[],"yoast_head":"<!-- This site is optimized with the Yoast SEO plugin v27.6 - https:\/\/yoast.com\/product\/yoast-seo-wordpress\/ -->\n<title>1 Gyllen 1528 - Norges Metalls\u00f8kerforening | Museum<\/title>\n<meta name=\"robots\" content=\"index, follow, max-snippet:-1, max-image-preview:large, max-video-preview:-1\" \/>\n<link rel=\"canonical\" href=\"https:\/\/nmf.nu\/museum\/funn\/gjenstander\/utenlandske-merker-og-medaljer\/svenske\/1-gyllen-1528\/\" \/>\n<meta property=\"og:locale\" content=\"nb_NO\" \/>\n<meta property=\"og:type\" content=\"article\" \/>\n<meta property=\"og:title\" content=\"1 Gyllen 1528 - Norges Metalls\u00f8kerforening | Museum\" \/>\n<meta property=\"og:description\" content=\"http:\/\/myntbloggen.se\/tag\/gustav-vasas-provmynt-1528\/ Provmynt 1528 \u2013 eller utst\u00e4llningsjetong 1897 \u2026? F\u00f6r att \u00e5terknyta till g\u00e5rdagens blogginl\u00e4gg t\u00e4nkte jag idag ta upp ett exempel p\u00e5 hur \u00e4ven \u201dde stora elefanterna\u201d kan trampa i klaveret ibland. I den d\u00e5 ledande numismatiska tidskriften Skandinavisk Numismatik \u2013 Mynt &amp; Medaljer nr 3-1982, skrev Kenneth Jonsson (idag Sveriges enda professor i numismatik!) [&hellip;]\" \/>\n<meta property=\"og:url\" content=\"https:\/\/nmf.nu\/museum\/funn\/gjenstander\/utenlandske-merker-og-medaljer\/svenske\/1-gyllen-1528\/\" \/>\n<meta property=\"og:site_name\" content=\"Norges Metalls\u00f8kerforening | Museum\" \/>\n<meta property=\"article:publisher\" content=\"https:\/\/www.facebook.com\/groups\/480204098827134\/\" \/>\n<meta property=\"article:modified_time\" content=\"2023-04-19T14:28:07+00:00\" \/>\n<meta property=\"og:image\" content=\"https:\/\/nmf.nu\/museum\/wp-content\/uploads\/2018\/11\/1528-kopi.jpg\" \/>\n\t<meta property=\"og:image:width\" content=\"1000\" \/>\n\t<meta property=\"og:image:height\" content=\"1000\" \/>\n\t<meta property=\"og:image:type\" content=\"image\/jpeg\" \/>\n<meta name=\"twitter:card\" content=\"summary_large_image\" \/>\n<meta name=\"twitter:label1\" content=\"Ansl. lesetid\" \/>\n\t<meta name=\"twitter:data1\" content=\"6 minutter\" \/>\n<script type=\"application\/ld+json\" class=\"yoast-schema-graph\">{\"@context\":\"https:\\\/\\\/schema.org\",\"@graph\":[{\"@type\":\"WebPage\",\"@id\":\"https:\\\/\\\/nmf.nu\\\/museum\\\/funn\\\/gjenstander\\\/utenlandske-merker-og-medaljer\\\/svenske\\\/1-gyllen-1528\\\/\",\"url\":\"https:\\\/\\\/nmf.nu\\\/museum\\\/funn\\\/gjenstander\\\/utenlandske-merker-og-medaljer\\\/svenske\\\/1-gyllen-1528\\\/\",\"name\":\"1 Gyllen 1528 - Norges Metalls\u00f8kerforening | Museum\",\"isPartOf\":{\"@id\":\"https:\\\/\\\/nmf.nu\\\/museum\\\/#website\"},\"primaryImageOfPage\":{\"@id\":\"https:\\\/\\\/nmf.nu\\\/museum\\\/funn\\\/gjenstander\\\/utenlandske-merker-og-medaljer\\\/svenske\\\/1-gyllen-1528\\\/#primaryimage\"},\"image\":{\"@id\":\"https:\\\/\\\/nmf.nu\\\/museum\\\/funn\\\/gjenstander\\\/utenlandske-merker-og-medaljer\\\/svenske\\\/1-gyllen-1528\\\/#primaryimage\"},\"thumbnailUrl\":\"https:\\\/\\\/nmf.nu\\\/museum\\\/wp-content\\\/uploads\\\/2018\\\/11\\\/1528-kopi.jpg\",\"datePublished\":\"2018-11-10T23:06:26+00:00\",\"dateModified\":\"2023-04-19T14:28:07+00:00\",\"breadcrumb\":{\"@id\":\"https:\\\/\\\/nmf.nu\\\/museum\\\/funn\\\/gjenstander\\\/utenlandske-merker-og-medaljer\\\/svenske\\\/1-gyllen-1528\\\/#breadcrumb\"},\"inLanguage\":\"nb-NO\",\"potentialAction\":[{\"@type\":\"ReadAction\",\"target\":[\"https:\\\/\\\/nmf.nu\\\/museum\\\/funn\\\/gjenstander\\\/utenlandske-merker-og-medaljer\\\/svenske\\\/1-gyllen-1528\\\/\"]}]},{\"@type\":\"ImageObject\",\"inLanguage\":\"nb-NO\",\"@id\":\"https:\\\/\\\/nmf.nu\\\/museum\\\/funn\\\/gjenstander\\\/utenlandske-merker-og-medaljer\\\/svenske\\\/1-gyllen-1528\\\/#primaryimage\",\"url\":\"https:\\\/\\\/nmf.nu\\\/museum\\\/wp-content\\\/uploads\\\/2018\\\/11\\\/1528-kopi.jpg\",\"contentUrl\":\"https:\\\/\\\/nmf.nu\\\/museum\\\/wp-content\\\/uploads\\\/2018\\\/11\\\/1528-kopi.jpg\",\"width\":1000,\"height\":1000},{\"@type\":\"BreadcrumbList\",\"@id\":\"https:\\\/\\\/nmf.nu\\\/museum\\\/funn\\\/gjenstander\\\/utenlandske-merker-og-medaljer\\\/svenske\\\/1-gyllen-1528\\\/#breadcrumb\",\"itemListElement\":[{\"@type\":\"ListItem\",\"position\":1,\"name\":\"Hjem\",\"item\":\"https:\\\/\\\/nmf.nu\\\/museum\\\/\"},{\"@type\":\"ListItem\",\"position\":2,\"name\":\"Funn\",\"item\":\"https:\\\/\\\/nmf.nu\\\/museum\\\/shop\\\/\"},{\"@type\":\"ListItem\",\"position\":3,\"name\":\"1 Gyllen 1528\"}]},{\"@type\":\"WebSite\",\"@id\":\"https:\\\/\\\/nmf.nu\\\/museum\\\/#website\",\"url\":\"https:\\\/\\\/nmf.nu\\\/museum\\\/\",\"name\":\"Norges Metalls\u00f8kerforening | Museum\",\"description\":\"Kulturvern med metalls\u00f8ker\",\"potentialAction\":[{\"@type\":\"SearchAction\",\"target\":{\"@type\":\"EntryPoint\",\"urlTemplate\":\"https:\\\/\\\/nmf.nu\\\/museum\\\/?s={search_term_string}\"},\"query-input\":{\"@type\":\"PropertyValueSpecification\",\"valueRequired\":true,\"valueName\":\"search_term_string\"}}],\"inLanguage\":\"nb-NO\"}]}<\/script>\n<!-- \/ Yoast SEO plugin. -->","yoast_head_json":{"title":"1 Gyllen 1528 - Norges Metalls\u00f8kerforening | Museum","robots":{"index":"index","follow":"follow","max-snippet":"max-snippet:-1","max-image-preview":"max-image-preview:large","max-video-preview":"max-video-preview:-1"},"canonical":"https:\/\/nmf.nu\/museum\/funn\/gjenstander\/utenlandske-merker-og-medaljer\/svenske\/1-gyllen-1528\/","og_locale":"nb_NO","og_type":"article","og_title":"1 Gyllen 1528 - Norges Metalls\u00f8kerforening | Museum","og_description":"http:\/\/myntbloggen.se\/tag\/gustav-vasas-provmynt-1528\/ Provmynt 1528 \u2013 eller utst\u00e4llningsjetong 1897 \u2026? F\u00f6r att \u00e5terknyta till g\u00e5rdagens blogginl\u00e4gg t\u00e4nkte jag idag ta upp ett exempel p\u00e5 hur \u00e4ven \u201dde stora elefanterna\u201d kan trampa i klaveret ibland. I den d\u00e5 ledande numismatiska tidskriften Skandinavisk Numismatik \u2013 Mynt &amp; Medaljer nr 3-1982, skrev Kenneth Jonsson (idag Sveriges enda professor i numismatik!) [&hellip;]","og_url":"https:\/\/nmf.nu\/museum\/funn\/gjenstander\/utenlandske-merker-og-medaljer\/svenske\/1-gyllen-1528\/","og_site_name":"Norges Metalls\u00f8kerforening | Museum","article_publisher":"https:\/\/www.facebook.com\/groups\/480204098827134\/","article_modified_time":"2023-04-19T14:28:07+00:00","og_image":[{"width":1000,"height":1000,"url":"https:\/\/nmf.nu\/museum\/wp-content\/uploads\/2018\/11\/1528-kopi.jpg","type":"image\/jpeg"}],"twitter_card":"summary_large_image","twitter_misc":{"Ansl. lesetid":"6 minutter"},"schema":{"@context":"https:\/\/schema.org","@graph":[{"@type":"WebPage","@id":"https:\/\/nmf.nu\/museum\/funn\/gjenstander\/utenlandske-merker-og-medaljer\/svenske\/1-gyllen-1528\/","url":"https:\/\/nmf.nu\/museum\/funn\/gjenstander\/utenlandske-merker-og-medaljer\/svenske\/1-gyllen-1528\/","name":"1 Gyllen 1528 - Norges Metalls\u00f8kerforening | Museum","isPartOf":{"@id":"https:\/\/nmf.nu\/museum\/#website"},"primaryImageOfPage":{"@id":"https:\/\/nmf.nu\/museum\/funn\/gjenstander\/utenlandske-merker-og-medaljer\/svenske\/1-gyllen-1528\/#primaryimage"},"image":{"@id":"https:\/\/nmf.nu\/museum\/funn\/gjenstander\/utenlandske-merker-og-medaljer\/svenske\/1-gyllen-1528\/#primaryimage"},"thumbnailUrl":"https:\/\/nmf.nu\/museum\/wp-content\/uploads\/2018\/11\/1528-kopi.jpg","datePublished":"2018-11-10T23:06:26+00:00","dateModified":"2023-04-19T14:28:07+00:00","breadcrumb":{"@id":"https:\/\/nmf.nu\/museum\/funn\/gjenstander\/utenlandske-merker-og-medaljer\/svenske\/1-gyllen-1528\/#breadcrumb"},"inLanguage":"nb-NO","potentialAction":[{"@type":"ReadAction","target":["https:\/\/nmf.nu\/museum\/funn\/gjenstander\/utenlandske-merker-og-medaljer\/svenske\/1-gyllen-1528\/"]}]},{"@type":"ImageObject","inLanguage":"nb-NO","@id":"https:\/\/nmf.nu\/museum\/funn\/gjenstander\/utenlandske-merker-og-medaljer\/svenske\/1-gyllen-1528\/#primaryimage","url":"https:\/\/nmf.nu\/museum\/wp-content\/uploads\/2018\/11\/1528-kopi.jpg","contentUrl":"https:\/\/nmf.nu\/museum\/wp-content\/uploads\/2018\/11\/1528-kopi.jpg","width":1000,"height":1000},{"@type":"BreadcrumbList","@id":"https:\/\/nmf.nu\/museum\/funn\/gjenstander\/utenlandske-merker-og-medaljer\/svenske\/1-gyllen-1528\/#breadcrumb","itemListElement":[{"@type":"ListItem","position":1,"name":"Hjem","item":"https:\/\/nmf.nu\/museum\/"},{"@type":"ListItem","position":2,"name":"Funn","item":"https:\/\/nmf.nu\/museum\/shop\/"},{"@type":"ListItem","position":3,"name":"1 Gyllen 1528"}]},{"@type":"WebSite","@id":"https:\/\/nmf.nu\/museum\/#website","url":"https:\/\/nmf.nu\/museum\/","name":"Norges Metalls\u00f8kerforening | Museum","description":"Kulturvern med metalls\u00f8ker","potentialAction":[{"@type":"SearchAction","target":{"@type":"EntryPoint","urlTemplate":"https:\/\/nmf.nu\/museum\/?s={search_term_string}"},"query-input":{"@type":"PropertyValueSpecification","valueRequired":true,"valueName":"search_term_string"}}],"inLanguage":"nb-NO"}]}},"_links":{"self":[{"href":"https:\/\/nmf.nu\/museum\/wp-json\/wp\/v2\/product\/18507","targetHints":{"allow":["GET"]}}],"collection":[{"href":"https:\/\/nmf.nu\/museum\/wp-json\/wp\/v2\/product"}],"about":[{"href":"https:\/\/nmf.nu\/museum\/wp-json\/wp\/v2\/types\/product"}],"replies":[{"embeddable":true,"href":"https:\/\/nmf.nu\/museum\/wp-json\/wp\/v2\/comments?post=18507"}],"wp:featuredmedia":[{"embeddable":true,"href":"https:\/\/nmf.nu\/museum\/wp-json\/wp\/v2\/media\/18509"}],"wp:attachment":[{"href":"https:\/\/nmf.nu\/museum\/wp-json\/wp\/v2\/media?parent=18507"}],"wp:term":[{"taxonomy":"product_brand","embeddable":true,"href":"https:\/\/nmf.nu\/museum\/wp-json\/wp\/v2\/product_brand?post=18507"},{"taxonomy":"product_cat","embeddable":true,"href":"https:\/\/nmf.nu\/museum\/wp-json\/wp\/v2\/product_cat?post=18507"},{"taxonomy":"product_tag","embeddable":true,"href":"https:\/\/nmf.nu\/museum\/wp-json\/wp\/v2\/product_tag?post=18507"}],"curies":[{"name":"wp","href":"https:\/\/api.w.org\/{rel}","templated":true}]}}