{"id":18167,"date":"2018-10-24T01:20:09","date_gmt":"2018-10-23T23:20:09","guid":{"rendered":"http:\/\/nmf.nu\/museum\/?post_type=product&#038;p=18167"},"modified":"2019-10-30T09:30:49","modified_gmt":"2019-10-30T08:30:49","slug":"kslk","status":"publish","type":"product","link":"https:\/\/nmf.nu\/museum\/funn\/gjenstander\/norske-merker-og-medaljer\/idrettsmerker\/kslk\/","title":{"rendered":"K\u2022S\u2022L\u2022K"},"content":{"rendered":"<p>Kristiansund Sv\u00f8mme- og Livredningsklubb er en sv\u00f8mmeklubb fra Kristiansund, stiftet i 1922 og er blant landets eldste sv\u00f8mmeklubber.<\/p>\n","protected":false},"excerpt":{"rendered":"<p>Kristiansund Sv\u00f8mme- og Livredningsklubb er en sv\u00f8mmeklubb fra Kristiansund, stiftet i 1922 og er blant landets eldste sv\u00f8mmeklubber.<\/p>\n","protected":false},"featured_media":18168,"comment_status":"open","ping_status":"closed","template":"","meta":{"_acf_changed":false,"_et_pb_use_builder":"","_et_pb_old_content":"","_et_gb_content_width":""},"product_brand":[],"product_cat":[56,13,40,219,213],"product_tag":[],"class_list":{"0":"post-18167","1":"product","2":"type-product","3":"status-publish","4":"has-post-thumbnail","6":"product_cat-alle-gjenstander","7":"product_cat-gjenstander","8":"product_cat-gjenstander-1905-d-d","9":"product_cat-idrettsmerker","10":"product_cat-norske-merker-og-medaljer","12":"first","13":"instock","14":"shipping-taxable","15":"product-type-simple"},"acf":[],"yoast_head":"<!-- This site is optimized with the Yoast SEO plugin v27.4 - https:\/\/yoast.com\/product\/yoast-seo-wordpress\/ -->\n<title>K\u2022S\u2022L\u2022K - Norges Metalls\u00f8kerforening | Museum<\/title>\n<meta name=\"robots\" content=\"index, follow, max-snippet:-1, max-image-preview:large, max-video-preview:-1\" \/>\n<link rel=\"canonical\" href=\"https:\/\/nmf.nu\/museum\/funn\/gjenstander\/norske-merker-og-medaljer\/idrettsmerker\/kslk\/\" \/>\n<meta property=\"og:locale\" content=\"nb_NO\" \/>\n<meta property=\"og:type\" content=\"article\" \/>\n<meta property=\"og:title\" content=\"K\u2022S\u2022L\u2022K - Norges Metalls\u00f8kerforening | Museum\" \/>\n<meta property=\"og:description\" content=\"Kristiansund Sv\u00f8mme- og Livredningsklubb er en sv\u00f8mmeklubb fra Kristiansund, stiftet i 1922 og er blant landets eldste sv\u00f8mmeklubber.\" \/>\n<meta property=\"og:url\" content=\"https:\/\/nmf.nu\/museum\/funn\/gjenstander\/norske-merker-og-medaljer\/idrettsmerker\/kslk\/\" \/>\n<meta property=\"og:site_name\" content=\"Norges Metalls\u00f8kerforening | Museum\" \/>\n<meta property=\"article:publisher\" content=\"https:\/\/www.facebook.com\/groups\/480204098827134\/\" \/>\n<meta property=\"article:modified_time\" content=\"2019-10-30T08:30:49+00:00\" \/>\n<meta property=\"og:image\" content=\"https:\/\/nmf.nu\/museum\/wp-content\/uploads\/2018\/10\/kslk.jpg\" \/>\n\t<meta property=\"og:image:width\" content=\"800\" \/>\n\t<meta property=\"og:image:height\" content=\"800\" \/>\n\t<meta property=\"og:image:type\" content=\"image\/jpeg\" \/>\n<meta name=\"twitter:card\" content=\"summary_large_image\" \/>\n<script type=\"application\/ld+json\" class=\"yoast-schema-graph\">{\"@context\":\"https:\\\/\\\/schema.org\",\"@graph\":[{\"@type\":\"WebPage\",\"@id\":\"https:\\\/\\\/nmf.nu\\\/museum\\\/funn\\\/gjenstander\\\/norske-merker-og-medaljer\\\/idrettsmerker\\\/kslk\\\/\",\"url\":\"https:\\\/\\\/nmf.nu\\\/museum\\\/funn\\\/gjenstander\\\/norske-merker-og-medaljer\\\/idrettsmerker\\\/kslk\\\/\",\"name\":\"K\u2022S\u2022L\u2022K - Norges Metalls\u00f8kerforening | Museum\",\"isPartOf\":{\"@id\":\"https:\\\/\\\/nmf.nu\\\/museum\\\/#website\"},\"primaryImageOfPage\":{\"@id\":\"https:\\\/\\\/nmf.nu\\\/museum\\\/funn\\\/gjenstander\\\/norske-merker-og-medaljer\\\/idrettsmerker\\\/kslk\\\/#primaryimage\"},\"image\":{\"@id\":\"https:\\\/\\\/nmf.nu\\\/museum\\\/funn\\\/gjenstander\\\/norske-merker-og-medaljer\\\/idrettsmerker\\\/kslk\\\/#primaryimage\"},\"thumbnailUrl\":\"https:\\\/\\\/nmf.nu\\\/museum\\\/wp-content\\\/uploads\\\/2018\\\/10\\\/kslk.jpg\",\"datePublished\":\"2018-10-23T23:20:09+00:00\",\"dateModified\":\"2019-10-30T08:30:49+00:00\",\"breadcrumb\":{\"@id\":\"https:\\\/\\\/nmf.nu\\\/museum\\\/funn\\\/gjenstander\\\/norske-merker-og-medaljer\\\/idrettsmerker\\\/kslk\\\/#breadcrumb\"},\"inLanguage\":\"nb-NO\",\"potentialAction\":[{\"@type\":\"ReadAction\",\"target\":[\"https:\\\/\\\/nmf.nu\\\/museum\\\/funn\\\/gjenstander\\\/norske-merker-og-medaljer\\\/idrettsmerker\\\/kslk\\\/\"]}]},{\"@type\":\"ImageObject\",\"inLanguage\":\"nb-NO\",\"@id\":\"https:\\\/\\\/nmf.nu\\\/museum\\\/funn\\\/gjenstander\\\/norske-merker-og-medaljer\\\/idrettsmerker\\\/kslk\\\/#primaryimage\",\"url\":\"https:\\\/\\\/nmf.nu\\\/museum\\\/wp-content\\\/uploads\\\/2018\\\/10\\\/kslk.jpg\",\"contentUrl\":\"https:\\\/\\\/nmf.nu\\\/museum\\\/wp-content\\\/uploads\\\/2018\\\/10\\\/kslk.jpg\",\"width\":800,\"height\":800},{\"@type\":\"BreadcrumbList\",\"@id\":\"https:\\\/\\\/nmf.nu\\\/museum\\\/funn\\\/gjenstander\\\/norske-merker-og-medaljer\\\/idrettsmerker\\\/kslk\\\/#breadcrumb\",\"itemListElement\":[{\"@type\":\"ListItem\",\"position\":1,\"name\":\"Hjem\",\"item\":\"https:\\\/\\\/nmf.nu\\\/museum\\\/\"},{\"@type\":\"ListItem\",\"position\":2,\"name\":\"Funn\",\"item\":\"https:\\\/\\\/nmf.nu\\\/museum\\\/shop\\\/\"},{\"@type\":\"ListItem\",\"position\":3,\"name\":\"K\u2022S\u2022L\u2022K\"}]},{\"@type\":\"WebSite\",\"@id\":\"https:\\\/\\\/nmf.nu\\\/museum\\\/#website\",\"url\":\"https:\\\/\\\/nmf.nu\\\/museum\\\/\",\"name\":\"Norges Metalls\u00f8kerforening | Museum\",\"description\":\"Kulturvern med metalls\u00f8ker\",\"potentialAction\":[{\"@type\":\"SearchAction\",\"target\":{\"@type\":\"EntryPoint\",\"urlTemplate\":\"https:\\\/\\\/nmf.nu\\\/museum\\\/?s={search_term_string}\"},\"query-input\":{\"@type\":\"PropertyValueSpecification\",\"valueRequired\":true,\"valueName\":\"search_term_string\"}}],\"inLanguage\":\"nb-NO\"}]}<\/script>\n<!-- \/ Yoast SEO plugin. -->","yoast_head_json":{"title":"K\u2022S\u2022L\u2022K - Norges Metalls\u00f8kerforening | Museum","robots":{"index":"index","follow":"follow","max-snippet":"max-snippet:-1","max-image-preview":"max-image-preview:large","max-video-preview":"max-video-preview:-1"},"canonical":"https:\/\/nmf.nu\/museum\/funn\/gjenstander\/norske-merker-og-medaljer\/idrettsmerker\/kslk\/","og_locale":"nb_NO","og_type":"article","og_title":"K\u2022S\u2022L\u2022K - Norges Metalls\u00f8kerforening | Museum","og_description":"Kristiansund Sv\u00f8mme- og Livredningsklubb er en sv\u00f8mmeklubb fra Kristiansund, stiftet i 1922 og er blant landets eldste sv\u00f8mmeklubber.","og_url":"https:\/\/nmf.nu\/museum\/funn\/gjenstander\/norske-merker-og-medaljer\/idrettsmerker\/kslk\/","og_site_name":"Norges Metalls\u00f8kerforening | Museum","article_publisher":"https:\/\/www.facebook.com\/groups\/480204098827134\/","article_modified_time":"2019-10-30T08:30:49+00:00","og_image":[{"width":800,"height":800,"url":"https:\/\/nmf.nu\/museum\/wp-content\/uploads\/2018\/10\/kslk.jpg","type":"image\/jpeg"}],"twitter_card":"summary_large_image","schema":{"@context":"https:\/\/schema.org","@graph":[{"@type":"WebPage","@id":"https:\/\/nmf.nu\/museum\/funn\/gjenstander\/norske-merker-og-medaljer\/idrettsmerker\/kslk\/","url":"https:\/\/nmf.nu\/museum\/funn\/gjenstander\/norske-merker-og-medaljer\/idrettsmerker\/kslk\/","name":"K\u2022S\u2022L\u2022K - Norges Metalls\u00f8kerforening | Museum","isPartOf":{"@id":"https:\/\/nmf.nu\/museum\/#website"},"primaryImageOfPage":{"@id":"https:\/\/nmf.nu\/museum\/funn\/gjenstander\/norske-merker-og-medaljer\/idrettsmerker\/kslk\/#primaryimage"},"image":{"@id":"https:\/\/nmf.nu\/museum\/funn\/gjenstander\/norske-merker-og-medaljer\/idrettsmerker\/kslk\/#primaryimage"},"thumbnailUrl":"https:\/\/nmf.nu\/museum\/wp-content\/uploads\/2018\/10\/kslk.jpg","datePublished":"2018-10-23T23:20:09+00:00","dateModified":"2019-10-30T08:30:49+00:00","breadcrumb":{"@id":"https:\/\/nmf.nu\/museum\/funn\/gjenstander\/norske-merker-og-medaljer\/idrettsmerker\/kslk\/#breadcrumb"},"inLanguage":"nb-NO","potentialAction":[{"@type":"ReadAction","target":["https:\/\/nmf.nu\/museum\/funn\/gjenstander\/norske-merker-og-medaljer\/idrettsmerker\/kslk\/"]}]},{"@type":"ImageObject","inLanguage":"nb-NO","@id":"https:\/\/nmf.nu\/museum\/funn\/gjenstander\/norske-merker-og-medaljer\/idrettsmerker\/kslk\/#primaryimage","url":"https:\/\/nmf.nu\/museum\/wp-content\/uploads\/2018\/10\/kslk.jpg","contentUrl":"https:\/\/nmf.nu\/museum\/wp-content\/uploads\/2018\/10\/kslk.jpg","width":800,"height":800},{"@type":"BreadcrumbList","@id":"https:\/\/nmf.nu\/museum\/funn\/gjenstander\/norske-merker-og-medaljer\/idrettsmerker\/kslk\/#breadcrumb","itemListElement":[{"@type":"ListItem","position":1,"name":"Hjem","item":"https:\/\/nmf.nu\/museum\/"},{"@type":"ListItem","position":2,"name":"Funn","item":"https:\/\/nmf.nu\/museum\/shop\/"},{"@type":"ListItem","position":3,"name":"K\u2022S\u2022L\u2022K"}]},{"@type":"WebSite","@id":"https:\/\/nmf.nu\/museum\/#website","url":"https:\/\/nmf.nu\/museum\/","name":"Norges Metalls\u00f8kerforening | Museum","description":"Kulturvern med metalls\u00f8ker","potentialAction":[{"@type":"SearchAction","target":{"@type":"EntryPoint","urlTemplate":"https:\/\/nmf.nu\/museum\/?s={search_term_string}"},"query-input":{"@type":"PropertyValueSpecification","valueRequired":true,"valueName":"search_term_string"}}],"inLanguage":"nb-NO"}]}},"_links":{"self":[{"href":"https:\/\/nmf.nu\/museum\/wp-json\/wp\/v2\/product\/18167","targetHints":{"allow":["GET"]}}],"collection":[{"href":"https:\/\/nmf.nu\/museum\/wp-json\/wp\/v2\/product"}],"about":[{"href":"https:\/\/nmf.nu\/museum\/wp-json\/wp\/v2\/types\/product"}],"replies":[{"embeddable":true,"href":"https:\/\/nmf.nu\/museum\/wp-json\/wp\/v2\/comments?post=18167"}],"wp:featuredmedia":[{"embeddable":true,"href":"https:\/\/nmf.nu\/museum\/wp-json\/wp\/v2\/media\/18168"}],"wp:attachment":[{"href":"https:\/\/nmf.nu\/museum\/wp-json\/wp\/v2\/media?parent=18167"}],"wp:term":[{"taxonomy":"product_brand","embeddable":true,"href":"https:\/\/nmf.nu\/museum\/wp-json\/wp\/v2\/product_brand?post=18167"},{"taxonomy":"product_cat","embeddable":true,"href":"https:\/\/nmf.nu\/museum\/wp-json\/wp\/v2\/product_cat?post=18167"},{"taxonomy":"product_tag","embeddable":true,"href":"https:\/\/nmf.nu\/museum\/wp-json\/wp\/v2\/product_tag?post=18167"}],"curies":[{"name":"wp","href":"https:\/\/api.w.org\/{rel}","templated":true}]}}