{"id":16295,"date":"2018-05-07T20:09:55","date_gmt":"2018-05-07T18:09:55","guid":{"rendered":"http:\/\/nmf.nu\/museum\/?post_type=product&#038;p=16295"},"modified":"2019-02-10T14:39:37","modified_gmt":"2019-02-10T13:39:37","slug":"gullbarre-4","status":"publish","type":"product","link":"https:\/\/nmf.nu\/museum\/funn\/gjenstander\/gjenstander-for-1537\/gullbarre-4\/","title":{"rendered":"Gullbarre"},"content":{"rendered":"<p>Gullbarre funnet i pl\u00f8yelaget,<br \/>\nslikt er vanskelig \u00e5 skulle datere, den kunne v\u00e6re fra alle tider.<br \/>\nMest trolig kan vi legge den til perioden: eldre jernalder<br \/>\n-yngre romertid og folkevandringstid \u2013 i perioden ca \u00e5r 200-550 e.Kr.<\/p>\n<p>\u2013<br \/>\nFormen p\u00e5 barren \u2013 litt flat br\u00f8dform-aktig, og se den er tatt av , sk\u00e5ret av &#8211;<\/p>\n<p>&nbsp;<\/p>\n<p>&#8211;<\/p>\n","protected":false},"excerpt":{"rendered":"<p>Gullbarre funnet i pl\u00f8yelaget, slikt er vanskelig \u00e5 skulle datere, den kunne v\u00e6re fra alle tider. Mest trolig kan vi legge den til perioden: eldre jernalder -yngre romertid og folkevandringstid \u2013 i perioden ca \u00e5r 200-550 e.Kr. \u2013 Formen p\u00e5 barren \u2013 litt flat br\u00f8dform-aktig, og se den er tatt av , sk\u00e5ret av &#8211; [&hellip;]<\/p>\n","protected":false},"featured_media":16293,"comment_status":"open","ping_status":"closed","template":"","meta":{"_acf_changed":false,"_et_pb_use_builder":"","_et_pb_old_content":"","_et_gb_content_width":""},"product_brand":[],"product_cat":[56,24,13,15,99],"product_tag":[],"class_list":{"0":"post-16295","1":"product","2":"type-product","3":"status-publish","4":"has-post-thumbnail","6":"product_cat-alle-gjenstander","7":"product_cat-eldre-jernalder-500-f-kr-550-e-kr","8":"product_cat-gjenstander","9":"product_cat-gjenstander-for-1537","10":"product_cat-oldtidsgull","12":"first","13":"instock","14":"shipping-taxable","15":"product-type-simple"},"acf":[],"yoast_head":"<!-- This site is optimized with the Yoast SEO plugin v27.3 - https:\/\/yoast.com\/product\/yoast-seo-wordpress\/ -->\n<title>Gullbarre - Norges Metalls\u00f8kerforening | Museum<\/title>\n<meta name=\"robots\" content=\"index, follow, max-snippet:-1, max-image-preview:large, max-video-preview:-1\" \/>\n<link rel=\"canonical\" href=\"https:\/\/nmf.nu\/museum\/funn\/gjenstander\/gjenstander-for-1537\/gullbarre-4\/\" \/>\n<meta property=\"og:locale\" content=\"nb_NO\" \/>\n<meta property=\"og:type\" content=\"article\" \/>\n<meta property=\"og:title\" content=\"Gullbarre - Norges Metalls\u00f8kerforening | Museum\" \/>\n<meta property=\"og:description\" content=\"Gullbarre funnet i pl\u00f8yelaget, slikt er vanskelig \u00e5 skulle datere, den kunne v\u00e6re fra alle tider. Mest trolig kan vi legge den til perioden: eldre jernalder -yngre romertid og folkevandringstid \u2013 i perioden ca \u00e5r 200-550 e.Kr. \u2013 Formen p\u00e5 barren \u2013 litt flat br\u00f8dform-aktig, og se den er tatt av , sk\u00e5ret av &#8211; [&hellip;]\" \/>\n<meta property=\"og:url\" content=\"https:\/\/nmf.nu\/museum\/funn\/gjenstander\/gjenstander-for-1537\/gullbarre-4\/\" \/>\n<meta property=\"og:site_name\" content=\"Norges Metalls\u00f8kerforening | Museum\" \/>\n<meta property=\"article:publisher\" content=\"https:\/\/www.facebook.com\/groups\/480204098827134\/\" \/>\n<meta property=\"article:modified_time\" content=\"2019-02-10T13:39:37+00:00\" \/>\n<meta property=\"og:image\" content=\"https:\/\/nmf.nu\/museum\/wp-content\/uploads\/2018\/05\/4-7.jpg\" \/>\n\t<meta property=\"og:image:width\" content=\"838\" \/>\n\t<meta property=\"og:image:height\" content=\"830\" \/>\n\t<meta property=\"og:image:type\" content=\"image\/jpeg\" \/>\n<meta name=\"twitter:card\" content=\"summary_large_image\" \/>\n<script type=\"application\/ld+json\" class=\"yoast-schema-graph\">{\"@context\":\"https:\\\/\\\/schema.org\",\"@graph\":[{\"@type\":\"WebPage\",\"@id\":\"https:\\\/\\\/nmf.nu\\\/museum\\\/funn\\\/gjenstander\\\/gjenstander-for-1537\\\/gullbarre-4\\\/\",\"url\":\"https:\\\/\\\/nmf.nu\\\/museum\\\/funn\\\/gjenstander\\\/gjenstander-for-1537\\\/gullbarre-4\\\/\",\"name\":\"Gullbarre - Norges Metalls\u00f8kerforening | Museum\",\"isPartOf\":{\"@id\":\"https:\\\/\\\/nmf.nu\\\/museum\\\/#website\"},\"primaryImageOfPage\":{\"@id\":\"https:\\\/\\\/nmf.nu\\\/museum\\\/funn\\\/gjenstander\\\/gjenstander-for-1537\\\/gullbarre-4\\\/#primaryimage\"},\"image\":{\"@id\":\"https:\\\/\\\/nmf.nu\\\/museum\\\/funn\\\/gjenstander\\\/gjenstander-for-1537\\\/gullbarre-4\\\/#primaryimage\"},\"thumbnailUrl\":\"https:\\\/\\\/nmf.nu\\\/museum\\\/wp-content\\\/uploads\\\/2018\\\/05\\\/4-7.jpg\",\"datePublished\":\"2018-05-07T18:09:55+00:00\",\"dateModified\":\"2019-02-10T13:39:37+00:00\",\"breadcrumb\":{\"@id\":\"https:\\\/\\\/nmf.nu\\\/museum\\\/funn\\\/gjenstander\\\/gjenstander-for-1537\\\/gullbarre-4\\\/#breadcrumb\"},\"inLanguage\":\"nb-NO\",\"potentialAction\":[{\"@type\":\"ReadAction\",\"target\":[\"https:\\\/\\\/nmf.nu\\\/museum\\\/funn\\\/gjenstander\\\/gjenstander-for-1537\\\/gullbarre-4\\\/\"]}]},{\"@type\":\"ImageObject\",\"inLanguage\":\"nb-NO\",\"@id\":\"https:\\\/\\\/nmf.nu\\\/museum\\\/funn\\\/gjenstander\\\/gjenstander-for-1537\\\/gullbarre-4\\\/#primaryimage\",\"url\":\"https:\\\/\\\/nmf.nu\\\/museum\\\/wp-content\\\/uploads\\\/2018\\\/05\\\/4-7.jpg\",\"contentUrl\":\"https:\\\/\\\/nmf.nu\\\/museum\\\/wp-content\\\/uploads\\\/2018\\\/05\\\/4-7.jpg\",\"width\":838,\"height\":830,\"caption\":\"Gullbarre\"},{\"@type\":\"BreadcrumbList\",\"@id\":\"https:\\\/\\\/nmf.nu\\\/museum\\\/funn\\\/gjenstander\\\/gjenstander-for-1537\\\/gullbarre-4\\\/#breadcrumb\",\"itemListElement\":[{\"@type\":\"ListItem\",\"position\":1,\"name\":\"Hjem\",\"item\":\"https:\\\/\\\/nmf.nu\\\/museum\\\/\"},{\"@type\":\"ListItem\",\"position\":2,\"name\":\"Funn\",\"item\":\"https:\\\/\\\/nmf.nu\\\/museum\\\/shop\\\/\"},{\"@type\":\"ListItem\",\"position\":3,\"name\":\"Gullbarre\"}]},{\"@type\":\"WebSite\",\"@id\":\"https:\\\/\\\/nmf.nu\\\/museum\\\/#website\",\"url\":\"https:\\\/\\\/nmf.nu\\\/museum\\\/\",\"name\":\"Norges Metalls\u00f8kerforening | Museum\",\"description\":\"Kulturvern med metalls\u00f8ker\",\"potentialAction\":[{\"@type\":\"SearchAction\",\"target\":{\"@type\":\"EntryPoint\",\"urlTemplate\":\"https:\\\/\\\/nmf.nu\\\/museum\\\/?s={search_term_string}\"},\"query-input\":{\"@type\":\"PropertyValueSpecification\",\"valueRequired\":true,\"valueName\":\"search_term_string\"}}],\"inLanguage\":\"nb-NO\"}]}<\/script>\n<!-- \/ Yoast SEO plugin. -->","yoast_head_json":{"title":"Gullbarre - Norges Metalls\u00f8kerforening | Museum","robots":{"index":"index","follow":"follow","max-snippet":"max-snippet:-1","max-image-preview":"max-image-preview:large","max-video-preview":"max-video-preview:-1"},"canonical":"https:\/\/nmf.nu\/museum\/funn\/gjenstander\/gjenstander-for-1537\/gullbarre-4\/","og_locale":"nb_NO","og_type":"article","og_title":"Gullbarre - Norges Metalls\u00f8kerforening | Museum","og_description":"Gullbarre funnet i pl\u00f8yelaget, slikt er vanskelig \u00e5 skulle datere, den kunne v\u00e6re fra alle tider. Mest trolig kan vi legge den til perioden: eldre jernalder -yngre romertid og folkevandringstid \u2013 i perioden ca \u00e5r 200-550 e.Kr. \u2013 Formen p\u00e5 barren \u2013 litt flat br\u00f8dform-aktig, og se den er tatt av , sk\u00e5ret av &#8211; [&hellip;]","og_url":"https:\/\/nmf.nu\/museum\/funn\/gjenstander\/gjenstander-for-1537\/gullbarre-4\/","og_site_name":"Norges Metalls\u00f8kerforening | Museum","article_publisher":"https:\/\/www.facebook.com\/groups\/480204098827134\/","article_modified_time":"2019-02-10T13:39:37+00:00","og_image":[{"width":838,"height":830,"url":"https:\/\/nmf.nu\/museum\/wp-content\/uploads\/2018\/05\/4-7.jpg","type":"image\/jpeg"}],"twitter_card":"summary_large_image","schema":{"@context":"https:\/\/schema.org","@graph":[{"@type":"WebPage","@id":"https:\/\/nmf.nu\/museum\/funn\/gjenstander\/gjenstander-for-1537\/gullbarre-4\/","url":"https:\/\/nmf.nu\/museum\/funn\/gjenstander\/gjenstander-for-1537\/gullbarre-4\/","name":"Gullbarre - Norges Metalls\u00f8kerforening | Museum","isPartOf":{"@id":"https:\/\/nmf.nu\/museum\/#website"},"primaryImageOfPage":{"@id":"https:\/\/nmf.nu\/museum\/funn\/gjenstander\/gjenstander-for-1537\/gullbarre-4\/#primaryimage"},"image":{"@id":"https:\/\/nmf.nu\/museum\/funn\/gjenstander\/gjenstander-for-1537\/gullbarre-4\/#primaryimage"},"thumbnailUrl":"https:\/\/nmf.nu\/museum\/wp-content\/uploads\/2018\/05\/4-7.jpg","datePublished":"2018-05-07T18:09:55+00:00","dateModified":"2019-02-10T13:39:37+00:00","breadcrumb":{"@id":"https:\/\/nmf.nu\/museum\/funn\/gjenstander\/gjenstander-for-1537\/gullbarre-4\/#breadcrumb"},"inLanguage":"nb-NO","potentialAction":[{"@type":"ReadAction","target":["https:\/\/nmf.nu\/museum\/funn\/gjenstander\/gjenstander-for-1537\/gullbarre-4\/"]}]},{"@type":"ImageObject","inLanguage":"nb-NO","@id":"https:\/\/nmf.nu\/museum\/funn\/gjenstander\/gjenstander-for-1537\/gullbarre-4\/#primaryimage","url":"https:\/\/nmf.nu\/museum\/wp-content\/uploads\/2018\/05\/4-7.jpg","contentUrl":"https:\/\/nmf.nu\/museum\/wp-content\/uploads\/2018\/05\/4-7.jpg","width":838,"height":830,"caption":"Gullbarre"},{"@type":"BreadcrumbList","@id":"https:\/\/nmf.nu\/museum\/funn\/gjenstander\/gjenstander-for-1537\/gullbarre-4\/#breadcrumb","itemListElement":[{"@type":"ListItem","position":1,"name":"Hjem","item":"https:\/\/nmf.nu\/museum\/"},{"@type":"ListItem","position":2,"name":"Funn","item":"https:\/\/nmf.nu\/museum\/shop\/"},{"@type":"ListItem","position":3,"name":"Gullbarre"}]},{"@type":"WebSite","@id":"https:\/\/nmf.nu\/museum\/#website","url":"https:\/\/nmf.nu\/museum\/","name":"Norges Metalls\u00f8kerforening | Museum","description":"Kulturvern med metalls\u00f8ker","potentialAction":[{"@type":"SearchAction","target":{"@type":"EntryPoint","urlTemplate":"https:\/\/nmf.nu\/museum\/?s={search_term_string}"},"query-input":{"@type":"PropertyValueSpecification","valueRequired":true,"valueName":"search_term_string"}}],"inLanguage":"nb-NO"}]}},"_links":{"self":[{"href":"https:\/\/nmf.nu\/museum\/wp-json\/wp\/v2\/product\/16295","targetHints":{"allow":["GET"]}}],"collection":[{"href":"https:\/\/nmf.nu\/museum\/wp-json\/wp\/v2\/product"}],"about":[{"href":"https:\/\/nmf.nu\/museum\/wp-json\/wp\/v2\/types\/product"}],"replies":[{"embeddable":true,"href":"https:\/\/nmf.nu\/museum\/wp-json\/wp\/v2\/comments?post=16295"}],"wp:featuredmedia":[{"embeddable":true,"href":"https:\/\/nmf.nu\/museum\/wp-json\/wp\/v2\/media\/16293"}],"wp:attachment":[{"href":"https:\/\/nmf.nu\/museum\/wp-json\/wp\/v2\/media?parent=16295"}],"wp:term":[{"taxonomy":"product_brand","embeddable":true,"href":"https:\/\/nmf.nu\/museum\/wp-json\/wp\/v2\/product_brand?post=16295"},{"taxonomy":"product_cat","embeddable":true,"href":"https:\/\/nmf.nu\/museum\/wp-json\/wp\/v2\/product_cat?post=16295"},{"taxonomy":"product_tag","embeddable":true,"href":"https:\/\/nmf.nu\/museum\/wp-json\/wp\/v2\/product_tag?post=16295"}],"curies":[{"name":"wp","href":"https:\/\/api.w.org\/{rel}","templated":true}]}}