{"id":14215,"date":"2017-09-10T00:43:36","date_gmt":"2017-09-09T22:43:36","guid":{"rendered":"http:\/\/nmf.nu\/museum\/?post_type=product&#038;p=14215"},"modified":"2022-02-09T14:28:09","modified_gmt":"2022-02-09T13:28:09","slug":"forgylt-hengesmykke-skjebneklede","status":"publish","type":"product","link":"https:\/\/nmf.nu\/museum\/funn\/gjenstander\/gjenstander-for-1537\/forgylt-hengesmykke-skjebneklede\/","title":{"rendered":"Hengesmykket &laquo;Skjebneklede&raquo;"},"content":{"rendered":"<p>Smykket blir satt i sammenheng med historien fra Njals saga, den om Skjebneklede som blir vevet p\u00e5 en vevstol oppsatt av menneskesener som blir strammet med vevtyngder av avhugde mannshoder, og skyttelen som er en pil blir tredd igjennom senene med utrivde mannstarmer, og et sverd blir brukt som vevbom.<br \/>\nDe er 12 valkyrier som vever klede mens de synger p\u00e5 &laquo;Spydsangen&raquo;- Darradarljod &#8211;<br \/>\nDarrad er mannen som ser og gjenforteller denne forskrekkelige historien.<br \/>\nN\u00e5r de 12 kvinnene blir ferdige med veven, s\u00e5 tar de klede i mellom seg, ogs\u00e5 river de klede i stykker, og holder p\u00e5 det revne delen de st\u00e5r igjen med, s\u00e5 stiger de til hest og rir bort, 6 mot syd og 6 mot nord.<br \/>\n&#8211;<br \/>\nHengesmykket i sin firkantform med 9 gjengitte ruter er velkjent,<br \/>\n&#8211; det er blitt gjort detektorfunn av disse igjennom \u00e5rene i Danmark.<br \/>\nDen samme formen av klede med de 9 ruter g\u00e5r ogs\u00e5 igjen i en annen st\u00f8rre form som forteller meget mer,<br \/>\nValkyriefibel er draktsmykker med n\u00e5lefester p\u00e5 baksiden, draktbrosjer som viser en valkyrie som kommer ridende til hest med et spyd og skjebneklede henger ned bak spydet og ned under hestens buk. Rytteren blir tatt i mot av en annen valkyrie som st\u00e5r henne i m\u00f8te.<br \/>\n_<\/p>\n","protected":false},"excerpt":{"rendered":"<p>Smykket blir satt i sammenheng med historien fra Njals saga, den om Skjebneklede som blir vevet p\u00e5 en vevstol oppsatt av menneskesener som blir strammet med vevtyngder av avhugde mannshoder, og skyttelen som er en pil blir tredd igjennom senene med utrivde mannstarmer, og et sverd blir brukt som vevbom. De er 12 valkyrier som [&hellip;]<\/p>\n","protected":false},"featured_media":14226,"comment_status":"open","ping_status":"closed","template":"","meta":{"_acf_changed":false,"_et_pb_use_builder":"","_et_pb_old_content":"","_et_gb_content_width":""},"product_brand":[],"product_cat":[56,95,13,15,175,32,147],"product_tag":[],"class_list":{"0":"post-14215","1":"product","2":"type-product","3":"status-publish","4":"has-post-thumbnail","6":"product_cat-alle-gjenstander","7":"product_cat-funnet-utenfor-norge","8":"product_cat-gjenstander","9":"product_cat-gjenstander-for-1537","10":"product_cat-smykker-for-1537","11":"product_cat-vikingtid-793-1066","12":"product_cat-yngre-jernalder-550-1066","14":"first","15":"instock","16":"shipping-taxable","17":"product-type-simple"},"acf":[],"yoast_head":"<!-- This site is optimized with the Yoast SEO plugin v27.3 - https:\/\/yoast.com\/product\/yoast-seo-wordpress\/ -->\n<title>Hengesmykket &quot;Skjebneklede&quot; - Norges Metalls\u00f8kerforening | Museum<\/title>\n<meta name=\"robots\" content=\"index, follow, max-snippet:-1, max-image-preview:large, max-video-preview:-1\" \/>\n<link rel=\"canonical\" href=\"https:\/\/nmf.nu\/museum\/funn\/gjenstander\/gjenstander-for-1537\/forgylt-hengesmykke-skjebneklede\/\" \/>\n<meta property=\"og:locale\" content=\"nb_NO\" \/>\n<meta property=\"og:type\" content=\"article\" \/>\n<meta property=\"og:title\" content=\"Hengesmykket &quot;Skjebneklede&quot; - Norges Metalls\u00f8kerforening | Museum\" \/>\n<meta property=\"og:description\" content=\"Smykket blir satt i sammenheng med historien fra Njals saga, den om Skjebneklede som blir vevet p\u00e5 en vevstol oppsatt av menneskesener som blir strammet med vevtyngder av avhugde mannshoder, og skyttelen som er en pil blir tredd igjennom senene med utrivde mannstarmer, og et sverd blir brukt som vevbom. De er 12 valkyrier som [&hellip;]\" \/>\n<meta property=\"og:url\" content=\"https:\/\/nmf.nu\/museum\/funn\/gjenstander\/gjenstander-for-1537\/forgylt-hengesmykke-skjebneklede\/\" \/>\n<meta property=\"og:site_name\" content=\"Norges Metalls\u00f8kerforening | Museum\" \/>\n<meta property=\"article:publisher\" content=\"https:\/\/www.facebook.com\/groups\/480204098827134\/\" \/>\n<meta property=\"article:modified_time\" content=\"2022-02-09T13:28:09+00:00\" \/>\n<meta property=\"og:image\" content=\"https:\/\/nmf.nu\/museum\/wp-content\/uploads\/2017\/09\/skjeb-1024x1024.jpg\" \/>\n\t<meta property=\"og:image:width\" content=\"1024\" \/>\n\t<meta property=\"og:image:height\" content=\"1024\" \/>\n\t<meta property=\"og:image:type\" content=\"image\/jpeg\" \/>\n<meta name=\"twitter:card\" content=\"summary_large_image\" \/>\n<meta name=\"twitter:label1\" content=\"Ansl. lesetid\" \/>\n\t<meta name=\"twitter:data1\" content=\"2 minutter\" \/>\n<script type=\"application\/ld+json\" class=\"yoast-schema-graph\">{\"@context\":\"https:\\\/\\\/schema.org\",\"@graph\":[{\"@type\":\"WebPage\",\"@id\":\"https:\\\/\\\/nmf.nu\\\/museum\\\/funn\\\/gjenstander\\\/gjenstander-for-1537\\\/forgylt-hengesmykke-skjebneklede\\\/\",\"url\":\"https:\\\/\\\/nmf.nu\\\/museum\\\/funn\\\/gjenstander\\\/gjenstander-for-1537\\\/forgylt-hengesmykke-skjebneklede\\\/\",\"name\":\"Hengesmykket \\\"Skjebneklede\\\" - Norges Metalls\u00f8kerforening | Museum\",\"isPartOf\":{\"@id\":\"https:\\\/\\\/nmf.nu\\\/museum\\\/#website\"},\"primaryImageOfPage\":{\"@id\":\"https:\\\/\\\/nmf.nu\\\/museum\\\/funn\\\/gjenstander\\\/gjenstander-for-1537\\\/forgylt-hengesmykke-skjebneklede\\\/#primaryimage\"},\"image\":{\"@id\":\"https:\\\/\\\/nmf.nu\\\/museum\\\/funn\\\/gjenstander\\\/gjenstander-for-1537\\\/forgylt-hengesmykke-skjebneklede\\\/#primaryimage\"},\"thumbnailUrl\":\"https:\\\/\\\/nmf.nu\\\/museum\\\/wp-content\\\/uploads\\\/2017\\\/09\\\/skjeb.jpg\",\"datePublished\":\"2017-09-09T22:43:36+00:00\",\"dateModified\":\"2022-02-09T13:28:09+00:00\",\"breadcrumb\":{\"@id\":\"https:\\\/\\\/nmf.nu\\\/museum\\\/funn\\\/gjenstander\\\/gjenstander-for-1537\\\/forgylt-hengesmykke-skjebneklede\\\/#breadcrumb\"},\"inLanguage\":\"nb-NO\",\"potentialAction\":[{\"@type\":\"ReadAction\",\"target\":[\"https:\\\/\\\/nmf.nu\\\/museum\\\/funn\\\/gjenstander\\\/gjenstander-for-1537\\\/forgylt-hengesmykke-skjebneklede\\\/\"]}]},{\"@type\":\"ImageObject\",\"inLanguage\":\"nb-NO\",\"@id\":\"https:\\\/\\\/nmf.nu\\\/museum\\\/funn\\\/gjenstander\\\/gjenstander-for-1537\\\/forgylt-hengesmykke-skjebneklede\\\/#primaryimage\",\"url\":\"https:\\\/\\\/nmf.nu\\\/museum\\\/wp-content\\\/uploads\\\/2017\\\/09\\\/skjeb.jpg\",\"contentUrl\":\"https:\\\/\\\/nmf.nu\\\/museum\\\/wp-content\\\/uploads\\\/2017\\\/09\\\/skjeb.jpg\",\"width\":1200,\"height\":1200,\"caption\":\"Sk\u00e6bnekl\u00e6de\"},{\"@type\":\"BreadcrumbList\",\"@id\":\"https:\\\/\\\/nmf.nu\\\/museum\\\/funn\\\/gjenstander\\\/gjenstander-for-1537\\\/forgylt-hengesmykke-skjebneklede\\\/#breadcrumb\",\"itemListElement\":[{\"@type\":\"ListItem\",\"position\":1,\"name\":\"Hjem\",\"item\":\"https:\\\/\\\/nmf.nu\\\/museum\\\/\"},{\"@type\":\"ListItem\",\"position\":2,\"name\":\"Funn\",\"item\":\"https:\\\/\\\/nmf.nu\\\/museum\\\/shop\\\/\"},{\"@type\":\"ListItem\",\"position\":3,\"name\":\"Hengesmykket &laquo;Skjebneklede&raquo;\"}]},{\"@type\":\"WebSite\",\"@id\":\"https:\\\/\\\/nmf.nu\\\/museum\\\/#website\",\"url\":\"https:\\\/\\\/nmf.nu\\\/museum\\\/\",\"name\":\"Norges Metalls\u00f8kerforening | Museum\",\"description\":\"Kulturvern med metalls\u00f8ker\",\"potentialAction\":[{\"@type\":\"SearchAction\",\"target\":{\"@type\":\"EntryPoint\",\"urlTemplate\":\"https:\\\/\\\/nmf.nu\\\/museum\\\/?s={search_term_string}\"},\"query-input\":{\"@type\":\"PropertyValueSpecification\",\"valueRequired\":true,\"valueName\":\"search_term_string\"}}],\"inLanguage\":\"nb-NO\"}]}<\/script>\n<!-- \/ Yoast SEO plugin. -->","yoast_head_json":{"title":"Hengesmykket \"Skjebneklede\" - Norges Metalls\u00f8kerforening | Museum","robots":{"index":"index","follow":"follow","max-snippet":"max-snippet:-1","max-image-preview":"max-image-preview:large","max-video-preview":"max-video-preview:-1"},"canonical":"https:\/\/nmf.nu\/museum\/funn\/gjenstander\/gjenstander-for-1537\/forgylt-hengesmykke-skjebneklede\/","og_locale":"nb_NO","og_type":"article","og_title":"Hengesmykket \"Skjebneklede\" - Norges Metalls\u00f8kerforening | Museum","og_description":"Smykket blir satt i sammenheng med historien fra Njals saga, den om Skjebneklede som blir vevet p\u00e5 en vevstol oppsatt av menneskesener som blir strammet med vevtyngder av avhugde mannshoder, og skyttelen som er en pil blir tredd igjennom senene med utrivde mannstarmer, og et sverd blir brukt som vevbom. De er 12 valkyrier som [&hellip;]","og_url":"https:\/\/nmf.nu\/museum\/funn\/gjenstander\/gjenstander-for-1537\/forgylt-hengesmykke-skjebneklede\/","og_site_name":"Norges Metalls\u00f8kerforening | Museum","article_publisher":"https:\/\/www.facebook.com\/groups\/480204098827134\/","article_modified_time":"2022-02-09T13:28:09+00:00","og_image":[{"width":1024,"height":1024,"url":"https:\/\/nmf.nu\/museum\/wp-content\/uploads\/2017\/09\/skjeb-1024x1024.jpg","type":"image\/jpeg"}],"twitter_card":"summary_large_image","twitter_misc":{"Ansl. lesetid":"2 minutter"},"schema":{"@context":"https:\/\/schema.org","@graph":[{"@type":"WebPage","@id":"https:\/\/nmf.nu\/museum\/funn\/gjenstander\/gjenstander-for-1537\/forgylt-hengesmykke-skjebneklede\/","url":"https:\/\/nmf.nu\/museum\/funn\/gjenstander\/gjenstander-for-1537\/forgylt-hengesmykke-skjebneklede\/","name":"Hengesmykket \"Skjebneklede\" - Norges Metalls\u00f8kerforening | Museum","isPartOf":{"@id":"https:\/\/nmf.nu\/museum\/#website"},"primaryImageOfPage":{"@id":"https:\/\/nmf.nu\/museum\/funn\/gjenstander\/gjenstander-for-1537\/forgylt-hengesmykke-skjebneklede\/#primaryimage"},"image":{"@id":"https:\/\/nmf.nu\/museum\/funn\/gjenstander\/gjenstander-for-1537\/forgylt-hengesmykke-skjebneklede\/#primaryimage"},"thumbnailUrl":"https:\/\/nmf.nu\/museum\/wp-content\/uploads\/2017\/09\/skjeb.jpg","datePublished":"2017-09-09T22:43:36+00:00","dateModified":"2022-02-09T13:28:09+00:00","breadcrumb":{"@id":"https:\/\/nmf.nu\/museum\/funn\/gjenstander\/gjenstander-for-1537\/forgylt-hengesmykke-skjebneklede\/#breadcrumb"},"inLanguage":"nb-NO","potentialAction":[{"@type":"ReadAction","target":["https:\/\/nmf.nu\/museum\/funn\/gjenstander\/gjenstander-for-1537\/forgylt-hengesmykke-skjebneklede\/"]}]},{"@type":"ImageObject","inLanguage":"nb-NO","@id":"https:\/\/nmf.nu\/museum\/funn\/gjenstander\/gjenstander-for-1537\/forgylt-hengesmykke-skjebneklede\/#primaryimage","url":"https:\/\/nmf.nu\/museum\/wp-content\/uploads\/2017\/09\/skjeb.jpg","contentUrl":"https:\/\/nmf.nu\/museum\/wp-content\/uploads\/2017\/09\/skjeb.jpg","width":1200,"height":1200,"caption":"Sk\u00e6bnekl\u00e6de"},{"@type":"BreadcrumbList","@id":"https:\/\/nmf.nu\/museum\/funn\/gjenstander\/gjenstander-for-1537\/forgylt-hengesmykke-skjebneklede\/#breadcrumb","itemListElement":[{"@type":"ListItem","position":1,"name":"Hjem","item":"https:\/\/nmf.nu\/museum\/"},{"@type":"ListItem","position":2,"name":"Funn","item":"https:\/\/nmf.nu\/museum\/shop\/"},{"@type":"ListItem","position":3,"name":"Hengesmykket &laquo;Skjebneklede&raquo;"}]},{"@type":"WebSite","@id":"https:\/\/nmf.nu\/museum\/#website","url":"https:\/\/nmf.nu\/museum\/","name":"Norges Metalls\u00f8kerforening | Museum","description":"Kulturvern med metalls\u00f8ker","potentialAction":[{"@type":"SearchAction","target":{"@type":"EntryPoint","urlTemplate":"https:\/\/nmf.nu\/museum\/?s={search_term_string}"},"query-input":{"@type":"PropertyValueSpecification","valueRequired":true,"valueName":"search_term_string"}}],"inLanguage":"nb-NO"}]}},"_links":{"self":[{"href":"https:\/\/nmf.nu\/museum\/wp-json\/wp\/v2\/product\/14215","targetHints":{"allow":["GET"]}}],"collection":[{"href":"https:\/\/nmf.nu\/museum\/wp-json\/wp\/v2\/product"}],"about":[{"href":"https:\/\/nmf.nu\/museum\/wp-json\/wp\/v2\/types\/product"}],"replies":[{"embeddable":true,"href":"https:\/\/nmf.nu\/museum\/wp-json\/wp\/v2\/comments?post=14215"}],"wp:featuredmedia":[{"embeddable":true,"href":"https:\/\/nmf.nu\/museum\/wp-json\/wp\/v2\/media\/14226"}],"wp:attachment":[{"href":"https:\/\/nmf.nu\/museum\/wp-json\/wp\/v2\/media?parent=14215"}],"wp:term":[{"taxonomy":"product_brand","embeddable":true,"href":"https:\/\/nmf.nu\/museum\/wp-json\/wp\/v2\/product_brand?post=14215"},{"taxonomy":"product_cat","embeddable":true,"href":"https:\/\/nmf.nu\/museum\/wp-json\/wp\/v2\/product_cat?post=14215"},{"taxonomy":"product_tag","embeddable":true,"href":"https:\/\/nmf.nu\/museum\/wp-json\/wp\/v2\/product_tag?post=14215"}],"curies":[{"name":"wp","href":"https:\/\/api.w.org\/{rel}","templated":true}]}}