{"id":11949,"date":"2017-03-02T15:51:25","date_gmt":"2017-03-02T14:51:25","guid":{"rendered":"http:\/\/nmf.nu\/museum\/?post_type=product&#038;p=11949"},"modified":"2019-02-10T14:56:40","modified_gmt":"2019-02-10T13:56:40","slug":"boltlas-stotlasnokkel-9","status":"publish","type":"product","link":"https:\/\/nmf.nu\/museum\/funn\/gjenstander\/gjenstander-for-1537\/boltlas-stotlasnokkel-9\/","title":{"rendered":"Boltl\u00e5s &#8211; St\u00f8tl\u00e5sn\u00f8kkel"},"content":{"rendered":"<p>N\u00f8kkelen til et skrin, en\u00a0\u00a0-Boltl\u00e5sn\u00f8kkel med todelt likearmet vinkelformet skj\u00e6r-<br \/>\n-som en slags st\u00f8tl\u00e5sn\u00f8kkel til en type boltl\u00e5s montert p\u00e5 innsiden av et skrin,<br \/>\nmen n\u00f8kkelen trykkes ikke innover, \u2013 men den f\u00f8res inn i n\u00f8kkelhullet \u2013 for s\u00e5 \u00e5 bli skj\u00f8vet eller trukket sideveis.<br \/>\nSkrinet vil ha hatt en lite spalte som n\u00f8kkelhull, hvor n\u00f8kkelen stikkes inn, og trekkes s\u00e5 bortover i en langsg\u00e5ende spalte,<br \/>\ntil den fj\u00e6rspente l\u00e5sen \u00e5pner seg, -og skrinet kan dermed lukkes opp.<\/p>\n<p>Slike skrin og l\u00e5ser ble brukt i vikingtid og middelalder, -se ogs\u00e5 relikvieskrin.<br \/>\n\u2013<br \/>\nN\u00f8kkelen vil v\u00e6re ca 4 cm lang,<br \/>\nden store runde del med det \u00e5pne runde hull vil v\u00e6re dens skaft,<br \/>\nmens selve n\u00f8kkelskj\u00e6ret er de to tapper som stikker ut i dens nedre ende, \u2013 slik vi ser den p\u00e5 hovedbilde med sort bakgrunn.<\/p>\n<p>&#8211;<\/p>\n<p>Funnet under Detektorunders\u00f8kelsen Thy Rally 2009 &#8211;<br \/>\nved\u00a0Vestervig Kirke er Nordens st\u00f8rste landsbykirke og er beliggende i Syd Thy prosti i Danmark &#8211;<\/p>\n<p>\u2013<\/p>\n","protected":false},"excerpt":{"rendered":"<p>N\u00f8kkelen til et skrin, en\u00a0\u00a0-Boltl\u00e5sn\u00f8kkel med todelt likearmet vinkelformet skj\u00e6r- -som en slags st\u00f8tl\u00e5sn\u00f8kkel til en type boltl\u00e5s montert p\u00e5 innsiden av et skrin, men n\u00f8kkelen trykkes ikke innover, \u2013 men den f\u00f8res inn i n\u00f8kkelhullet \u2013 for s\u00e5 \u00e5 bli skj\u00f8vet eller trukket sideveis. Skrinet vil ha hatt en lite spalte som n\u00f8kkelhull, hvor [&hellip;]<\/p>\n","protected":false},"featured_media":11950,"comment_status":"open","ping_status":"closed","template":"","meta":{"_acf_changed":false,"_et_pb_use_builder":"","_et_pb_old_content":"","_et_gb_content_width":""},"product_brand":[],"product_cat":[56,95,13,15,148,32,147],"product_tag":[],"class_list":{"0":"post-11949","1":"product","2":"type-product","3":"status-publish","4":"has-post-thumbnail","6":"product_cat-alle-gjenstander","7":"product_cat-funnet-utenfor-norge","8":"product_cat-gjenstander","9":"product_cat-gjenstander-for-1537","10":"product_cat-nokler-og-laser","11":"product_cat-vikingtid-793-1066","12":"product_cat-yngre-jernalder-550-1066","14":"first","15":"instock","16":"shipping-taxable","17":"product-type-simple"},"acf":[],"yoast_head":"<!-- This site is optimized with the Yoast SEO plugin v27.4 - https:\/\/yoast.com\/product\/yoast-seo-wordpress\/ -->\n<title>Boltl\u00e5s - St\u00f8tl\u00e5sn\u00f8kkel - Norges Metalls\u00f8kerforening | Museum<\/title>\n<meta name=\"robots\" content=\"index, follow, max-snippet:-1, max-image-preview:large, max-video-preview:-1\" \/>\n<link rel=\"canonical\" href=\"https:\/\/nmf.nu\/museum\/funn\/gjenstander\/gjenstander-for-1537\/boltlas-stotlasnokkel-9\/\" \/>\n<meta property=\"og:locale\" content=\"nb_NO\" \/>\n<meta property=\"og:type\" content=\"article\" \/>\n<meta property=\"og:title\" content=\"Boltl\u00e5s - St\u00f8tl\u00e5sn\u00f8kkel - Norges Metalls\u00f8kerforening | Museum\" \/>\n<meta property=\"og:description\" content=\"N\u00f8kkelen til et skrin, en\u00a0\u00a0-Boltl\u00e5sn\u00f8kkel med todelt likearmet vinkelformet skj\u00e6r- -som en slags st\u00f8tl\u00e5sn\u00f8kkel til en type boltl\u00e5s montert p\u00e5 innsiden av et skrin, men n\u00f8kkelen trykkes ikke innover, \u2013 men den f\u00f8res inn i n\u00f8kkelhullet \u2013 for s\u00e5 \u00e5 bli skj\u00f8vet eller trukket sideveis. Skrinet vil ha hatt en lite spalte som n\u00f8kkelhull, hvor [&hellip;]\" \/>\n<meta property=\"og:url\" content=\"https:\/\/nmf.nu\/museum\/funn\/gjenstander\/gjenstander-for-1537\/boltlas-stotlasnokkel-9\/\" \/>\n<meta property=\"og:site_name\" content=\"Norges Metalls\u00f8kerforening | Museum\" \/>\n<meta property=\"article:publisher\" content=\"https:\/\/www.facebook.com\/groups\/480204098827134\/\" \/>\n<meta property=\"article:modified_time\" content=\"2019-02-10T13:56:40+00:00\" \/>\n<meta property=\"og:image\" content=\"https:\/\/nmf.nu\/museum\/wp-content\/uploads\/2017\/03\/89_21_09_09_4_29_41.jpeg\" \/>\n\t<meta property=\"og:image:width\" content=\"1000\" \/>\n\t<meta property=\"og:image:height\" content=\"1000\" \/>\n\t<meta property=\"og:image:type\" content=\"image\/jpeg\" \/>\n<meta name=\"twitter:card\" content=\"summary_large_image\" \/>\n<meta name=\"twitter:label1\" content=\"Ansl. lesetid\" \/>\n\t<meta name=\"twitter:data1\" content=\"1 minutt\" \/>\n<script type=\"application\/ld+json\" class=\"yoast-schema-graph\">{\"@context\":\"https:\\\/\\\/schema.org\",\"@graph\":[{\"@type\":\"WebPage\",\"@id\":\"https:\\\/\\\/nmf.nu\\\/museum\\\/funn\\\/gjenstander\\\/gjenstander-for-1537\\\/boltlas-stotlasnokkel-9\\\/\",\"url\":\"https:\\\/\\\/nmf.nu\\\/museum\\\/funn\\\/gjenstander\\\/gjenstander-for-1537\\\/boltlas-stotlasnokkel-9\\\/\",\"name\":\"Boltl\u00e5s - St\u00f8tl\u00e5sn\u00f8kkel - Norges Metalls\u00f8kerforening | Museum\",\"isPartOf\":{\"@id\":\"https:\\\/\\\/nmf.nu\\\/museum\\\/#website\"},\"primaryImageOfPage\":{\"@id\":\"https:\\\/\\\/nmf.nu\\\/museum\\\/funn\\\/gjenstander\\\/gjenstander-for-1537\\\/boltlas-stotlasnokkel-9\\\/#primaryimage\"},\"image\":{\"@id\":\"https:\\\/\\\/nmf.nu\\\/museum\\\/funn\\\/gjenstander\\\/gjenstander-for-1537\\\/boltlas-stotlasnokkel-9\\\/#primaryimage\"},\"thumbnailUrl\":\"https:\\\/\\\/nmf.nu\\\/museum\\\/wp-content\\\/uploads\\\/2017\\\/03\\\/89_21_09_09_4_29_41.jpeg\",\"datePublished\":\"2017-03-02T14:51:25+00:00\",\"dateModified\":\"2019-02-10T13:56:40+00:00\",\"breadcrumb\":{\"@id\":\"https:\\\/\\\/nmf.nu\\\/museum\\\/funn\\\/gjenstander\\\/gjenstander-for-1537\\\/boltlas-stotlasnokkel-9\\\/#breadcrumb\"},\"inLanguage\":\"nb-NO\",\"potentialAction\":[{\"@type\":\"ReadAction\",\"target\":[\"https:\\\/\\\/nmf.nu\\\/museum\\\/funn\\\/gjenstander\\\/gjenstander-for-1537\\\/boltlas-stotlasnokkel-9\\\/\"]}]},{\"@type\":\"ImageObject\",\"inLanguage\":\"nb-NO\",\"@id\":\"https:\\\/\\\/nmf.nu\\\/museum\\\/funn\\\/gjenstander\\\/gjenstander-for-1537\\\/boltlas-stotlasnokkel-9\\\/#primaryimage\",\"url\":\"https:\\\/\\\/nmf.nu\\\/museum\\\/wp-content\\\/uploads\\\/2017\\\/03\\\/89_21_09_09_4_29_41.jpeg\",\"contentUrl\":\"https:\\\/\\\/nmf.nu\\\/museum\\\/wp-content\\\/uploads\\\/2017\\\/03\\\/89_21_09_09_4_29_41.jpeg\",\"width\":1000,\"height\":1000,\"caption\":\"Vestervig kirke n\u00f8gle\"},{\"@type\":\"BreadcrumbList\",\"@id\":\"https:\\\/\\\/nmf.nu\\\/museum\\\/funn\\\/gjenstander\\\/gjenstander-for-1537\\\/boltlas-stotlasnokkel-9\\\/#breadcrumb\",\"itemListElement\":[{\"@type\":\"ListItem\",\"position\":1,\"name\":\"Hjem\",\"item\":\"https:\\\/\\\/nmf.nu\\\/museum\\\/\"},{\"@type\":\"ListItem\",\"position\":2,\"name\":\"Funn\",\"item\":\"https:\\\/\\\/nmf.nu\\\/museum\\\/shop\\\/\"},{\"@type\":\"ListItem\",\"position\":3,\"name\":\"Boltl\u00e5s &#8211; St\u00f8tl\u00e5sn\u00f8kkel\"}]},{\"@type\":\"WebSite\",\"@id\":\"https:\\\/\\\/nmf.nu\\\/museum\\\/#website\",\"url\":\"https:\\\/\\\/nmf.nu\\\/museum\\\/\",\"name\":\"Norges Metalls\u00f8kerforening | Museum\",\"description\":\"Kulturvern med metalls\u00f8ker\",\"potentialAction\":[{\"@type\":\"SearchAction\",\"target\":{\"@type\":\"EntryPoint\",\"urlTemplate\":\"https:\\\/\\\/nmf.nu\\\/museum\\\/?s={search_term_string}\"},\"query-input\":{\"@type\":\"PropertyValueSpecification\",\"valueRequired\":true,\"valueName\":\"search_term_string\"}}],\"inLanguage\":\"nb-NO\"}]}<\/script>\n<!-- \/ Yoast SEO plugin. -->","yoast_head_json":{"title":"Boltl\u00e5s - St\u00f8tl\u00e5sn\u00f8kkel - Norges Metalls\u00f8kerforening | Museum","robots":{"index":"index","follow":"follow","max-snippet":"max-snippet:-1","max-image-preview":"max-image-preview:large","max-video-preview":"max-video-preview:-1"},"canonical":"https:\/\/nmf.nu\/museum\/funn\/gjenstander\/gjenstander-for-1537\/boltlas-stotlasnokkel-9\/","og_locale":"nb_NO","og_type":"article","og_title":"Boltl\u00e5s - St\u00f8tl\u00e5sn\u00f8kkel - Norges Metalls\u00f8kerforening | Museum","og_description":"N\u00f8kkelen til et skrin, en\u00a0\u00a0-Boltl\u00e5sn\u00f8kkel med todelt likearmet vinkelformet skj\u00e6r- -som en slags st\u00f8tl\u00e5sn\u00f8kkel til en type boltl\u00e5s montert p\u00e5 innsiden av et skrin, men n\u00f8kkelen trykkes ikke innover, \u2013 men den f\u00f8res inn i n\u00f8kkelhullet \u2013 for s\u00e5 \u00e5 bli skj\u00f8vet eller trukket sideveis. Skrinet vil ha hatt en lite spalte som n\u00f8kkelhull, hvor [&hellip;]","og_url":"https:\/\/nmf.nu\/museum\/funn\/gjenstander\/gjenstander-for-1537\/boltlas-stotlasnokkel-9\/","og_site_name":"Norges Metalls\u00f8kerforening | Museum","article_publisher":"https:\/\/www.facebook.com\/groups\/480204098827134\/","article_modified_time":"2019-02-10T13:56:40+00:00","og_image":[{"width":1000,"height":1000,"url":"https:\/\/nmf.nu\/museum\/wp-content\/uploads\/2017\/03\/89_21_09_09_4_29_41.jpeg","type":"image\/jpeg"}],"twitter_card":"summary_large_image","twitter_misc":{"Ansl. lesetid":"1 minutt"},"schema":{"@context":"https:\/\/schema.org","@graph":[{"@type":"WebPage","@id":"https:\/\/nmf.nu\/museum\/funn\/gjenstander\/gjenstander-for-1537\/boltlas-stotlasnokkel-9\/","url":"https:\/\/nmf.nu\/museum\/funn\/gjenstander\/gjenstander-for-1537\/boltlas-stotlasnokkel-9\/","name":"Boltl\u00e5s - St\u00f8tl\u00e5sn\u00f8kkel - Norges Metalls\u00f8kerforening | Museum","isPartOf":{"@id":"https:\/\/nmf.nu\/museum\/#website"},"primaryImageOfPage":{"@id":"https:\/\/nmf.nu\/museum\/funn\/gjenstander\/gjenstander-for-1537\/boltlas-stotlasnokkel-9\/#primaryimage"},"image":{"@id":"https:\/\/nmf.nu\/museum\/funn\/gjenstander\/gjenstander-for-1537\/boltlas-stotlasnokkel-9\/#primaryimage"},"thumbnailUrl":"https:\/\/nmf.nu\/museum\/wp-content\/uploads\/2017\/03\/89_21_09_09_4_29_41.jpeg","datePublished":"2017-03-02T14:51:25+00:00","dateModified":"2019-02-10T13:56:40+00:00","breadcrumb":{"@id":"https:\/\/nmf.nu\/museum\/funn\/gjenstander\/gjenstander-for-1537\/boltlas-stotlasnokkel-9\/#breadcrumb"},"inLanguage":"nb-NO","potentialAction":[{"@type":"ReadAction","target":["https:\/\/nmf.nu\/museum\/funn\/gjenstander\/gjenstander-for-1537\/boltlas-stotlasnokkel-9\/"]}]},{"@type":"ImageObject","inLanguage":"nb-NO","@id":"https:\/\/nmf.nu\/museum\/funn\/gjenstander\/gjenstander-for-1537\/boltlas-stotlasnokkel-9\/#primaryimage","url":"https:\/\/nmf.nu\/museum\/wp-content\/uploads\/2017\/03\/89_21_09_09_4_29_41.jpeg","contentUrl":"https:\/\/nmf.nu\/museum\/wp-content\/uploads\/2017\/03\/89_21_09_09_4_29_41.jpeg","width":1000,"height":1000,"caption":"Vestervig kirke n\u00f8gle"},{"@type":"BreadcrumbList","@id":"https:\/\/nmf.nu\/museum\/funn\/gjenstander\/gjenstander-for-1537\/boltlas-stotlasnokkel-9\/#breadcrumb","itemListElement":[{"@type":"ListItem","position":1,"name":"Hjem","item":"https:\/\/nmf.nu\/museum\/"},{"@type":"ListItem","position":2,"name":"Funn","item":"https:\/\/nmf.nu\/museum\/shop\/"},{"@type":"ListItem","position":3,"name":"Boltl\u00e5s &#8211; St\u00f8tl\u00e5sn\u00f8kkel"}]},{"@type":"WebSite","@id":"https:\/\/nmf.nu\/museum\/#website","url":"https:\/\/nmf.nu\/museum\/","name":"Norges Metalls\u00f8kerforening | Museum","description":"Kulturvern med metalls\u00f8ker","potentialAction":[{"@type":"SearchAction","target":{"@type":"EntryPoint","urlTemplate":"https:\/\/nmf.nu\/museum\/?s={search_term_string}"},"query-input":{"@type":"PropertyValueSpecification","valueRequired":true,"valueName":"search_term_string"}}],"inLanguage":"nb-NO"}]}},"_links":{"self":[{"href":"https:\/\/nmf.nu\/museum\/wp-json\/wp\/v2\/product\/11949","targetHints":{"allow":["GET"]}}],"collection":[{"href":"https:\/\/nmf.nu\/museum\/wp-json\/wp\/v2\/product"}],"about":[{"href":"https:\/\/nmf.nu\/museum\/wp-json\/wp\/v2\/types\/product"}],"replies":[{"embeddable":true,"href":"https:\/\/nmf.nu\/museum\/wp-json\/wp\/v2\/comments?post=11949"}],"wp:featuredmedia":[{"embeddable":true,"href":"https:\/\/nmf.nu\/museum\/wp-json\/wp\/v2\/media\/11950"}],"wp:attachment":[{"href":"https:\/\/nmf.nu\/museum\/wp-json\/wp\/v2\/media?parent=11949"}],"wp:term":[{"taxonomy":"product_brand","embeddable":true,"href":"https:\/\/nmf.nu\/museum\/wp-json\/wp\/v2\/product_brand?post=11949"},{"taxonomy":"product_cat","embeddable":true,"href":"https:\/\/nmf.nu\/museum\/wp-json\/wp\/v2\/product_cat?post=11949"},{"taxonomy":"product_tag","embeddable":true,"href":"https:\/\/nmf.nu\/museum\/wp-json\/wp\/v2\/product_tag?post=11949"}],"curies":[{"name":"wp","href":"https:\/\/api.w.org\/{rel}","templated":true}]}}