{"id":7040,"date":"2015-04-27T14:15:43","date_gmt":"2015-04-27T12:15:43","guid":{"rendered":"http:\/\/nmf.nu\/museum\/?page_id=7040"},"modified":"2015-04-27T14:21:49","modified_gmt":"2015-04-27T12:21:49","slug":"aere-i-vikingtiden","status":"publish","type":"page","link":"https:\/\/nmf.nu\/museum\/vikingtid\/aere-i-vikingtiden\/","title":{"rendered":"\u00c6re i vikingtiden"},"content":{"rendered":"<p>Av Ole Christian Fjeld<\/p>\n<p>I motsetning til hva mange tror var det ikke kristningen av Norge som f\u00f8rte til etikk og moral. Folk hadde faktisk \u00e6re lenge f\u00f8r det, og i vikingtiden var \u00e6resbegrepet s\u00e6rdeles viktig. I alle fall for menn. En kvinnes \u00e6re hang egentlig litt i hop med hvordan mannen hennes oppf\u00f8rte seg. I H\u00e5vam\u00e5l kan vi lese om mang en trette og blodhevn. Det var imidlertid situasjoner hvor en kvinnes \u00ab\u00e6rel\u00f8se\u00bb handling kunne g\u00e5 utover ektemannen. Stort sett dreide dette seg om at \u00abman glemte\u00bb hvem man var gift med og hadde seksuelt samkvem med andre en sin ektemann. I Nj\u00e5ls saga kan vi lese at\u00a0\u00abP\u00e5 grunn av forviklinger fremkalt av Gunnars vakre, men trol\u00f8se hustru Hallgerd m\u00e5 Gunnar g\u00e5 med p\u00e5 et forlik som inneb\u00e6rer at han skal forlate landet for tre \u00e5r\u00bb.<\/p>\n<p>Siden det ikke var \u00abett kongerike\u00bb var samfunnet oppdelt i \u00ab\u00e6tter\u00bb, eller storfamilier om du vil. Det var ikke uvanlig at tre generasjoner levde under samme tak, og \u00e6re og \u00e6tt var viktig. Stridigheter mellom \u00e6tter (eller familier) kunne utl\u00f8se blodige strider som kunne var i flere generasjoner. \u00c6re, og ikke minst hevn, var viktige saker i det norr\u00f8ne samfunnet. Dersom minnet ditt skulle bevares m\u00e5tte du d\u00f8 en \u00e6refull d\u00f8d i strid. Det var alts\u00e5 ganske alvorlig \u00e5 leve i vikingtiden.\u00a0 Blodhevn er jo en ting som g\u00e5r igjen i flere samfunn over alt i verden egentlig. I 5. mosebok kan vi lese \u00abVis ingen medf\u00f8lelse: liv for liv, \u00f8ye for \u00f8ye, tann for tann, h\u00e5nd for h\u00e5nd, fot for fot.\u00bb Noen tusen \u00e5r senere kom det en fyr som sa \u00abvend det andre kinnet til\u00bb, men han hadde vi ikke h\u00f8rt om i vikingtiden. Blodhevn er alts\u00e5 ikke noe nytt. Dersom en fra en \u00e6tt var blitt drept (det handlet som oftest om det) s\u00e5 var alts\u00e5 veien til oppreiselse for \u00e6tten \u00e5 drepe morderen. Man var imidlertid pragmatiske i vikingtiden ogs\u00e5, man kunne faktisk betale seg ut av problemene (noen ting endrer seg aldri) ved \u00e5 betale en avtalt sum til \u00e6ttens h\u00f8vding (familiens overhode) Som nevnt f\u00f8r hadde kvinnen ingen \u00e6re, men var p\u00e5 mange m\u00e5ter avhengig av mannens \u00e6re som da \u00abfl\u00f8t over\u00bb p\u00e5 henne. I H\u00e5vam\u00e5l kan vi lese at det ikke er s\u00e5 lurt \u00e5 drikke seg \u00abvettl\u00f8s\u00bb og man kan nok anta at dette er en situasjon hvor mannens \u00ab\u00e6re\u00bb ikke n\u00f8dvendigvis reflekteres s\u00e5 godt p\u00e5 kvinnen. H\u00e5vam\u00e5l ble for\u00f8vrig skrevet ned p\u00e5 1200 tallet, men man antar at disse \u00abdikt\u00bb har levet p\u00e5 folkemunne lenge og skal s\u00e5gar v\u00e6rt uttalt av guden Odin. Viktige regler med andre ord.<\/p>\n<p>Kilder:<\/p>\n<p>*Andresen, \u00c5se-Lill Kimestad, Sigrun Wegeland (2001)<\/p>\n<p>* Moberg, UIB<\/p>\n<p>\u00d8nsker man \u00e5 fordype seg i begrepet \u00ab\u00e6re\u00bb i vikingtiden er disse linkene artige:<\/p>\n<p><a href=\"http:\/\/www.ub.uib.no\/elpub\/1995\/\/h\/506007\/Moberg\/aeremann.htm\" target=\"_blank\">http:\/\/www.ub.uib.no\/elpub\/1995\/\/h\/506007\/Moberg\/aeremann.htm<\/a><\/p>\n<p><a href=\"http:\/\/www.ub.uib.no\/elpub\/1995\/\/h\/506007\/Moberg\/aerekvinne.htm\" target=\"_blank\">http:\/\/www.ub.uib.no\/elpub\/1995\/\/h\/506007\/Moberg\/aerekvinne.htm<\/a><\/p>\n<p><a href=\"http:\/\/www.ub.uib.no\/elpub\/1995\/\/h\/506007\/Moberg\/hvordan1.htm\" target=\"_blank\">http:\/\/www.ub.uib.no\/elpub\/1995\/\/h\/506007\/Moberg\/hvordan1.htm<\/a><\/p>\n<p>&nbsp;<\/p>\n","protected":false},"excerpt":{"rendered":"<p>Av Ole Christian Fjeld I motsetning til hva mange tror var det ikke kristningen av Norge som f\u00f8rte til etikk og moral. Folk hadde faktisk \u00e6re lenge f\u00f8r det, og i vikingtiden var \u00e6resbegrepet s\u00e6rdeles viktig. I alle fall for menn. En kvinnes \u00e6re hang egentlig litt i hop med hvordan mannen hennes oppf\u00f8rte seg. [&hellip;]<\/p>\n","protected":false},"author":3,"featured_media":0,"parent":220,"menu_order":0,"comment_status":"open","ping_status":"closed","template":"","meta":{"_acf_changed":false,"_et_pb_use_builder":"","_et_pb_old_content":"","_et_gb_content_width":"","footnotes":""},"class_list":["post-7040","page","type-page","status-publish","hentry"],"acf":[],"yoast_head":"<!-- This site is optimized with the Yoast SEO plugin v27.4 - https:\/\/yoast.com\/product\/yoast-seo-wordpress\/ -->\n<title>\u00c6re i vikingtiden - Norges Metalls\u00f8kerforening | Museum<\/title>\n<meta name=\"robots\" content=\"index, follow, max-snippet:-1, max-image-preview:large, max-video-preview:-1\" \/>\n<link rel=\"canonical\" href=\"https:\/\/nmf.nu\/museum\/vikingtid\/aere-i-vikingtiden\/\" \/>\n<meta property=\"og:locale\" content=\"nb_NO\" \/>\n<meta property=\"og:type\" content=\"article\" \/>\n<meta property=\"og:title\" content=\"\u00c6re i vikingtiden - Norges Metalls\u00f8kerforening | Museum\" \/>\n<meta property=\"og:description\" content=\"Av Ole Christian Fjeld I motsetning til hva mange tror var det ikke kristningen av Norge som f\u00f8rte til etikk og moral. Folk hadde faktisk \u00e6re lenge f\u00f8r det, og i vikingtiden var \u00e6resbegrepet s\u00e6rdeles viktig. I alle fall for menn. En kvinnes \u00e6re hang egentlig litt i hop med hvordan mannen hennes oppf\u00f8rte seg. [&hellip;]\" \/>\n<meta property=\"og:url\" content=\"https:\/\/nmf.nu\/museum\/vikingtid\/aere-i-vikingtiden\/\" \/>\n<meta property=\"og:site_name\" content=\"Norges Metalls\u00f8kerforening | Museum\" \/>\n<meta property=\"article:publisher\" content=\"https:\/\/www.facebook.com\/groups\/480204098827134\/\" \/>\n<meta property=\"article:modified_time\" content=\"2015-04-27T12:21:49+00:00\" \/>\n<meta property=\"og:image\" content=\"https:\/\/nmf.nu\/museum\/wp-content\/uploads\/2016\/08\/NMF_logo2013_pms291_crop-LITEN.png\" \/>\n\t<meta property=\"og:image:width\" content=\"400\" \/>\n\t<meta property=\"og:image:height\" content=\"404\" \/>\n\t<meta property=\"og:image:type\" content=\"image\/png\" \/>\n<meta name=\"twitter:card\" content=\"summary_large_image\" \/>\n<meta name=\"twitter:label1\" content=\"Ansl. lesetid\" \/>\n\t<meta name=\"twitter:data1\" content=\"3 minutter\" \/>\n<script type=\"application\/ld+json\" class=\"yoast-schema-graph\">{\"@context\":\"https:\\\/\\\/schema.org\",\"@graph\":[{\"@type\":\"WebPage\",\"@id\":\"https:\\\/\\\/nmf.nu\\\/museum\\\/vikingtid\\\/aere-i-vikingtiden\\\/\",\"url\":\"https:\\\/\\\/nmf.nu\\\/museum\\\/vikingtid\\\/aere-i-vikingtiden\\\/\",\"name\":\"\u00c6re i vikingtiden - Norges Metalls\u00f8kerforening | Museum\",\"isPartOf\":{\"@id\":\"https:\\\/\\\/nmf.nu\\\/museum\\\/#website\"},\"datePublished\":\"2015-04-27T12:15:43+00:00\",\"dateModified\":\"2015-04-27T12:21:49+00:00\",\"breadcrumb\":{\"@id\":\"https:\\\/\\\/nmf.nu\\\/museum\\\/vikingtid\\\/aere-i-vikingtiden\\\/#breadcrumb\"},\"inLanguage\":\"nb-NO\",\"potentialAction\":[{\"@type\":\"ReadAction\",\"target\":[\"https:\\\/\\\/nmf.nu\\\/museum\\\/vikingtid\\\/aere-i-vikingtiden\\\/\"]}]},{\"@type\":\"BreadcrumbList\",\"@id\":\"https:\\\/\\\/nmf.nu\\\/museum\\\/vikingtid\\\/aere-i-vikingtiden\\\/#breadcrumb\",\"itemListElement\":[{\"@type\":\"ListItem\",\"position\":1,\"name\":\"Hjem\",\"item\":\"https:\\\/\\\/nmf.nu\\\/museum\\\/\"},{\"@type\":\"ListItem\",\"position\":2,\"name\":\"Vikingtid\",\"item\":\"https:\\\/\\\/nmf.nu\\\/museum\\\/vikingtid\\\/\"},{\"@type\":\"ListItem\",\"position\":3,\"name\":\"\u00c6re i vikingtiden\"}]},{\"@type\":\"WebSite\",\"@id\":\"https:\\\/\\\/nmf.nu\\\/museum\\\/#website\",\"url\":\"https:\\\/\\\/nmf.nu\\\/museum\\\/\",\"name\":\"Norges Metalls\u00f8kerforening | Museum\",\"description\":\"Kulturvern med metalls\u00f8ker\",\"potentialAction\":[{\"@type\":\"SearchAction\",\"target\":{\"@type\":\"EntryPoint\",\"urlTemplate\":\"https:\\\/\\\/nmf.nu\\\/museum\\\/?s={search_term_string}\"},\"query-input\":{\"@type\":\"PropertyValueSpecification\",\"valueRequired\":true,\"valueName\":\"search_term_string\"}}],\"inLanguage\":\"nb-NO\"}]}<\/script>\n<!-- \/ Yoast SEO plugin. -->","yoast_head_json":{"title":"\u00c6re i vikingtiden - Norges Metalls\u00f8kerforening | Museum","robots":{"index":"index","follow":"follow","max-snippet":"max-snippet:-1","max-image-preview":"max-image-preview:large","max-video-preview":"max-video-preview:-1"},"canonical":"https:\/\/nmf.nu\/museum\/vikingtid\/aere-i-vikingtiden\/","og_locale":"nb_NO","og_type":"article","og_title":"\u00c6re i vikingtiden - Norges Metalls\u00f8kerforening | Museum","og_description":"Av Ole Christian Fjeld I motsetning til hva mange tror var det ikke kristningen av Norge som f\u00f8rte til etikk og moral. Folk hadde faktisk \u00e6re lenge f\u00f8r det, og i vikingtiden var \u00e6resbegrepet s\u00e6rdeles viktig. I alle fall for menn. En kvinnes \u00e6re hang egentlig litt i hop med hvordan mannen hennes oppf\u00f8rte seg. [&hellip;]","og_url":"https:\/\/nmf.nu\/museum\/vikingtid\/aere-i-vikingtiden\/","og_site_name":"Norges Metalls\u00f8kerforening | Museum","article_publisher":"https:\/\/www.facebook.com\/groups\/480204098827134\/","article_modified_time":"2015-04-27T12:21:49+00:00","og_image":[{"width":400,"height":404,"url":"https:\/\/nmf.nu\/museum\/wp-content\/uploads\/2016\/08\/NMF_logo2013_pms291_crop-LITEN.png","type":"image\/png"}],"twitter_card":"summary_large_image","twitter_misc":{"Ansl. lesetid":"3 minutter"},"schema":{"@context":"https:\/\/schema.org","@graph":[{"@type":"WebPage","@id":"https:\/\/nmf.nu\/museum\/vikingtid\/aere-i-vikingtiden\/","url":"https:\/\/nmf.nu\/museum\/vikingtid\/aere-i-vikingtiden\/","name":"\u00c6re i vikingtiden - Norges Metalls\u00f8kerforening | Museum","isPartOf":{"@id":"https:\/\/nmf.nu\/museum\/#website"},"datePublished":"2015-04-27T12:15:43+00:00","dateModified":"2015-04-27T12:21:49+00:00","breadcrumb":{"@id":"https:\/\/nmf.nu\/museum\/vikingtid\/aere-i-vikingtiden\/#breadcrumb"},"inLanguage":"nb-NO","potentialAction":[{"@type":"ReadAction","target":["https:\/\/nmf.nu\/museum\/vikingtid\/aere-i-vikingtiden\/"]}]},{"@type":"BreadcrumbList","@id":"https:\/\/nmf.nu\/museum\/vikingtid\/aere-i-vikingtiden\/#breadcrumb","itemListElement":[{"@type":"ListItem","position":1,"name":"Hjem","item":"https:\/\/nmf.nu\/museum\/"},{"@type":"ListItem","position":2,"name":"Vikingtid","item":"https:\/\/nmf.nu\/museum\/vikingtid\/"},{"@type":"ListItem","position":3,"name":"\u00c6re i vikingtiden"}]},{"@type":"WebSite","@id":"https:\/\/nmf.nu\/museum\/#website","url":"https:\/\/nmf.nu\/museum\/","name":"Norges Metalls\u00f8kerforening | Museum","description":"Kulturvern med metalls\u00f8ker","potentialAction":[{"@type":"SearchAction","target":{"@type":"EntryPoint","urlTemplate":"https:\/\/nmf.nu\/museum\/?s={search_term_string}"},"query-input":{"@type":"PropertyValueSpecification","valueRequired":true,"valueName":"search_term_string"}}],"inLanguage":"nb-NO"}]}},"_links":{"self":[{"href":"https:\/\/nmf.nu\/museum\/wp-json\/wp\/v2\/pages\/7040","targetHints":{"allow":["GET"]}}],"collection":[{"href":"https:\/\/nmf.nu\/museum\/wp-json\/wp\/v2\/pages"}],"about":[{"href":"https:\/\/nmf.nu\/museum\/wp-json\/wp\/v2\/types\/page"}],"author":[{"embeddable":true,"href":"https:\/\/nmf.nu\/museum\/wp-json\/wp\/v2\/users\/3"}],"replies":[{"embeddable":true,"href":"https:\/\/nmf.nu\/museum\/wp-json\/wp\/v2\/comments?post=7040"}],"version-history":[{"count":0,"href":"https:\/\/nmf.nu\/museum\/wp-json\/wp\/v2\/pages\/7040\/revisions"}],"up":[{"embeddable":true,"href":"https:\/\/nmf.nu\/museum\/wp-json\/wp\/v2\/pages\/220"}],"wp:attachment":[{"href":"https:\/\/nmf.nu\/museum\/wp-json\/wp\/v2\/media?parent=7040"}],"curies":[{"name":"wp","href":"https:\/\/api.w.org\/{rel}","templated":true}]}}