{"id":188,"date":"2014-01-20T13:50:08","date_gmt":"2014-01-20T12:50:08","guid":{"rendered":"http:\/\/nmf.nu\/museum\/?page_id=188"},"modified":"2024-06-20T13:18:53","modified_gmt":"2024-06-20T11:18:53","slug":"museumsregler","status":"publish","type":"page","link":"https:\/\/nmf.nu\/museum\/museumsregler\/","title":{"rendered":"Museumsregler"},"content":{"rendered":"<p>[et_pb_section admin_label=&raquo;section&raquo;]<br \/>\n\t\t\t[et_pb_row admin_label=&raquo;row&raquo;]<br \/>\n\t\t\t\t[et_pb_column type=&raquo;4_4&#8243;][et_pb_text admin_label=&raquo;Text&raquo;]Vi \u00f8nsker deg velkommen til en hyggelig stund her p\u00e5 v\u00e5rt digitale museum. Som museer flest har vi noen regler vi ber deg om \u00e5 respektere. De er ikke mange, og ikke spesielt vanskelig \u00e5 etterkomme heller.<\/p>\n<p>Du er velkommen til \u00e5 se p\u00e5 alle funnene Dersom du har noe \u00f8nske om det, og har relevante opplysninger \u00e5 bidra med, er du hjertelig velkommen til \u00e5 kommentere de ogs\u00e5. V\u00e6r klar over at alle kommentarer blir sett over og godkjent f\u00f8r de publiseres. \u00a0Har du tanker, ideer, sp\u00f8rsm\u00e5l eller annet som ikke er knyttet til et spesielt funn, s\u00e5 ber vi deg heller ta kontakt med oss p\u00e5 mail eller via kontaktskjema v\u00e5rt.<\/p>\n<p>Kontaktopplysninger finner du <a href=\"https:\/\/nmf.nu\/kontakt-oss\/\">her <\/a><\/p>\n<p>\u00d8nsker du \u00e5 bidra med egne funn forutsettes det at du er\u00a0<a href=\"https:\/\/nmf.nu\/\" target=\"_blank\" rel=\"noopener\">medlem av Norges Metalls\u00f8kerforening\u00a0<\/a>.<\/p>\n<p>Du m\u00e5 gjerne spise is mens du oppholder deg p\u00e5 museet.<\/p>\n<p>H\u00e5per du f\u00e5r en hyggelig stund her<\/p>\n<p>&nbsp;<\/p>\n<p>&nbsp;<\/p>\n<p>&nbsp;[\/et_pb_text][\/et_pb_column]<br \/>\n\t\t\t[\/et_pb_row]<br \/>\n\t\t[\/et_pb_section]<\/p>\n","protected":false},"excerpt":{"rendered":"<p>Vi \u00f8nsker deg velkommen til en hyggelig stund her p\u00e5 v\u00e5rt digitale museum. Som museer flest har vi noen regler vi ber deg om \u00e5 respektere. De er ikke mange, og ikke spesielt vanskelig \u00e5 etterkomme heller. Du er velkommen til \u00e5 se p\u00e5 alle funnene Dersom du har noe \u00f8nske om det, og har [&hellip;]<\/p>\n","protected":false},"author":1,"featured_media":0,"parent":0,"menu_order":0,"comment_status":"open","ping_status":"closed","template":"","meta":{"_acf_changed":false,"_et_pb_use_builder":"on","_et_pb_old_content":"Vi \u00f8nsker deg velkommen til en hyggelig stund her p\u00e5 v\u00e5rt digitale museum. Som museer flest har vi noen regler vi ber deg om \u00e5 respektere. De er ikke mange, og ikke spesielt vanskelig \u00e5 etterkomme heller.\r\n\r\nDu er velkommen til \u00e5 se p\u00e5 alle funnene Dersom du har noe \u00f8nske om det, og har relevante opplysninger \u00e5 bidra med, er du hjertelig velkommen til \u00e5 kommentere de ogs\u00e5. V\u00e6r klar over at alle kommentarer blir sett over og godkjent f\u00f8r de publiseres. \u00a0Har du tanker, ideer, sp\u00f8rsm\u00e5l eller annet som ikke er knyttet til et spesielt funn, s\u00e5 ber vi deg heller ta kontakt med oss p\u00e5 mail eller via kontaktskjema v\u00e5rt.\r\n\r\nKontaktopplysninger finner du <a href=\"https:\/\/nmf.nu\/kontakt-oss\/\">her <\/a>\r\n\r\n\u00d8nsker du \u00e5 bidra med egne funn forutsettes det at du er\u00a0<a href=\"https:\/\/nmf.nu\/\" target=\"_blank\">medlem av Norges Metalls\u00f8kerforening\u00a0<\/a>.\r\n\r\nDu m\u00e5 gjerne spise is mens du oppholder deg p\u00e5 museet.\r\n\r\nH\u00e5per du f\u00e5r en hyggelig stund her\r\n\r\n&nbsp;\r\n\r\n&nbsp;\r\n\r\n&nbsp;","_et_gb_content_width":"","footnotes":""},"class_list":["post-188","page","type-page","status-publish","hentry"],"acf":[],"yoast_head":"<!-- This site is optimized with the Yoast SEO plugin v27.3 - https:\/\/yoast.com\/product\/yoast-seo-wordpress\/ -->\n<title>Museumsregler - Norges Metalls\u00f8kerforening | Museum<\/title>\n<meta name=\"robots\" content=\"index, follow, max-snippet:-1, max-image-preview:large, max-video-preview:-1\" \/>\n<link rel=\"canonical\" href=\"https:\/\/nmf.nu\/museum\/museumsregler\/\" \/>\n<meta property=\"og:locale\" content=\"nb_NO\" \/>\n<meta property=\"og:type\" content=\"article\" \/>\n<meta property=\"og:title\" content=\"Museumsregler - Norges Metalls\u00f8kerforening | Museum\" \/>\n<meta property=\"og:description\" content=\"Vi \u00f8nsker deg velkommen til en hyggelig stund her p\u00e5 v\u00e5rt digitale museum. Som museer flest har vi noen regler vi ber deg om \u00e5 respektere. De er ikke mange, og ikke spesielt vanskelig \u00e5 etterkomme heller. Du er velkommen til \u00e5 se p\u00e5 alle funnene Dersom du har noe \u00f8nske om det, og har [&hellip;]\" \/>\n<meta property=\"og:url\" content=\"https:\/\/nmf.nu\/museum\/museumsregler\/\" \/>\n<meta property=\"og:site_name\" content=\"Norges Metalls\u00f8kerforening | Museum\" \/>\n<meta property=\"article:publisher\" content=\"https:\/\/www.facebook.com\/groups\/480204098827134\/\" \/>\n<meta property=\"article:modified_time\" content=\"2024-06-20T11:18:53+00:00\" \/>\n<meta property=\"og:image\" content=\"https:\/\/nmf.nu\/museum\/wp-content\/uploads\/2016\/08\/NMF_logo2013_pms291_crop-LITEN.png\" \/>\n\t<meta property=\"og:image:width\" content=\"400\" \/>\n\t<meta property=\"og:image:height\" content=\"404\" \/>\n\t<meta property=\"og:image:type\" content=\"image\/png\" \/>\n<meta name=\"twitter:card\" content=\"summary_large_image\" \/>\n<meta name=\"twitter:label1\" content=\"Ansl. lesetid\" \/>\n\t<meta name=\"twitter:data1\" content=\"1 minutt\" \/>\n<script type=\"application\/ld+json\" class=\"yoast-schema-graph\">{\"@context\":\"https:\\\/\\\/schema.org\",\"@graph\":[{\"@type\":\"WebPage\",\"@id\":\"https:\\\/\\\/nmf.nu\\\/museum\\\/museumsregler\\\/\",\"url\":\"https:\\\/\\\/nmf.nu\\\/museum\\\/museumsregler\\\/\",\"name\":\"Museumsregler - Norges Metalls\u00f8kerforening | Museum\",\"isPartOf\":{\"@id\":\"https:\\\/\\\/nmf.nu\\\/museum\\\/#website\"},\"datePublished\":\"2014-01-20T12:50:08+00:00\",\"dateModified\":\"2024-06-20T11:18:53+00:00\",\"breadcrumb\":{\"@id\":\"https:\\\/\\\/nmf.nu\\\/museum\\\/museumsregler\\\/#breadcrumb\"},\"inLanguage\":\"nb-NO\",\"potentialAction\":[{\"@type\":\"ReadAction\",\"target\":[\"https:\\\/\\\/nmf.nu\\\/museum\\\/museumsregler\\\/\"]}]},{\"@type\":\"BreadcrumbList\",\"@id\":\"https:\\\/\\\/nmf.nu\\\/museum\\\/museumsregler\\\/#breadcrumb\",\"itemListElement\":[{\"@type\":\"ListItem\",\"position\":1,\"name\":\"Hjem\",\"item\":\"https:\\\/\\\/nmf.nu\\\/museum\\\/\"},{\"@type\":\"ListItem\",\"position\":2,\"name\":\"Museumsregler\"}]},{\"@type\":\"WebSite\",\"@id\":\"https:\\\/\\\/nmf.nu\\\/museum\\\/#website\",\"url\":\"https:\\\/\\\/nmf.nu\\\/museum\\\/\",\"name\":\"Norges Metalls\u00f8kerforening | Museum\",\"description\":\"Kulturvern med metalls\u00f8ker\",\"potentialAction\":[{\"@type\":\"SearchAction\",\"target\":{\"@type\":\"EntryPoint\",\"urlTemplate\":\"https:\\\/\\\/nmf.nu\\\/museum\\\/?s={search_term_string}\"},\"query-input\":{\"@type\":\"PropertyValueSpecification\",\"valueRequired\":true,\"valueName\":\"search_term_string\"}}],\"inLanguage\":\"nb-NO\"}]}<\/script>\n<!-- \/ Yoast SEO plugin. -->","yoast_head_json":{"title":"Museumsregler - Norges Metalls\u00f8kerforening | Museum","robots":{"index":"index","follow":"follow","max-snippet":"max-snippet:-1","max-image-preview":"max-image-preview:large","max-video-preview":"max-video-preview:-1"},"canonical":"https:\/\/nmf.nu\/museum\/museumsregler\/","og_locale":"nb_NO","og_type":"article","og_title":"Museumsregler - Norges Metalls\u00f8kerforening | Museum","og_description":"Vi \u00f8nsker deg velkommen til en hyggelig stund her p\u00e5 v\u00e5rt digitale museum. Som museer flest har vi noen regler vi ber deg om \u00e5 respektere. De er ikke mange, og ikke spesielt vanskelig \u00e5 etterkomme heller. Du er velkommen til \u00e5 se p\u00e5 alle funnene Dersom du har noe \u00f8nske om det, og har [&hellip;]","og_url":"https:\/\/nmf.nu\/museum\/museumsregler\/","og_site_name":"Norges Metalls\u00f8kerforening | Museum","article_publisher":"https:\/\/www.facebook.com\/groups\/480204098827134\/","article_modified_time":"2024-06-20T11:18:53+00:00","og_image":[{"width":400,"height":404,"url":"https:\/\/nmf.nu\/museum\/wp-content\/uploads\/2016\/08\/NMF_logo2013_pms291_crop-LITEN.png","type":"image\/png"}],"twitter_card":"summary_large_image","twitter_misc":{"Ansl. lesetid":"1 minutt"},"schema":{"@context":"https:\/\/schema.org","@graph":[{"@type":"WebPage","@id":"https:\/\/nmf.nu\/museum\/museumsregler\/","url":"https:\/\/nmf.nu\/museum\/museumsregler\/","name":"Museumsregler - Norges Metalls\u00f8kerforening | Museum","isPartOf":{"@id":"https:\/\/nmf.nu\/museum\/#website"},"datePublished":"2014-01-20T12:50:08+00:00","dateModified":"2024-06-20T11:18:53+00:00","breadcrumb":{"@id":"https:\/\/nmf.nu\/museum\/museumsregler\/#breadcrumb"},"inLanguage":"nb-NO","potentialAction":[{"@type":"ReadAction","target":["https:\/\/nmf.nu\/museum\/museumsregler\/"]}]},{"@type":"BreadcrumbList","@id":"https:\/\/nmf.nu\/museum\/museumsregler\/#breadcrumb","itemListElement":[{"@type":"ListItem","position":1,"name":"Hjem","item":"https:\/\/nmf.nu\/museum\/"},{"@type":"ListItem","position":2,"name":"Museumsregler"}]},{"@type":"WebSite","@id":"https:\/\/nmf.nu\/museum\/#website","url":"https:\/\/nmf.nu\/museum\/","name":"Norges Metalls\u00f8kerforening | Museum","description":"Kulturvern med metalls\u00f8ker","potentialAction":[{"@type":"SearchAction","target":{"@type":"EntryPoint","urlTemplate":"https:\/\/nmf.nu\/museum\/?s={search_term_string}"},"query-input":{"@type":"PropertyValueSpecification","valueRequired":true,"valueName":"search_term_string"}}],"inLanguage":"nb-NO"}]}},"_links":{"self":[{"href":"https:\/\/nmf.nu\/museum\/wp-json\/wp\/v2\/pages\/188","targetHints":{"allow":["GET"]}}],"collection":[{"href":"https:\/\/nmf.nu\/museum\/wp-json\/wp\/v2\/pages"}],"about":[{"href":"https:\/\/nmf.nu\/museum\/wp-json\/wp\/v2\/types\/page"}],"author":[{"embeddable":true,"href":"https:\/\/nmf.nu\/museum\/wp-json\/wp\/v2\/users\/1"}],"replies":[{"embeddable":true,"href":"https:\/\/nmf.nu\/museum\/wp-json\/wp\/v2\/comments?post=188"}],"version-history":[{"count":1,"href":"https:\/\/nmf.nu\/museum\/wp-json\/wp\/v2\/pages\/188\/revisions"}],"predecessor-version":[{"id":40705,"href":"https:\/\/nmf.nu\/museum\/wp-json\/wp\/v2\/pages\/188\/revisions\/40705"}],"wp:attachment":[{"href":"https:\/\/nmf.nu\/museum\/wp-json\/wp\/v2\/media?parent=188"}],"curies":[{"name":"wp","href":"https:\/\/api.w.org\/{rel}","templated":true}]}}