{"id":117,"date":"2014-01-19T22:19:12","date_gmt":"2014-01-19T21:19:12","guid":{"rendered":"http:\/\/nmf.nu\/museum\/?page_id=117"},"modified":"2014-01-20T23:23:46","modified_gmt":"2014-01-20T22:23:46","slug":"yngre-steinalder","status":"publish","type":"page","link":"https:\/\/nmf.nu\/museum\/yngre-steinalder\/","title":{"rendered":"Yngre steinalder"},"content":{"rendered":"<div id=\"attachment_194\" style=\"width: 209px\" class=\"wp-caption alignleft\"><a href=\"https:\/\/nmf.nu\/museum\/wp-content\/uploads\/2014\/01\/steinalderfun.jpg\"><img loading=\"lazy\" decoding=\"async\" aria-describedby=\"caption-attachment-194\" class=\"size-medium wp-image-194\" alt=\"Funn fra Steinalderen. Bildet fra Wikipedia og lisensiert under Public Domain)\" src=\"https:\/\/nmf.nu\/museum\/wp-content\/uploads\/2014\/01\/steinalderfun-199x300.jpg\" width=\"199\" height=\"300\" srcset=\"https:\/\/nmf.nu\/museum\/wp-content\/uploads\/2014\/01\/steinalderfun-199x300.jpg 199w, https:\/\/nmf.nu\/museum\/wp-content\/uploads\/2014\/01\/steinalderfun-300x452.jpg 300w, https:\/\/nmf.nu\/museum\/wp-content\/uploads\/2014\/01\/steinalderfun.jpg 398w\" sizes=\"(max-width: 199px) 100vw, 199px\" \/><\/a><p id=\"caption-attachment-194\" class=\"wp-caption-text\">Funn fra Steinalderen. Bildet fra Wikipedia og lisensiert under Public Domain)<\/p><\/div>\n<p>&nbsp;<\/p>\n<p>Noen n\u00f8yaktig overgang fra Eldre til Yngre steinalder \u00a0kan man jo ikke fastsl\u00e5, men for Norge er denne satt til tidsrommet cirka \u00e5r 4000 til 1800 f.Kr. I dette tidsrommet begynte folk \u00e5 sl\u00e5 seg mer til ro og i tillegg begynte de \u00e5 holde husdyr og dyrke jorden. \u00a0Selv om jakt og fangst fortsatt ble drevet.Typiske husdyr i denne perioden var svin, geit, sau og storfe.<\/p>\n<p>Mot slutten av perioden begynte man \u00e5 dyrke korn. Kornslagene som ble dyrket var i hovedsak bygg men ogs\u00e5 hvete ble det dyrket en del av.<\/p>\n<p>&nbsp;<\/p>\n","protected":false},"excerpt":{"rendered":"<p>&nbsp; Noen n\u00f8yaktig overgang fra Eldre til Yngre steinalder \u00a0kan man jo ikke fastsl\u00e5, men for Norge er denne satt til tidsrommet cirka \u00e5r 4000 til 1800 f.Kr. I dette tidsrommet begynte folk \u00e5 sl\u00e5 seg mer til ro og i tillegg begynte de \u00e5 holde husdyr og dyrke jorden. \u00a0Selv om jakt og fangst [&hellip;]<\/p>\n","protected":false},"author":1,"featured_media":0,"parent":0,"menu_order":0,"comment_status":"open","ping_status":"closed","template":"","meta":{"_acf_changed":false,"_et_pb_use_builder":"","_et_pb_old_content":"","_et_gb_content_width":"","footnotes":""},"class_list":["post-117","page","type-page","status-publish","hentry"],"acf":[],"yoast_head":"<!-- This site is optimized with the Yoast SEO plugin v27.5 - https:\/\/yoast.com\/product\/yoast-seo-wordpress\/ -->\n<title>Yngre steinalder - Norges Metalls\u00f8kerforening | Museum<\/title>\n<meta name=\"robots\" content=\"index, follow, max-snippet:-1, max-image-preview:large, max-video-preview:-1\" \/>\n<link rel=\"canonical\" href=\"https:\/\/nmf.nu\/museum\/yngre-steinalder\/\" \/>\n<meta property=\"og:locale\" content=\"nb_NO\" \/>\n<meta property=\"og:type\" content=\"article\" \/>\n<meta property=\"og:title\" content=\"Yngre steinalder - Norges Metalls\u00f8kerforening | Museum\" \/>\n<meta property=\"og:description\" content=\"&nbsp; Noen n\u00f8yaktig overgang fra Eldre til Yngre steinalder \u00a0kan man jo ikke fastsl\u00e5, men for Norge er denne satt til tidsrommet cirka \u00e5r 4000 til 1800 f.Kr. I dette tidsrommet begynte folk \u00e5 sl\u00e5 seg mer til ro og i tillegg begynte de \u00e5 holde husdyr og dyrke jorden. \u00a0Selv om jakt og fangst [&hellip;]\" \/>\n<meta property=\"og:url\" content=\"https:\/\/nmf.nu\/museum\/yngre-steinalder\/\" \/>\n<meta property=\"og:site_name\" content=\"Norges Metalls\u00f8kerforening | Museum\" \/>\n<meta property=\"article:publisher\" content=\"https:\/\/www.facebook.com\/groups\/480204098827134\/\" \/>\n<meta property=\"article:modified_time\" content=\"2014-01-20T22:23:46+00:00\" \/>\n<meta property=\"og:image\" content=\"https:\/\/nmf.nu\/museum\/wp-content\/uploads\/2014\/01\/steinalderfun-199x300.jpg\" \/>\n<meta name=\"twitter:card\" content=\"summary_large_image\" \/>\n<meta name=\"twitter:label1\" content=\"Ansl. lesetid\" \/>\n\t<meta name=\"twitter:data1\" content=\"1 minutt\" \/>\n<script type=\"application\/ld+json\" class=\"yoast-schema-graph\">{\"@context\":\"https:\\\/\\\/schema.org\",\"@graph\":[{\"@type\":\"WebPage\",\"@id\":\"https:\\\/\\\/nmf.nu\\\/museum\\\/yngre-steinalder\\\/\",\"url\":\"https:\\\/\\\/nmf.nu\\\/museum\\\/yngre-steinalder\\\/\",\"name\":\"Yngre steinalder - Norges Metalls\u00f8kerforening | Museum\",\"isPartOf\":{\"@id\":\"https:\\\/\\\/nmf.nu\\\/museum\\\/#website\"},\"primaryImageOfPage\":{\"@id\":\"https:\\\/\\\/nmf.nu\\\/museum\\\/yngre-steinalder\\\/#primaryimage\"},\"image\":{\"@id\":\"https:\\\/\\\/nmf.nu\\\/museum\\\/yngre-steinalder\\\/#primaryimage\"},\"thumbnailUrl\":\"https:\\\/\\\/nmf.nu\\\/museum\\\/wp-content\\\/uploads\\\/2014\\\/01\\\/steinalderfun-199x300.jpg\",\"datePublished\":\"2014-01-19T21:19:12+00:00\",\"dateModified\":\"2014-01-20T22:23:46+00:00\",\"breadcrumb\":{\"@id\":\"https:\\\/\\\/nmf.nu\\\/museum\\\/yngre-steinalder\\\/#breadcrumb\"},\"inLanguage\":\"nb-NO\",\"potentialAction\":[{\"@type\":\"ReadAction\",\"target\":[\"https:\\\/\\\/nmf.nu\\\/museum\\\/yngre-steinalder\\\/\"]}]},{\"@type\":\"ImageObject\",\"inLanguage\":\"nb-NO\",\"@id\":\"https:\\\/\\\/nmf.nu\\\/museum\\\/yngre-steinalder\\\/#primaryimage\",\"url\":\"https:\\\/\\\/nmf.nu\\\/museum\\\/wp-content\\\/uploads\\\/2014\\\/01\\\/steinalderfun.jpg\",\"contentUrl\":\"https:\\\/\\\/nmf.nu\\\/museum\\\/wp-content\\\/uploads\\\/2014\\\/01\\\/steinalderfun.jpg\",\"width\":398,\"height\":599,\"caption\":\"Funn fra Steinalderen. Bildet fra Wikipedia og lisensiert under Public Domain)\"},{\"@type\":\"BreadcrumbList\",\"@id\":\"https:\\\/\\\/nmf.nu\\\/museum\\\/yngre-steinalder\\\/#breadcrumb\",\"itemListElement\":[{\"@type\":\"ListItem\",\"position\":1,\"name\":\"Hjem\",\"item\":\"https:\\\/\\\/nmf.nu\\\/museum\\\/\"},{\"@type\":\"ListItem\",\"position\":2,\"name\":\"Yngre steinalder\"}]},{\"@type\":\"WebSite\",\"@id\":\"https:\\\/\\\/nmf.nu\\\/museum\\\/#website\",\"url\":\"https:\\\/\\\/nmf.nu\\\/museum\\\/\",\"name\":\"Norges Metalls\u00f8kerforening | Museum\",\"description\":\"Kulturvern med metalls\u00f8ker\",\"potentialAction\":[{\"@type\":\"SearchAction\",\"target\":{\"@type\":\"EntryPoint\",\"urlTemplate\":\"https:\\\/\\\/nmf.nu\\\/museum\\\/?s={search_term_string}\"},\"query-input\":{\"@type\":\"PropertyValueSpecification\",\"valueRequired\":true,\"valueName\":\"search_term_string\"}}],\"inLanguage\":\"nb-NO\"}]}<\/script>\n<!-- \/ Yoast SEO plugin. -->","yoast_head_json":{"title":"Yngre steinalder - Norges Metalls\u00f8kerforening | Museum","robots":{"index":"index","follow":"follow","max-snippet":"max-snippet:-1","max-image-preview":"max-image-preview:large","max-video-preview":"max-video-preview:-1"},"canonical":"https:\/\/nmf.nu\/museum\/yngre-steinalder\/","og_locale":"nb_NO","og_type":"article","og_title":"Yngre steinalder - Norges Metalls\u00f8kerforening | Museum","og_description":"&nbsp; Noen n\u00f8yaktig overgang fra Eldre til Yngre steinalder \u00a0kan man jo ikke fastsl\u00e5, men for Norge er denne satt til tidsrommet cirka \u00e5r 4000 til 1800 f.Kr. I dette tidsrommet begynte folk \u00e5 sl\u00e5 seg mer til ro og i tillegg begynte de \u00e5 holde husdyr og dyrke jorden. \u00a0Selv om jakt og fangst [&hellip;]","og_url":"https:\/\/nmf.nu\/museum\/yngre-steinalder\/","og_site_name":"Norges Metalls\u00f8kerforening | Museum","article_publisher":"https:\/\/www.facebook.com\/groups\/480204098827134\/","article_modified_time":"2014-01-20T22:23:46+00:00","og_image":[{"url":"https:\/\/nmf.nu\/museum\/wp-content\/uploads\/2014\/01\/steinalderfun-199x300.jpg","type":"","width":"","height":""}],"twitter_card":"summary_large_image","twitter_misc":{"Ansl. lesetid":"1 minutt"},"schema":{"@context":"https:\/\/schema.org","@graph":[{"@type":"WebPage","@id":"https:\/\/nmf.nu\/museum\/yngre-steinalder\/","url":"https:\/\/nmf.nu\/museum\/yngre-steinalder\/","name":"Yngre steinalder - Norges Metalls\u00f8kerforening | Museum","isPartOf":{"@id":"https:\/\/nmf.nu\/museum\/#website"},"primaryImageOfPage":{"@id":"https:\/\/nmf.nu\/museum\/yngre-steinalder\/#primaryimage"},"image":{"@id":"https:\/\/nmf.nu\/museum\/yngre-steinalder\/#primaryimage"},"thumbnailUrl":"https:\/\/nmf.nu\/museum\/wp-content\/uploads\/2014\/01\/steinalderfun-199x300.jpg","datePublished":"2014-01-19T21:19:12+00:00","dateModified":"2014-01-20T22:23:46+00:00","breadcrumb":{"@id":"https:\/\/nmf.nu\/museum\/yngre-steinalder\/#breadcrumb"},"inLanguage":"nb-NO","potentialAction":[{"@type":"ReadAction","target":["https:\/\/nmf.nu\/museum\/yngre-steinalder\/"]}]},{"@type":"ImageObject","inLanguage":"nb-NO","@id":"https:\/\/nmf.nu\/museum\/yngre-steinalder\/#primaryimage","url":"https:\/\/nmf.nu\/museum\/wp-content\/uploads\/2014\/01\/steinalderfun.jpg","contentUrl":"https:\/\/nmf.nu\/museum\/wp-content\/uploads\/2014\/01\/steinalderfun.jpg","width":398,"height":599,"caption":"Funn fra Steinalderen. Bildet fra Wikipedia og lisensiert under Public Domain)"},{"@type":"BreadcrumbList","@id":"https:\/\/nmf.nu\/museum\/yngre-steinalder\/#breadcrumb","itemListElement":[{"@type":"ListItem","position":1,"name":"Hjem","item":"https:\/\/nmf.nu\/museum\/"},{"@type":"ListItem","position":2,"name":"Yngre steinalder"}]},{"@type":"WebSite","@id":"https:\/\/nmf.nu\/museum\/#website","url":"https:\/\/nmf.nu\/museum\/","name":"Norges Metalls\u00f8kerforening | Museum","description":"Kulturvern med metalls\u00f8ker","potentialAction":[{"@type":"SearchAction","target":{"@type":"EntryPoint","urlTemplate":"https:\/\/nmf.nu\/museum\/?s={search_term_string}"},"query-input":{"@type":"PropertyValueSpecification","valueRequired":true,"valueName":"search_term_string"}}],"inLanguage":"nb-NO"}]}},"_links":{"self":[{"href":"https:\/\/nmf.nu\/museum\/wp-json\/wp\/v2\/pages\/117","targetHints":{"allow":["GET"]}}],"collection":[{"href":"https:\/\/nmf.nu\/museum\/wp-json\/wp\/v2\/pages"}],"about":[{"href":"https:\/\/nmf.nu\/museum\/wp-json\/wp\/v2\/types\/page"}],"author":[{"embeddable":true,"href":"https:\/\/nmf.nu\/museum\/wp-json\/wp\/v2\/users\/1"}],"replies":[{"embeddable":true,"href":"https:\/\/nmf.nu\/museum\/wp-json\/wp\/v2\/comments?post=117"}],"version-history":[{"count":0,"href":"https:\/\/nmf.nu\/museum\/wp-json\/wp\/v2\/pages\/117\/revisions"}],"wp:attachment":[{"href":"https:\/\/nmf.nu\/museum\/wp-json\/wp\/v2\/media?parent=117"}],"curies":[{"name":"wp","href":"https:\/\/api.w.org\/{rel}","templated":true}]}}