{"id":10218,"date":"2016-08-19T13:23:49","date_gmt":"2016-08-19T11:23:49","guid":{"rendered":"http:\/\/nmf.nu\/museum\/?page_id=10218"},"modified":"2022-02-04T03:38:04","modified_gmt":"2022-02-04T02:38:04","slug":"museet","status":"publish","type":"page","link":"https:\/\/nmf.nu\/museum\/museet\/","title":{"rendered":"Museet"},"content":{"rendered":"<p>Museet er utviklet og levert av <span style=\"color: #949494;\"><a style=\"color: #949494;\" href=\"https:\/\/nmf.nu\/\">Norges Metalls\u00f8kerforening<\/a><\/span> i samarbeide med Kvasib AS og Lykke Media AS.<\/p>\n<p>Kvasib AS leverer <span style=\"color: #949494;\"><a style=\"color: #949494;\" href=\"http:\/\/www.skribenttjenester.no\/\">fototjenester og skribenttjenester<\/a><\/span>, mens <span style=\"color: #949494;\"><a style=\"color: #949494;\" href=\"http:\/\/www.lykkemedia.no\/\">Lykke Media<\/a><\/span> utf\u00f8rer nettsideutvikling. Teknisk vedlikehold av museet utf\u00f8res av Lykke Media AS.<\/p>\n<p><strong>Forslag til forbedringer og meldinger om feil ved sidene mottas med takk og sendes p\u00e5 kontaktskjema p\u00e5 <span style=\"text-decoration: underline;\"><a href=\"http:\/\/www.lykkemedia.no\/kontakt-oss\/\">denne siden her<\/a><\/span>.<\/strong><\/p>\n","protected":false},"excerpt":{"rendered":"<p>Museet er utviklet og levert av Norges Metalls\u00f8kerforening i samarbeide med Kvasib AS og Lykke Media AS. Kvasib AS leverer fototjenester og skribenttjenester, mens Lykke Media utf\u00f8rer nettsideutvikling. Teknisk vedlikehold av museet utf\u00f8res av Lykke Media AS. Forslag til forbedringer og meldinger om feil ved sidene mottas med takk og sendes p\u00e5 kontaktskjema p\u00e5 denne [&hellip;]<\/p>\n","protected":false},"author":1,"featured_media":0,"parent":0,"menu_order":0,"comment_status":"closed","ping_status":"closed","template":"","meta":{"_acf_changed":false,"_et_pb_use_builder":"","_et_pb_old_content":"","_et_gb_content_width":"","footnotes":""},"class_list":["post-10218","page","type-page","status-publish","hentry"],"acf":[],"yoast_head":"<!-- This site is optimized with the Yoast SEO plugin v27.3 - https:\/\/yoast.com\/product\/yoast-seo-wordpress\/ -->\n<title>Museet - Norges Metalls\u00f8kerforening | Museum<\/title>\n<meta name=\"robots\" content=\"index, follow, max-snippet:-1, max-image-preview:large, max-video-preview:-1\" \/>\n<link rel=\"canonical\" href=\"https:\/\/nmf.nu\/museum\/museet\/\" \/>\n<meta property=\"og:locale\" content=\"nb_NO\" \/>\n<meta property=\"og:type\" content=\"article\" \/>\n<meta property=\"og:title\" content=\"Museet - Norges Metalls\u00f8kerforening | Museum\" \/>\n<meta property=\"og:description\" content=\"Museet er utviklet og levert av Norges Metalls\u00f8kerforening i samarbeide med Kvasib AS og Lykke Media AS. Kvasib AS leverer fototjenester og skribenttjenester, mens Lykke Media utf\u00f8rer nettsideutvikling. Teknisk vedlikehold av museet utf\u00f8res av Lykke Media AS. Forslag til forbedringer og meldinger om feil ved sidene mottas med takk og sendes p\u00e5 kontaktskjema p\u00e5 denne [&hellip;]\" \/>\n<meta property=\"og:url\" content=\"https:\/\/nmf.nu\/museum\/museet\/\" \/>\n<meta property=\"og:site_name\" content=\"Norges Metalls\u00f8kerforening | Museum\" \/>\n<meta property=\"article:publisher\" content=\"https:\/\/www.facebook.com\/groups\/480204098827134\/\" \/>\n<meta property=\"article:modified_time\" content=\"2022-02-04T02:38:04+00:00\" \/>\n<meta property=\"og:image\" content=\"https:\/\/nmf.nu\/museum\/wp-content\/uploads\/2016\/08\/NMF_logo2013_pms291_crop-LITEN.png\" \/>\n\t<meta property=\"og:image:width\" content=\"400\" \/>\n\t<meta property=\"og:image:height\" content=\"404\" \/>\n\t<meta property=\"og:image:type\" content=\"image\/png\" \/>\n<meta name=\"twitter:card\" content=\"summary_large_image\" \/>\n<meta name=\"twitter:label1\" content=\"Ansl. lesetid\" \/>\n\t<meta name=\"twitter:data1\" content=\"1 minutt\" \/>\n<script type=\"application\/ld+json\" class=\"yoast-schema-graph\">{\"@context\":\"https:\\\/\\\/schema.org\",\"@graph\":[{\"@type\":\"WebPage\",\"@id\":\"https:\\\/\\\/nmf.nu\\\/museum\\\/museet\\\/\",\"url\":\"https:\\\/\\\/nmf.nu\\\/museum\\\/museet\\\/\",\"name\":\"Museet - Norges Metalls\u00f8kerforening | Museum\",\"isPartOf\":{\"@id\":\"https:\\\/\\\/nmf.nu\\\/museum\\\/#website\"},\"datePublished\":\"2016-08-19T11:23:49+00:00\",\"dateModified\":\"2022-02-04T02:38:04+00:00\",\"breadcrumb\":{\"@id\":\"https:\\\/\\\/nmf.nu\\\/museum\\\/museet\\\/#breadcrumb\"},\"inLanguage\":\"nb-NO\",\"potentialAction\":[{\"@type\":\"ReadAction\",\"target\":[\"https:\\\/\\\/nmf.nu\\\/museum\\\/museet\\\/\"]}]},{\"@type\":\"BreadcrumbList\",\"@id\":\"https:\\\/\\\/nmf.nu\\\/museum\\\/museet\\\/#breadcrumb\",\"itemListElement\":[{\"@type\":\"ListItem\",\"position\":1,\"name\":\"Hjem\",\"item\":\"https:\\\/\\\/nmf.nu\\\/museum\\\/\"},{\"@type\":\"ListItem\",\"position\":2,\"name\":\"Museet\"}]},{\"@type\":\"WebSite\",\"@id\":\"https:\\\/\\\/nmf.nu\\\/museum\\\/#website\",\"url\":\"https:\\\/\\\/nmf.nu\\\/museum\\\/\",\"name\":\"Norges Metalls\u00f8kerforening | Museum\",\"description\":\"Kulturvern med metalls\u00f8ker\",\"potentialAction\":[{\"@type\":\"SearchAction\",\"target\":{\"@type\":\"EntryPoint\",\"urlTemplate\":\"https:\\\/\\\/nmf.nu\\\/museum\\\/?s={search_term_string}\"},\"query-input\":{\"@type\":\"PropertyValueSpecification\",\"valueRequired\":true,\"valueName\":\"search_term_string\"}}],\"inLanguage\":\"nb-NO\"}]}<\/script>\n<!-- \/ Yoast SEO plugin. -->","yoast_head_json":{"title":"Museet - Norges Metalls\u00f8kerforening | Museum","robots":{"index":"index","follow":"follow","max-snippet":"max-snippet:-1","max-image-preview":"max-image-preview:large","max-video-preview":"max-video-preview:-1"},"canonical":"https:\/\/nmf.nu\/museum\/museet\/","og_locale":"nb_NO","og_type":"article","og_title":"Museet - Norges Metalls\u00f8kerforening | Museum","og_description":"Museet er utviklet og levert av Norges Metalls\u00f8kerforening i samarbeide med Kvasib AS og Lykke Media AS. Kvasib AS leverer fototjenester og skribenttjenester, mens Lykke Media utf\u00f8rer nettsideutvikling. Teknisk vedlikehold av museet utf\u00f8res av Lykke Media AS. Forslag til forbedringer og meldinger om feil ved sidene mottas med takk og sendes p\u00e5 kontaktskjema p\u00e5 denne [&hellip;]","og_url":"https:\/\/nmf.nu\/museum\/museet\/","og_site_name":"Norges Metalls\u00f8kerforening | Museum","article_publisher":"https:\/\/www.facebook.com\/groups\/480204098827134\/","article_modified_time":"2022-02-04T02:38:04+00:00","og_image":[{"width":400,"height":404,"url":"https:\/\/nmf.nu\/museum\/wp-content\/uploads\/2016\/08\/NMF_logo2013_pms291_crop-LITEN.png","type":"image\/png"}],"twitter_card":"summary_large_image","twitter_misc":{"Ansl. lesetid":"1 minutt"},"schema":{"@context":"https:\/\/schema.org","@graph":[{"@type":"WebPage","@id":"https:\/\/nmf.nu\/museum\/museet\/","url":"https:\/\/nmf.nu\/museum\/museet\/","name":"Museet - Norges Metalls\u00f8kerforening | Museum","isPartOf":{"@id":"https:\/\/nmf.nu\/museum\/#website"},"datePublished":"2016-08-19T11:23:49+00:00","dateModified":"2022-02-04T02:38:04+00:00","breadcrumb":{"@id":"https:\/\/nmf.nu\/museum\/museet\/#breadcrumb"},"inLanguage":"nb-NO","potentialAction":[{"@type":"ReadAction","target":["https:\/\/nmf.nu\/museum\/museet\/"]}]},{"@type":"BreadcrumbList","@id":"https:\/\/nmf.nu\/museum\/museet\/#breadcrumb","itemListElement":[{"@type":"ListItem","position":1,"name":"Hjem","item":"https:\/\/nmf.nu\/museum\/"},{"@type":"ListItem","position":2,"name":"Museet"}]},{"@type":"WebSite","@id":"https:\/\/nmf.nu\/museum\/#website","url":"https:\/\/nmf.nu\/museum\/","name":"Norges Metalls\u00f8kerforening | Museum","description":"Kulturvern med metalls\u00f8ker","potentialAction":[{"@type":"SearchAction","target":{"@type":"EntryPoint","urlTemplate":"https:\/\/nmf.nu\/museum\/?s={search_term_string}"},"query-input":{"@type":"PropertyValueSpecification","valueRequired":true,"valueName":"search_term_string"}}],"inLanguage":"nb-NO"}]}},"_links":{"self":[{"href":"https:\/\/nmf.nu\/museum\/wp-json\/wp\/v2\/pages\/10218","targetHints":{"allow":["GET"]}}],"collection":[{"href":"https:\/\/nmf.nu\/museum\/wp-json\/wp\/v2\/pages"}],"about":[{"href":"https:\/\/nmf.nu\/museum\/wp-json\/wp\/v2\/types\/page"}],"author":[{"embeddable":true,"href":"https:\/\/nmf.nu\/museum\/wp-json\/wp\/v2\/users\/1"}],"replies":[{"embeddable":true,"href":"https:\/\/nmf.nu\/museum\/wp-json\/wp\/v2\/comments?post=10218"}],"version-history":[{"count":0,"href":"https:\/\/nmf.nu\/museum\/wp-json\/wp\/v2\/pages\/10218\/revisions"}],"wp:attachment":[{"href":"https:\/\/nmf.nu\/museum\/wp-json\/wp\/v2\/media?parent=10218"}],"curies":[{"name":"wp","href":"https:\/\/api.w.org\/{rel}","templated":true}]}}